{"id":26352,"date":"2019-01-23T13:33:09","date_gmt":"2019-01-23T12:33:09","guid":{"rendered":"https:\/\/www.garvanacoustic.com\/?page_id=26352"},"modified":"2025-02-28T11:25:28","modified_gmt":"2025-02-28T10:25:28","slug":"firma","status":"publish","type":"page","link":"https:\/\/www.garvanacoustic.com\/de\/firma\/","title":{"rendered":"Firma"},"content":{"rendered":"<section class=\"no-padding\"><div class=\"wpb_column hcode-column-container  vc_custom_1536162705555 text-center vc_col-sm-6 col-xs-mobile-fullwidth\" data-front-class=\" vc_custom_1536162705555 text-center col-xs-mobile-fullwidth\" data-background=#303030 style=\" background:#303030;\"><div class=\"vc-column-innner-wrapper\"><div class=\"travel-adventure overflow-hidden position-relative \" ><a href=\"https:\/\/www.garvanacoustic.com\/de\/firma\/ueber-uns\/\"><img decoding=\"async\" width=\"900\" height=\"700\" src=\"https:\/\/www.garvanacoustic.com\/wp-content\/uploads\/2018\/10\/azienda-chi-siamo.jpg\" class=\"attachment-full size-full\" alt=\"impianto audio Garvan Acoustic\" srcset=\"https:\/\/www.garvanacoustic.com\/wp-content\/uploads\/2018\/10\/azienda-chi-siamo.jpg 900w, https:\/\/www.garvanacoustic.com\/wp-content\/uploads\/2018\/10\/azienda-chi-siamo-300x233.jpg 300w, https:\/\/www.garvanacoustic.com\/wp-content\/uploads\/2018\/10\/azienda-chi-siamo-768x597.jpg 768w, https:\/\/www.garvanacoustic.com\/wp-content\/uploads\/2018\/10\/azienda-chi-siamo-81x63.jpg 81w\" sizes=\"(max-width: 900px) 100vw, 900px\" \/><\/a><figure class=\"text-large letter-spacing-3 hcode-font-setting-69f33b9e68170\"  style=\"color:#ffffff !important\">Unsere Geschichte<\/figure><\/div><\/div><\/div><div class=\"wpb_column hcode-column-container  vc_custom_1536162710549 text-center vc_col-sm-6 col-xs-mobile-fullwidth\" data-front-class=\" vc_custom_1536162710549 text-center col-xs-mobile-fullwidth\" data-background=#303030 style=\" background:#303030;\"><div class=\"vc-column-innner-wrapper\"><div class=\"travel-adventure overflow-hidden position-relative \" ><a href=\"https:\/\/www.garvanacoustic.com\/de\/firma\/highlights\/\"><img decoding=\"async\" width=\"900\" height=\"700\" src=\"https:\/\/www.garvanacoustic.com\/wp-content\/uploads\/2018\/10\/azienda-mission.jpg\" class=\"attachment-full size-full\" alt=\"\" srcset=\"https:\/\/www.garvanacoustic.com\/wp-content\/uploads\/2018\/10\/azienda-mission.jpg 900w, https:\/\/www.garvanacoustic.com\/wp-content\/uploads\/2018\/10\/azienda-mission-300x233.jpg 300w, https:\/\/www.garvanacoustic.com\/wp-content\/uploads\/2018\/10\/azienda-mission-768x597.jpg 768w, https:\/\/www.garvanacoustic.com\/wp-content\/uploads\/2018\/10\/azienda-mission-81x63.jpg 81w\" sizes=\"(max-width: 900px) 100vw, 900px\" \/><\/a><figure class=\"text-large letter-spacing-3 hcode-font-setting-69f33b9e68780\"  style=\"color:#ffffff !important\">Highlights<\/figure><\/div><\/div><\/div><\/section><section class=\"no-padding\"><div class=\"wpb_column hcode-column-container  vc_custom_1536162705555 text-center vc_col-sm-6 col-xs-mobile-fullwidth\" data-front-class=\" vc_custom_1536162705555 text-center col-xs-mobile-fullwidth\" data-background=#303030 style=\" background:#303030;\"><div class=\"vc-column-innner-wrapper\"><div class=\"travel-adventure overflow-hidden position-relative \" ><a href=\"https:\/\/www.garvanacoustic.com\/de\/firma\/technologien\/\"><img decoding=\"async\" width=\"900\" height=\"700\" src=\"https:\/\/www.garvanacoustic.com\/wp-content\/uploads\/2018\/10\/azienda-tecnologia.jpg\" class=\"attachment-full size-full\" alt=\"impianto audio Garvan Acoustic\" srcset=\"https:\/\/www.garvanacoustic.com\/wp-content\/uploads\/2018\/10\/azienda-tecnologia.jpg 900w, https:\/\/www.garvanacoustic.com\/wp-content\/uploads\/2018\/10\/azienda-tecnologia-300x233.jpg 300w, https:\/\/www.garvanacoustic.com\/wp-content\/uploads\/2018\/10\/azienda-tecnologia-768x597.jpg 768w, https:\/\/www.garvanacoustic.com\/wp-content\/uploads\/2018\/10\/azienda-tecnologia-81x63.jpg 81w\" sizes=\"(max-width: 900px) 100vw, 900px\" \/><\/a><figure class=\"text-large letter-spacing-3 hcode-font-setting-69f33b9e68da4\"  style=\"color:#ffffff !important\">Technologien<\/figure><\/div><\/div><\/div><div class=\"wpb_column hcode-column-container  vc_custom_1536162710549 text-center vc_col-sm-6 col-xs-mobile-fullwidth\" data-front-class=\" vc_custom_1536162710549 text-center col-xs-mobile-fullwidth\" data-background=#303030 style=\" background:#303030;\"><div class=\"vc-column-innner-wrapper\"><div class=\"travel-adventure overflow-hidden position-relative \" ><a href=\"https:\/\/www.garvanacoustic.com\/de\/firma\/partner\/\"><img decoding=\"async\" width=\"900\" height=\"700\" src=\"https:\/\/www.garvanacoustic.com\/wp-content\/uploads\/2018\/10\/azienda-partner.jpg\" class=\"attachment-full size-full\" alt=\"\" srcset=\"https:\/\/www.garvanacoustic.com\/wp-content\/uploads\/2018\/10\/azienda-partner.jpg 900w, https:\/\/www.garvanacoustic.com\/wp-content\/uploads\/2018\/10\/azienda-partner-300x233.jpg 300w, https:\/\/www.garvanacoustic.com\/wp-content\/uploads\/2018\/10\/azienda-partner-768x597.jpg 768w, https:\/\/www.garvanacoustic.com\/wp-content\/uploads\/2018\/10\/azienda-partner-81x63.jpg 81w\" sizes=\"(max-width: 900px) 100vw, 900px\" \/><\/a><figure class=\"text-large letter-spacing-3 hcode-font-setting-69f33b9e6931f\"  style=\"color:#ffffff !important\">Partners<\/figure><\/div><\/div><\/div><\/section><section class=\"no-padding\"><div class=\"wpb_column hcode-column-container  vc_custom_1536162705555 text-center vc_col-sm-6 col-xs-mobile-fullwidth\" data-front-class=\" vc_custom_1536162705555 text-center col-xs-mobile-fullwidth\" data-background=#303030 style=\" background:#303030;\"><div class=\"vc-column-innner-wrapper\"><div class=\"travel-adventure overflow-hidden position-relative \" ><a href=\"https:\/\/www.garvanacoustic.com\/de\/garvan-day-veranstaltung\/\"><img decoding=\"async\" width=\"591\" height=\"460\" src=\"https:\/\/www.garvanacoustic.com\/wp-content\/uploads\/2025\/02\/foto-gruppo-Garvan-Day-2024_azienda-1.jpg\" class=\"attachment-full size-full\" alt=\"\" srcset=\"https:\/\/www.garvanacoustic.com\/wp-content\/uploads\/2025\/02\/foto-gruppo-Garvan-Day-2024_azienda-1.jpg 591w, https:\/\/www.garvanacoustic.com\/wp-content\/uploads\/2025\/02\/foto-gruppo-Garvan-Day-2024_azienda-1-300x234.jpg 300w, https:\/\/www.garvanacoustic.com\/wp-content\/uploads\/2025\/02\/foto-gruppo-Garvan-Day-2024_azienda-1-81x63.jpg 81w\" sizes=\"(max-width: 591px) 100vw, 591px\" \/><\/a><figure class=\"text-large letter-spacing-3 hcode-font-setting-69f33b9e698b5\"  style=\"color:#ffffff !important\">GARVAN DAY<\/figure><\/div><\/div><\/div><div class=\"wpb_column hcode-column-container  vc_custom_1536162710549 text-center vc_col-sm-6 col-xs-mobile-fullwidth\" data-front-class=\" vc_custom_1536162710549 text-center col-xs-mobile-fullwidth\" data-background=#303030 style=\" background:#303030;\"><div class=\"vc-column-innner-wrapper\"><\/div><\/div><\/section><section class=\"padding-two sm-padding-two xs-padding-two\"><div class=\"container\"><div class=\"row\"><div class=\"wpb_column hcode-column-container vc_col-sm-12 col-xs-mobile-fullwidth\" data-front-class=\"col-xs-mobile-fullwidth\"><div class=\"vc-column-innner-wrapper\">[vc_empty_space]<\/div><\/div><\/div><\/div><\/section><section class=\"riconoscimenti  vc_custom_1710276450221 padding-one sm-padding-one xs-padding-one\"><div class=\"container\"><div class=\"row\"><div class=\"wpb_column hcode-column-container text-center vc_col-sm-12 col-xs-mobile-fullwidth\" data-front-class=\"text-center col-xs-mobile-fullwidth\"><div class=\"vc-column-innner-wrapper\"><h3 class=\"section-title  black-text\" style=\"font-size:30px;\">Awards and honours<\/h3><div class=\"hcode-inner-row\"><div class=\"wpb_column hcode-column-container vc_col-sm-4 col-xs-mobile-fullwidth\" data-front-class=\"col-xs-mobile-fullwidth\"><div class=\"vc-column-innner-wrapper\">[vc_single_image image=\"67395\" img_size=\"\" alignment=\"center\" onclick=\"custom_link\" img_link_target=\"_blank\" link=\"https:\/\/www.garvanacoustic.com\/de\/ereignisse\/top-design-2011-milano\/\"]<\/div><\/div><div class=\"wpb_column hcode-column-container vc_col-sm-4 col-xs-mobile-fullwidth\" data-front-class=\"col-xs-mobile-fullwidth\"><div class=\"vc-column-innner-wrapper\">[vc_single_image image=\"67348\" img_size=\"\" alignment=\"center\" onclick=\"custom_link\" img_link_target=\"_blank\" link=\"https:\/\/www.garvanacoustic.com\/de\/ereignisse\/protagonisten-fuer-die-entwicklung-2014\/\"]<\/div><\/div><div class=\"wpb_column hcode-column-container vc_col-sm-4 col-xs-mobile-fullwidth\" data-front-class=\"col-xs-mobile-fullwidth\"><div class=\"vc-column-innner-wrapper\">[vc_single_image image=\"67353\" img_size=\"\" alignment=\"center\" onclick=\"custom_link\" img_link_target=\"_blank\" link=\"https:\/\/www.garvanacoustic.com\/de\/unkategorisiert\/young-enterprise-award-zwischen-innovation-und-zukunft\/\"]<\/div><\/div><\/div><\/div><\/div><\/div><\/div><\/section><section><div class=\"container\"><div class=\"row\"><div class=\"wpb_column hcode-column-container vc_col-sm-2 vc_col-lg-3 vc_col-md-2 vc_hidden-xs col-xs-mobile-fullwidth\" data-front-class=\"col-xs-mobile-fullwidth\"><div class=\"vc-column-innner-wrapper\"><\/div><\/div><div class=\"wpb_column hcode-column-container text-center vc_col-sm-8 vc_col-lg-6 vc_col-md-8 vc_col-xs-12\" data-front-class=\"text-center\"><div class=\"vc-column-innner-wrapper\"><h2 class=\"section-title no-padding margin-bottom-40px xs-margin-bottom-20px\">Abonnieren Sie unseren Newsletter<\/h2>\n<div class=\"wpcf7 no-js\" id=\"wpcf7-f28139-o1\" lang=\"it-IT\" dir=\"ltr\" data-wpcf7-id=\"28139\">\n<div class=\"screen-reader-response\"><p role=\"status\" aria-live=\"polite\" aria-atomic=\"true\"><\/p> <ul><\/ul><\/div>\n<form action=\"\/de\/wp-json\/wp\/v2\/pages\/26352#wpcf7-f28139-o1\" method=\"post\" class=\"wpcf7-form init cf7mls-no-scroll cf7mls-auto-return-first-step cf7mls-no-moving-animation\" aria-label=\"Modulo di contatto\" novalidate=\"novalidate\" data-status=\"init\">\n<fieldset class=\"hidden-fields-container\"><input type=\"hidden\" name=\"_wpcf7\" value=\"28139\" \/><input type=\"hidden\" name=\"_wpcf7_version\" value=\"6.1.5\" \/><input type=\"hidden\" name=\"_wpcf7_locale\" value=\"it_IT\" \/><input type=\"hidden\" name=\"_wpcf7_unit_tag\" value=\"wpcf7-f28139-o1\" \/><input type=\"hidden\" name=\"_wpcf7_container_post\" value=\"0\" \/><input type=\"hidden\" name=\"_wpcf7_posted_data_hash\" value=\"\" \/><input type=\"hidden\" name=\"_wpcf7_recaptcha_response\" value=\"\" \/>\n<\/fieldset>\n<div class=\"input-group\">\n\t<p><span class=\"wpcf7-form-control-wrap\" data-name=\"your-name\"><input size=\"40\" maxlength=\"400\" class=\"wpcf7-form-control wpcf7-text wpcf7-validates-as-required\" aria-required=\"true\" aria-invalid=\"false\" placeholder=\"Vorname und Nachname\" value=\"\" type=\"text\" name=\"your-name\" \/><\/span><br \/>\n<span class=\"wpcf7-form-control-wrap\" data-name=\"your-company\"><input size=\"40\" maxlength=\"400\" class=\"wpcf7-form-control wpcf7-text\" aria-invalid=\"false\" placeholder=\"Unternehmen (optional)\" value=\"\" type=\"text\" name=\"your-company\" \/><\/span><br \/>\n<span class=\"wpcf7-form-control-wrap\" data-name=\"your-email\"><input size=\"40\" maxlength=\"400\" class=\"wpcf7-form-control wpcf7-email wpcf7-validates-as-required wpcf7-text wpcf7-validates-as-email\" aria-required=\"true\" aria-invalid=\"false\" placeholder=\"E-Mail\" value=\"\" type=\"email\" name=\"your-email\" \/><\/span>\n\t<\/p>\n<\/div>\n<div class=\"checkbox\">\n\t<p><span class=\"wpcf7-form-control-wrap\" data-name=\"privacy\"><span class=\"wpcf7-form-control wpcf7-acceptance\"><span class=\"wpcf7-list-item\"><label><input type=\"checkbox\" name=\"privacy\" value=\"1\" checked=\"checked\" aria-invalid=\"false\" \/><span class=\"wpcf7-list-item-label\">Mit dem Absenden dieser Anfrage erm\u00e4chtige ich Garvan gem\u00e4\u00df dem <a href=\"https:\/\/www.garvanacoustic.com\/de\/privacy-policy\/\" target=\"_blank\" rel=\"noopener\">Datenschutzgesetz (2003\/196)<\/a>, meine E-Mail-Adresse f\u00fcr Werbe- und\/oder Marketingzwecke zu verwenden. Garvan Acoustic verwendet Ihre Daten ausschlie\u00dflich zu diesem Zweck und gibt sie nicht an Dritte weiter.<\/span><\/label><\/span><\/span><\/span>\n\t<\/p>\n<\/div>\n<p><input class=\"wpcf7-form-control wpcf7-submit has-spinner\" type=\"submit\" value=\"ANMELDEN\" \/>\n<\/p><div class=\"wpcf7-response-output\" aria-hidden=\"true\"><\/div>\n<\/form>\n<\/div>\n\n<\/div><\/div><div class=\"wpb_column hcode-column-container vc_col-sm-2 vc_col-lg-3 vc_col-md-2 vc_hidden-xs col-xs-mobile-fullwidth\" data-front-class=\"col-xs-mobile-fullwidth\"><div class=\"vc-column-innner-wrapper\"><\/div><\/div><\/div><\/div><\/section>","protected":false},"excerpt":{"rendered":"<p>Unsere GeschichteHighlightsTechnologienPartnersGARVAN DAY[vc_empty_space]Awards and honours[vc_single_image image=&#8220;67395&#8243; img_size=&#8220;&#8220; alignment=&#8220;center&#8220; onclick=&#8220;custom_link&#8220; img_link_target=&#8220;_blank&#8220; link=&#8220;https:\/\/www.garvanacoustic.com\/de\/ereignisse\/top-design-2011-milano\/&#8220;][vc_single_image image=&#8220;67348&#8243; img_size=&#8220;&#8220; alignment=&#8220;center&#8220; onclick=&#8220;custom_link&#8220; img_link_target=&#8220;_blank&#8220; link=&#8220;https:\/\/www.garvanacoustic.com\/de\/ereignisse\/protagonisten-fuer-die-entwicklung-2014\/&#8220;][vc_single_image image=&#8220;67353&#8243; img_size=&#8220;&#8220; alignment=&#8220;center&#8220; onclick=&#8220;custom_link&#8220; img_link_target=&#8220;_blank&#8220; link=&#8220;https:\/\/www.garvanacoustic.com\/de\/unkategorisiert\/young-enterprise-award-zwischen-innovation-und-zukunft\/&#8220;]Abonnieren Sie unseren Newsletter Mit dem Absenden dieser Anfrage erm\u00e4chtige ich Garvan gem\u00e4\u00df dem Datenschutzgesetz (2003\/196), meine E-Mail-Adresse f\u00fcr Werbe- und\/oder Marketingzwecke zu verwenden. Garvan Acoustic verwendet Ihre Daten ausschlie\u00dflich zu diesem Zweck [&hellip;]<\/p>\n","protected":false},"author":6,"featured_media":0,"parent":0,"menu_order":0,"comment_status":"closed","ping_status":"closed","template":"","meta":{"_joinchat":[],"footnotes":""},"class_list":["post-26352","page","type-page","status-publish","hentry"],"yoast_head":"<!-- This site is optimized with the Yoast SEO Premium plugin v27.4 (Yoast SEO v27.4) - https:\/\/yoast.com\/product\/yoast-seo-premium-wordpress\/ -->\n<title>Firma - Garvan Acoustic<\/title>\n<meta name=\"robots\" content=\"index, follow, max-snippet:-1, max-image-preview:large, max-video-preview:-1\" \/>\n<link rel=\"canonical\" href=\"https:\/\/www.garvanacoustic.com\/de\/firma\/\" \/>\n<meta property=\"og:locale\" content=\"de_DE\" \/>\n<meta property=\"og:type\" content=\"article\" \/>\n<meta property=\"og:title\" content=\"Firma\" \/>\n<meta property=\"og:description\" content=\"Unsere GeschichteHighlightsTechnologienPartnersGARVAN DAY[vc_empty_space]Awards and honours[vc_single_image image=&quot;67395&quot; img_size=&quot;&quot; alignment=&quot;center&quot; onclick=&quot;custom_link&quot; img_link_target=&quot;_blank&quot; link=&quot;https:\/\/www.garvanacoustic.com\/de\/ereignisse\/top-design-2011-milano\/&quot;][vc_single_image image=&quot;67348&quot; img_size=&quot;&quot; alignment=&quot;center&quot; onclick=&quot;custom_link&quot; img_link_target=&quot;_blank&quot; link=&quot;https:\/\/www.garvanacoustic.com\/de\/ereignisse\/protagonisten-fuer-die-entwicklung-2014\/&quot;][vc_single_image image=&quot;67353&quot; img_size=&quot;&quot; alignment=&quot;center&quot; onclick=&quot;custom_link&quot; img_link_target=&quot;_blank&quot; link=&quot;https:\/\/www.garvanacoustic.com\/de\/unkategorisiert\/young-enterprise-award-zwischen-innovation-und-zukunft\/&quot;]Abonnieren Sie unseren Newsletter Mit dem Absenden dieser Anfrage erm\u00e4chtige ich Garvan gem\u00e4\u00df dem Datenschutzgesetz (2003\/196), meine E-Mail-Adresse f\u00fcr Werbe- und\/oder Marketingzwecke zu verwenden. Garvan Acoustic verwendet Ihre Daten ausschlie\u00dflich zu diesem Zweck [&hellip;]\" \/>\n<meta property=\"og:url\" content=\"https:\/\/www.garvanacoustic.com\/de\/firma\/\" \/>\n<meta property=\"og:site_name\" content=\"Garvan Acoustic\" \/>\n<meta property=\"article:publisher\" content=\"https:\/\/www.facebook.com\/garvanacoustic\" \/>\n<meta property=\"article:modified_time\" content=\"2025-02-28T10:25:28+00:00\" \/>\n<meta property=\"og:image\" content=\"https:\/\/www.garvanacoustic.com\/wp-content\/uploads\/2024\/07\/header-nwsl-garvan-e1759746705872.jpg\" \/>\n\t<meta property=\"og:image:width\" content=\"779\" \/>\n\t<meta property=\"og:image:height\" content=\"437\" \/>\n\t<meta property=\"og:image:type\" content=\"image\/jpeg\" \/>\n<meta name=\"twitter:card\" content=\"summary_large_image\" \/>\n<meta name=\"twitter:label1\" content=\"Gesch\u00e4tzte Lesezeit\" \/>\n\t<meta name=\"twitter:data1\" content=\"3\u00a0Minuten\" \/>\n<script type=\"application\/ld+json\" class=\"yoast-schema-graph\">{\"@context\":\"https:\\\/\\\/schema.org\",\"@graph\":[{\"@type\":\"WebPage\",\"@id\":\"https:\\\/\\\/www.garvanacoustic.com\\\/de\\\/firma\\\/\",\"url\":\"https:\\\/\\\/www.garvanacoustic.com\\\/de\\\/firma\\\/\",\"name\":\"Firma - Garvan Acoustic\",\"isPartOf\":{\"@id\":\"https:\\\/\\\/www.garvanacoustic.com\\\/de\\\/#website\"},\"datePublished\":\"2019-01-23T12:33:09+00:00\",\"dateModified\":\"2025-02-28T10:25:28+00:00\",\"breadcrumb\":{\"@id\":\"https:\\\/\\\/www.garvanacoustic.com\\\/de\\\/firma\\\/#breadcrumb\"},\"inLanguage\":\"de\",\"potentialAction\":[{\"@type\":\"ReadAction\",\"target\":[\"https:\\\/\\\/www.garvanacoustic.com\\\/de\\\/firma\\\/\"]}]},{\"@type\":\"BreadcrumbList\",\"@id\":\"https:\\\/\\\/www.garvanacoustic.com\\\/de\\\/firma\\\/#breadcrumb\",\"itemListElement\":[{\"@type\":\"ListItem\",\"position\":1,\"name\":\"Home\",\"item\":\"https:\\\/\\\/www.garvanacoustic.com\\\/de\\\/\"},{\"@type\":\"ListItem\",\"position\":2,\"name\":\"Firma\"}]},{\"@type\":\"WebSite\",\"@id\":\"https:\\\/\\\/www.garvanacoustic.com\\\/de\\\/#website\",\"url\":\"https:\\\/\\\/www.garvanacoustic.com\\\/de\\\/\",\"name\":\"Garvan Acoustic\",\"description\":\"Diffusori e trattamento acustico: scopri la qualit\u00e0 del Made in Italy\",\"publisher\":{\"@id\":\"https:\\\/\\\/www.garvanacoustic.com\\\/de\\\/#organization\"},\"potentialAction\":[{\"@type\":\"SearchAction\",\"target\":{\"@type\":\"EntryPoint\",\"urlTemplate\":\"https:\\\/\\\/www.garvanacoustic.com\\\/de\\\/?s={search_term_string}\"},\"query-input\":{\"@type\":\"PropertyValueSpecification\",\"valueRequired\":true,\"valueName\":\"search_term_string\"}}],\"inLanguage\":\"de\"},{\"@type\":\"Organization\",\"@id\":\"https:\\\/\\\/www.garvanacoustic.com\\\/de\\\/#organization\",\"name\":\"Garvan Acoustic\",\"url\":\"https:\\\/\\\/www.garvanacoustic.com\\\/de\\\/\",\"logo\":{\"@type\":\"ImageObject\",\"inLanguage\":\"de\",\"@id\":\"https:\\\/\\\/www.garvanacoustic.com\\\/de\\\/#\\\/schema\\\/logo\\\/image\\\/\",\"url\":\"https:\\\/\\\/www.garvanacoustic.com\\\/wp-content\\\/uploads\\\/2018\\\/07\\\/garvan-acoustic-logo.png\",\"contentUrl\":\"https:\\\/\\\/www.garvanacoustic.com\\\/wp-content\\\/uploads\\\/2018\\\/07\\\/garvan-acoustic-logo.png\",\"width\":400,\"height\":161,\"caption\":\"Garvan Acoustic\"},\"image\":{\"@id\":\"https:\\\/\\\/www.garvanacoustic.com\\\/de\\\/#\\\/schema\\\/logo\\\/image\\\/\"},\"sameAs\":[\"https:\\\/\\\/www.facebook.com\\\/garvanacoustic\",\"https:\\\/\\\/www.instagram.com\\\/garvanacoustic\\\/\"],\"description\":\"Produttori di Diffusori Acustici e Pannelli Fonoassorbenti Made in Italy\",\"email\":\"garvan@garvanacoustic.com\",\"telephone\":\"0546 682097\"}]}<\/script>\n<!-- \/ Yoast SEO Premium plugin. -->","yoast_head_json":{"title":"Firma - Garvan Acoustic","robots":{"index":"index","follow":"follow","max-snippet":"max-snippet:-1","max-image-preview":"max-image-preview:large","max-video-preview":"max-video-preview:-1"},"canonical":"https:\/\/www.garvanacoustic.com\/de\/firma\/","og_locale":"de_DE","og_type":"article","og_title":"Firma","og_description":"Unsere GeschichteHighlightsTechnologienPartnersGARVAN DAY[vc_empty_space]Awards and honours[vc_single_image image=\"67395\" img_size=\"\" alignment=\"center\" onclick=\"custom_link\" img_link_target=\"_blank\" link=\"https:\/\/www.garvanacoustic.com\/de\/ereignisse\/top-design-2011-milano\/\"][vc_single_image image=\"67348\" img_size=\"\" alignment=\"center\" onclick=\"custom_link\" img_link_target=\"_blank\" link=\"https:\/\/www.garvanacoustic.com\/de\/ereignisse\/protagonisten-fuer-die-entwicklung-2014\/\"][vc_single_image image=\"67353\" img_size=\"\" alignment=\"center\" onclick=\"custom_link\" img_link_target=\"_blank\" link=\"https:\/\/www.garvanacoustic.com\/de\/unkategorisiert\/young-enterprise-award-zwischen-innovation-und-zukunft\/\"]Abonnieren Sie unseren Newsletter Mit dem Absenden dieser Anfrage erm\u00e4chtige ich Garvan gem\u00e4\u00df dem Datenschutzgesetz (2003\/196), meine E-Mail-Adresse f\u00fcr Werbe- und\/oder Marketingzwecke zu verwenden. Garvan Acoustic verwendet Ihre Daten ausschlie\u00dflich zu diesem Zweck [&hellip;]","og_url":"https:\/\/www.garvanacoustic.com\/de\/firma\/","og_site_name":"Garvan Acoustic","article_publisher":"https:\/\/www.facebook.com\/garvanacoustic","article_modified_time":"2025-02-28T10:25:28+00:00","og_image":[{"width":779,"height":437,"url":"https:\/\/www.garvanacoustic.com\/wp-content\/uploads\/2024\/07\/header-nwsl-garvan-e1759746705872.jpg","type":"image\/jpeg"}],"twitter_card":"summary_large_image","twitter_misc":{"Gesch\u00e4tzte Lesezeit":"3\u00a0Minuten"},"schema":{"@context":"https:\/\/schema.org","@graph":[{"@type":"WebPage","@id":"https:\/\/www.garvanacoustic.com\/de\/firma\/","url":"https:\/\/www.garvanacoustic.com\/de\/firma\/","name":"Firma - Garvan Acoustic","isPartOf":{"@id":"https:\/\/www.garvanacoustic.com\/de\/#website"},"datePublished":"2019-01-23T12:33:09+00:00","dateModified":"2025-02-28T10:25:28+00:00","breadcrumb":{"@id":"https:\/\/www.garvanacoustic.com\/de\/firma\/#breadcrumb"},"inLanguage":"de","potentialAction":[{"@type":"ReadAction","target":["https:\/\/www.garvanacoustic.com\/de\/firma\/"]}]},{"@type":"BreadcrumbList","@id":"https:\/\/www.garvanacoustic.com\/de\/firma\/#breadcrumb","itemListElement":[{"@type":"ListItem","position":1,"name":"Home","item":"https:\/\/www.garvanacoustic.com\/de\/"},{"@type":"ListItem","position":2,"name":"Firma"}]},{"@type":"WebSite","@id":"https:\/\/www.garvanacoustic.com\/de\/#website","url":"https:\/\/www.garvanacoustic.com\/de\/","name":"Garvan Acoustic","description":"Diffusori e trattamento acustico: scopri la qualit\u00e0 del Made in Italy","publisher":{"@id":"https:\/\/www.garvanacoustic.com\/de\/#organization"},"potentialAction":[{"@type":"SearchAction","target":{"@type":"EntryPoint","urlTemplate":"https:\/\/www.garvanacoustic.com\/de\/?s={search_term_string}"},"query-input":{"@type":"PropertyValueSpecification","valueRequired":true,"valueName":"search_term_string"}}],"inLanguage":"de"},{"@type":"Organization","@id":"https:\/\/www.garvanacoustic.com\/de\/#organization","name":"Garvan Acoustic","url":"https:\/\/www.garvanacoustic.com\/de\/","logo":{"@type":"ImageObject","inLanguage":"de","@id":"https:\/\/www.garvanacoustic.com\/de\/#\/schema\/logo\/image\/","url":"https:\/\/www.garvanacoustic.com\/wp-content\/uploads\/2018\/07\/garvan-acoustic-logo.png","contentUrl":"https:\/\/www.garvanacoustic.com\/wp-content\/uploads\/2018\/07\/garvan-acoustic-logo.png","width":400,"height":161,"caption":"Garvan Acoustic"},"image":{"@id":"https:\/\/www.garvanacoustic.com\/de\/#\/schema\/logo\/image\/"},"sameAs":["https:\/\/www.facebook.com\/garvanacoustic","https:\/\/www.instagram.com\/garvanacoustic\/"],"description":"Produttori di Diffusori Acustici e Pannelli Fonoassorbenti Made in Italy","email":"garvan@garvanacoustic.com","telephone":"0546 682097"}]}},"_links":{"self":[{"href":"https:\/\/www.garvanacoustic.com\/de\/wp-json\/wp\/v2\/pages\/26352","targetHints":{"allow":["GET"]}}],"collection":[{"href":"https:\/\/www.garvanacoustic.com\/de\/wp-json\/wp\/v2\/pages"}],"about":[{"href":"https:\/\/www.garvanacoustic.com\/de\/wp-json\/wp\/v2\/types\/page"}],"author":[{"embeddable":true,"href":"https:\/\/www.garvanacoustic.com\/de\/wp-json\/wp\/v2\/users\/6"}],"replies":[{"embeddable":true,"href":"https:\/\/www.garvanacoustic.com\/de\/wp-json\/wp\/v2\/comments?post=26352"}],"version-history":[{"count":13,"href":"https:\/\/www.garvanacoustic.com\/de\/wp-json\/wp\/v2\/pages\/26352\/revisions"}],"predecessor-version":[{"id":74040,"href":"https:\/\/www.garvanacoustic.com\/de\/wp-json\/wp\/v2\/pages\/26352\/revisions\/74040"}],"wp:attachment":[{"href":"https:\/\/www.garvanacoustic.com\/de\/wp-json\/wp\/v2\/media?parent=26352"}],"curies":[{"name":"wp","href":"https:\/\/api.w.org\/{rel}","templated":true}]}}