{"id":26391,"date":"2019-01-22T18:19:43","date_gmt":"2019-01-22T17:19:43","guid":{"rendered":"https:\/\/www.garvanacoustic.com\/?page_id=26391"},"modified":"2019-02-25T17:45:04","modified_gmt":"2019-02-25T16:45:04","slug":"allgemeine-geschaeftsbedingungen","status":"publish","type":"page","link":"https:\/\/www.garvanacoustic.com\/de\/allgemeine-geschaeftsbedingungen\/","title":{"rendered":"Allgemeine Gesch\u00e4ftsbedingungen"},"content":{"rendered":"<section><div class=\"container\"><div class=\"row\"><div class=\"wpb_column hcode-column-container vc_col-sm-12 col-xs-mobile-fullwidth\" data-front-class=\"col-xs-mobile-fullwidth\"><div class=\"vc-column-innner-wrapper\"><p>Garvan informiert die Benutzer seiner Webseite, dass sie durch die Nutzung derselben die nachfolgend aufgef\u00fchrten Gesch\u00e4ftsbedingungen von Garvan akzeptieren.<\/p>\n<p><strong>Nutzungseinschr\u00e4nkungen<\/strong><br \/>\nDer Benutzer darf die online ver\u00f6ffentlichten Dokumente ausschlie\u00dflich f\u00fcr pers\u00f6nliche Zwecke verwenden. Die pers\u00f6nlichen Zwecke schlie\u00dfen allerdings die Verwendung von Inhalten, die durch industrielle und\/oder geistige Eigentumsrechte gesch\u00fctzt sind, nicht ein. F\u00fcr die Nutzung f\u00fcr Handelszwecke ist eine ausdr\u00fcckliche Bewilligung von Garvan zu beantragen, die nach eigener Absch\u00e4tzung entscheidet, ob sie zur Nutzung zustimmt oder nicht. F\u00fcr die Vervielf\u00e4ltigung jeglicher Dokumente m\u00fcssen s\u00e4mtliche Informationen zu den industriellen und\/oder geistigen Eigentumsrechten eingehalten werden. Sollte der Benutzer die aufgef\u00fchrten Bedingungen nicht einhalten, ist er verpflichtet, das \u00fcber diese Webseite erhaltene Material, einschlie\u00dflich der Kopien, unverz\u00fcglich zu vernichten und von der Ergreifung von Ma\u00dfnahmen gegen die aufgef\u00fchrten Bedingungen Abstand zu nehmen.<\/p>\n<p><strong>Datenschutz<\/strong><br \/>\nDie Nutzung dieser Webseite durch den Benutzer unterliegt der nachfolgend aufgef\u00fchrten Datenschutzrichtlinie. Nutzungsbedingungen der personenbezogenen Daten: Durch das Senden von Informationsanfragen o. \u00e4. autorisiert der Benutzer Garvan gem\u00e4\u00df den Bestimmungen des Datenschutzgesetzes (2003\/196), seine E-Mail-Adresse und seine personenbezogenen Daten f\u00fcr Werbe- bzw. Marketingzwecke zu verwenden.<\/p>\n<p><strong>Vom Benutzer angegebene Informationen<br \/>\n<\/strong>Mit Ausnahme der personenbezogenen Daten, werden die vom Benutzer angegebene Informationen und Feedback-Daten (Fragen, Kommentare, Vorschl\u00e4ge oder \u00e4hnliches) zum Inhalt dieser Webseite oder zu Garvan als nicht vertraulich behandelt und Garvan kann sie uneingeschr\u00e4nkt f\u00fcr jeglichen Zweck verwenden. Externe Webseiten Diese Webseite kann Verlinkungen zu Webseiten enthalten, die nicht von Garvan verwaltet werden, daher tr\u00e4gt Garvan keine Verantwortung f\u00fcr den Inhalt von Webseiten Dritter.<\/p>\n<p><strong>Ablehnung von Verantwortung und \u00c4nderungen<\/strong><br \/>\nDie Inhalte dieser Webseite werden im \"Ist-Zustand\" und ohne jegliche Gew\u00e4hrleistung zur Verf\u00fcgung gestellt. Zudem haftet Garvan nicht f\u00fcr eventuelle Fehler und beh\u00e4lt sich das Recht vor, \u00c4nderungen vorzunehmen. Jede Ver\u00f6ffentlichung von Garvan k\u00f6nnte n\u00e4mlich technische Ungenauigkeiten oder Druckfehler enthalten; zudem k\u00f6nnten die Ver\u00f6ffentlichungen periodisch ohne Vorank\u00fcndigung ge\u00e4ndert werden und die \u00c4nderungen k\u00f6nnen in die neuen Ausgaben der Ver\u00f6ffentlichungen integriert werden.<\/p>\n<\/div><\/div><\/div><\/div><\/section>","protected":false},"excerpt":{"rendered":"<p>Garvan informiert die Benutzer seiner Webseite, dass sie durch die Nutzung derselben die nachfolgend aufgef\u00fchrten Gesch\u00e4ftsbedingungen von Garvan akzeptieren. Nutzungseinschr\u00e4nkungen Der Benutzer darf die online ver\u00f6ffentlichten Dokumente ausschlie\u00dflich f\u00fcr pers\u00f6nliche Zwecke verwenden. Die pers\u00f6nlichen Zwecke schlie\u00dfen allerdings die Verwendung von Inhalten, die durch industrielle und\/oder geistige Eigentumsrechte gesch\u00fctzt sind, nicht ein. F\u00fcr die Nutzung f\u00fcr [&hellip;]<\/p>\n","protected":false},"author":6,"featured_media":0,"parent":0,"menu_order":0,"comment_status":"closed","ping_status":"closed","template":"","meta":{"_joinchat":[],"footnotes":""},"class_list":["post-26391","page","type-page","status-publish","hentry"],"yoast_head":"<!-- This site is optimized with the Yoast SEO Premium plugin v27.4 (Yoast SEO v27.4) - https:\/\/yoast.com\/product\/yoast-seo-premium-wordpress\/ -->\n<title>Allgemeine Gesch\u00e4ftsbedingungen - Garvan Acoustic<\/title>\n<meta name=\"robots\" content=\"index, follow, max-snippet:-1, max-image-preview:large, max-video-preview:-1\" \/>\n<link rel=\"canonical\" href=\"https:\/\/www.garvanacoustic.com\/de\/allgemeine-geschaeftsbedingungen\/\" \/>\n<meta property=\"og:locale\" content=\"de_DE\" \/>\n<meta property=\"og:type\" content=\"article\" \/>\n<meta property=\"og:title\" content=\"Allgemeine Gesch\u00e4ftsbedingungen\" \/>\n<meta property=\"og:description\" content=\"Garvan informiert die Benutzer seiner Webseite, dass sie durch die Nutzung derselben die nachfolgend aufgef\u00fchrten Gesch\u00e4ftsbedingungen von Garvan akzeptieren. Nutzungseinschr\u00e4nkungen Der Benutzer darf die online ver\u00f6ffentlichten Dokumente ausschlie\u00dflich f\u00fcr pers\u00f6nliche Zwecke verwenden. Die pers\u00f6nlichen Zwecke schlie\u00dfen allerdings die Verwendung von Inhalten, die durch industrielle und\/oder geistige Eigentumsrechte gesch\u00fctzt sind, nicht ein. F\u00fcr die Nutzung f\u00fcr [&hellip;]\" \/>\n<meta property=\"og:url\" content=\"https:\/\/www.garvanacoustic.com\/de\/allgemeine-geschaeftsbedingungen\/\" \/>\n<meta property=\"og:site_name\" content=\"Garvan Acoustic\" \/>\n<meta property=\"article:publisher\" content=\"https:\/\/www.facebook.com\/garvanacoustic\" \/>\n<meta property=\"article:modified_time\" content=\"2019-02-25T16:45:04+00:00\" \/>\n<meta property=\"og:image\" content=\"https:\/\/www.garvanacoustic.com\/wp-content\/uploads\/2024\/07\/header-nwsl-garvan-e1759746705872.jpg\" \/>\n\t<meta property=\"og:image:width\" content=\"779\" \/>\n\t<meta property=\"og:image:height\" content=\"437\" \/>\n\t<meta property=\"og:image:type\" content=\"image\/jpeg\" \/>\n<meta name=\"twitter:card\" content=\"summary_large_image\" \/>\n<meta name=\"twitter:label1\" content=\"Gesch\u00e4tzte Lesezeit\" \/>\n\t<meta name=\"twitter:data1\" content=\"2\u00a0Minuten\" \/>\n<script type=\"application\/ld+json\" class=\"yoast-schema-graph\">{\"@context\":\"https:\\\/\\\/schema.org\",\"@graph\":[{\"@type\":\"WebPage\",\"@id\":\"https:\\\/\\\/www.garvanacoustic.com\\\/de\\\/allgemeine-geschaeftsbedingungen\\\/\",\"url\":\"https:\\\/\\\/www.garvanacoustic.com\\\/de\\\/allgemeine-geschaeftsbedingungen\\\/\",\"name\":\"Allgemeine Gesch\u00e4ftsbedingungen - Garvan Acoustic\",\"isPartOf\":{\"@id\":\"https:\\\/\\\/www.garvanacoustic.com\\\/de\\\/#website\"},\"datePublished\":\"2019-01-22T17:19:43+00:00\",\"dateModified\":\"2019-02-25T16:45:04+00:00\",\"breadcrumb\":{\"@id\":\"https:\\\/\\\/www.garvanacoustic.com\\\/de\\\/allgemeine-geschaeftsbedingungen\\\/#breadcrumb\"},\"inLanguage\":\"de\",\"potentialAction\":[{\"@type\":\"ReadAction\",\"target\":[\"https:\\\/\\\/www.garvanacoustic.com\\\/de\\\/allgemeine-geschaeftsbedingungen\\\/\"]}]},{\"@type\":\"BreadcrumbList\",\"@id\":\"https:\\\/\\\/www.garvanacoustic.com\\\/de\\\/allgemeine-geschaeftsbedingungen\\\/#breadcrumb\",\"itemListElement\":[{\"@type\":\"ListItem\",\"position\":1,\"name\":\"Home\",\"item\":\"https:\\\/\\\/www.garvanacoustic.com\\\/de\\\/\"},{\"@type\":\"ListItem\",\"position\":2,\"name\":\"Allgemeine Gesch\u00e4ftsbedingungen\"}]},{\"@type\":\"WebSite\",\"@id\":\"https:\\\/\\\/www.garvanacoustic.com\\\/de\\\/#website\",\"url\":\"https:\\\/\\\/www.garvanacoustic.com\\\/de\\\/\",\"name\":\"Garvan Acoustic\",\"description\":\"Diffusori e trattamento acustico: scopri la qualit\u00e0 del Made in Italy\",\"publisher\":{\"@id\":\"https:\\\/\\\/www.garvanacoustic.com\\\/de\\\/#organization\"},\"potentialAction\":[{\"@type\":\"SearchAction\",\"target\":{\"@type\":\"EntryPoint\",\"urlTemplate\":\"https:\\\/\\\/www.garvanacoustic.com\\\/de\\\/?s={search_term_string}\"},\"query-input\":{\"@type\":\"PropertyValueSpecification\",\"valueRequired\":true,\"valueName\":\"search_term_string\"}}],\"inLanguage\":\"de\"},{\"@type\":\"Organization\",\"@id\":\"https:\\\/\\\/www.garvanacoustic.com\\\/de\\\/#organization\",\"name\":\"Garvan Acoustic\",\"url\":\"https:\\\/\\\/www.garvanacoustic.com\\\/de\\\/\",\"logo\":{\"@type\":\"ImageObject\",\"inLanguage\":\"de\",\"@id\":\"https:\\\/\\\/www.garvanacoustic.com\\\/de\\\/#\\\/schema\\\/logo\\\/image\\\/\",\"url\":\"https:\\\/\\\/www.garvanacoustic.com\\\/wp-content\\\/uploads\\\/2018\\\/07\\\/garvan-acoustic-logo.png\",\"contentUrl\":\"https:\\\/\\\/www.garvanacoustic.com\\\/wp-content\\\/uploads\\\/2018\\\/07\\\/garvan-acoustic-logo.png\",\"width\":400,\"height\":161,\"caption\":\"Garvan Acoustic\"},\"image\":{\"@id\":\"https:\\\/\\\/www.garvanacoustic.com\\\/de\\\/#\\\/schema\\\/logo\\\/image\\\/\"},\"sameAs\":[\"https:\\\/\\\/www.facebook.com\\\/garvanacoustic\",\"https:\\\/\\\/www.instagram.com\\\/garvanacoustic\\\/\"],\"description\":\"Produttori di Diffusori Acustici e Pannelli Fonoassorbenti Made in Italy\",\"email\":\"garvan@garvanacoustic.com\",\"telephone\":\"0546 682097\"}]}<\/script>\n<!-- \/ Yoast SEO Premium plugin. -->","yoast_head_json":{"title":"Allgemeine Gesch\u00e4ftsbedingungen - Garvan Acoustic","robots":{"index":"index","follow":"follow","max-snippet":"max-snippet:-1","max-image-preview":"max-image-preview:large","max-video-preview":"max-video-preview:-1"},"canonical":"https:\/\/www.garvanacoustic.com\/de\/allgemeine-geschaeftsbedingungen\/","og_locale":"de_DE","og_type":"article","og_title":"Allgemeine Gesch\u00e4ftsbedingungen","og_description":"Garvan informiert die Benutzer seiner Webseite, dass sie durch die Nutzung derselben die nachfolgend aufgef\u00fchrten Gesch\u00e4ftsbedingungen von Garvan akzeptieren. Nutzungseinschr\u00e4nkungen Der Benutzer darf die online ver\u00f6ffentlichten Dokumente ausschlie\u00dflich f\u00fcr pers\u00f6nliche Zwecke verwenden. Die pers\u00f6nlichen Zwecke schlie\u00dfen allerdings die Verwendung von Inhalten, die durch industrielle und\/oder geistige Eigentumsrechte gesch\u00fctzt sind, nicht ein. F\u00fcr die Nutzung f\u00fcr [&hellip;]","og_url":"https:\/\/www.garvanacoustic.com\/de\/allgemeine-geschaeftsbedingungen\/","og_site_name":"Garvan Acoustic","article_publisher":"https:\/\/www.facebook.com\/garvanacoustic","article_modified_time":"2019-02-25T16:45:04+00:00","og_image":[{"width":779,"height":437,"url":"https:\/\/www.garvanacoustic.com\/wp-content\/uploads\/2024\/07\/header-nwsl-garvan-e1759746705872.jpg","type":"image\/jpeg"}],"twitter_card":"summary_large_image","twitter_misc":{"Gesch\u00e4tzte Lesezeit":"2\u00a0Minuten"},"schema":{"@context":"https:\/\/schema.org","@graph":[{"@type":"WebPage","@id":"https:\/\/www.garvanacoustic.com\/de\/allgemeine-geschaeftsbedingungen\/","url":"https:\/\/www.garvanacoustic.com\/de\/allgemeine-geschaeftsbedingungen\/","name":"Allgemeine Gesch\u00e4ftsbedingungen - Garvan Acoustic","isPartOf":{"@id":"https:\/\/www.garvanacoustic.com\/de\/#website"},"datePublished":"2019-01-22T17:19:43+00:00","dateModified":"2019-02-25T16:45:04+00:00","breadcrumb":{"@id":"https:\/\/www.garvanacoustic.com\/de\/allgemeine-geschaeftsbedingungen\/#breadcrumb"},"inLanguage":"de","potentialAction":[{"@type":"ReadAction","target":["https:\/\/www.garvanacoustic.com\/de\/allgemeine-geschaeftsbedingungen\/"]}]},{"@type":"BreadcrumbList","@id":"https:\/\/www.garvanacoustic.com\/de\/allgemeine-geschaeftsbedingungen\/#breadcrumb","itemListElement":[{"@type":"ListItem","position":1,"name":"Home","item":"https:\/\/www.garvanacoustic.com\/de\/"},{"@type":"ListItem","position":2,"name":"Allgemeine Gesch\u00e4ftsbedingungen"}]},{"@type":"WebSite","@id":"https:\/\/www.garvanacoustic.com\/de\/#website","url":"https:\/\/www.garvanacoustic.com\/de\/","name":"Garvan Acoustic","description":"Diffusori e trattamento acustico: scopri la qualit\u00e0 del Made in Italy","publisher":{"@id":"https:\/\/www.garvanacoustic.com\/de\/#organization"},"potentialAction":[{"@type":"SearchAction","target":{"@type":"EntryPoint","urlTemplate":"https:\/\/www.garvanacoustic.com\/de\/?s={search_term_string}"},"query-input":{"@type":"PropertyValueSpecification","valueRequired":true,"valueName":"search_term_string"}}],"inLanguage":"de"},{"@type":"Organization","@id":"https:\/\/www.garvanacoustic.com\/de\/#organization","name":"Garvan Acoustic","url":"https:\/\/www.garvanacoustic.com\/de\/","logo":{"@type":"ImageObject","inLanguage":"de","@id":"https:\/\/www.garvanacoustic.com\/de\/#\/schema\/logo\/image\/","url":"https:\/\/www.garvanacoustic.com\/wp-content\/uploads\/2018\/07\/garvan-acoustic-logo.png","contentUrl":"https:\/\/www.garvanacoustic.com\/wp-content\/uploads\/2018\/07\/garvan-acoustic-logo.png","width":400,"height":161,"caption":"Garvan Acoustic"},"image":{"@id":"https:\/\/www.garvanacoustic.com\/de\/#\/schema\/logo\/image\/"},"sameAs":["https:\/\/www.facebook.com\/garvanacoustic","https:\/\/www.instagram.com\/garvanacoustic\/"],"description":"Produttori di Diffusori Acustici e Pannelli Fonoassorbenti Made in Italy","email":"garvan@garvanacoustic.com","telephone":"0546 682097"}]}},"_links":{"self":[{"href":"https:\/\/www.garvanacoustic.com\/de\/wp-json\/wp\/v2\/pages\/26391","targetHints":{"allow":["GET"]}}],"collection":[{"href":"https:\/\/www.garvanacoustic.com\/de\/wp-json\/wp\/v2\/pages"}],"about":[{"href":"https:\/\/www.garvanacoustic.com\/de\/wp-json\/wp\/v2\/types\/page"}],"author":[{"embeddable":true,"href":"https:\/\/www.garvanacoustic.com\/de\/wp-json\/wp\/v2\/users\/6"}],"replies":[{"embeddable":true,"href":"https:\/\/www.garvanacoustic.com\/de\/wp-json\/wp\/v2\/comments?post=26391"}],"version-history":[{"count":5,"href":"https:\/\/www.garvanacoustic.com\/de\/wp-json\/wp\/v2\/pages\/26391\/revisions"}],"predecessor-version":[{"id":29813,"href":"https:\/\/www.garvanacoustic.com\/de\/wp-json\/wp\/v2\/pages\/26391\/revisions\/29813"}],"wp:attachment":[{"href":"https:\/\/www.garvanacoustic.com\/de\/wp-json\/wp\/v2\/media?parent=26391"}],"curies":[{"name":"wp","href":"https:\/\/api.w.org\/{rel}","templated":true}]}}