{"id":26592,"date":"2019-01-23T14:56:56","date_gmt":"2019-01-23T13:56:56","guid":{"rendered":"https:\/\/www.garvanacoustic.com\/?page_id=26592"},"modified":"2026-01-22T09:35:32","modified_gmt":"2026-01-22T08:35:32","slug":"einbaulautsprecher-decke-und-wand","status":"publish","type":"page","link":"https:\/\/www.garvanacoustic.com\/de\/lautsprecher\/einbaulautsprecher-decke-und-wand\/","title":{"rendered":"Aufbaulautsprecher \u2013 Decke und Wand"},"content":{"rendered":"<section  class=\"wow fadeIn bg-image-srcset cover-background\" style=\"background-image: url(https:\/\/www.garvanacoustic.com\/wp-content\/uploads\/2018\/09\/diffusori-da-incasso.jpg);\" data-bg-srcset=\"https:\/\/www.garvanacoustic.com\/wp-content\/uploads\/2018\/09\/diffusori-da-incasso.jpg 1920w, https:\/\/www.garvanacoustic.com\/wp-content\/uploads\/2018\/09\/diffusori-da-incasso-300x67.jpg 300w, https:\/\/www.garvanacoustic.com\/wp-content\/uploads\/2018\/09\/diffusori-da-incasso-768x172.jpg 768w, https:\/\/www.garvanacoustic.com\/wp-content\/uploads\/2018\/09\/diffusori-da-incasso-1024x229.jpg 1024w, https:\/\/www.garvanacoustic.com\/wp-content\/uploads\/2018\/09\/diffusori-da-incasso-81x18.jpg 81w\"><div class=\"selection-overlay\" style=\"opacity:0.5;background-color:#000000;\"><\/div><div class=\"container\"><div class=\"row\"><div class=\"wpb_column hcode-column-container center-col text-center vc_col-sm-12 vc_col-md-6 col-xs-mobile-fullwidth\" data-front-class=\"center-col text-center col-xs-mobile-fullwidth\"><div class=\"vc-column-innner-wrapper\">[vc_empty_space height=\"160px\"]<\/div><\/div><\/div><\/div><\/section><section id=\"start\" class=\"no-padding margin-one-all wow fadeIn\"><div class=\"container\"><div class=\"row\"><div class=\"wpb_column hcode-column-container text-left sm-text-left xs-text-left padding-two-tb margin-five-top vc_col-sm-6 vc_col-xs-12\" data-front-class=\"text-left sm-text-left xs-text-left padding-two-tb margin-five-top\"><div class=\"vc-column-innner-wrapper\"><div class=\"no-padding\"><h1 class=\"titolo-black\" style=\"text-align: left;\">Aufbaulautsprecher \u2013 Decke und Wand<\/h1>\n<p class=\"&quot;text-med\" style=\"text-align: left;\">Lautsprecher, die in den W\u00e4nden verschwinden, dank des von Garvan 2006 erfundenen <strong>fl\u00e4chenb\u00fcndigen Wandeinbaus<\/strong>. Die Lautsprecher wurden eigens zur Verwendung in sehr kleinen Geh\u00e4usen entworfen, wodurch <strong>einzigartige Klangqualit\u00e4t<\/strong> gew\u00e4hrleistet ist, w\u00e4hrend das f\u00fcr die Struktur verwendete <strong>Stahl Steifigkeit<\/strong> ohne st\u00f6rende Ger\u00e4usche bietet. Die komplett individuell gestaltbaren <strong>Frontabdeckungen<\/strong> bieten eine gro\u00dfe Auswahl an L\u00f6sungen, f\u00fcr eine <strong>perfekte Integration<\/strong> in jeder Umgebung.<\/p>\n<\/div>[vc_empty_space height=\"15px\"]<\/div><\/div><div class=\"wpb_column hcode-column-container text-center sm-text-center xs-text-center padding-two-tb margin-five-top vc_col-sm-6 col-xs-mobile-fullwidth\" data-front-class=\"text-center sm-text-center xs-text-center padding-two-tb margin-five-top col-xs-mobile-fullwidth\"><div class=\"vc-column-innner-wrapper\"><div class=\"no-padding\"><p style=\"background: #F2CF7E; border-radius: 10px; padding: 15px 32px; display: inline-block; margin: 4px 2px; width: 60%;\"><span style=\"color: #000000;\"><strong><a style=\"color: #000000;\" href=\"\/?page_id=26592#cartongesso\" rel=\"noopener\">GIPSKARTON<\/a><\/strong><\/span><\/p>\n<\/div>[vc_empty_space height=\"15px\"]<div class=\"no-padding\"><p style=\"background: #F2CF7E; border-radius: 10px; padding: 15px 32px; display: inline-block; margin: 4px 2px; width: 60%;\"><span style=\"color: #000000;\"><strong><a style=\"color: #000000;\" href=\"\/?page_id=26592#muro\" rel=\"noopener\">WAND<\/a><\/strong><\/span><\/p>\n<\/div>[vc_empty_space height=\"15px\"]<div class=\"no-padding\"><p style=\"background: #F2CF7E; border-radius: 10px; padding: 15px 32px; display: inline-block; margin: 4px 2px; width: 60%;\"><span style=\"color: #000000;\"><strong><a style=\"color: #000000;\" href=\"\/?page_id=26592#esterni\" rel=\"noopener\">OUTDOOR<\/a><\/strong><\/span><\/p>\n<\/div>[vc_empty_space height=\"15px\"]<div class=\"no-padding\"><p style=\"background: #F2CF7E; border-radius: 10px; padding: 15px 32px; display: inline-block; margin: 4px 2px; width: 60%;\"><span style=\"color: #000000;\"><strong><a style=\"color: #000000;\" href=\"\/?page_id=26592#sub\" rel=\"noopener\">SUBWOOFER<\/a><\/strong><\/span><\/p>\n<\/div><\/div><\/div><\/div><\/div><\/section><section class=\"no-padding\"><div class=\"container-fluid\"><div class=\"row\"><div class=\"wpb_column hcode-column-container vc_col-sm-12 col-xs-mobile-fullwidth\" data-front-class=\"col-xs-mobile-fullwidth\"><div class=\"vc-column-innner-wrapper\">[vc_empty_space height=\"60px\"]<\/div><\/div><\/div><\/div><\/section><section id=\"cartongesso\" class=\"padding-four-lr sm-no-padding xs-no-padding\"><div class=\"container-fluid\"><div class=\"row\"><div class=\"wpb_column hcode-column-container text-center padding-three-top vc_col-sm-12 col-xs-mobile-fullwidth\" data-front-class=\"text-center padding-three-top col-xs-mobile-fullwidth\"><div class=\"vc-column-innner-wrapper\"><div class=\"hcode-space  margin-two-all\"><\/div>[vc_wp_text]\r\n<h2 style=\"text-align: center; font-size: 40px;\"><strong>GIPSKARTON<\/strong><\/h2>\r\n[\/vc_wp_text][vc_raw_html]JTVCd3B0YiUyMGlkJTNENzEwMjQlNUQ=[\/vc_raw_html]<div class=\"hcode-space  margin-two-all\"><\/div><div class=\"no-padding\"><p style=\"background: #Fff; border-radius: 20px; padding: 15px 32px; display: inline-block; border: 2px solid rgba(0, 0, 0, 1);\"><span style=\"color: #000000;\"><strong><a style=\"color: #000000;\" href=\"\/?page_id=26592#start\" rel=\"noopener\">zum Anfang<\/a><\/strong><\/span><\/p>\n<\/div><\/div><\/div><\/div><\/div><\/section><section id=\"muro\" class=\"padding-four-lr sm-no-padding xs-no-padding\"><div class=\"container-fluid\"><div class=\"row\"><div class=\"wpb_column hcode-column-container text-center padding-three-top vc_col-sm-12 col-xs-mobile-fullwidth\" data-front-class=\"text-center padding-three-top col-xs-mobile-fullwidth\"><div class=\"vc-column-innner-wrapper\"><div class=\"hcode-space  margin-two-all\"><\/div>[vc_wp_text]\r\n<h2 style=\"text-align: center; font-size: 40px;\"><strong>WAND<\/strong><\/h2>\r\n[\/vc_wp_text][vc_raw_html]JTVCd3B0YiUyMGlkJTNENzEwMjMlNUQ=[\/vc_raw_html]<div class=\"hcode-space  margin-two-all\"><\/div><div class=\"no-padding\"><p style=\"background: #Fff; border-radius: 20px; padding: 15px 32px; display: inline-block; border: 2px solid rgba(0, 0, 0, 1);\"><span style=\"color: #000000;\"><strong><a style=\"color: #000000;\" href=\"\/?page_id=26592#start\" rel=\"noopener\">zum Anfang<\/a><\/strong><\/span><\/p>\n<\/div><\/div><\/div><\/div><\/div><\/section><section id=\"esterni\" class=\"padding-four-lr sm-no-padding xs-no-padding\"><div class=\"container-fluid\"><div class=\"row\"><div class=\"wpb_column hcode-column-container text-center padding-three-top vc_col-sm-12 col-xs-mobile-fullwidth\" data-front-class=\"text-center padding-three-top col-xs-mobile-fullwidth\"><div class=\"vc-column-innner-wrapper\"><div class=\"hcode-space  margin-two-all\"><\/div>[vc_wp_text]\r\n<h2 style=\"text-align: center; font-size: 40px;\"><strong>OUTDOOR<\/strong><\/h2>\r\n[\/vc_wp_text][vc_raw_html]JTVCd3B0YiUyMGlkJTNENzEwMjIlNUQ=[\/vc_raw_html]<div class=\"hcode-space  margin-two-all\"><\/div><div class=\"no-padding\"><p style=\"background: #Fff; border-radius: 20px; padding: 15px 32px; display: inline-block; border: 2px solid rgba(0, 0, 0, 1);\"><span style=\"color: #000000;\"><strong><a style=\"color: #000000;\" href=\"\/?page_id=26592#start\" rel=\"noopener\">zum Anfang<\/a><\/strong><\/span><\/p>\n<\/div><\/div><\/div><\/div><\/div><\/section><section id=\"sub\" class=\"padding-four-lr sm-no-padding xs-no-padding\"><div class=\"container-fluid\"><div class=\"row\"><div class=\"wpb_column hcode-column-container text-center padding-three-top vc_col-sm-12 col-xs-mobile-fullwidth\" data-front-class=\"text-center padding-three-top col-xs-mobile-fullwidth\"><div class=\"vc-column-innner-wrapper\"><div class=\"hcode-space  margin-two-all\"><\/div>[vc_wp_text]\r\n<h2 style=\"text-align: center; font-size: 40px;\"><strong>SUBWOOFER<\/strong><\/h2>\r\n[\/vc_wp_text][vc_raw_html]JTVCd3B0YiUyMGlkJTNENzEwMjElNUQ=[\/vc_raw_html]<div class=\"hcode-space  margin-two-all\"><\/div><div class=\"no-padding\"><p style=\"background: #Fff; border-radius: 20px; padding: 15px 32px; display: inline-block; border: 2px solid rgba(0, 0, 0, 1);\"><span style=\"color: #000000;\"><strong><a style=\"color: #000000;\" href=\"\/?page_id=26592#start\" rel=\"noopener\">zum Anfang<\/a><\/strong><\/span><\/p>\n<\/div><\/div><\/div><\/div><\/div><\/section><section class=\"no-padding\"><div class=\"container-fluid\"><div class=\"row\"><div class=\"wpb_column hcode-column-container vc_col-sm-12 col-xs-mobile-fullwidth\" data-front-class=\"col-xs-mobile-fullwidth\"><div class=\"vc-column-innner-wrapper\">[vc_empty_space height=\"60px\"]<\/div><\/div><\/div><\/div><\/section><section  class=\"no-padding sm-no-padding xs-no-padding bg-image-srcset cover-background\" style=\"background-image: url(https:\/\/www.garvanacoustic.com\/wp-content\/uploads\/2018\/09\/Garvan2193-Cubo-Ritaglio3-1.jpg);\" data-bg-srcset=\"https:\/\/www.garvanacoustic.com\/wp-content\/uploads\/2018\/09\/Garvan2193-Cubo-Ritaglio3-1.jpg 1920w, https:\/\/www.garvanacoustic.com\/wp-content\/uploads\/2018\/09\/Garvan2193-Cubo-Ritaglio3-1-300x94.jpg 300w, https:\/\/www.garvanacoustic.com\/wp-content\/uploads\/2018\/09\/Garvan2193-Cubo-Ritaglio3-1-768x240.jpg 768w, https:\/\/www.garvanacoustic.com\/wp-content\/uploads\/2018\/09\/Garvan2193-Cubo-Ritaglio3-1-1024x320.jpg 1024w, https:\/\/www.garvanacoustic.com\/wp-content\/uploads\/2018\/09\/Garvan2193-Cubo-Ritaglio3-1-81x25.jpg 81w\"><div class=\"wpb_column hcode-column-container  vc_custom_1537348976209 vc_col-sm-6 col-xs-mobile-fullwidth\" data-front-class=\" vc_custom_1537348976209 col-xs-mobile-fullwidth\"><div class=\"vc-column-innner-wrapper\"><\/div><\/div><div class=\"wpb_column hcode-column-container text-center sm-text-center xs-text-center padding-twelve sm-padding-twelve xs-padding-twelve sm-margin-five-top xs-margin-five-top vc_col-sm-6 col-xs-mobile-fullwidth\" data-front-class=\"text-center sm-text-center xs-text-center padding-twelve sm-padding-twelve xs-padding-twelve sm-margin-five-top xs-margin-five-top col-xs-mobile-fullwidth\"><div class=\"vc-column-innner-wrapper\"><p class=\"titolo-collezione\">[LUNA]<\/p>\n<div class=\"hcode-space  margin-two-all\"><\/div><p class=\"sottotitolo\">Einbau-, Hi-Fi Lautsprecher. Ma\u00dfgeschneidert.<\/p>\n<p><a class=\"link\" href=\"\/?page_id=26699\">Entdecken \u203a<\/a><\/p>\n<\/div><\/div><\/section>","protected":false},"excerpt":{"rendered":"<p>[vc_empty_space height=&#8220;160px&#8220;]Aufbaulautsprecher \u2013 Decke und Wand Lautsprecher, die in den W\u00e4nden verschwinden, dank des von Garvan 2006 erfundenen fl\u00e4chenb\u00fcndigen Wandeinbaus. Die Lautsprecher wurden eigens zur Verwendung in sehr kleinen Geh\u00e4usen entworfen, wodurch einzigartige Klangqualit\u00e4t gew\u00e4hrleistet ist, w\u00e4hrend das f\u00fcr die Struktur verwendete Stahl Steifigkeit ohne st\u00f6rende Ger\u00e4usche bietet. Die komplett individuell gestaltbaren Frontabdeckungen bieten eine [&hellip;]<\/p>\n","protected":false},"author":6,"featured_media":0,"parent":26561,"menu_order":0,"comment_status":"open","ping_status":"closed","template":"","meta":{"_joinchat":[],"footnotes":""},"class_list":["post-26592","page","type-page","status-publish","hentry"],"yoast_head":"<!-- This site is optimized with the Yoast SEO Premium plugin v27.4 (Yoast SEO v27.4) - https:\/\/yoast.com\/product\/yoast-seo-premium-wordpress\/ -->\n<title>Aufbaulautsprecher \u2013 Decke und Wand - Garvan Acoustic<\/title>\n<meta name=\"description\" content=\"Lautsprecher, die in den W\u00e4nden verschwinden, dank des von Garvan 2006 erfundenen fl\u00e4chenb\u00fcndigen Wandeinbaus.\" \/>\n<meta name=\"robots\" content=\"index, follow, max-snippet:-1, max-image-preview:large, max-video-preview:-1\" \/>\n<link rel=\"canonical\" href=\"https:\/\/www.garvanacoustic.com\/de\/lautsprecher\/einbaulautsprecher-decke-und-wand\/\" \/>\n<meta property=\"og:locale\" content=\"de_DE\" \/>\n<meta property=\"og:type\" content=\"article\" \/>\n<meta property=\"og:title\" content=\"Aufbaulautsprecher \u2013 Decke und Wand\" \/>\n<meta property=\"og:description\" content=\"Lautsprecher, die in den W\u00e4nden verschwinden, dank des von Garvan 2006 erfundenen fl\u00e4chenb\u00fcndigen Wandeinbaus.\" \/>\n<meta property=\"og:url\" content=\"https:\/\/www.garvanacoustic.com\/de\/lautsprecher\/einbaulautsprecher-decke-und-wand\/\" \/>\n<meta property=\"og:site_name\" content=\"Garvan Acoustic\" \/>\n<meta property=\"article:publisher\" content=\"https:\/\/www.facebook.com\/garvanacoustic\" \/>\n<meta property=\"article:modified_time\" content=\"2026-01-22T08:35:32+00:00\" \/>\n<meta property=\"og:image\" content=\"https:\/\/www.garvanacoustic.com\/wp-content\/uploads\/2024\/07\/header-nwsl-garvan-e1759746705872.jpg\" \/>\n\t<meta property=\"og:image:width\" content=\"779\" \/>\n\t<meta property=\"og:image:height\" content=\"437\" \/>\n\t<meta property=\"og:image:type\" content=\"image\/jpeg\" \/>\n<meta name=\"twitter:card\" content=\"summary_large_image\" \/>\n<meta name=\"twitter:label1\" content=\"Gesch\u00e4tzte Lesezeit\" \/>\n\t<meta name=\"twitter:data1\" content=\"3\u00a0Minuten\" \/>\n<script type=\"application\/ld+json\" class=\"yoast-schema-graph\">{\"@context\":\"https:\\\/\\\/schema.org\",\"@graph\":[{\"@type\":\"WebPage\",\"@id\":\"https:\\\/\\\/www.garvanacoustic.com\\\/de\\\/lautsprecher\\\/einbaulautsprecher-decke-und-wand\\\/\",\"url\":\"https:\\\/\\\/www.garvanacoustic.com\\\/de\\\/lautsprecher\\\/einbaulautsprecher-decke-und-wand\\\/\",\"name\":\"Aufbaulautsprecher \u2013 Decke und Wand - Garvan Acoustic\",\"isPartOf\":{\"@id\":\"https:\\\/\\\/www.garvanacoustic.com\\\/de\\\/#website\"},\"datePublished\":\"2019-01-23T13:56:56+00:00\",\"dateModified\":\"2026-01-22T08:35:32+00:00\",\"description\":\"Lautsprecher, die in den W\u00e4nden verschwinden, dank des von Garvan 2006 erfundenen fl\u00e4chenb\u00fcndigen Wandeinbaus.\",\"breadcrumb\":{\"@id\":\"https:\\\/\\\/www.garvanacoustic.com\\\/de\\\/lautsprecher\\\/einbaulautsprecher-decke-und-wand\\\/#breadcrumb\"},\"inLanguage\":\"de\",\"potentialAction\":[{\"@type\":\"ReadAction\",\"target\":[\"https:\\\/\\\/www.garvanacoustic.com\\\/de\\\/lautsprecher\\\/einbaulautsprecher-decke-und-wand\\\/\"]}]},{\"@type\":\"BreadcrumbList\",\"@id\":\"https:\\\/\\\/www.garvanacoustic.com\\\/de\\\/lautsprecher\\\/einbaulautsprecher-decke-und-wand\\\/#breadcrumb\",\"itemListElement\":[{\"@type\":\"ListItem\",\"position\":1,\"name\":\"Home\",\"item\":\"https:\\\/\\\/www.garvanacoustic.com\\\/de\\\/\"},{\"@type\":\"ListItem\",\"position\":2,\"name\":\"Lautsprecher\",\"item\":\"https:\\\/\\\/www.garvanacoustic.com\\\/de\\\/lautsprecher\\\/\"},{\"@type\":\"ListItem\",\"position\":3,\"name\":\"Aufbaulautsprecher \u2013 Decke und Wand\"}]},{\"@type\":\"WebSite\",\"@id\":\"https:\\\/\\\/www.garvanacoustic.com\\\/de\\\/#website\",\"url\":\"https:\\\/\\\/www.garvanacoustic.com\\\/de\\\/\",\"name\":\"Garvan Acoustic\",\"description\":\"Diffusori e trattamento acustico: scopri la qualit\u00e0 del Made in Italy\",\"publisher\":{\"@id\":\"https:\\\/\\\/www.garvanacoustic.com\\\/de\\\/#organization\"},\"potentialAction\":[{\"@type\":\"SearchAction\",\"target\":{\"@type\":\"EntryPoint\",\"urlTemplate\":\"https:\\\/\\\/www.garvanacoustic.com\\\/de\\\/?s={search_term_string}\"},\"query-input\":{\"@type\":\"PropertyValueSpecification\",\"valueRequired\":true,\"valueName\":\"search_term_string\"}}],\"inLanguage\":\"de\"},{\"@type\":\"Organization\",\"@id\":\"https:\\\/\\\/www.garvanacoustic.com\\\/de\\\/#organization\",\"name\":\"Garvan Acoustic\",\"url\":\"https:\\\/\\\/www.garvanacoustic.com\\\/de\\\/\",\"logo\":{\"@type\":\"ImageObject\",\"inLanguage\":\"de\",\"@id\":\"https:\\\/\\\/www.garvanacoustic.com\\\/de\\\/#\\\/schema\\\/logo\\\/image\\\/\",\"url\":\"https:\\\/\\\/www.garvanacoustic.com\\\/wp-content\\\/uploads\\\/2018\\\/07\\\/garvan-acoustic-logo.png\",\"contentUrl\":\"https:\\\/\\\/www.garvanacoustic.com\\\/wp-content\\\/uploads\\\/2018\\\/07\\\/garvan-acoustic-logo.png\",\"width\":400,\"height\":161,\"caption\":\"Garvan Acoustic\"},\"image\":{\"@id\":\"https:\\\/\\\/www.garvanacoustic.com\\\/de\\\/#\\\/schema\\\/logo\\\/image\\\/\"},\"sameAs\":[\"https:\\\/\\\/www.facebook.com\\\/garvanacoustic\",\"https:\\\/\\\/www.instagram.com\\\/garvanacoustic\\\/\"],\"description\":\"Produttori di Diffusori Acustici e Pannelli Fonoassorbenti Made in Italy\",\"email\":\"garvan@garvanacoustic.com\",\"telephone\":\"0546 682097\"}]}<\/script>\n<!-- \/ Yoast SEO Premium plugin. -->","yoast_head_json":{"title":"Aufbaulautsprecher \u2013 Decke und Wand - Garvan Acoustic","description":"Lautsprecher, die in den W\u00e4nden verschwinden, dank des von Garvan 2006 erfundenen fl\u00e4chenb\u00fcndigen Wandeinbaus.","robots":{"index":"index","follow":"follow","max-snippet":"max-snippet:-1","max-image-preview":"max-image-preview:large","max-video-preview":"max-video-preview:-1"},"canonical":"https:\/\/www.garvanacoustic.com\/de\/lautsprecher\/einbaulautsprecher-decke-und-wand\/","og_locale":"de_DE","og_type":"article","og_title":"Aufbaulautsprecher \u2013 Decke und Wand","og_description":"Lautsprecher, die in den W\u00e4nden verschwinden, dank des von Garvan 2006 erfundenen fl\u00e4chenb\u00fcndigen Wandeinbaus.","og_url":"https:\/\/www.garvanacoustic.com\/de\/lautsprecher\/einbaulautsprecher-decke-und-wand\/","og_site_name":"Garvan Acoustic","article_publisher":"https:\/\/www.facebook.com\/garvanacoustic","article_modified_time":"2026-01-22T08:35:32+00:00","og_image":[{"width":779,"height":437,"url":"https:\/\/www.garvanacoustic.com\/wp-content\/uploads\/2024\/07\/header-nwsl-garvan-e1759746705872.jpg","type":"image\/jpeg"}],"twitter_card":"summary_large_image","twitter_misc":{"Gesch\u00e4tzte Lesezeit":"3\u00a0Minuten"},"schema":{"@context":"https:\/\/schema.org","@graph":[{"@type":"WebPage","@id":"https:\/\/www.garvanacoustic.com\/de\/lautsprecher\/einbaulautsprecher-decke-und-wand\/","url":"https:\/\/www.garvanacoustic.com\/de\/lautsprecher\/einbaulautsprecher-decke-und-wand\/","name":"Aufbaulautsprecher \u2013 Decke und Wand - Garvan Acoustic","isPartOf":{"@id":"https:\/\/www.garvanacoustic.com\/de\/#website"},"datePublished":"2019-01-23T13:56:56+00:00","dateModified":"2026-01-22T08:35:32+00:00","description":"Lautsprecher, die in den W\u00e4nden verschwinden, dank des von Garvan 2006 erfundenen fl\u00e4chenb\u00fcndigen Wandeinbaus.","breadcrumb":{"@id":"https:\/\/www.garvanacoustic.com\/de\/lautsprecher\/einbaulautsprecher-decke-und-wand\/#breadcrumb"},"inLanguage":"de","potentialAction":[{"@type":"ReadAction","target":["https:\/\/www.garvanacoustic.com\/de\/lautsprecher\/einbaulautsprecher-decke-und-wand\/"]}]},{"@type":"BreadcrumbList","@id":"https:\/\/www.garvanacoustic.com\/de\/lautsprecher\/einbaulautsprecher-decke-und-wand\/#breadcrumb","itemListElement":[{"@type":"ListItem","position":1,"name":"Home","item":"https:\/\/www.garvanacoustic.com\/de\/"},{"@type":"ListItem","position":2,"name":"Lautsprecher","item":"https:\/\/www.garvanacoustic.com\/de\/lautsprecher\/"},{"@type":"ListItem","position":3,"name":"Aufbaulautsprecher \u2013 Decke und Wand"}]},{"@type":"WebSite","@id":"https:\/\/www.garvanacoustic.com\/de\/#website","url":"https:\/\/www.garvanacoustic.com\/de\/","name":"Garvan Acoustic","description":"Diffusori e trattamento acustico: scopri la qualit\u00e0 del Made in Italy","publisher":{"@id":"https:\/\/www.garvanacoustic.com\/de\/#organization"},"potentialAction":[{"@type":"SearchAction","target":{"@type":"EntryPoint","urlTemplate":"https:\/\/www.garvanacoustic.com\/de\/?s={search_term_string}"},"query-input":{"@type":"PropertyValueSpecification","valueRequired":true,"valueName":"search_term_string"}}],"inLanguage":"de"},{"@type":"Organization","@id":"https:\/\/www.garvanacoustic.com\/de\/#organization","name":"Garvan Acoustic","url":"https:\/\/www.garvanacoustic.com\/de\/","logo":{"@type":"ImageObject","inLanguage":"de","@id":"https:\/\/www.garvanacoustic.com\/de\/#\/schema\/logo\/image\/","url":"https:\/\/www.garvanacoustic.com\/wp-content\/uploads\/2018\/07\/garvan-acoustic-logo.png","contentUrl":"https:\/\/www.garvanacoustic.com\/wp-content\/uploads\/2018\/07\/garvan-acoustic-logo.png","width":400,"height":161,"caption":"Garvan Acoustic"},"image":{"@id":"https:\/\/www.garvanacoustic.com\/de\/#\/schema\/logo\/image\/"},"sameAs":["https:\/\/www.facebook.com\/garvanacoustic","https:\/\/www.instagram.com\/garvanacoustic\/"],"description":"Produttori di Diffusori Acustici e Pannelli Fonoassorbenti Made in Italy","email":"garvan@garvanacoustic.com","telephone":"0546 682097"}]}},"_links":{"self":[{"href":"https:\/\/www.garvanacoustic.com\/de\/wp-json\/wp\/v2\/pages\/26592","targetHints":{"allow":["GET"]}}],"collection":[{"href":"https:\/\/www.garvanacoustic.com\/de\/wp-json\/wp\/v2\/pages"}],"about":[{"href":"https:\/\/www.garvanacoustic.com\/de\/wp-json\/wp\/v2\/types\/page"}],"author":[{"embeddable":true,"href":"https:\/\/www.garvanacoustic.com\/de\/wp-json\/wp\/v2\/users\/6"}],"replies":[{"embeddable":true,"href":"https:\/\/www.garvanacoustic.com\/de\/wp-json\/wp\/v2\/comments?post=26592"}],"version-history":[{"count":26,"href":"https:\/\/www.garvanacoustic.com\/de\/wp-json\/wp\/v2\/pages\/26592\/revisions"}],"predecessor-version":[{"id":78783,"href":"https:\/\/www.garvanacoustic.com\/de\/wp-json\/wp\/v2\/pages\/26592\/revisions\/78783"}],"up":[{"embeddable":true,"href":"https:\/\/www.garvanacoustic.com\/de\/wp-json\/wp\/v2\/pages\/26561"}],"wp:attachment":[{"href":"https:\/\/www.garvanacoustic.com\/de\/wp-json\/wp\/v2\/media?parent=26592"}],"curies":[{"name":"wp","href":"https:\/\/api.w.org\/{rel}","templated":true}]}}