{"id":26702,"date":"2019-01-24T09:33:53","date_gmt":"2019-01-24T08:33:53","guid":{"rendered":"https:\/\/www.garvanacoustic.com\/?page_id=26702"},"modified":"2026-03-27T10:35:55","modified_gmt":"2026-03-27T09:35:55","slug":"download","status":"publish","type":"page","link":"https:\/\/www.garvanacoustic.com\/de\/download\/","title":{"rendered":"Technische Dokumentation"},"content":{"rendered":"<section ><div class=\"container\"><div class=\"row\"><div class=\"wpb_column hcode-column-container vc_col-sm-12 col-xs-mobile-fullwidth\" data-front-class=\"col-xs-mobile-fullwidth\"><div class=\"vc-column-innner-wrapper\"><h1 class=\"section-title padding-two-tb text-transform-none\">Technische Dokumentation und Montageanleitungen<\/h1><p>Auf dieser Seite k\u00f6nnen Sie die <strong>technischen Kataloge unserer Produkte<\/strong> und alle <strong>n\u00fctzlichen Dokumentationen zu technischen Spezifikationen, Videobearbeitung und Bildmaterial<\/strong> herunterladen.<\/p>\n[vc_empty_space]<h2>Kataloge<\/h2>\n[vc_empty_space]<div class=\"panel-group toggles-style2\" ><div class=\"panel panel-default\"><div class=\"panel-heading \"><a data-toggle=\"collapse\" data-parent=\"#1774603115\" href=\"#accordian-panel-1\"><h4 class=\"panel-title\" >Lautsprecher<span class=\"pull-right\"><i class=\"fa-solid fa-angle-down\"><\/i><\/span><\/h4><\/a><\/div><div id=\"accordian-panel-1\" class=\"panel-collapse collapse \"><div class=\"panel-body\"><p><a href=\"https:\/\/www.garvanacoustic.com\/wp-content\/uploads\/2019\/10\/Architectural_Audio_Solutions_Garvan.pdf\"><img decoding=\"async\" class=\"alignnone\" src=\"https:\/\/www.garvanacoustic.com\/wp-content\/uploads\/2018\/11\/pdf.png\" alt=\"catalogo\" width=\"42\" height=\"42\" \/><\/a> <a href=\"https:\/\/www.garvanacoustic.com\/wp-content\/uploads\/2019\/10\/Architectural_Audio_Solutions_Garvan.pdf\" target=\"_blank\" rel=\"noopener\">Kataloge Audio Solutions<\/a><\/p>\n<p><a href=\"https:\/\/www.garvanacoustic.com\/wp-content\/uploads\/2019\/10\/Goccia_Garvan.pdf\"><img decoding=\"async\" class=\"alignnone\" src=\"https:\/\/www.garvanacoustic.com\/wp-content\/uploads\/2018\/11\/pdf.png\" alt=\"catalogo\" width=\"42\" height=\"42\" \/><\/a> <a href=\"https:\/\/www.garvanacoustic.com\/wp-content\/uploads\/2019\/10\/Goccia_Garvan.pdf\" target=\"_blank\" rel=\"noopener noreferrer\">Goccia | Suspended ceramic speaker<\/a><\/p>\n<p><a href=\"https:\/\/www.garvanacoustic.com\/wp-content\/uploads\/2019\/10\/Luna_Garvan.pdf\"><img decoding=\"async\" class=\"alignnone\" src=\"https:\/\/www.garvanacoustic.com\/wp-content\/uploads\/2018\/11\/pdf.png\" alt=\" documentazione tecnica\" width=\"42\" height=\"42\" \/><\/a><a href=\"https:\/\/www.garvanacoustic.com\/wp-content\/uploads\/2019\/10\/Luna_Garvan.pdf\" target=\"_blank\" rel=\"noopener noreferrer\">Luna | In-wall speakers<\/a><\/p>\n<p><a href=\"https:\/\/www.garvanacoustic.com\/wp-content\/uploads\/2019\/10\/Celeste_Garvan.pdf\"><img decoding=\"async\" class=\"alignnone\" src=\"https:\/\/www.garvanacoustic.com\/wp-content\/uploads\/2018\/11\/pdf.png\" alt=\" documentazione tecnica\" width=\"42\" height=\"42\" \/><\/a><a href=\"https:\/\/www.garvanacoustic.com\/wp-content\/uploads\/2019\/10\/Celeste_Garvan.pdf\" target=\"_blank\" rel=\"noopener noreferrer\">Celeste | Suspended speaker<\/a><\/p>\n<p><a href=\"https:\/\/www.garvanacoustic.com\/wp-content\/uploads\/2019\/10\/Coro_Garvan.pdf\"><img decoding=\"async\" class=\"alignnone\" src=\"https:\/\/www.garvanacoustic.com\/wp-content\/uploads\/2018\/11\/pdf.png\" alt=\"catalogo\" width=\"42\" height=\"42\" \/><\/a> <a href=\"https:\/\/www.garvanacoustic.com\/wp-content\/uploads\/2019\/10\/Coro_Garvan.pdf\" target=\"_blank\" rel=\"noopener noreferrer\">Coro | On-wall speakers<\/a><\/p>\n<p><a href=\"https:\/\/www.garvanacoustic.com\/wp-content\/uploads\/2019\/10\/Loto_Garvan.pdf\"><img decoding=\"async\" class=\"alignnone\" src=\"https:\/\/www.garvanacoustic.com\/wp-content\/uploads\/2018\/11\/pdf.png\" alt=\" documentazione tecnica\" width=\"42\" height=\"42\" \/><\/a>\u00a0<a href=\"https:\/\/www.garvanacoustic.com\/wp-content\/uploads\/2019\/10\/Loto_Garvan.pdf\" target=\"_blank\" rel=\"noopener noreferrer\">Loto | Outdoor speaker<\/a><\/p>\n<p><a href=\"https:\/\/www.garvanacoustic.com\/wp-content\/uploads\/2019\/10\/Loto_Garvan.pdf\"><img decoding=\"async\" class=\"alignnone\" src=\"https:\/\/www.garvanacoustic.com\/wp-content\/uploads\/2018\/11\/pdf.png\" alt=\" documentazione tecnica\" width=\"42\" height=\"42\" \/><\/a>\u00a0<a href=\"https:\/\/www.garvanacoustic.com\/wp-content\/uploads\/2019\/10\/Aria_Garvan.pdf\" target=\"_blank\" rel=\"noopener noreferrer\">Aria | Soundbar<\/a><\/p>\n<\/div><\/div><\/div><div class=\"panel panel-default\"><div class=\"panel-heading \"><a data-toggle=\"collapse\" data-parent=\"#1774603115\" href=\"#accordian-panel-2\"><h4 class=\"panel-title\" >Schallabsorption<span class=\"pull-right\"><i class=\"fa-solid fa-angle-down\"><\/i><\/span><\/h4><\/a><\/div><div id=\"accordian-panel-2\" class=\"panel-collapse collapse \"><div class=\"panel-body\"><p><img decoding=\"async\" src=\"https:\/\/www.garvanacoustic.com\/wp-content\/uploads\/2018\/11\/pdf.png\" width=\"40px\" height=\"40px\" \/> <a href=\"https:\/\/www.garvanacoustic.com\/wp-content\/uploads\/2019\/10\/Architectural_Acoustic_Solutions_Garvan.pdf\" target=\"_blank\" rel=\"noopener noreferrer\">Kataloge Acoustic Solutions<\/a><\/p>\n<p><a href=\"\/?p=33698\"><img decoding=\"async\" src=\"https:\/\/www.garvanacoustic.com\/wp-content\/uploads\/2018\/11\/pdf.png\" width=\"40px\" height=\"40px\" \/><\/a> <a href=\"https:\/\/www.garvanacoustic.com\/wp-content\/uploads\/2019\/10\/Parquet_Garvan.pdf\">Acoustic Parquet<\/a><\/p>\n<p><a href=\"\/?p=38578\"><img decoding=\"async\" src=\"https:\/\/www.garvanacoustic.com\/wp-content\/uploads\/2018\/11\/pdf.png\" width=\"40px\" height=\"40px\" \/><\/a> <a href=\"https:\/\/www.garvanacoustic.com\/wp-content\/uploads\/2019\/10\/Atelier_Garvan.pdf\">Atelier<\/a><\/p>\n<p><a href=\"\/?p=38606\"><img decoding=\"async\" src=\"https:\/\/www.garvanacoustic.com\/wp-content\/uploads\/2018\/11\/pdf.png\" width=\"40px\" height=\"40px\" \/><\/a> <a href=\"https:\/\/www.garvanacoustic.com\/wp-content\/uploads\/2019\/10\/CinemAtelier_Garvan.pdf\">CinemAtelier<\/a><\/p>\n<p><a href=\"\/?p=38626\"><img decoding=\"async\" src=\"https:\/\/www.garvanacoustic.com\/wp-content\/uploads\/2018\/11\/pdf.png\" width=\"40px\" height=\"40px\" \/><\/a> <a href=\"https:\/\/www.garvanacoustic.com\/wp-content\/uploads\/2019\/10\/Microbaffle_Garvan.pdf\">Microbaffle<\/a><\/p>\n<p><a href=\"\/?p=39209\"><img decoding=\"async\" src=\"https:\/\/www.garvanacoustic.com\/wp-content\/uploads\/2018\/11\/pdf.png\" width=\"40px\" height=\"40px\" \/><\/a> <a href=\"https:\/\/www.garvanacoustic.com\/wp-content\/uploads\/2019\/10\/Surface_Garvan.pdf\">Surface<\/a><\/p>\n<p><a href=\"\/?p=38647\"><img decoding=\"async\" src=\"https:\/\/www.garvanacoustic.com\/wp-content\/uploads\/2018\/11\/pdf.png\" width=\"40px\" height=\"40px\" \/><\/a> <a href=\"https:\/\/www.garvanacoustic.com\/wp-content\/uploads\/2019\/10\/Quadra_Garvan.pdf\">Quadra<\/a><\/p>\n<\/div><\/div><\/div><div class=\"panel panel-default\"><div class=\"panel-heading \"><a data-toggle=\"collapse\" data-parent=\"#1774603115\" href=\"#accordian-panel-3\"><h4 class=\"panel-title\" >Oberfl\u00e4chen<span class=\"pull-right\"><i class=\"fa-solid fa-angle-down\"><\/i><\/span><\/h4><\/a><\/div><div id=\"accordian-panel-3\" class=\"panel-collapse collapse \"><div class=\"panel-body\"><p><a href=\"https:\/\/www.garvanacoustic.com\/wp-content\/uploads\/2019\/10\/Loto_Garvan.pdf\"><img decoding=\"async\" class=\"alignnone\" src=\"https:\/\/www.garvanacoustic.com\/wp-content\/uploads\/2018\/11\/pdf.png\" alt=\" documentaci\u00f3n t\u00e9cnica\" width=\"42\" height=\"42\" \/><\/a><a href=\"https:\/\/www.garvanacoustic.com\/wp-content\/uploads\/2019\/10\/Materials_Finishes_Garvan.pdf\" target=\"_blank\" rel=\"noopener noreferrer\">Katalog \u201eMaterialien und Oberfl\u00e4chen\u201c<\/a><\/p>\n<\/div><\/div><\/div><\/div>[vc_empty_space height=\"80px\"]<h2>N\u00fctzliche Dokumente<\/h2>\n[vc_empty_space]<div class=\"panel-group toggles-style2\" ><div class=\"panel panel-default\"><div class=\"panel-heading \"><a data-toggle=\"collapse\" data-parent=\"#1774603115\" href=\"#accordian-panel-5\"><h4 class=\"panel-title\" >Installationsvideo<span class=\"pull-right\"><i class=\"fa-solid fa-angle-down\"><\/i><\/span><\/h4><\/a><\/div><div id=\"accordian-panel-5\" class=\"panel-collapse collapse \"><div class=\"panel-body\"><p><a href=\"https:\/\/www.youtube.com\/watch?v=Uh5EneNK7JY&amp;feature=youtu.be\" target=\"_blank\" rel=\"noopener noreferrer\">Gipskarton<\/a><\/p>\n<p><a href=\"https:\/\/www.youtube.com\/watch?v=zpl2pPCtCOY&amp;feature=youtu.be\" target=\"_blank\" rel=\"noopener noreferrer\">Wandeinbau<\/a><\/p>\n<p><a href=\"https:\/\/www.youtube.com\/watch?v=W-MXIaNZor4&amp;feature=youtu.be\" target=\"_blank\" rel=\"noopener noreferrer\">Flachlautsprecher <\/a><\/p>\n<\/div><\/div><\/div><div class=\"panel panel-default\"><div class=\"panel-heading \"><a data-toggle=\"collapse\" data-parent=\"#1774603115\" href=\"#accordian-panel-6\"><h4 class=\"panel-title\" >Firmenpr\u00e4sentation<span class=\"pull-right\"><i class=\"fa-solid fa-angle-down\"><\/i><\/span><\/h4><\/a><\/div><div id=\"accordian-panel-6\" class=\"panel-collapse collapse \"><div class=\"panel-body\"><p><img decoding=\"async\" src=\"https:\/\/www.garvanacoustic.com\/wp-content\/uploads\/2018\/11\/pdf.png\" width=\"40px\" height=\"40px\" \/> <a href=\"https:\/\/www.garvanacoustic.com\/Download\/Presentation\/Company\/Garvan_Acoustic_Unternehmenspr%C3%A4sentation-DE.pdf\" target=\"_blank\" rel=\"noopener noreferrer\">Firmenpr\u00e4sentation<\/a><\/p>\n<\/div><\/div><\/div><div class=\"panel panel-default\"><div class=\"panel-heading \"><a data-toggle=\"collapse\" data-parent=\"#1774603115\" href=\"#accordian-panel-7\"><h4 class=\"panel-title\" >Fotomaterial<span class=\"pull-right\"><i class=\"fa-solid fa-angle-down\"><\/i><\/span><\/h4><\/a><\/div><div id=\"accordian-panel-7\" class=\"panel-collapse collapse \"><div class=\"panel-body\"><p><img decoding=\"async\" class=\"alignnone wp-image-32439\" src=\"https:\/\/www.garvanacoustic.com\/wp-content\/uploads\/2019\/10\/zip-vector-icon-1-300x300.jpg\" alt=\"\" width=\"56\" height=\"56\" srcset=\"https:\/\/www.garvanacoustic.com\/wp-content\/uploads\/2019\/10\/zip-vector-icon-1-300x300.jpg 300w, https:\/\/www.garvanacoustic.com\/wp-content\/uploads\/2019\/10\/zip-vector-icon-1-150x150.jpg 150w, https:\/\/www.garvanacoustic.com\/wp-content\/uploads\/2019\/10\/zip-vector-icon-1-81x81.jpg 81w, https:\/\/www.garvanacoustic.com\/wp-content\/uploads\/2019\/10\/zip-vector-icon-1.jpg 490w\" sizes=\"(max-width: 56px) 100vw, 56px\" \/>\u00a0<a href=\"https:\/\/www.garvanacoustic.com\/Download\/ambientazioni_atmospheres_hi.zip\">Laden Sie die Fotos der Produkte von Garvan herunter.<\/a><br \/>\nDie Fotos sind sowohl in h\u00f6her als auch in niedriger Aufl\u00f6sung verf\u00fcgbar.<\/p>\n<p><img decoding=\"async\" class=\"alignnone wp-image-32439\" src=\"https:\/\/www.garvanacoustic.com\/wp-content\/uploads\/2019\/10\/zip-vector-icon-1-300x300.jpg\" alt=\"\" width=\"56\" height=\"56\" srcset=\"https:\/\/www.garvanacoustic.com\/wp-content\/uploads\/2019\/10\/zip-vector-icon-1-300x300.jpg 300w, https:\/\/www.garvanacoustic.com\/wp-content\/uploads\/2019\/10\/zip-vector-icon-1-150x150.jpg 150w, https:\/\/www.garvanacoustic.com\/wp-content\/uploads\/2019\/10\/zip-vector-icon-1-81x81.jpg 81w, https:\/\/www.garvanacoustic.com\/wp-content\/uploads\/2019\/10\/zip-vector-icon-1.jpg 490w\" sizes=\"(max-width: 56px) 100vw, 56px\" \/><a href=\"https:\/\/www.garvanacoustic.com\/Download\/Garvan_products.zip\">Fotos der Produkte auf wei\u00dfem Hintergrund herunterladen<\/a><\/p>\n<\/div><\/div><\/div><div class=\"panel panel-default\"><div class=\"panel-heading \"><a data-toggle=\"collapse\" data-parent=\"#1774603115\" href=\"#accordian-panel-8\"><h4 class=\"panel-title\" >Logo<span class=\"pull-right\"><i class=\"fa-solid fa-angle-down\"><\/i><\/span><\/h4><\/a><\/div><div id=\"accordian-panel-8\" class=\"panel-collapse collapse \"><div class=\"panel-body\"><p><img decoding=\"async\" src=\"https:\/\/www.garvanacoustic.com\/wp-content\/uploads\/2018\/11\/pdf.png\" width=\"40px\" height=\"40px\" \/>\u00a0<a href=\"https:\/\/www.garvanacoustic.com\/Download\/Garvan_Logo_Kit.zip\">Logo Garvan<\/a><\/p>\n<\/div><\/div><\/div><\/div><\/div><\/div><\/div><\/div><\/section>\r\n","protected":false},"excerpt":{"rendered":"<p>Technische Dokumentation und MontageanleitungenAuf dieser Seite k\u00f6nnen Sie die technischen Kataloge unserer Produkte und alle n\u00fctzlichen Dokumentationen zu technischen Spezifikationen, Videobearbeitung und Bildmaterial herunterladen. [vc_empty_space]Kataloge [vc_empty_space]Lautsprecher Kataloge Audio Solutions Goccia | Suspended ceramic speaker Luna | In-wall speakers Celeste | Suspended speaker Coro | On-wall speakers \u00a0Loto | Outdoor speaker \u00a0Aria | Soundbar Schallabsorption Kataloge [&hellip;]<\/p>\n","protected":false},"author":6,"featured_media":0,"parent":0,"menu_order":0,"comment_status":"open","ping_status":"open","template":"","meta":{"_joinchat":[],"footnotes":""},"class_list":["post-26702","page","type-page","status-publish","hentry"],"yoast_head":"<!-- This site is optimized with the Yoast SEO Premium plugin v27.4 (Yoast SEO v27.4) - https:\/\/yoast.com\/product\/yoast-seo-premium-wordpress\/ -->\n<title>Technische Dokumentation - Garvan Acoustic<\/title>\n<meta name=\"description\" content=\"Auf dieser Seite k\u00f6nnen Sie die technischen Unterlagen zu allen Garvan-Produkten herunterladen. Besuchen Sie die Website f\u00fcr weitere Informationen!\" \/>\n<meta name=\"robots\" content=\"index, follow, max-snippet:-1, max-image-preview:large, max-video-preview:-1\" \/>\n<link rel=\"canonical\" href=\"https:\/\/www.garvanacoustic.com\/de\/download\/\" \/>\n<meta property=\"og:locale\" content=\"de_DE\" \/>\n<meta property=\"og:type\" content=\"article\" \/>\n<meta property=\"og:title\" content=\"Technische Dokumentation\" \/>\n<meta property=\"og:description\" content=\"Auf dieser Seite k\u00f6nnen Sie die technischen Unterlagen zu allen Garvan-Produkten herunterladen. Besuchen Sie die Website f\u00fcr weitere Informationen!\" \/>\n<meta property=\"og:url\" content=\"https:\/\/www.garvanacoustic.com\/de\/download\/\" \/>\n<meta property=\"og:site_name\" content=\"Garvan Acoustic\" \/>\n<meta property=\"article:publisher\" content=\"https:\/\/www.facebook.com\/garvanacoustic\" \/>\n<meta property=\"article:modified_time\" content=\"2026-03-27T09:35:55+00:00\" \/>\n<meta property=\"og:image\" content=\"https:\/\/www.garvanacoustic.com\/wp-content\/uploads\/2018\/11\/pdf.png\" \/>\n<meta name=\"twitter:card\" content=\"summary_large_image\" \/>\n<meta name=\"twitter:label1\" content=\"Gesch\u00e4tzte Lesezeit\" \/>\n\t<meta name=\"twitter:data1\" content=\"5\u00a0Minuten\" \/>\n<script type=\"application\/ld+json\" class=\"yoast-schema-graph\">{\"@context\":\"https:\\\/\\\/schema.org\",\"@graph\":[{\"@type\":\"WebPage\",\"@id\":\"https:\\\/\\\/www.garvanacoustic.com\\\/de\\\/download\\\/\",\"url\":\"https:\\\/\\\/www.garvanacoustic.com\\\/de\\\/download\\\/\",\"name\":\"Technische Dokumentation - Garvan Acoustic\",\"isPartOf\":{\"@id\":\"https:\\\/\\\/www.garvanacoustic.com\\\/de\\\/#website\"},\"primaryImageOfPage\":{\"@id\":\"https:\\\/\\\/www.garvanacoustic.com\\\/de\\\/download\\\/#primaryimage\"},\"image\":{\"@id\":\"https:\\\/\\\/www.garvanacoustic.com\\\/de\\\/download\\\/#primaryimage\"},\"thumbnailUrl\":\"https:\\\/\\\/www.garvanacoustic.com\\\/wp-content\\\/uploads\\\/2018\\\/11\\\/pdf.png\",\"datePublished\":\"2019-01-24T08:33:53+00:00\",\"dateModified\":\"2026-03-27T09:35:55+00:00\",\"description\":\"Auf dieser Seite k\u00f6nnen Sie die technischen Unterlagen zu allen Garvan-Produkten herunterladen. Besuchen Sie die Website f\u00fcr weitere Informationen!\",\"breadcrumb\":{\"@id\":\"https:\\\/\\\/www.garvanacoustic.com\\\/de\\\/download\\\/#breadcrumb\"},\"inLanguage\":\"de\",\"potentialAction\":[{\"@type\":\"ReadAction\",\"target\":[\"https:\\\/\\\/www.garvanacoustic.com\\\/de\\\/download\\\/\"]}]},{\"@type\":\"ImageObject\",\"inLanguage\":\"de\",\"@id\":\"https:\\\/\\\/www.garvanacoustic.com\\\/de\\\/download\\\/#primaryimage\",\"url\":\"https:\\\/\\\/www.garvanacoustic.com\\\/wp-content\\\/uploads\\\/2018\\\/11\\\/pdf.png\",\"contentUrl\":\"https:\\\/\\\/www.garvanacoustic.com\\\/wp-content\\\/uploads\\\/2018\\\/11\\\/pdf.png\"},{\"@type\":\"BreadcrumbList\",\"@id\":\"https:\\\/\\\/www.garvanacoustic.com\\\/de\\\/download\\\/#breadcrumb\",\"itemListElement\":[{\"@type\":\"ListItem\",\"position\":1,\"name\":\"Home\",\"item\":\"https:\\\/\\\/www.garvanacoustic.com\\\/de\\\/\"},{\"@type\":\"ListItem\",\"position\":2,\"name\":\"Technische Dokumentation\"}]},{\"@type\":\"WebSite\",\"@id\":\"https:\\\/\\\/www.garvanacoustic.com\\\/de\\\/#website\",\"url\":\"https:\\\/\\\/www.garvanacoustic.com\\\/de\\\/\",\"name\":\"Garvan Acoustic\",\"description\":\"Diffusori e trattamento acustico: scopri la qualit\u00e0 del Made in Italy\",\"publisher\":{\"@id\":\"https:\\\/\\\/www.garvanacoustic.com\\\/de\\\/#organization\"},\"potentialAction\":[{\"@type\":\"SearchAction\",\"target\":{\"@type\":\"EntryPoint\",\"urlTemplate\":\"https:\\\/\\\/www.garvanacoustic.com\\\/de\\\/?s={search_term_string}\"},\"query-input\":{\"@type\":\"PropertyValueSpecification\",\"valueRequired\":true,\"valueName\":\"search_term_string\"}}],\"inLanguage\":\"de\"},{\"@type\":\"Organization\",\"@id\":\"https:\\\/\\\/www.garvanacoustic.com\\\/de\\\/#organization\",\"name\":\"Garvan Acoustic\",\"url\":\"https:\\\/\\\/www.garvanacoustic.com\\\/de\\\/\",\"logo\":{\"@type\":\"ImageObject\",\"inLanguage\":\"de\",\"@id\":\"https:\\\/\\\/www.garvanacoustic.com\\\/de\\\/#\\\/schema\\\/logo\\\/image\\\/\",\"url\":\"https:\\\/\\\/www.garvanacoustic.com\\\/wp-content\\\/uploads\\\/2018\\\/07\\\/garvan-acoustic-logo.png\",\"contentUrl\":\"https:\\\/\\\/www.garvanacoustic.com\\\/wp-content\\\/uploads\\\/2018\\\/07\\\/garvan-acoustic-logo.png\",\"width\":400,\"height\":161,\"caption\":\"Garvan Acoustic\"},\"image\":{\"@id\":\"https:\\\/\\\/www.garvanacoustic.com\\\/de\\\/#\\\/schema\\\/logo\\\/image\\\/\"},\"sameAs\":[\"https:\\\/\\\/www.facebook.com\\\/garvanacoustic\",\"https:\\\/\\\/www.instagram.com\\\/garvanacoustic\\\/\"],\"description\":\"Produttori di Diffusori Acustici e Pannelli Fonoassorbenti Made in Italy\",\"email\":\"garvan@garvanacoustic.com\",\"telephone\":\"0546 682097\"}]}<\/script>\n<!-- \/ Yoast SEO Premium plugin. -->","yoast_head_json":{"title":"Technische Dokumentation - Garvan Acoustic","description":"Auf dieser Seite k\u00f6nnen Sie die technischen Unterlagen zu allen Garvan-Produkten herunterladen. Besuchen Sie die Website f\u00fcr weitere Informationen!","robots":{"index":"index","follow":"follow","max-snippet":"max-snippet:-1","max-image-preview":"max-image-preview:large","max-video-preview":"max-video-preview:-1"},"canonical":"https:\/\/www.garvanacoustic.com\/de\/download\/","og_locale":"de_DE","og_type":"article","og_title":"Technische Dokumentation","og_description":"Auf dieser Seite k\u00f6nnen Sie die technischen Unterlagen zu allen Garvan-Produkten herunterladen. Besuchen Sie die Website f\u00fcr weitere Informationen!","og_url":"https:\/\/www.garvanacoustic.com\/de\/download\/","og_site_name":"Garvan Acoustic","article_publisher":"https:\/\/www.facebook.com\/garvanacoustic","article_modified_time":"2026-03-27T09:35:55+00:00","og_image":[{"url":"https:\/\/www.garvanacoustic.com\/wp-content\/uploads\/2018\/11\/pdf.png","type":"","width":"","height":""}],"twitter_card":"summary_large_image","twitter_misc":{"Gesch\u00e4tzte Lesezeit":"5\u00a0Minuten"},"schema":{"@context":"https:\/\/schema.org","@graph":[{"@type":"WebPage","@id":"https:\/\/www.garvanacoustic.com\/de\/download\/","url":"https:\/\/www.garvanacoustic.com\/de\/download\/","name":"Technische Dokumentation - Garvan Acoustic","isPartOf":{"@id":"https:\/\/www.garvanacoustic.com\/de\/#website"},"primaryImageOfPage":{"@id":"https:\/\/www.garvanacoustic.com\/de\/download\/#primaryimage"},"image":{"@id":"https:\/\/www.garvanacoustic.com\/de\/download\/#primaryimage"},"thumbnailUrl":"https:\/\/www.garvanacoustic.com\/wp-content\/uploads\/2018\/11\/pdf.png","datePublished":"2019-01-24T08:33:53+00:00","dateModified":"2026-03-27T09:35:55+00:00","description":"Auf dieser Seite k\u00f6nnen Sie die technischen Unterlagen zu allen Garvan-Produkten herunterladen. Besuchen Sie die Website f\u00fcr weitere Informationen!","breadcrumb":{"@id":"https:\/\/www.garvanacoustic.com\/de\/download\/#breadcrumb"},"inLanguage":"de","potentialAction":[{"@type":"ReadAction","target":["https:\/\/www.garvanacoustic.com\/de\/download\/"]}]},{"@type":"ImageObject","inLanguage":"de","@id":"https:\/\/www.garvanacoustic.com\/de\/download\/#primaryimage","url":"https:\/\/www.garvanacoustic.com\/wp-content\/uploads\/2018\/11\/pdf.png","contentUrl":"https:\/\/www.garvanacoustic.com\/wp-content\/uploads\/2018\/11\/pdf.png"},{"@type":"BreadcrumbList","@id":"https:\/\/www.garvanacoustic.com\/de\/download\/#breadcrumb","itemListElement":[{"@type":"ListItem","position":1,"name":"Home","item":"https:\/\/www.garvanacoustic.com\/de\/"},{"@type":"ListItem","position":2,"name":"Technische Dokumentation"}]},{"@type":"WebSite","@id":"https:\/\/www.garvanacoustic.com\/de\/#website","url":"https:\/\/www.garvanacoustic.com\/de\/","name":"Garvan Acoustic","description":"Diffusori e trattamento acustico: scopri la qualit\u00e0 del Made in Italy","publisher":{"@id":"https:\/\/www.garvanacoustic.com\/de\/#organization"},"potentialAction":[{"@type":"SearchAction","target":{"@type":"EntryPoint","urlTemplate":"https:\/\/www.garvanacoustic.com\/de\/?s={search_term_string}"},"query-input":{"@type":"PropertyValueSpecification","valueRequired":true,"valueName":"search_term_string"}}],"inLanguage":"de"},{"@type":"Organization","@id":"https:\/\/www.garvanacoustic.com\/de\/#organization","name":"Garvan Acoustic","url":"https:\/\/www.garvanacoustic.com\/de\/","logo":{"@type":"ImageObject","inLanguage":"de","@id":"https:\/\/www.garvanacoustic.com\/de\/#\/schema\/logo\/image\/","url":"https:\/\/www.garvanacoustic.com\/wp-content\/uploads\/2018\/07\/garvan-acoustic-logo.png","contentUrl":"https:\/\/www.garvanacoustic.com\/wp-content\/uploads\/2018\/07\/garvan-acoustic-logo.png","width":400,"height":161,"caption":"Garvan Acoustic"},"image":{"@id":"https:\/\/www.garvanacoustic.com\/de\/#\/schema\/logo\/image\/"},"sameAs":["https:\/\/www.facebook.com\/garvanacoustic","https:\/\/www.instagram.com\/garvanacoustic\/"],"description":"Produttori di Diffusori Acustici e Pannelli Fonoassorbenti Made in Italy","email":"garvan@garvanacoustic.com","telephone":"0546 682097"}]}},"_links":{"self":[{"href":"https:\/\/www.garvanacoustic.com\/de\/wp-json\/wp\/v2\/pages\/26702","targetHints":{"allow":["GET"]}}],"collection":[{"href":"https:\/\/www.garvanacoustic.com\/de\/wp-json\/wp\/v2\/pages"}],"about":[{"href":"https:\/\/www.garvanacoustic.com\/de\/wp-json\/wp\/v2\/types\/page"}],"author":[{"embeddable":true,"href":"https:\/\/www.garvanacoustic.com\/de\/wp-json\/wp\/v2\/users\/6"}],"replies":[{"embeddable":true,"href":"https:\/\/www.garvanacoustic.com\/de\/wp-json\/wp\/v2\/comments?post=26702"}],"version-history":[{"count":36,"href":"https:\/\/www.garvanacoustic.com\/de\/wp-json\/wp\/v2\/pages\/26702\/revisions"}],"predecessor-version":[{"id":79892,"href":"https:\/\/www.garvanacoustic.com\/de\/wp-json\/wp\/v2\/pages\/26702\/revisions\/79892"}],"wp:attachment":[{"href":"https:\/\/www.garvanacoustic.com\/de\/wp-json\/wp\/v2\/media?parent=26702"}],"curies":[{"name":"wp","href":"https:\/\/api.w.org\/{rel}","templated":true}]}}