{"id":30977,"date":"2019-04-18T12:58:23","date_gmt":"2019-04-18T10:58:23","guid":{"rendered":"https:\/\/www.garvanacoustic.com\/applikationen\/pannelli-per-controsoffitto\/"},"modified":"2023-01-31T09:33:17","modified_gmt":"2023-01-31T08:33:17","slug":"einbaulautsprecher-odenwalddecke","status":"publish","type":"page","link":"https:\/\/www.garvanacoustic.com\/de\/lautsprecher\/einbaulautsprecher-odenwalddecke\/","title":{"rendered":"Einbaulautsprecher-Odenwalddecke"},"content":{"rendered":"<section  class=\"wow fadeIn bg-image-srcset cover-background\" style=\"background-image: url(https:\/\/www.garvanacoustic.com\/wp-content\/uploads\/2021\/08\/Quadra-mit-akustischem-Lautsprecher-2.jpg);\" data-bg-srcset=\"https:\/\/www.garvanacoustic.com\/wp-content\/uploads\/2021\/08\/Quadra-mit-akustischem-Lautsprecher-2.jpg 1920w, https:\/\/www.garvanacoustic.com\/wp-content\/uploads\/2021\/08\/Quadra-mit-akustischem-Lautsprecher-2-300x78.jpg 300w, https:\/\/www.garvanacoustic.com\/wp-content\/uploads\/2021\/08\/Quadra-mit-akustischem-Lautsprecher-2-1024x267.jpg 1024w, https:\/\/www.garvanacoustic.com\/wp-content\/uploads\/2021\/08\/Quadra-mit-akustischem-Lautsprecher-2-768x200.jpg 768w, https:\/\/www.garvanacoustic.com\/wp-content\/uploads\/2021\/08\/Quadra-mit-akustischem-Lautsprecher-2-1536x400.jpg 1536w, https:\/\/www.garvanacoustic.com\/wp-content\/uploads\/2021\/08\/Quadra-mit-akustischem-Lautsprecher-2-81x21.jpg 81w\"><div class=\"selection-overlay\" style=\"opacity:0.5;background-color:#000000;\"><\/div><div class=\"container\"><div class=\"row\"><div class=\"wpb_column hcode-column-container center-col text-center vc_col-sm-10 vc_col-md-6 col-xs-mobile-fullwidth\" data-front-class=\"center-col text-center col-xs-mobile-fullwidth\"><div class=\"vc-column-innner-wrapper\"><p class=\"titolo\"><strong>Einbaulautsprecher-Odenwalddecke<\/strong><\/p>\n<p class=\"testo-sottotitolo text-med center-col margin-seven no-margin-bottom white-text\">Die [QUADRA] Reihe ist ein revolution\u00e4res, modulares Soundsystem von Garvan Akustisch f\u00fcr Odenwalddecke, das aus akustischen Lautsprechern und Akustikpaneelen besteht. Die 60x60 cm gro\u00dfe Module bieten eine hervorragende Schalldiffusion und den besten akustischen Komfort und weisen die gleichen \u00e4sthetischen Bestandteile aus.<\/p>\n<\/div><\/div><\/div><\/div><\/section><section class=\"padding-two\"><div class=\"container-fluid\"><div class=\"row\"><div class=\"wpb_column hcode-column-container text-center sm-text-center xs-text-center  col-xs-mobile-fullwidth\" data-front-class=\"text-center sm-text-center xs-text-center col-xs-mobile-fullwidth front-column-class\"><div class=\"vc-column-innner-wrapper\">[vc_single_image image=\"49331\" img_size=\"650x433\" alignment=\"center\" onclick=\"custom_link\" link=\"https:\/\/www.garvanacoustic.com\/de\/produkte\/quadra-mit-akustischem-lautsprecher\/\"][vc_empty_space height=\"15px\"]<p>QUADRA MIT AKUSTISCHEM LAUTSPRECHER<\/p>\n<a  href=\"https:\/\/www.garvanacoustic.com\/de\/produkte\/quadra-mit-akustischem-lautsprecher\/\" target=\"_self\"  class=\"inner-link button btn highlight-button-dark btn-small\">Jetzt entdecken<\/a><\/div><\/div><\/div><\/div><\/section>","protected":false},"excerpt":{"rendered":"<p>Einbaulautsprecher-Odenwalddecke Die [QUADRA] Reihe ist ein revolution\u00e4res, modulares Soundsystem von Garvan Akustisch f\u00fcr Odenwalddecke, das aus akustischen Lautsprechern und Akustikpaneelen besteht. Die 60&#215;60 cm gro\u00dfe Module bieten eine hervorragende Schalldiffusion und den besten akustischen Komfort und weisen die gleichen \u00e4sthetischen Bestandteile aus. [vc_single_image image=&#8220;49331&#8243; img_size=&#8220;650&#215;433&#8243; alignment=&#8220;center&#8220; onclick=&#8220;custom_link&#8220; link=&#8220;https:\/\/www.garvanacoustic.com\/de\/produkte\/quadra-mit-akustischem-lautsprecher\/&#8220;][vc_empty_space height=&#8220;15px&#8220;]QUADRA MIT AKUSTISCHEM LAUTSPRECHER Jetzt entdecken<\/p>\n","protected":false},"author":6,"featured_media":0,"parent":26561,"menu_order":0,"comment_status":"open","ping_status":"closed","template":"","meta":{"_joinchat":[],"footnotes":""},"class_list":["post-30977","page","type-page","status-publish","hentry"],"yoast_head":"<!-- This site is optimized with the Yoast SEO Premium plugin v27.4 (Yoast SEO v27.4) - https:\/\/yoast.com\/product\/yoast-seo-premium-wordpress\/ -->\n<title>Einbaulautsprecher-Odenwalddecke<\/title>\n<meta name=\"description\" content=\"Die [QUADRA] Reihe von Garvan ist ein revolution\u00e4res, modulares Soundsystem von Garvan Akustisch f\u00fcr Odenwalddecke.\" \/>\n<meta name=\"robots\" content=\"index, follow, max-snippet:-1, max-image-preview:large, max-video-preview:-1\" \/>\n<link rel=\"canonical\" href=\"https:\/\/www.garvanacoustic.com\/de\/lautsprecher\/einbaulautsprecher-odenwalddecke\/\" \/>\n<meta property=\"og:locale\" content=\"de_DE\" \/>\n<meta property=\"og:type\" content=\"article\" \/>\n<meta property=\"og:title\" content=\"Einbaulautsprecher-Odenwalddecke\" \/>\n<meta property=\"og:description\" content=\"Die [QUADRA] Reihe von Garvan ist ein revolution\u00e4res, modulares Soundsystem von Garvan Akustisch f\u00fcr Odenwalddecke.\" \/>\n<meta property=\"og:url\" content=\"https:\/\/www.garvanacoustic.com\/de\/lautsprecher\/einbaulautsprecher-odenwalddecke\/\" \/>\n<meta property=\"og:site_name\" content=\"Garvan Acoustic\" \/>\n<meta property=\"article:publisher\" content=\"https:\/\/www.facebook.com\/garvanacoustic\" \/>\n<meta property=\"article:modified_time\" content=\"2023-01-31T08:33:17+00:00\" \/>\n<meta property=\"og:image\" content=\"https:\/\/www.garvanacoustic.com\/wp-content\/uploads\/2024\/07\/header-nwsl-garvan-e1759746705872.jpg\" \/>\n\t<meta property=\"og:image:width\" content=\"779\" \/>\n\t<meta property=\"og:image:height\" content=\"437\" \/>\n\t<meta property=\"og:image:type\" content=\"image\/jpeg\" \/>\n<meta name=\"twitter:card\" content=\"summary_large_image\" \/>\n<meta name=\"twitter:label1\" content=\"Gesch\u00e4tzte Lesezeit\" \/>\n\t<meta name=\"twitter:data1\" content=\"1\u00a0Minute\" \/>\n<script type=\"application\/ld+json\" class=\"yoast-schema-graph\">{\"@context\":\"https:\\\/\\\/schema.org\",\"@graph\":[{\"@type\":\"WebPage\",\"@id\":\"https:\\\/\\\/www.garvanacoustic.com\\\/de\\\/lautsprecher\\\/einbaulautsprecher-odenwalddecke\\\/\",\"url\":\"https:\\\/\\\/www.garvanacoustic.com\\\/de\\\/lautsprecher\\\/einbaulautsprecher-odenwalddecke\\\/\",\"name\":\"Einbaulautsprecher-Odenwalddecke\",\"isPartOf\":{\"@id\":\"https:\\\/\\\/www.garvanacoustic.com\\\/de\\\/#website\"},\"datePublished\":\"2019-04-18T10:58:23+00:00\",\"dateModified\":\"2023-01-31T08:33:17+00:00\",\"description\":\"Die [QUADRA] Reihe von Garvan ist ein revolution\u00e4res, modulares Soundsystem von Garvan Akustisch f\u00fcr Odenwalddecke.\",\"breadcrumb\":{\"@id\":\"https:\\\/\\\/www.garvanacoustic.com\\\/de\\\/lautsprecher\\\/einbaulautsprecher-odenwalddecke\\\/#breadcrumb\"},\"inLanguage\":\"de\",\"potentialAction\":[{\"@type\":\"ReadAction\",\"target\":[\"https:\\\/\\\/www.garvanacoustic.com\\\/de\\\/lautsprecher\\\/einbaulautsprecher-odenwalddecke\\\/\"]}]},{\"@type\":\"BreadcrumbList\",\"@id\":\"https:\\\/\\\/www.garvanacoustic.com\\\/de\\\/lautsprecher\\\/einbaulautsprecher-odenwalddecke\\\/#breadcrumb\",\"itemListElement\":[{\"@type\":\"ListItem\",\"position\":1,\"name\":\"Home\",\"item\":\"https:\\\/\\\/www.garvanacoustic.com\\\/de\\\/\"},{\"@type\":\"ListItem\",\"position\":2,\"name\":\"Lautsprecher\",\"item\":\"https:\\\/\\\/www.garvanacoustic.com\\\/de\\\/lautsprecher\\\/\"},{\"@type\":\"ListItem\",\"position\":3,\"name\":\"Einbaulautsprecher-Odenwalddecke\"}]},{\"@type\":\"WebSite\",\"@id\":\"https:\\\/\\\/www.garvanacoustic.com\\\/de\\\/#website\",\"url\":\"https:\\\/\\\/www.garvanacoustic.com\\\/de\\\/\",\"name\":\"Garvan Acoustic\",\"description\":\"Diffusori e trattamento acustico: scopri la qualit\u00e0 del Made in Italy\",\"publisher\":{\"@id\":\"https:\\\/\\\/www.garvanacoustic.com\\\/de\\\/#organization\"},\"potentialAction\":[{\"@type\":\"SearchAction\",\"target\":{\"@type\":\"EntryPoint\",\"urlTemplate\":\"https:\\\/\\\/www.garvanacoustic.com\\\/de\\\/?s={search_term_string}\"},\"query-input\":{\"@type\":\"PropertyValueSpecification\",\"valueRequired\":true,\"valueName\":\"search_term_string\"}}],\"inLanguage\":\"de\"},{\"@type\":\"Organization\",\"@id\":\"https:\\\/\\\/www.garvanacoustic.com\\\/de\\\/#organization\",\"name\":\"Garvan Acoustic\",\"url\":\"https:\\\/\\\/www.garvanacoustic.com\\\/de\\\/\",\"logo\":{\"@type\":\"ImageObject\",\"inLanguage\":\"de\",\"@id\":\"https:\\\/\\\/www.garvanacoustic.com\\\/de\\\/#\\\/schema\\\/logo\\\/image\\\/\",\"url\":\"https:\\\/\\\/www.garvanacoustic.com\\\/wp-content\\\/uploads\\\/2018\\\/07\\\/garvan-acoustic-logo.png\",\"contentUrl\":\"https:\\\/\\\/www.garvanacoustic.com\\\/wp-content\\\/uploads\\\/2018\\\/07\\\/garvan-acoustic-logo.png\",\"width\":400,\"height\":161,\"caption\":\"Garvan Acoustic\"},\"image\":{\"@id\":\"https:\\\/\\\/www.garvanacoustic.com\\\/de\\\/#\\\/schema\\\/logo\\\/image\\\/\"},\"sameAs\":[\"https:\\\/\\\/www.facebook.com\\\/garvanacoustic\",\"https:\\\/\\\/www.instagram.com\\\/garvanacoustic\\\/\"],\"description\":\"Produttori di Diffusori Acustici e Pannelli Fonoassorbenti Made in Italy\",\"email\":\"garvan@garvanacoustic.com\",\"telephone\":\"0546 682097\"}]}<\/script>\n<!-- \/ Yoast SEO Premium plugin. -->","yoast_head_json":{"title":"Einbaulautsprecher-Odenwalddecke","description":"Die [QUADRA] Reihe von Garvan ist ein revolution\u00e4res, modulares Soundsystem von Garvan Akustisch f\u00fcr Odenwalddecke.","robots":{"index":"index","follow":"follow","max-snippet":"max-snippet:-1","max-image-preview":"max-image-preview:large","max-video-preview":"max-video-preview:-1"},"canonical":"https:\/\/www.garvanacoustic.com\/de\/lautsprecher\/einbaulautsprecher-odenwalddecke\/","og_locale":"de_DE","og_type":"article","og_title":"Einbaulautsprecher-Odenwalddecke","og_description":"Die [QUADRA] Reihe von Garvan ist ein revolution\u00e4res, modulares Soundsystem von Garvan Akustisch f\u00fcr Odenwalddecke.","og_url":"https:\/\/www.garvanacoustic.com\/de\/lautsprecher\/einbaulautsprecher-odenwalddecke\/","og_site_name":"Garvan Acoustic","article_publisher":"https:\/\/www.facebook.com\/garvanacoustic","article_modified_time":"2023-01-31T08:33:17+00:00","og_image":[{"width":779,"height":437,"url":"https:\/\/www.garvanacoustic.com\/wp-content\/uploads\/2024\/07\/header-nwsl-garvan-e1759746705872.jpg","type":"image\/jpeg"}],"twitter_card":"summary_large_image","twitter_misc":{"Gesch\u00e4tzte Lesezeit":"1\u00a0Minute"},"schema":{"@context":"https:\/\/schema.org","@graph":[{"@type":"WebPage","@id":"https:\/\/www.garvanacoustic.com\/de\/lautsprecher\/einbaulautsprecher-odenwalddecke\/","url":"https:\/\/www.garvanacoustic.com\/de\/lautsprecher\/einbaulautsprecher-odenwalddecke\/","name":"Einbaulautsprecher-Odenwalddecke","isPartOf":{"@id":"https:\/\/www.garvanacoustic.com\/de\/#website"},"datePublished":"2019-04-18T10:58:23+00:00","dateModified":"2023-01-31T08:33:17+00:00","description":"Die [QUADRA] Reihe von Garvan ist ein revolution\u00e4res, modulares Soundsystem von Garvan Akustisch f\u00fcr Odenwalddecke.","breadcrumb":{"@id":"https:\/\/www.garvanacoustic.com\/de\/lautsprecher\/einbaulautsprecher-odenwalddecke\/#breadcrumb"},"inLanguage":"de","potentialAction":[{"@type":"ReadAction","target":["https:\/\/www.garvanacoustic.com\/de\/lautsprecher\/einbaulautsprecher-odenwalddecke\/"]}]},{"@type":"BreadcrumbList","@id":"https:\/\/www.garvanacoustic.com\/de\/lautsprecher\/einbaulautsprecher-odenwalddecke\/#breadcrumb","itemListElement":[{"@type":"ListItem","position":1,"name":"Home","item":"https:\/\/www.garvanacoustic.com\/de\/"},{"@type":"ListItem","position":2,"name":"Lautsprecher","item":"https:\/\/www.garvanacoustic.com\/de\/lautsprecher\/"},{"@type":"ListItem","position":3,"name":"Einbaulautsprecher-Odenwalddecke"}]},{"@type":"WebSite","@id":"https:\/\/www.garvanacoustic.com\/de\/#website","url":"https:\/\/www.garvanacoustic.com\/de\/","name":"Garvan Acoustic","description":"Diffusori e trattamento acustico: scopri la qualit\u00e0 del Made in Italy","publisher":{"@id":"https:\/\/www.garvanacoustic.com\/de\/#organization"},"potentialAction":[{"@type":"SearchAction","target":{"@type":"EntryPoint","urlTemplate":"https:\/\/www.garvanacoustic.com\/de\/?s={search_term_string}"},"query-input":{"@type":"PropertyValueSpecification","valueRequired":true,"valueName":"search_term_string"}}],"inLanguage":"de"},{"@type":"Organization","@id":"https:\/\/www.garvanacoustic.com\/de\/#organization","name":"Garvan Acoustic","url":"https:\/\/www.garvanacoustic.com\/de\/","logo":{"@type":"ImageObject","inLanguage":"de","@id":"https:\/\/www.garvanacoustic.com\/de\/#\/schema\/logo\/image\/","url":"https:\/\/www.garvanacoustic.com\/wp-content\/uploads\/2018\/07\/garvan-acoustic-logo.png","contentUrl":"https:\/\/www.garvanacoustic.com\/wp-content\/uploads\/2018\/07\/garvan-acoustic-logo.png","width":400,"height":161,"caption":"Garvan Acoustic"},"image":{"@id":"https:\/\/www.garvanacoustic.com\/de\/#\/schema\/logo\/image\/"},"sameAs":["https:\/\/www.facebook.com\/garvanacoustic","https:\/\/www.instagram.com\/garvanacoustic\/"],"description":"Produttori di Diffusori Acustici e Pannelli Fonoassorbenti Made in Italy","email":"garvan@garvanacoustic.com","telephone":"0546 682097"}]}},"_links":{"self":[{"href":"https:\/\/www.garvanacoustic.com\/de\/wp-json\/wp\/v2\/pages\/30977","targetHints":{"allow":["GET"]}}],"collection":[{"href":"https:\/\/www.garvanacoustic.com\/de\/wp-json\/wp\/v2\/pages"}],"about":[{"href":"https:\/\/www.garvanacoustic.com\/de\/wp-json\/wp\/v2\/types\/page"}],"author":[{"embeddable":true,"href":"https:\/\/www.garvanacoustic.com\/de\/wp-json\/wp\/v2\/users\/6"}],"replies":[{"embeddable":true,"href":"https:\/\/www.garvanacoustic.com\/de\/wp-json\/wp\/v2\/comments?post=30977"}],"version-history":[{"count":11,"href":"https:\/\/www.garvanacoustic.com\/de\/wp-json\/wp\/v2\/pages\/30977\/revisions"}],"predecessor-version":[{"id":59770,"href":"https:\/\/www.garvanacoustic.com\/de\/wp-json\/wp\/v2\/pages\/30977\/revisions\/59770"}],"up":[{"embeddable":true,"href":"https:\/\/www.garvanacoustic.com\/de\/wp-json\/wp\/v2\/pages\/26561"}],"wp:attachment":[{"href":"https:\/\/www.garvanacoustic.com\/de\/wp-json\/wp\/v2\/media?parent=30977"}],"curies":[{"name":"wp","href":"https:\/\/api.w.org\/{rel}","templated":true}]}}