{"id":34679,"date":"2020-01-29T09:11:59","date_gmt":"2020-01-29T08:11:59","guid":{"rendered":"https:\/\/www.garvanacoustic.com\/?page_id=34679"},"modified":"2020-01-29T09:14:51","modified_gmt":"2020-01-29T08:14:51","slug":"wand","status":"publish","type":"page","link":"https:\/\/www.garvanacoustic.com\/de\/schallabsorption\/wand\/","title":{"rendered":"Wand"},"content":{"rendered":"<section  class=\"wow fadeIn bg-image-srcset cover-background\" style=\"background-image: url(https:\/\/www.garvanacoustic.com\/wp-content\/uploads\/2020\/01\/parete_cop-1.jpg);\" data-bg-srcset=\"https:\/\/www.garvanacoustic.com\/wp-content\/uploads\/2020\/01\/parete_cop-1.jpg 1920w, https:\/\/www.garvanacoustic.com\/wp-content\/uploads\/2020\/01\/parete_cop-1-300x78.jpg 300w, https:\/\/www.garvanacoustic.com\/wp-content\/uploads\/2020\/01\/parete_cop-1-768x200.jpg 768w, https:\/\/www.garvanacoustic.com\/wp-content\/uploads\/2020\/01\/parete_cop-1-1024x267.jpg 1024w, https:\/\/www.garvanacoustic.com\/wp-content\/uploads\/2020\/01\/parete_cop-1-81x21.jpg 81w\"><div class=\"selection-overlay\" style=\"opacity:0.5;background-color:#000000;\"><\/div><div class=\"container\"><div class=\"row\"><div class=\"wpb_column hcode-column-container center-col text-center vc_col-sm-10 vc_col-md-6 col-xs-mobile-fullwidth\" data-front-class=\"center-col text-center col-xs-mobile-fullwidth\"><div class=\"vc-column-innner-wrapper\"><p class=\"titolo\"><strong>Akustische L\u00f6sungen f\u00fcr W\u00e4nde<\/strong><\/p>\n<\/div><\/div><\/div><\/div><\/section><section class=\"no-padding\"><div class=\"container-fluid\"><div class=\"row\"><div class=\"wpb_column hcode-column-container text-center padding-three-top  col-xs-mobile-fullwidth\" data-front-class=\"text-center padding-three-top col-xs-mobile-fullwidth front-column-class\"><div class=\"vc-column-innner-wrapper\"><div class=\"col-md-12 text-center\"><div class=\"text-center\"><ul  class=\"portfolio-filter nav nav-tabs nav-tabs-black hcode-portfolio-filter-1\"><li class=\"nav \">\n                                    <a href=\"#\"  class=\"\" data-uniqueid=\"hcode-portfolio-1\" data-filter=\".portfolio-filter-405\" data-trigger-id=\"wandschalldaemmung\" data-id=\"\">wandschalld\u00e4mmung<\/a>\n                                <\/li><\/ul><\/div><\/div><div  class=\"work-5col gutter work-with-title wide wide-title \"><div class=\"col-md-12  grid-gallery overflow-hidden no-padding content-section\"><div class=\"tab-content portfolio-infinite-scroll-pagination\"><ul class=\"grid masonry-items masonry-portfolio-grid   hcode-portfolio-1\" data-portfolio=\"\" data-uniqueid=\"hcode-portfolio-1\"><li class=\"portfolio-filter-406 portfolio-filter-353 portfolio-filter-405 \"><figure><div class=\"gallery-img\"><a href=\"https:\/\/www.garvanacoustic.com\/de\/produkte\/akustikpaneele-acoustic-parquet\/\"><img decoding=\"async\" width=\"900\" height=\"600\" src=\"https:\/\/www.garvanacoustic.com\/wp-content\/uploads\/2020\/01\/parquet_min-1.jpg\" class=\"hcode-portfolio-img wp-post-image\" alt=\"\" srcset=\"https:\/\/www.garvanacoustic.com\/wp-content\/uploads\/2020\/01\/parquet_min-1.jpg 900w, https:\/\/www.garvanacoustic.com\/wp-content\/uploads\/2020\/01\/parquet_min-1-300x200.jpg 300w, https:\/\/www.garvanacoustic.com\/wp-content\/uploads\/2020\/01\/parquet_min-1-768x512.jpg 768w, https:\/\/www.garvanacoustic.com\/wp-content\/uploads\/2020\/01\/parquet_min-1-81x54.jpg 81w\" sizes=\"(max-width: 900px) 100vw, 900px\" \/><\/a><\/div><figcaption><h3 class=\"\"><a href=\"https:\/\/www.garvanacoustic.com\/de\/produkte\/akustikpaneele-acoustic-parquet\/\">Acoustic Parquet\u2122<\/a><\/h3><a class=\"btn inner-link btn-black btn-small\" href=\"https:\/\/www.garvanacoustic.com\/de\/produkte\/akustikpaneele-acoustic-parquet\/\">Jetzt Entdecken<\/a><\/figcaption><\/figure><\/li><li class=\"portfolio-filter-407 portfolio-filter-406 portfolio-filter-353 portfolio-filter-405 \"><figure><div class=\"gallery-img\"><a href=\"https:\/\/www.garvanacoustic.com\/de\/produkte\/dekorative-akustikpaneele-atelier\/\"><img decoding=\"async\" width=\"900\" height=\"600\" src=\"https:\/\/www.garvanacoustic.com\/wp-content\/uploads\/2020\/01\/atelier_min.jpg\" class=\"hcode-portfolio-img wp-post-image\" alt=\"\" srcset=\"https:\/\/www.garvanacoustic.com\/wp-content\/uploads\/2020\/01\/atelier_min.jpg 900w, https:\/\/www.garvanacoustic.com\/wp-content\/uploads\/2020\/01\/atelier_min-300x200.jpg 300w, https:\/\/www.garvanacoustic.com\/wp-content\/uploads\/2020\/01\/atelier_min-768x512.jpg 768w, https:\/\/www.garvanacoustic.com\/wp-content\/uploads\/2020\/01\/atelier_min-81x54.jpg 81w\" sizes=\"(max-width: 900px) 100vw, 900px\" \/><\/a><\/div><figcaption><h3 class=\"\"><a href=\"https:\/\/www.garvanacoustic.com\/de\/produkte\/dekorative-akustikpaneele-atelier\/\">Atelier\u2122<\/a><\/h3><a class=\"btn inner-link btn-black btn-small\" href=\"https:\/\/www.garvanacoustic.com\/de\/produkte\/dekorative-akustikpaneele-atelier\/\">Jetzt Entdecken<\/a><\/figcaption><\/figure><\/li><li class=\"portfolio-filter-407 portfolio-filter-406 portfolio-filter-353 portfolio-filter-405 \"><figure><div class=\"gallery-img\"><a href=\"https:\/\/www.garvanacoustic.com\/de\/produkte\/akustische-paneele-microbaffle\/\"><img decoding=\"async\" width=\"900\" height=\"600\" src=\"https:\/\/www.garvanacoustic.com\/wp-content\/uploads\/2020\/01\/microbaffle_min.jpg\" class=\"hcode-portfolio-img wp-post-image\" alt=\"\" srcset=\"https:\/\/www.garvanacoustic.com\/wp-content\/uploads\/2020\/01\/microbaffle_min.jpg 900w, https:\/\/www.garvanacoustic.com\/wp-content\/uploads\/2020\/01\/microbaffle_min-300x200.jpg 300w, https:\/\/www.garvanacoustic.com\/wp-content\/uploads\/2020\/01\/microbaffle_min-768x512.jpg 768w, https:\/\/www.garvanacoustic.com\/wp-content\/uploads\/2020\/01\/microbaffle_min-81x54.jpg 81w\" sizes=\"(max-width: 900px) 100vw, 900px\" \/><\/a><\/div><figcaption><h3 class=\"\"><a href=\"https:\/\/www.garvanacoustic.com\/de\/produkte\/akustische-paneele-microbaffle\/\">Microbaffle\u2122<\/a><\/h3><a class=\"btn inner-link btn-black btn-small\" href=\"https:\/\/www.garvanacoustic.com\/de\/produkte\/akustische-paneele-microbaffle\/\">Jetzt Entdecken<\/a><\/figcaption><\/figure><\/li><li class=\"portfolio-filter-1555 portfolio-filter-408 portfolio-filter-404 portfolio-filter-406 portfolio-filter-353 portfolio-filter-405 \"><figure><div class=\"gallery-img\"><a href=\"https:\/\/www.garvanacoustic.com\/de\/produkte\/akustisches-paneel-surface\/\"><img decoding=\"async\" width=\"900\" height=\"600\" src=\"https:\/\/www.garvanacoustic.com\/wp-content\/uploads\/2020\/01\/surface_min-1.jpg\" class=\"hcode-portfolio-img wp-post-image\" alt=\"sound absorbing panel Garvan Surface\" srcset=\"https:\/\/www.garvanacoustic.com\/wp-content\/uploads\/2020\/01\/surface_min-1.jpg 900w, https:\/\/www.garvanacoustic.com\/wp-content\/uploads\/2020\/01\/surface_min-1-300x200.jpg 300w, https:\/\/www.garvanacoustic.com\/wp-content\/uploads\/2020\/01\/surface_min-1-768x512.jpg 768w, https:\/\/www.garvanacoustic.com\/wp-content\/uploads\/2020\/01\/surface_min-1-81x54.jpg 81w\" sizes=\"(max-width: 900px) 100vw, 900px\" \/><\/a><\/div><figcaption><h3 class=\"\"><a href=\"https:\/\/www.garvanacoustic.com\/de\/produkte\/akustisches-paneel-surface\/\">Surface\u2122<\/a><\/h3><a class=\"btn inner-link btn-black btn-small\" href=\"https:\/\/www.garvanacoustic.com\/de\/produkte\/akustisches-paneel-surface\/\">Jetzt Entdecken<\/a><\/figcaption><\/figure><\/li><\/ul><\/div><\/div><\/div><\/div><\/div><\/div><\/div><\/section>","protected":false},"excerpt":{"rendered":"<p>Akustisches Paneel Surface\u2122 Das schallabsorbierende Surface\u2122-Paneel, Teil der Acoustic Solution-Kollektion, ist das Ergebnis von akustischen Innovationen, die wir seit 2005 entwickeln. Die Kollektion bietet die besten L\u00f6sungen, um maximalen akustischen Komfort in jeder Umgebung zu gew\u00e4hrleisten. [vc_empty_space height=&#8220;15px&#8220;]Angebot anfordern \u203a[vc_empty_space height=&#8220;15px&#8220;][vc_video link=&#8220;https:\/\/www.youtube.com\/watch?v=5UTXQqRiDZQ&#8220; align=&#8220;center&#8220;][vc_empty_space height=&#8220;15px&#8220;][vc_wp_text] Akustisches Paneel Surface\u2122 Das schallabsorbierende Surface\u2122-Paneel, Teil der Acoustic Solution-Kollektion, ist [&hellip;]<\/p>\n","protected":false},"author":7,"featured_media":0,"parent":34682,"menu_order":0,"comment_status":"open","ping_status":"open","template":"","meta":{"_joinchat":[],"footnotes":""},"class_list":["post-34679","page","type-page","status-publish","hentry"],"yoast_head":"<!-- This site is optimized with the Yoast SEO Premium plugin v27.4 (Yoast SEO v27.4) - https:\/\/yoast.com\/product\/yoast-seo-premium-wordpress\/ -->\n<title>Wand - Garvan Acoustic<\/title>\n<meta name=\"robots\" content=\"index, follow, max-snippet:-1, max-image-preview:large, max-video-preview:-1\" \/>\n<link rel=\"canonical\" href=\"https:\/\/www.garvanacoustic.com\/de\/schallabsorption\/wand\/\" \/>\n<meta property=\"og:locale\" content=\"de_DE\" \/>\n<meta property=\"og:type\" content=\"article\" \/>\n<meta property=\"og:title\" content=\"Wand\" \/>\n<meta property=\"og:description\" content=\"Akustisches Paneel Surface\u2122 Das schallabsorbierende Surface\u2122-Paneel, Teil der Acoustic Solution-Kollektion, ist das Ergebnis von akustischen Innovationen, die wir seit 2005 entwickeln. Die Kollektion bietet die besten L\u00f6sungen, um maximalen akustischen Komfort in jeder Umgebung zu gew\u00e4hrleisten. [vc_empty_space height=&quot;15px&quot;]Angebot anfordern \u203a[vc_empty_space height=&quot;15px&quot;][vc_video link=&quot;https:\/\/www.youtube.com\/watch?v=5UTXQqRiDZQ&quot; align=&quot;center&quot;][vc_empty_space height=&quot;15px&quot;][vc_wp_text] Akustisches Paneel Surface\u2122 Das schallabsorbierende Surface\u2122-Paneel, Teil der Acoustic Solution-Kollektion, ist [&hellip;]\" \/>\n<meta property=\"og:url\" content=\"https:\/\/www.garvanacoustic.com\/de\/schallabsorption\/wand\/\" \/>\n<meta property=\"og:site_name\" content=\"Garvan Acoustic\" \/>\n<meta property=\"article:publisher\" content=\"https:\/\/www.facebook.com\/garvanacoustic\" \/>\n<meta property=\"article:modified_time\" content=\"2020-01-29T08:14:51+00:00\" \/>\n<meta property=\"og:image\" content=\"https:\/\/www.garvanacoustic.com\/wp-content\/uploads\/2024\/07\/header-nwsl-garvan-e1759746705872.jpg\" \/>\n\t<meta property=\"og:image:width\" content=\"779\" \/>\n\t<meta property=\"og:image:height\" content=\"437\" \/>\n\t<meta property=\"og:image:type\" content=\"image\/jpeg\" \/>\n<meta name=\"twitter:card\" content=\"summary_large_image\" \/>\n<meta name=\"twitter:label1\" content=\"Gesch\u00e4tzte Lesezeit\" \/>\n\t<meta name=\"twitter:data1\" content=\"1\u00a0Minute\" \/>\n<script type=\"application\/ld+json\" class=\"yoast-schema-graph\">{\"@context\":\"https:\\\/\\\/schema.org\",\"@graph\":[{\"@type\":\"WebPage\",\"@id\":\"https:\\\/\\\/www.garvanacoustic.com\\\/de\\\/schallabsorption\\\/wand\\\/\",\"url\":\"https:\\\/\\\/www.garvanacoustic.com\\\/de\\\/schallabsorption\\\/wand\\\/\",\"name\":\"Wand - Garvan Acoustic\",\"isPartOf\":{\"@id\":\"https:\\\/\\\/www.garvanacoustic.com\\\/de\\\/#website\"},\"datePublished\":\"2020-01-29T08:11:59+00:00\",\"dateModified\":\"2020-01-29T08:14:51+00:00\",\"breadcrumb\":{\"@id\":\"https:\\\/\\\/www.garvanacoustic.com\\\/de\\\/schallabsorption\\\/wand\\\/#breadcrumb\"},\"inLanguage\":\"de\",\"potentialAction\":[{\"@type\":\"ReadAction\",\"target\":[\"https:\\\/\\\/www.garvanacoustic.com\\\/de\\\/schallabsorption\\\/wand\\\/\"]}]},{\"@type\":\"BreadcrumbList\",\"@id\":\"https:\\\/\\\/www.garvanacoustic.com\\\/de\\\/schallabsorption\\\/wand\\\/#breadcrumb\",\"itemListElement\":[{\"@type\":\"ListItem\",\"position\":1,\"name\":\"Home\",\"item\":\"https:\\\/\\\/www.garvanacoustic.com\\\/de\\\/\"},{\"@type\":\"ListItem\",\"position\":2,\"name\":\"Schallabsorption\",\"item\":\"https:\\\/\\\/www.garvanacoustic.com\\\/de\\\/schallabsorption\\\/\"},{\"@type\":\"ListItem\",\"position\":3,\"name\":\"Wand\"}]},{\"@type\":\"WebSite\",\"@id\":\"https:\\\/\\\/www.garvanacoustic.com\\\/de\\\/#website\",\"url\":\"https:\\\/\\\/www.garvanacoustic.com\\\/de\\\/\",\"name\":\"Garvan Acoustic\",\"description\":\"Diffusori e trattamento acustico: scopri la qualit\u00e0 del Made in Italy\",\"publisher\":{\"@id\":\"https:\\\/\\\/www.garvanacoustic.com\\\/de\\\/#organization\"},\"potentialAction\":[{\"@type\":\"SearchAction\",\"target\":{\"@type\":\"EntryPoint\",\"urlTemplate\":\"https:\\\/\\\/www.garvanacoustic.com\\\/de\\\/?s={search_term_string}\"},\"query-input\":{\"@type\":\"PropertyValueSpecification\",\"valueRequired\":true,\"valueName\":\"search_term_string\"}}],\"inLanguage\":\"de\"},{\"@type\":\"Organization\",\"@id\":\"https:\\\/\\\/www.garvanacoustic.com\\\/de\\\/#organization\",\"name\":\"Garvan Acoustic\",\"url\":\"https:\\\/\\\/www.garvanacoustic.com\\\/de\\\/\",\"logo\":{\"@type\":\"ImageObject\",\"inLanguage\":\"de\",\"@id\":\"https:\\\/\\\/www.garvanacoustic.com\\\/de\\\/#\\\/schema\\\/logo\\\/image\\\/\",\"url\":\"https:\\\/\\\/www.garvanacoustic.com\\\/wp-content\\\/uploads\\\/2018\\\/07\\\/garvan-acoustic-logo.png\",\"contentUrl\":\"https:\\\/\\\/www.garvanacoustic.com\\\/wp-content\\\/uploads\\\/2018\\\/07\\\/garvan-acoustic-logo.png\",\"width\":400,\"height\":161,\"caption\":\"Garvan Acoustic\"},\"image\":{\"@id\":\"https:\\\/\\\/www.garvanacoustic.com\\\/de\\\/#\\\/schema\\\/logo\\\/image\\\/\"},\"sameAs\":[\"https:\\\/\\\/www.facebook.com\\\/garvanacoustic\",\"https:\\\/\\\/www.instagram.com\\\/garvanacoustic\\\/\"],\"description\":\"Produttori di Diffusori Acustici e Pannelli Fonoassorbenti Made in Italy\",\"email\":\"garvan@garvanacoustic.com\",\"telephone\":\"0546 682097\"}]}<\/script>\n<!-- \/ Yoast SEO Premium plugin. -->","yoast_head_json":{"title":"Wand - Garvan Acoustic","robots":{"index":"index","follow":"follow","max-snippet":"max-snippet:-1","max-image-preview":"max-image-preview:large","max-video-preview":"max-video-preview:-1"},"canonical":"https:\/\/www.garvanacoustic.com\/de\/schallabsorption\/wand\/","og_locale":"de_DE","og_type":"article","og_title":"Wand","og_description":"Akustisches Paneel Surface\u2122 Das schallabsorbierende Surface\u2122-Paneel, Teil der Acoustic Solution-Kollektion, ist das Ergebnis von akustischen Innovationen, die wir seit 2005 entwickeln. Die Kollektion bietet die besten L\u00f6sungen, um maximalen akustischen Komfort in jeder Umgebung zu gew\u00e4hrleisten. [vc_empty_space height=\"15px\"]Angebot anfordern \u203a[vc_empty_space height=\"15px\"][vc_video link=\"https:\/\/www.youtube.com\/watch?v=5UTXQqRiDZQ\" align=\"center\"][vc_empty_space height=\"15px\"][vc_wp_text] Akustisches Paneel Surface\u2122 Das schallabsorbierende Surface\u2122-Paneel, Teil der Acoustic Solution-Kollektion, ist [&hellip;]","og_url":"https:\/\/www.garvanacoustic.com\/de\/schallabsorption\/wand\/","og_site_name":"Garvan Acoustic","article_publisher":"https:\/\/www.facebook.com\/garvanacoustic","article_modified_time":"2020-01-29T08:14:51+00:00","og_image":[{"width":779,"height":437,"url":"https:\/\/www.garvanacoustic.com\/wp-content\/uploads\/2024\/07\/header-nwsl-garvan-e1759746705872.jpg","type":"image\/jpeg"}],"twitter_card":"summary_large_image","twitter_misc":{"Gesch\u00e4tzte Lesezeit":"1\u00a0Minute"},"schema":{"@context":"https:\/\/schema.org","@graph":[{"@type":"WebPage","@id":"https:\/\/www.garvanacoustic.com\/de\/schallabsorption\/wand\/","url":"https:\/\/www.garvanacoustic.com\/de\/schallabsorption\/wand\/","name":"Wand - Garvan Acoustic","isPartOf":{"@id":"https:\/\/www.garvanacoustic.com\/de\/#website"},"datePublished":"2020-01-29T08:11:59+00:00","dateModified":"2020-01-29T08:14:51+00:00","breadcrumb":{"@id":"https:\/\/www.garvanacoustic.com\/de\/schallabsorption\/wand\/#breadcrumb"},"inLanguage":"de","potentialAction":[{"@type":"ReadAction","target":["https:\/\/www.garvanacoustic.com\/de\/schallabsorption\/wand\/"]}]},{"@type":"BreadcrumbList","@id":"https:\/\/www.garvanacoustic.com\/de\/schallabsorption\/wand\/#breadcrumb","itemListElement":[{"@type":"ListItem","position":1,"name":"Home","item":"https:\/\/www.garvanacoustic.com\/de\/"},{"@type":"ListItem","position":2,"name":"Schallabsorption","item":"https:\/\/www.garvanacoustic.com\/de\/schallabsorption\/"},{"@type":"ListItem","position":3,"name":"Wand"}]},{"@type":"WebSite","@id":"https:\/\/www.garvanacoustic.com\/de\/#website","url":"https:\/\/www.garvanacoustic.com\/de\/","name":"Garvan Acoustic","description":"Diffusori e trattamento acustico: scopri la qualit\u00e0 del Made in Italy","publisher":{"@id":"https:\/\/www.garvanacoustic.com\/de\/#organization"},"potentialAction":[{"@type":"SearchAction","target":{"@type":"EntryPoint","urlTemplate":"https:\/\/www.garvanacoustic.com\/de\/?s={search_term_string}"},"query-input":{"@type":"PropertyValueSpecification","valueRequired":true,"valueName":"search_term_string"}}],"inLanguage":"de"},{"@type":"Organization","@id":"https:\/\/www.garvanacoustic.com\/de\/#organization","name":"Garvan Acoustic","url":"https:\/\/www.garvanacoustic.com\/de\/","logo":{"@type":"ImageObject","inLanguage":"de","@id":"https:\/\/www.garvanacoustic.com\/de\/#\/schema\/logo\/image\/","url":"https:\/\/www.garvanacoustic.com\/wp-content\/uploads\/2018\/07\/garvan-acoustic-logo.png","contentUrl":"https:\/\/www.garvanacoustic.com\/wp-content\/uploads\/2018\/07\/garvan-acoustic-logo.png","width":400,"height":161,"caption":"Garvan Acoustic"},"image":{"@id":"https:\/\/www.garvanacoustic.com\/de\/#\/schema\/logo\/image\/"},"sameAs":["https:\/\/www.facebook.com\/garvanacoustic","https:\/\/www.instagram.com\/garvanacoustic\/"],"description":"Produttori di Diffusori Acustici e Pannelli Fonoassorbenti Made in Italy","email":"garvan@garvanacoustic.com","telephone":"0546 682097"}]}},"_links":{"self":[{"href":"https:\/\/www.garvanacoustic.com\/de\/wp-json\/wp\/v2\/pages\/34679","targetHints":{"allow":["GET"]}}],"collection":[{"href":"https:\/\/www.garvanacoustic.com\/de\/wp-json\/wp\/v2\/pages"}],"about":[{"href":"https:\/\/www.garvanacoustic.com\/de\/wp-json\/wp\/v2\/types\/page"}],"author":[{"embeddable":true,"href":"https:\/\/www.garvanacoustic.com\/de\/wp-json\/wp\/v2\/users\/7"}],"replies":[{"embeddable":true,"href":"https:\/\/www.garvanacoustic.com\/de\/wp-json\/wp\/v2\/comments?post=34679"}],"version-history":[{"count":6,"href":"https:\/\/www.garvanacoustic.com\/de\/wp-json\/wp\/v2\/pages\/34679\/revisions"}],"predecessor-version":[{"id":34694,"href":"https:\/\/www.garvanacoustic.com\/de\/wp-json\/wp\/v2\/pages\/34679\/revisions\/34694"}],"up":[{"embeddable":true,"href":"https:\/\/www.garvanacoustic.com\/de\/wp-json\/wp\/v2\/pages\/34682"}],"wp:attachment":[{"href":"https:\/\/www.garvanacoustic.com\/de\/wp-json\/wp\/v2\/media?parent=34679"}],"curies":[{"name":"wp","href":"https:\/\/api.w.org\/{rel}","templated":true}]}}