{"id":62206,"date":"2023-09-25T12:09:18","date_gmt":"2023-09-25T10:09:18","guid":{"rendered":"https:\/\/www.garvanacoustic.com\/schallabsorption\/da-scrivania\/"},"modified":"2024-01-18T11:49:44","modified_gmt":"2024-01-18T10:49:44","slug":"akustikplatte-fuer-den-schreibtisch","status":"publish","type":"page","link":"https:\/\/www.garvanacoustic.com\/de\/schallabsorption\/akustikplatte-fuer-den-schreibtisch\/","title":{"rendered":"Akustikplatte f\u00fcr den Schreibtisch"},"content":{"rendered":"<section  class=\"wow fadeIn bg-image-srcset cover-background\" style=\"background-image: url(https:\/\/www.garvanacoustic.com\/wp-content\/uploads\/2023\/09\/dividere-con-pannelli-varie-postazioniBG-1.jpeg);\" data-bg-srcset=\"https:\/\/www.garvanacoustic.com\/wp-content\/uploads\/2023\/09\/dividere-con-pannelli-varie-postazioniBG-1.jpeg 900w, https:\/\/www.garvanacoustic.com\/wp-content\/uploads\/2023\/09\/dividere-con-pannelli-varie-postazioniBG-1-300x200.jpeg 300w, https:\/\/www.garvanacoustic.com\/wp-content\/uploads\/2023\/09\/dividere-con-pannelli-varie-postazioniBG-1-768x512.jpeg 768w, https:\/\/www.garvanacoustic.com\/wp-content\/uploads\/2023\/09\/dividere-con-pannelli-varie-postazioniBG-1-81x54.jpeg 81w\"><div class=\"selection-overlay\" style=\"opacity:0.5;background-color:#000000;\"><\/div><div class=\"container\"><div class=\"row\"><div class=\"wpb_column hcode-column-container center-col text-center vc_col-sm-10 vc_col-md-6 col-xs-mobile-fullwidth\" data-front-class=\"center-col text-center col-xs-mobile-fullwidth\"><div class=\"vc-column-innner-wrapper\"><p class=\"titolo\"><strong>Akustische L\u00f6sungen f\u00fcr den Schreibtisch<\/strong><\/p>\n<\/div><\/div><\/div><\/div><\/section><section class=\"no-padding\"><div class=\"container-fluid\"><div class=\"row\"><div class=\"wpb_column hcode-column-container text-center padding-three-top  col-xs-mobile-fullwidth\" data-front-class=\"text-center padding-three-top col-xs-mobile-fullwidth front-column-class\"><div class=\"vc-column-innner-wrapper\"><div class=\"hcode-divider \" style=\"border-top: 20px;\"><\/div><\/div><\/div><\/div><\/div><\/section><section class=\"no-padding\"><div class=\"container-fluid\"><div class=\"row\"><div class=\"wpb_column hcode-column-container text-center padding-three-top vc_col-sm-2 col-xs-mobile-fullwidth\" data-front-class=\"text-center padding-three-top col-xs-mobile-fullwidth\"><div class=\"vc-column-innner-wrapper\"><\/div><\/div><div class=\"wpb_column hcode-column-container vc_col-sm-8 col-xs-mobile-fullwidth\" data-front-class=\"col-xs-mobile-fullwidth\"><div class=\"vc-column-innner-wrapper\">[vc_wp_text]Willkommen im Bereich, der unseren Kollektionen von schallabsorbierenden Schreibtischpaneelen gewidmet ist. In einer immer lauter werdenden Welt ist die akustische Qualit\u00e4t der Umgebungen, in denen wir arbeiten und leben, unerl\u00e4sslich geworden. Garvan Acoustic ist stolz darauf, eine Reihe von akustischen L\u00f6sungen vorzustellen, die darauf ausgelegt sind, akustischen Komfort und Wohlbefinden zu gew\u00e4hrleisten. Unsere schallabsorbierenden Schreibtischpaneele sind nicht nur funktional, sondern auch \u00e4sthetisch ansprechend und perfekt, um sich in jede Arbeitsumgebung zu integrieren.[\/vc_wp_text]<\/div><\/div><div class=\"wpb_column hcode-column-container vc_col-sm-2 col-xs-mobile-fullwidth\" data-front-class=\"col-xs-mobile-fullwidth\"><div class=\"vc-column-innner-wrapper\"><\/div><\/div><\/div><\/div><\/section><section class=\"no-padding\"><div class=\"container-fluid\"><div class=\"row\"><div class=\"wpb_column hcode-column-container text-center padding-three-top vc_col-sm-3 col-xs-mobile-fullwidth\" data-front-class=\"text-center padding-three-top col-xs-mobile-fullwidth\"><div class=\"vc-column-innner-wrapper\"><\/div><\/div><div class=\"wpb_column hcode-column-container text-center sm-text-center xs-text-center vc_col-sm-6 col-xs-mobile-fullwidth\" data-front-class=\"text-center sm-text-center xs-text-center col-xs-mobile-fullwidth\"><div class=\"vc-column-innner-wrapper\">[vc_single_image image=\"61943\" img_size=\"400x250\" alignment=\"center\" onclick=\"custom_link\" link=\"https:\/\/www.garvanacoustic.com\/de\/produkte\/akustisches-paneel-surface\/#scrivania\"]<a  href=\"https:\/\/www.garvanacoustic.com\/de\/produkte\/akustisches-paneel-surface\/#scrivania\" target=\"_self\"  class=\"inner-link button btn highlight-button-dark btn-medium\">JETZT ENTDECKEN<\/a>[vc_empty_space height=\"20px\"]<\/div><\/div><div class=\"wpb_column hcode-column-container vc_col-sm-3 col-xs-mobile-fullwidth\" data-front-class=\"col-xs-mobile-fullwidth\"><div class=\"vc-column-innner-wrapper\"><\/div><\/div><\/div><\/div><\/section>","protected":false},"excerpt":{"rendered":"<p>Akustische L\u00f6sungen f\u00fcr den Schreibtisch [vc_wp_text]Willkommen im Bereich, der unseren Kollektionen von schallabsorbierenden Schreibtischpaneelen gewidmet ist. In einer immer lauter werdenden Welt ist die akustische Qualit\u00e4t der Umgebungen, in denen wir arbeiten und leben, unerl\u00e4sslich geworden. Garvan Acoustic ist stolz darauf, eine Reihe von akustischen L\u00f6sungen vorzustellen, die darauf ausgelegt sind, akustischen Komfort und Wohlbefinden [&hellip;]<\/p>\n","protected":false},"author":11,"featured_media":61843,"parent":34682,"menu_order":0,"comment_status":"open","ping_status":"open","template":"","meta":{"_joinchat":{"telephone":"+393475179500"},"footnotes":""},"class_list":["post-62206","page","type-page","status-publish","has-post-thumbnail","hentry"],"yoast_head":"<!-- This site is optimized with the Yoast SEO Premium plugin v27.4 (Yoast SEO v27.4) - https:\/\/yoast.com\/product\/yoast-seo-premium-wordpress\/ -->\n<title>Schallabsorbierende Schreibtischpaneele | Garvan Acoustic<\/title>\n<meta name=\"description\" content=\"Entdecken Sie unsere exklusiven Kollektionen von schallabsorbierenden Schreibtischpaneelen. Garvan Acoustic bietet hochwertige akustische L\u00f6sungen f\u00fcr eine ruhige und produktive Arbeitsumgebung.\" \/>\n<meta name=\"robots\" content=\"index, follow, max-snippet:-1, max-image-preview:large, max-video-preview:-1\" \/>\n<link rel=\"canonical\" href=\"https:\/\/www.garvanacoustic.com\/de\/schallabsorption\/akustikplatte-fuer-den-schreibtisch\/\" \/>\n<meta property=\"og:locale\" content=\"de_DE\" \/>\n<meta property=\"og:type\" content=\"article\" \/>\n<meta property=\"og:title\" content=\"Akustikplatte f\u00fcr den Schreibtisch\" \/>\n<meta property=\"og:description\" content=\"Entdecken Sie unsere exklusiven Kollektionen von schallabsorbierenden Schreibtischpaneelen. Garvan Acoustic bietet hochwertige akustische L\u00f6sungen f\u00fcr eine ruhige und produktive Arbeitsumgebung.\" \/>\n<meta property=\"og:url\" content=\"https:\/\/www.garvanacoustic.com\/de\/schallabsorption\/akustikplatte-fuer-den-schreibtisch\/\" \/>\n<meta property=\"og:site_name\" content=\"Garvan Acoustic\" \/>\n<meta property=\"article:publisher\" content=\"https:\/\/www.facebook.com\/garvanacoustic\" \/>\n<meta property=\"article:modified_time\" content=\"2024-01-18T10:49:44+00:00\" \/>\n<meta property=\"og:image\" content=\"https:\/\/www.garvanacoustic.com\/wp-content\/uploads\/2024\/07\/header-nwsl-garvan-e1759746705872.jpg\" \/>\n\t<meta property=\"og:image:width\" content=\"779\" \/>\n\t<meta property=\"og:image:height\" content=\"437\" \/>\n\t<meta property=\"og:image:type\" content=\"image\/jpeg\" \/>\n<meta name=\"twitter:card\" content=\"summary_large_image\" \/>\n<meta name=\"twitter:label1\" content=\"Gesch\u00e4tzte Lesezeit\" \/>\n\t<meta name=\"twitter:data1\" content=\"1\u00a0Minute\" \/>\n<script type=\"application\/ld+json\" class=\"yoast-schema-graph\">{\"@context\":\"https:\\\/\\\/schema.org\",\"@graph\":[{\"@type\":\"WebPage\",\"@id\":\"https:\\\/\\\/www.garvanacoustic.com\\\/de\\\/schallabsorption\\\/akustikplatte-fuer-den-schreibtisch\\\/\",\"url\":\"https:\\\/\\\/www.garvanacoustic.com\\\/de\\\/schallabsorption\\\/akustikplatte-fuer-den-schreibtisch\\\/\",\"name\":\"Schallabsorbierende Schreibtischpaneele | Garvan Acoustic\",\"isPartOf\":{\"@id\":\"https:\\\/\\\/www.garvanacoustic.com\\\/de\\\/#website\"},\"primaryImageOfPage\":{\"@id\":\"https:\\\/\\\/www.garvanacoustic.com\\\/de\\\/schallabsorption\\\/akustikplatte-fuer-den-schreibtisch\\\/#primaryimage\"},\"image\":{\"@id\":\"https:\\\/\\\/www.garvanacoustic.com\\\/de\\\/schallabsorption\\\/akustikplatte-fuer-den-schreibtisch\\\/#primaryimage\"},\"thumbnailUrl\":\"https:\\\/\\\/www.garvanacoustic.com\\\/wp-content\\\/uploads\\\/2023\\\/08\\\/pannello-fonoassorbente-da-scrivania-personalizzabile.jpeg\",\"datePublished\":\"2023-09-25T10:09:18+00:00\",\"dateModified\":\"2024-01-18T10:49:44+00:00\",\"description\":\"Entdecken Sie unsere exklusiven Kollektionen von schallabsorbierenden Schreibtischpaneelen. Garvan Acoustic bietet hochwertige akustische L\u00f6sungen f\u00fcr eine ruhige und produktive Arbeitsumgebung.\",\"breadcrumb\":{\"@id\":\"https:\\\/\\\/www.garvanacoustic.com\\\/de\\\/schallabsorption\\\/akustikplatte-fuer-den-schreibtisch\\\/#breadcrumb\"},\"inLanguage\":\"de\",\"potentialAction\":[{\"@type\":\"ReadAction\",\"target\":[\"https:\\\/\\\/www.garvanacoustic.com\\\/de\\\/schallabsorption\\\/akustikplatte-fuer-den-schreibtisch\\\/\"]}]},{\"@type\":\"ImageObject\",\"inLanguage\":\"de\",\"@id\":\"https:\\\/\\\/www.garvanacoustic.com\\\/de\\\/schallabsorption\\\/akustikplatte-fuer-den-schreibtisch\\\/#primaryimage\",\"url\":\"https:\\\/\\\/www.garvanacoustic.com\\\/wp-content\\\/uploads\\\/2023\\\/08\\\/pannello-fonoassorbente-da-scrivania-personalizzabile.jpeg\",\"contentUrl\":\"https:\\\/\\\/www.garvanacoustic.com\\\/wp-content\\\/uploads\\\/2023\\\/08\\\/pannello-fonoassorbente-da-scrivania-personalizzabile.jpeg\",\"width\":1920,\"height\":1122},{\"@type\":\"BreadcrumbList\",\"@id\":\"https:\\\/\\\/www.garvanacoustic.com\\\/de\\\/schallabsorption\\\/akustikplatte-fuer-den-schreibtisch\\\/#breadcrumb\",\"itemListElement\":[{\"@type\":\"ListItem\",\"position\":1,\"name\":\"Home\",\"item\":\"https:\\\/\\\/www.garvanacoustic.com\\\/de\\\/\"},{\"@type\":\"ListItem\",\"position\":2,\"name\":\"Schallabsorption\",\"item\":\"https:\\\/\\\/www.garvanacoustic.com\\\/de\\\/schallabsorption\\\/\"},{\"@type\":\"ListItem\",\"position\":3,\"name\":\"Akustikplatte f\u00fcr den Schreibtisch\"}]},{\"@type\":\"WebSite\",\"@id\":\"https:\\\/\\\/www.garvanacoustic.com\\\/de\\\/#website\",\"url\":\"https:\\\/\\\/www.garvanacoustic.com\\\/de\\\/\",\"name\":\"Garvan Acoustic\",\"description\":\"Diffusori e trattamento acustico: scopri la qualit\u00e0 del Made in Italy\",\"publisher\":{\"@id\":\"https:\\\/\\\/www.garvanacoustic.com\\\/de\\\/#organization\"},\"potentialAction\":[{\"@type\":\"SearchAction\",\"target\":{\"@type\":\"EntryPoint\",\"urlTemplate\":\"https:\\\/\\\/www.garvanacoustic.com\\\/de\\\/?s={search_term_string}\"},\"query-input\":{\"@type\":\"PropertyValueSpecification\",\"valueRequired\":true,\"valueName\":\"search_term_string\"}}],\"inLanguage\":\"de\"},{\"@type\":\"Organization\",\"@id\":\"https:\\\/\\\/www.garvanacoustic.com\\\/de\\\/#organization\",\"name\":\"Garvan Acoustic\",\"url\":\"https:\\\/\\\/www.garvanacoustic.com\\\/de\\\/\",\"logo\":{\"@type\":\"ImageObject\",\"inLanguage\":\"de\",\"@id\":\"https:\\\/\\\/www.garvanacoustic.com\\\/de\\\/#\\\/schema\\\/logo\\\/image\\\/\",\"url\":\"https:\\\/\\\/www.garvanacoustic.com\\\/wp-content\\\/uploads\\\/2018\\\/07\\\/garvan-acoustic-logo.png\",\"contentUrl\":\"https:\\\/\\\/www.garvanacoustic.com\\\/wp-content\\\/uploads\\\/2018\\\/07\\\/garvan-acoustic-logo.png\",\"width\":400,\"height\":161,\"caption\":\"Garvan Acoustic\"},\"image\":{\"@id\":\"https:\\\/\\\/www.garvanacoustic.com\\\/de\\\/#\\\/schema\\\/logo\\\/image\\\/\"},\"sameAs\":[\"https:\\\/\\\/www.facebook.com\\\/garvanacoustic\",\"https:\\\/\\\/www.instagram.com\\\/garvanacoustic\\\/\"],\"description\":\"Produttori di Diffusori Acustici e Pannelli Fonoassorbenti Made in Italy\",\"email\":\"garvan@garvanacoustic.com\",\"telephone\":\"0546 682097\"}]}<\/script>\n<!-- \/ Yoast SEO Premium plugin. -->","yoast_head_json":{"title":"Schallabsorbierende Schreibtischpaneele | Garvan Acoustic","description":"Entdecken Sie unsere exklusiven Kollektionen von schallabsorbierenden Schreibtischpaneelen. Garvan Acoustic bietet hochwertige akustische L\u00f6sungen f\u00fcr eine ruhige und produktive Arbeitsumgebung.","robots":{"index":"index","follow":"follow","max-snippet":"max-snippet:-1","max-image-preview":"max-image-preview:large","max-video-preview":"max-video-preview:-1"},"canonical":"https:\/\/www.garvanacoustic.com\/de\/schallabsorption\/akustikplatte-fuer-den-schreibtisch\/","og_locale":"de_DE","og_type":"article","og_title":"Akustikplatte f\u00fcr den Schreibtisch","og_description":"Entdecken Sie unsere exklusiven Kollektionen von schallabsorbierenden Schreibtischpaneelen. Garvan Acoustic bietet hochwertige akustische L\u00f6sungen f\u00fcr eine ruhige und produktive Arbeitsumgebung.","og_url":"https:\/\/www.garvanacoustic.com\/de\/schallabsorption\/akustikplatte-fuer-den-schreibtisch\/","og_site_name":"Garvan Acoustic","article_publisher":"https:\/\/www.facebook.com\/garvanacoustic","article_modified_time":"2024-01-18T10:49:44+00:00","og_image":[{"width":779,"height":437,"url":"https:\/\/www.garvanacoustic.com\/wp-content\/uploads\/2024\/07\/header-nwsl-garvan-e1759746705872.jpg","type":"image\/jpeg"}],"twitter_card":"summary_large_image","twitter_misc":{"Gesch\u00e4tzte Lesezeit":"1\u00a0Minute"},"schema":{"@context":"https:\/\/schema.org","@graph":[{"@type":"WebPage","@id":"https:\/\/www.garvanacoustic.com\/de\/schallabsorption\/akustikplatte-fuer-den-schreibtisch\/","url":"https:\/\/www.garvanacoustic.com\/de\/schallabsorption\/akustikplatte-fuer-den-schreibtisch\/","name":"Schallabsorbierende Schreibtischpaneele | Garvan Acoustic","isPartOf":{"@id":"https:\/\/www.garvanacoustic.com\/de\/#website"},"primaryImageOfPage":{"@id":"https:\/\/www.garvanacoustic.com\/de\/schallabsorption\/akustikplatte-fuer-den-schreibtisch\/#primaryimage"},"image":{"@id":"https:\/\/www.garvanacoustic.com\/de\/schallabsorption\/akustikplatte-fuer-den-schreibtisch\/#primaryimage"},"thumbnailUrl":"https:\/\/www.garvanacoustic.com\/wp-content\/uploads\/2023\/08\/pannello-fonoassorbente-da-scrivania-personalizzabile.jpeg","datePublished":"2023-09-25T10:09:18+00:00","dateModified":"2024-01-18T10:49:44+00:00","description":"Entdecken Sie unsere exklusiven Kollektionen von schallabsorbierenden Schreibtischpaneelen. Garvan Acoustic bietet hochwertige akustische L\u00f6sungen f\u00fcr eine ruhige und produktive Arbeitsumgebung.","breadcrumb":{"@id":"https:\/\/www.garvanacoustic.com\/de\/schallabsorption\/akustikplatte-fuer-den-schreibtisch\/#breadcrumb"},"inLanguage":"de","potentialAction":[{"@type":"ReadAction","target":["https:\/\/www.garvanacoustic.com\/de\/schallabsorption\/akustikplatte-fuer-den-schreibtisch\/"]}]},{"@type":"ImageObject","inLanguage":"de","@id":"https:\/\/www.garvanacoustic.com\/de\/schallabsorption\/akustikplatte-fuer-den-schreibtisch\/#primaryimage","url":"https:\/\/www.garvanacoustic.com\/wp-content\/uploads\/2023\/08\/pannello-fonoassorbente-da-scrivania-personalizzabile.jpeg","contentUrl":"https:\/\/www.garvanacoustic.com\/wp-content\/uploads\/2023\/08\/pannello-fonoassorbente-da-scrivania-personalizzabile.jpeg","width":1920,"height":1122},{"@type":"BreadcrumbList","@id":"https:\/\/www.garvanacoustic.com\/de\/schallabsorption\/akustikplatte-fuer-den-schreibtisch\/#breadcrumb","itemListElement":[{"@type":"ListItem","position":1,"name":"Home","item":"https:\/\/www.garvanacoustic.com\/de\/"},{"@type":"ListItem","position":2,"name":"Schallabsorption","item":"https:\/\/www.garvanacoustic.com\/de\/schallabsorption\/"},{"@type":"ListItem","position":3,"name":"Akustikplatte f\u00fcr den Schreibtisch"}]},{"@type":"WebSite","@id":"https:\/\/www.garvanacoustic.com\/de\/#website","url":"https:\/\/www.garvanacoustic.com\/de\/","name":"Garvan Acoustic","description":"Diffusori e trattamento acustico: scopri la qualit\u00e0 del Made in Italy","publisher":{"@id":"https:\/\/www.garvanacoustic.com\/de\/#organization"},"potentialAction":[{"@type":"SearchAction","target":{"@type":"EntryPoint","urlTemplate":"https:\/\/www.garvanacoustic.com\/de\/?s={search_term_string}"},"query-input":{"@type":"PropertyValueSpecification","valueRequired":true,"valueName":"search_term_string"}}],"inLanguage":"de"},{"@type":"Organization","@id":"https:\/\/www.garvanacoustic.com\/de\/#organization","name":"Garvan Acoustic","url":"https:\/\/www.garvanacoustic.com\/de\/","logo":{"@type":"ImageObject","inLanguage":"de","@id":"https:\/\/www.garvanacoustic.com\/de\/#\/schema\/logo\/image\/","url":"https:\/\/www.garvanacoustic.com\/wp-content\/uploads\/2018\/07\/garvan-acoustic-logo.png","contentUrl":"https:\/\/www.garvanacoustic.com\/wp-content\/uploads\/2018\/07\/garvan-acoustic-logo.png","width":400,"height":161,"caption":"Garvan Acoustic"},"image":{"@id":"https:\/\/www.garvanacoustic.com\/de\/#\/schema\/logo\/image\/"},"sameAs":["https:\/\/www.facebook.com\/garvanacoustic","https:\/\/www.instagram.com\/garvanacoustic\/"],"description":"Produttori di Diffusori Acustici e Pannelli Fonoassorbenti Made in Italy","email":"garvan@garvanacoustic.com","telephone":"0546 682097"}]}},"_links":{"self":[{"href":"https:\/\/www.garvanacoustic.com\/de\/wp-json\/wp\/v2\/pages\/62206","targetHints":{"allow":["GET"]}}],"collection":[{"href":"https:\/\/www.garvanacoustic.com\/de\/wp-json\/wp\/v2\/pages"}],"about":[{"href":"https:\/\/www.garvanacoustic.com\/de\/wp-json\/wp\/v2\/types\/page"}],"author":[{"embeddable":true,"href":"https:\/\/www.garvanacoustic.com\/de\/wp-json\/wp\/v2\/users\/11"}],"replies":[{"embeddable":true,"href":"https:\/\/www.garvanacoustic.com\/de\/wp-json\/wp\/v2\/comments?post=62206"}],"version-history":[{"count":6,"href":"https:\/\/www.garvanacoustic.com\/de\/wp-json\/wp\/v2\/pages\/62206\/revisions"}],"predecessor-version":[{"id":64542,"href":"https:\/\/www.garvanacoustic.com\/de\/wp-json\/wp\/v2\/pages\/62206\/revisions\/64542"}],"up":[{"embeddable":true,"href":"https:\/\/www.garvanacoustic.com\/de\/wp-json\/wp\/v2\/pages\/34682"}],"wp:featuredmedia":[{"embeddable":true,"href":"https:\/\/www.garvanacoustic.com\/de\/wp-json\/wp\/v2\/media\/61843"}],"wp:attachment":[{"href":"https:\/\/www.garvanacoustic.com\/de\/wp-json\/wp\/v2\/media?parent=62206"}],"curies":[{"name":"wp","href":"https:\/\/api.w.org\/{rel}","templated":true}]}}