{"id":62443,"date":"2023-02-21T18:42:50","date_gmt":"2023-02-21T17:42:50","guid":{"rendered":"https:\/\/www.garvanacoustic.com\/magazine\/akustikpaneele\/home-cinema\/"},"modified":"2023-10-30T12:10:47","modified_gmt":"2023-10-30T11:10:47","slug":"home-cinema","status":"publish","type":"page","link":"https:\/\/www.garvanacoustic.com\/de\/magazine\/akustikpaneele\/home-cinema\/","title":{"rendered":"Home cinema"},"content":{"rendered":"<section><div class=\"container\"><div class=\"row\"><div class=\"wpb_column hcode-column-container  col-xs-mobile-fullwidth\" data-front-class=\"col-xs-mobile-fullwidth front-column-class\"><div class=\"vc-column-innner-wrapper\"><div class=\"blog-3col product-3\"><div class=\"post-80251 post type-post status-publish format-standard has-post-thumbnail hentry category-akustikpaneele category-bueros category-home-cinema-de category-news-lifestyle category-restaurants\"><div class=\"col-md-4 col-sm-6 col-xs-12 blog-listing \" ><div class=\"blog-post\"><div class=\"blog-image\"><a href=\"https:\/\/www.garvanacoustic.com\/de\/akustikpaneele\/echo-und-nachhall-im-fitnessstudio-reduzieren\/\"><img decoding=\"async\" width=\"1068\" height=\"584\" src=\"https:\/\/www.garvanacoustic.com\/wp-content\/uploads\/2025\/10\/Come-eliminare-eco-e-riverbero-in-palestra.jpg\" class=\"attachment-full size-full wp-post-image\" alt=\"\" srcset=\"https:\/\/www.garvanacoustic.com\/wp-content\/uploads\/2025\/10\/Come-eliminare-eco-e-riverbero-in-palestra.jpg 1068w, https:\/\/www.garvanacoustic.com\/wp-content\/uploads\/2025\/10\/Come-eliminare-eco-e-riverbero-in-palestra-300x164.jpg 300w, https:\/\/www.garvanacoustic.com\/wp-content\/uploads\/2025\/10\/Come-eliminare-eco-e-riverbero-in-palestra-1024x560.jpg 1024w, https:\/\/www.garvanacoustic.com\/wp-content\/uploads\/2025\/10\/Come-eliminare-eco-e-riverbero-in-palestra-768x420.jpg 768w, https:\/\/www.garvanacoustic.com\/wp-content\/uploads\/2025\/10\/Come-eliminare-eco-e-riverbero-in-palestra-81x44.jpg 81w\" sizes=\"(max-width: 1068px) 100vw, 1068px\" \/><\/a><\/div><div class=\"blog-details hcode-blog-1\"><div class=\"blog-date\"><span class=\"published\">29 April 2026<\/span><time class=\"updated display-none\" datetime=\"2026-04-29T10:36:58+02:00\">29 April 2026<\/time><\/div><div class=\"blog-title entry-title\"><a href=\"https:\/\/www.garvanacoustic.com\/de\/akustikpaneele\/echo-und-nachhall-im-fitnessstudio-reduzieren\/\">Echo und Nachhall im Fitnessstudio reduzieren<\/a><\/div><div class=\"hcode-blog-excerpt blog-short-description entry-content\"><p>Erfahren Sie, wie Sie die Akustik in einer Sporthalle verbessern k\u00f6nnen, indem Sie Echo und Nachhall mit schallabsorbierenden Decken- und...<\/p>\n<\/div><div class=\"hcode-blog-separator separator-line bg-black no-margin-lr\"><\/div><\/div><\/div><\/div><\/div><div class=\"post-74506 post type-post status-publish format-image has-post-thumbnail hentry category-akustikpaneele category-bildungskategorie category-bueros category-home-cinema-de category-restaurants post_format-post-format-image\"><div class=\"col-md-4 col-sm-6 col-xs-12 blog-listing \" ><div class=\"blog-post\"><div class=\"blog-image\"><a href=\"https:\/\/www.garvanacoustic.com\/de\/bildungskategorie\/schallabsorbierende-paneele-zur-reduzierung-von-echo-und-nachhall\/\"><img decoding=\"async\" width=\"4724\" height=\"2647\" src=\"https:\/\/www.garvanacoustic.com\/wp-content\/uploads\/2024\/08\/single-av-casa-1.jpg\" class=\"attachment-full size-full wp-post-image\" alt=\"\" srcset=\"https:\/\/www.garvanacoustic.com\/wp-content\/uploads\/2024\/08\/single-av-casa-1.jpg 4724w, https:\/\/www.garvanacoustic.com\/wp-content\/uploads\/2024\/08\/single-av-casa-1-300x168.jpg 300w, https:\/\/www.garvanacoustic.com\/wp-content\/uploads\/2024\/08\/single-av-casa-1-1024x574.jpg 1024w, https:\/\/www.garvanacoustic.com\/wp-content\/uploads\/2024\/08\/single-av-casa-1-768x430.jpg 768w, https:\/\/www.garvanacoustic.com\/wp-content\/uploads\/2024\/08\/single-av-casa-1-1536x861.jpg 1536w, https:\/\/www.garvanacoustic.com\/wp-content\/uploads\/2024\/08\/single-av-casa-1-2048x1148.jpg 2048w, https:\/\/www.garvanacoustic.com\/wp-content\/uploads\/2024\/08\/single-av-casa-1-81x45.jpg 81w\" sizes=\"(max-width: 4724px) 100vw, 4724px\" \/><\/a><\/div><div class=\"blog-details hcode-blog-1\"><div class=\"blog-date\"><span class=\"published\">22 April 2025<\/span><time class=\"updated display-none\" datetime=\"2025-04-22T17:31:42+02:00\">22 April 2025<\/time><\/div><div class=\"blog-title entry-title\"><a href=\"https:\/\/www.garvanacoustic.com\/de\/bildungskategorie\/schallabsorbierende-paneele-zur-reduzierung-von-echo-und-nachhall\/\">Schallabsorbierende Paneele zur Reduzierung von Echo und Nachhall<\/a><\/div><div class=\"hcode-blog-excerpt blog-short-description entry-content\"><p>Schallabsorbierende Paneele zur Verbesserung der Akustik, zur Reduzierung des Nachhalls und zur Dekoration jedes Raumes. Elegante L\u00f6sungen f\u00fcr Ihr Zuhause...<\/p>\n<\/div><div class=\"hcode-blog-separator separator-line bg-black no-margin-lr\"><\/div><\/div><\/div><\/div><\/div><div class=\"post-74459 post type-post status-publish format-image has-post-thumbnail hentry category-akustikpaneele category-bildungskategorie category-bueros category-home-cinema-de category-restaurants post_format-post-format-image\"><div class=\"col-md-4 col-sm-6 col-xs-12 blog-listing \" ><div class=\"blog-post\"><div class=\"blog-image\"><a href=\"https:\/\/www.garvanacoustic.com\/de\/bildungskategorie\/akustikdecken-und-zwischendeckenplatten\/\"><img decoding=\"async\" width=\"1024\" height=\"1024\" src=\"https:\/\/www.garvanacoustic.com\/wp-content\/uploads\/2025\/04\/soffitto-fonoassorbente-Ufficio.jpg\" class=\"attachment-full size-full wp-post-image\" alt=\"\" srcset=\"https:\/\/www.garvanacoustic.com\/wp-content\/uploads\/2025\/04\/soffitto-fonoassorbente-Ufficio.jpg 1024w, https:\/\/www.garvanacoustic.com\/wp-content\/uploads\/2025\/04\/soffitto-fonoassorbente-Ufficio-300x300.jpg 300w, https:\/\/www.garvanacoustic.com\/wp-content\/uploads\/2025\/04\/soffitto-fonoassorbente-Ufficio-150x150.jpg 150w, https:\/\/www.garvanacoustic.com\/wp-content\/uploads\/2025\/04\/soffitto-fonoassorbente-Ufficio-768x768.jpg 768w, https:\/\/www.garvanacoustic.com\/wp-content\/uploads\/2025\/04\/soffitto-fonoassorbente-Ufficio-81x81.jpg 81w\" sizes=\"(max-width: 1024px) 100vw, 1024px\" \/><\/a><\/div><div class=\"blog-details hcode-blog-1\"><div class=\"blog-date\"><span class=\"published\">16 April 2025<\/span><time class=\"updated display-none\" datetime=\"2025-04-16T10:25:17+02:00\">16 April 2025<\/time><\/div><div class=\"blog-title entry-title\"><a href=\"https:\/\/www.garvanacoustic.com\/de\/bildungskategorie\/akustikdecken-und-zwischendeckenplatten\/\">Akustikdecken und Zwischendeckenplatten<\/a><\/div><div class=\"hcode-blog-excerpt blog-short-description entry-content\"><p>Reduzieren Sie den Nachhall mit Deckenabsorbern. Entdecken Sie die Vorteile, Typen und Tipps zur Verbesserung des akustischen Komforts.<\/p>\n<\/div><div class=\"hcode-blog-separator separator-line bg-black no-margin-lr\"><\/div><\/div><\/div><\/div><\/div><div class=\"post-68107 post type-post status-publish format-image has-post-thumbnail hentry category-akustikpaneele category-bildungskategorie category-bueros category-home-cinema-de category-restaurants post_format-post-format-image\"><div class=\"col-md-4 col-sm-6 col-xs-12 blog-listing \" ><div class=\"blog-post\"><div class=\"blog-image\"><a href=\"https:\/\/www.garvanacoustic.com\/de\/bildungskategorie\/akustik-deckenplatten\/\"><img decoding=\"async\" width=\"900\" height=\"600\" src=\"https:\/\/www.garvanacoustic.com\/wp-content\/uploads\/2020\/01\/soffitto_min-1.jpg\" class=\"attachment-full size-full wp-post-image\" alt=\"\" srcset=\"https:\/\/www.garvanacoustic.com\/wp-content\/uploads\/2020\/01\/soffitto_min-1.jpg 900w, https:\/\/www.garvanacoustic.com\/wp-content\/uploads\/2020\/01\/soffitto_min-1-300x200.jpg 300w, https:\/\/www.garvanacoustic.com\/wp-content\/uploads\/2020\/01\/soffitto_min-1-768x512.jpg 768w, https:\/\/www.garvanacoustic.com\/wp-content\/uploads\/2020\/01\/soffitto_min-1-81x54.jpg 81w\" sizes=\"(max-width: 900px) 100vw, 900px\" \/><\/a><\/div><div class=\"blog-details hcode-blog-1\"><div class=\"blog-date\"><span class=\"published\">08 April 2024<\/span><time class=\"updated display-none\" datetime=\"2024-07-09T10:27:34+02:00\">09 Juli 2024<\/time><\/div><div class=\"blog-title entry-title\"><a href=\"https:\/\/www.garvanacoustic.com\/de\/bildungskategorie\/akustik-deckenplatten\/\">Akustik-Deckenplatten<\/a><\/div><div class=\"hcode-blog-excerpt blog-short-description entry-content\"><p>Garvan Acoustic bietet mehrere schallabsorbierende Deckenl\u00f6sungen an, jede mit spezifischen Eigenschaften, die f\u00fcr verschiedene Arten von Umgebungen und Bed\u00fcrfnissen geeignet...<\/p>\n<\/div><div class=\"hcode-blog-separator separator-line bg-black no-margin-lr\"><\/div><\/div><\/div><\/div><\/div><div class=\"post-58890 post type-post status-publish format-standard has-post-thumbnail hentry category-akustikpaneele category-home-cinema-de category-privatpersonen category-referenzen\"><div class=\"col-md-4 col-sm-6 col-xs-12 blog-listing \" ><div class=\"blog-post\"><div class=\"blog-image\"><a href=\"https:\/\/www.garvanacoustic.com\/de\/referenzen\/private-wohnung-in-spanien\/\"><img decoding=\"async\" width=\"1920\" height=\"939\" src=\"https:\/\/www.garvanacoustic.com\/wp-content\/uploads\/2022\/12\/pannelli-fonoassorbenti-home-cinema.jpg\" class=\"attachment-full size-full wp-post-image\" alt=\"\" srcset=\"https:\/\/www.garvanacoustic.com\/wp-content\/uploads\/2022\/12\/pannelli-fonoassorbenti-home-cinema.jpg 1920w, https:\/\/www.garvanacoustic.com\/wp-content\/uploads\/2022\/12\/pannelli-fonoassorbenti-home-cinema-300x147.jpg 300w, https:\/\/www.garvanacoustic.com\/wp-content\/uploads\/2022\/12\/pannelli-fonoassorbenti-home-cinema-1024x501.jpg 1024w, https:\/\/www.garvanacoustic.com\/wp-content\/uploads\/2022\/12\/pannelli-fonoassorbenti-home-cinema-768x376.jpg 768w, https:\/\/www.garvanacoustic.com\/wp-content\/uploads\/2022\/12\/pannelli-fonoassorbenti-home-cinema-1536x751.jpg 1536w, https:\/\/www.garvanacoustic.com\/wp-content\/uploads\/2022\/12\/pannelli-fonoassorbenti-home-cinema-81x40.jpg 81w\" sizes=\"(max-width: 1920px) 100vw, 1920px\" \/><\/a><\/div><div class=\"blog-details hcode-blog-1\"><div class=\"blog-date\"><span class=\"published\">28 Dezember 2022<\/span><time class=\"updated display-none\" datetime=\"2023-10-30T12:33:54+01:00\">30 Oktober 2023<\/time><\/div><div class=\"blog-title entry-title\"><a href=\"https:\/\/www.garvanacoustic.com\/de\/referenzen\/private-wohnung-in-spanien\/\">PRIVATE WOHNUNG IN SPANIEN<\/a><\/div><div class=\"hcode-blog-excerpt blog-short-description entry-content\"><p>Schalld\u00e4mmende Paneele @ PRIVATE WOHNUNG IN SPANIEN Die harmonische Koexistenz zwischen Beleuchtung und aufgeh\u00e4ngten sowie am Deck installierten Paneelen der...<\/p>\n<\/div><div class=\"hcode-blog-separator separator-line bg-black no-margin-lr\"><\/div><\/div><\/div><\/div><\/div><div class=\"post-58973 post type-post status-publish format-standard has-post-thumbnail hentry category-akustikpaneele category-home-cinema-de category-privatpersonen category-referenzen\"><div class=\"col-md-4 col-sm-6 col-xs-12 blog-listing \" ><div class=\"blog-post\"><div class=\"blog-image\"><a href=\"https:\/\/www.garvanacoustic.com\/de\/referenzen\/kinoraum\/\"><img decoding=\"async\" width=\"1920\" height=\"1080\" src=\"https:\/\/www.garvanacoustic.com\/wp-content\/uploads\/2022\/12\/pannelli-fonoassorbenti_home-cinema_header.jpg\" class=\"attachment-full size-full wp-post-image\" alt=\"\" srcset=\"https:\/\/www.garvanacoustic.com\/wp-content\/uploads\/2022\/12\/pannelli-fonoassorbenti_home-cinema_header.jpg 1920w, https:\/\/www.garvanacoustic.com\/wp-content\/uploads\/2022\/12\/pannelli-fonoassorbenti_home-cinema_header-300x169.jpg 300w, https:\/\/www.garvanacoustic.com\/wp-content\/uploads\/2022\/12\/pannelli-fonoassorbenti_home-cinema_header-1024x576.jpg 1024w, https:\/\/www.garvanacoustic.com\/wp-content\/uploads\/2022\/12\/pannelli-fonoassorbenti_home-cinema_header-768x432.jpg 768w, https:\/\/www.garvanacoustic.com\/wp-content\/uploads\/2022\/12\/pannelli-fonoassorbenti_home-cinema_header-1536x864.jpg 1536w, https:\/\/www.garvanacoustic.com\/wp-content\/uploads\/2022\/12\/pannelli-fonoassorbenti_home-cinema_header-81x46.jpg 81w\" sizes=\"(max-width: 1920px) 100vw, 1920px\" \/><\/a><\/div><div class=\"blog-details hcode-blog-1\"><div class=\"blog-date\"><span class=\"published\">28 Dezember 2022<\/span><time class=\"updated display-none\" datetime=\"2023-11-02T15:06:31+01:00\">02 November 2023<\/time><\/div><div class=\"blog-title entry-title\"><a href=\"https:\/\/www.garvanacoustic.com\/de\/referenzen\/kinoraum\/\">KINORAUM<\/a><\/div><div class=\"hcode-blog-excerpt blog-short-description entry-content\"><p>Schalld\u00e4mmende Paneele @ KINORAUM Die wandb\u00fcndigen akustischen und schallabsorbierenden L\u00f6sungen in schwarze Paneele der Kollektion SurfaceTM bieten diesem privaten Kinoraum...<\/p>\n<\/div><div class=\"hcode-blog-separator separator-line bg-black no-margin-lr\"><\/div><\/div><\/div><\/div><\/div><\/div><\/div><\/div><\/div><\/div><\/section>","protected":false},"excerpt":{"rendered":"<p>Schalld\u00e4mmende Paneele @ KINORAUM Die wandb\u00fcndigen akustischen und schallabsorbierenden L\u00f6sungen in schwarze Paneele der Kollektion SurfaceTM bieten diesem privaten Kinoraum in der N\u00e4he von Grenoble ihre Unsichtbarkeit. [vc_single_image image=&#8220;58621&#8243; img_size=&#8220;large&#8220; alignment=&#8220;center&#8220; onclick=&#8220;link_image&#8220;][vc_single_image image=&#8220;58629&#8243; img_size=&#8220;large&#8220; alignment=&#8220;center&#8220; onclick=&#8220;img_link_large&#8220;]<\/p>\n","protected":false},"author":11,"featured_media":0,"parent":62337,"menu_order":0,"comment_status":"open","ping_status":"closed","template":"","meta":{"_joinchat":[],"footnotes":""},"class_list":["post-62443","page","type-page","status-publish","hentry"],"yoast_head":"<!-- This site is optimized with the Yoast SEO Premium plugin v27.4 (Yoast SEO v27.4) - https:\/\/yoast.com\/product\/yoast-seo-premium-wordpress\/ -->\n<title>Artikel \u00fcber schallabsorbierende Paneele f\u00fcr Heimkinos zusammengestellt<\/title>\n<meta name=\"description\" content=\"Auf dieser Seite haben wir Artikel \u00fcber schallabsorbierende Paneele f\u00fcr Heimkinos zusammengestellt\" \/>\n<meta name=\"robots\" content=\"index, follow, max-snippet:-1, max-image-preview:large, max-video-preview:-1\" \/>\n<link rel=\"canonical\" href=\"https:\/\/www.garvanacoustic.com\/de\/magazine\/akustikpaneele\/home-cinema\/\" \/>\n<meta property=\"og:locale\" content=\"de_DE\" \/>\n<meta property=\"og:type\" content=\"article\" \/>\n<meta property=\"og:title\" content=\"Home cinema\" \/>\n<meta property=\"og:description\" content=\"Auf dieser Seite haben wir Artikel \u00fcber schallabsorbierende Paneele f\u00fcr Heimkinos zusammengestellt\" \/>\n<meta property=\"og:url\" content=\"https:\/\/www.garvanacoustic.com\/de\/magazine\/akustikpaneele\/home-cinema\/\" \/>\n<meta property=\"og:site_name\" content=\"Garvan Acoustic\" \/>\n<meta property=\"article:publisher\" content=\"https:\/\/www.facebook.com\/garvanacoustic\" \/>\n<meta property=\"article:modified_time\" content=\"2023-10-30T11:10:47+00:00\" \/>\n<meta property=\"og:image\" content=\"https:\/\/www.garvanacoustic.com\/wp-content\/uploads\/2024\/07\/header-nwsl-garvan-e1759746705872.jpg\" \/>\n\t<meta property=\"og:image:width\" content=\"779\" \/>\n\t<meta property=\"og:image:height\" content=\"437\" \/>\n\t<meta property=\"og:image:type\" content=\"image\/jpeg\" \/>\n<meta name=\"twitter:card\" content=\"summary_large_image\" \/>\n<script type=\"application\/ld+json\" class=\"yoast-schema-graph\">{\"@context\":\"https:\\\/\\\/schema.org\",\"@graph\":[{\"@type\":\"WebPage\",\"@id\":\"https:\\\/\\\/www.garvanacoustic.com\\\/de\\\/magazine\\\/akustikpaneele\\\/home-cinema\\\/\",\"url\":\"https:\\\/\\\/www.garvanacoustic.com\\\/de\\\/magazine\\\/akustikpaneele\\\/home-cinema\\\/\",\"name\":\"Artikel \u00fcber schallabsorbierende Paneele f\u00fcr Heimkinos zusammengestellt\",\"isPartOf\":{\"@id\":\"https:\\\/\\\/www.garvanacoustic.com\\\/de\\\/#website\"},\"datePublished\":\"2023-02-21T17:42:50+00:00\",\"dateModified\":\"2023-10-30T11:10:47+00:00\",\"description\":\"Auf dieser Seite haben wir Artikel \u00fcber schallabsorbierende Paneele f\u00fcr Heimkinos zusammengestellt\",\"breadcrumb\":{\"@id\":\"https:\\\/\\\/www.garvanacoustic.com\\\/de\\\/magazine\\\/akustikpaneele\\\/home-cinema\\\/#breadcrumb\"},\"inLanguage\":\"de\",\"potentialAction\":[{\"@type\":\"ReadAction\",\"target\":[\"https:\\\/\\\/www.garvanacoustic.com\\\/de\\\/magazine\\\/akustikpaneele\\\/home-cinema\\\/\"]}]},{\"@type\":\"BreadcrumbList\",\"@id\":\"https:\\\/\\\/www.garvanacoustic.com\\\/de\\\/magazine\\\/akustikpaneele\\\/home-cinema\\\/#breadcrumb\",\"itemListElement\":[{\"@type\":\"ListItem\",\"position\":1,\"name\":\"Home\",\"item\":\"https:\\\/\\\/www.garvanacoustic.com\\\/de\\\/\"},{\"@type\":\"ListItem\",\"position\":2,\"name\":\"Magazine\",\"item\":\"https:\\\/\\\/www.garvanacoustic.com\\\/de\\\/magazine\\\/\"},{\"@type\":\"ListItem\",\"position\":3,\"name\":\"Artikel zu schallabsorbierenden Platten\",\"item\":\"https:\\\/\\\/www.garvanacoustic.com\\\/de\\\/magazine\\\/akustikpaneele\\\/\"},{\"@type\":\"ListItem\",\"position\":4,\"name\":\"Home cinema\"}]},{\"@type\":\"WebSite\",\"@id\":\"https:\\\/\\\/www.garvanacoustic.com\\\/de\\\/#website\",\"url\":\"https:\\\/\\\/www.garvanacoustic.com\\\/de\\\/\",\"name\":\"Garvan Acoustic\",\"description\":\"Diffusori e trattamento acustico: scopri la qualit\u00e0 del Made in Italy\",\"publisher\":{\"@id\":\"https:\\\/\\\/www.garvanacoustic.com\\\/de\\\/#organization\"},\"potentialAction\":[{\"@type\":\"SearchAction\",\"target\":{\"@type\":\"EntryPoint\",\"urlTemplate\":\"https:\\\/\\\/www.garvanacoustic.com\\\/de\\\/?s={search_term_string}\"},\"query-input\":{\"@type\":\"PropertyValueSpecification\",\"valueRequired\":true,\"valueName\":\"search_term_string\"}}],\"inLanguage\":\"de\"},{\"@type\":\"Organization\",\"@id\":\"https:\\\/\\\/www.garvanacoustic.com\\\/de\\\/#organization\",\"name\":\"Garvan Acoustic\",\"url\":\"https:\\\/\\\/www.garvanacoustic.com\\\/de\\\/\",\"logo\":{\"@type\":\"ImageObject\",\"inLanguage\":\"de\",\"@id\":\"https:\\\/\\\/www.garvanacoustic.com\\\/de\\\/#\\\/schema\\\/logo\\\/image\\\/\",\"url\":\"https:\\\/\\\/www.garvanacoustic.com\\\/wp-content\\\/uploads\\\/2018\\\/07\\\/garvan-acoustic-logo.png\",\"contentUrl\":\"https:\\\/\\\/www.garvanacoustic.com\\\/wp-content\\\/uploads\\\/2018\\\/07\\\/garvan-acoustic-logo.png\",\"width\":400,\"height\":161,\"caption\":\"Garvan Acoustic\"},\"image\":{\"@id\":\"https:\\\/\\\/www.garvanacoustic.com\\\/de\\\/#\\\/schema\\\/logo\\\/image\\\/\"},\"sameAs\":[\"https:\\\/\\\/www.facebook.com\\\/garvanacoustic\",\"https:\\\/\\\/www.instagram.com\\\/garvanacoustic\\\/\"],\"description\":\"Produttori di Diffusori Acustici e Pannelli Fonoassorbenti Made in Italy\",\"email\":\"garvan@garvanacoustic.com\",\"telephone\":\"0546 682097\"}]}<\/script>\n<!-- \/ Yoast SEO Premium plugin. -->","yoast_head_json":{"title":"Artikel \u00fcber schallabsorbierende Paneele f\u00fcr Heimkinos zusammengestellt","description":"Auf dieser Seite haben wir Artikel \u00fcber schallabsorbierende Paneele f\u00fcr Heimkinos zusammengestellt","robots":{"index":"index","follow":"follow","max-snippet":"max-snippet:-1","max-image-preview":"max-image-preview:large","max-video-preview":"max-video-preview:-1"},"canonical":"https:\/\/www.garvanacoustic.com\/de\/magazine\/akustikpaneele\/home-cinema\/","og_locale":"de_DE","og_type":"article","og_title":"Home cinema","og_description":"Auf dieser Seite haben wir Artikel \u00fcber schallabsorbierende Paneele f\u00fcr Heimkinos zusammengestellt","og_url":"https:\/\/www.garvanacoustic.com\/de\/magazine\/akustikpaneele\/home-cinema\/","og_site_name":"Garvan Acoustic","article_publisher":"https:\/\/www.facebook.com\/garvanacoustic","article_modified_time":"2023-10-30T11:10:47+00:00","og_image":[{"width":779,"height":437,"url":"https:\/\/www.garvanacoustic.com\/wp-content\/uploads\/2024\/07\/header-nwsl-garvan-e1759746705872.jpg","type":"image\/jpeg"}],"twitter_card":"summary_large_image","schema":{"@context":"https:\/\/schema.org","@graph":[{"@type":"WebPage","@id":"https:\/\/www.garvanacoustic.com\/de\/magazine\/akustikpaneele\/home-cinema\/","url":"https:\/\/www.garvanacoustic.com\/de\/magazine\/akustikpaneele\/home-cinema\/","name":"Artikel \u00fcber schallabsorbierende Paneele f\u00fcr Heimkinos zusammengestellt","isPartOf":{"@id":"https:\/\/www.garvanacoustic.com\/de\/#website"},"datePublished":"2023-02-21T17:42:50+00:00","dateModified":"2023-10-30T11:10:47+00:00","description":"Auf dieser Seite haben wir Artikel \u00fcber schallabsorbierende Paneele f\u00fcr Heimkinos zusammengestellt","breadcrumb":{"@id":"https:\/\/www.garvanacoustic.com\/de\/magazine\/akustikpaneele\/home-cinema\/#breadcrumb"},"inLanguage":"de","potentialAction":[{"@type":"ReadAction","target":["https:\/\/www.garvanacoustic.com\/de\/magazine\/akustikpaneele\/home-cinema\/"]}]},{"@type":"BreadcrumbList","@id":"https:\/\/www.garvanacoustic.com\/de\/magazine\/akustikpaneele\/home-cinema\/#breadcrumb","itemListElement":[{"@type":"ListItem","position":1,"name":"Home","item":"https:\/\/www.garvanacoustic.com\/de\/"},{"@type":"ListItem","position":2,"name":"Magazine","item":"https:\/\/www.garvanacoustic.com\/de\/magazine\/"},{"@type":"ListItem","position":3,"name":"Artikel zu schallabsorbierenden Platten","item":"https:\/\/www.garvanacoustic.com\/de\/magazine\/akustikpaneele\/"},{"@type":"ListItem","position":4,"name":"Home cinema"}]},{"@type":"WebSite","@id":"https:\/\/www.garvanacoustic.com\/de\/#website","url":"https:\/\/www.garvanacoustic.com\/de\/","name":"Garvan Acoustic","description":"Diffusori e trattamento acustico: scopri la qualit\u00e0 del Made in Italy","publisher":{"@id":"https:\/\/www.garvanacoustic.com\/de\/#organization"},"potentialAction":[{"@type":"SearchAction","target":{"@type":"EntryPoint","urlTemplate":"https:\/\/www.garvanacoustic.com\/de\/?s={search_term_string}"},"query-input":{"@type":"PropertyValueSpecification","valueRequired":true,"valueName":"search_term_string"}}],"inLanguage":"de"},{"@type":"Organization","@id":"https:\/\/www.garvanacoustic.com\/de\/#organization","name":"Garvan Acoustic","url":"https:\/\/www.garvanacoustic.com\/de\/","logo":{"@type":"ImageObject","inLanguage":"de","@id":"https:\/\/www.garvanacoustic.com\/de\/#\/schema\/logo\/image\/","url":"https:\/\/www.garvanacoustic.com\/wp-content\/uploads\/2018\/07\/garvan-acoustic-logo.png","contentUrl":"https:\/\/www.garvanacoustic.com\/wp-content\/uploads\/2018\/07\/garvan-acoustic-logo.png","width":400,"height":161,"caption":"Garvan Acoustic"},"image":{"@id":"https:\/\/www.garvanacoustic.com\/de\/#\/schema\/logo\/image\/"},"sameAs":["https:\/\/www.facebook.com\/garvanacoustic","https:\/\/www.instagram.com\/garvanacoustic\/"],"description":"Produttori di Diffusori Acustici e Pannelli Fonoassorbenti Made in Italy","email":"garvan@garvanacoustic.com","telephone":"0546 682097"}]}},"_links":{"self":[{"href":"https:\/\/www.garvanacoustic.com\/de\/wp-json\/wp\/v2\/pages\/62443","targetHints":{"allow":["GET"]}}],"collection":[{"href":"https:\/\/www.garvanacoustic.com\/de\/wp-json\/wp\/v2\/pages"}],"about":[{"href":"https:\/\/www.garvanacoustic.com\/de\/wp-json\/wp\/v2\/types\/page"}],"author":[{"embeddable":true,"href":"https:\/\/www.garvanacoustic.com\/de\/wp-json\/wp\/v2\/users\/11"}],"replies":[{"embeddable":true,"href":"https:\/\/www.garvanacoustic.com\/de\/wp-json\/wp\/v2\/comments?post=62443"}],"version-history":[{"count":1,"href":"https:\/\/www.garvanacoustic.com\/de\/wp-json\/wp\/v2\/pages\/62443\/revisions"}],"predecessor-version":[{"id":62446,"href":"https:\/\/www.garvanacoustic.com\/de\/wp-json\/wp\/v2\/pages\/62443\/revisions\/62446"}],"up":[{"embeddable":true,"href":"https:\/\/www.garvanacoustic.com\/de\/wp-json\/wp\/v2\/pages\/62337"}],"wp:attachment":[{"href":"https:\/\/www.garvanacoustic.com\/de\/wp-json\/wp\/v2\/media?parent=62443"}],"curies":[{"name":"wp","href":"https:\/\/api.w.org\/{rel}","templated":true}]}}