{"id":63156,"date":"2023-11-06T10:35:49","date_gmt":"2023-11-06T09:35:49","guid":{"rendered":"https:\/\/www.garvanacoustic.com\/outdoor\/"},"modified":"2025-09-01T12:26:33","modified_gmt":"2025-09-01T10:26:33","slug":"outdoor","status":"publish","type":"page","link":"https:\/\/www.garvanacoustic.com\/de\/loesungen\/outdoor\/","title":{"rendered":"Outdoor"},"content":{"rendered":"<section class=\"padding-one sm-padding-one xs-padding-one\"><div class=\"container\"><div class=\"row\"><div class=\"wpb_column hcode-column-container vc_col-sm-12 col-xs-mobile-fullwidth\" data-front-class=\"col-xs-mobile-fullwidth\"><div class=\"vc-column-innner-wrapper\">[vc_wp_text]\r\n<h1>Outdoor-L\u00f6sungen<\/h1>\r\nErleben Sie ein <strong>\u00fcberlegenes Audioerlebnis<\/strong> im <strong>Freien<\/strong> mit den <strong>Outdoor-L\u00f6sungen<\/strong> von <strong>Garvan Acoustic<\/strong>. Ob Sie die <strong>prestigetr\u00e4chtige Gold-Klasse<\/strong>, die <strong>vielseitige Silver-Klasse<\/strong> oder die <strong>funktionale Bronze-Klasse<\/strong> ausw\u00e4hlen, sind alle unsere L\u00f6sungen speziell dazu <strong>entwickelt<\/strong> worden, um sich in Ihren <strong>Au\u00dferbereichen<\/strong> perfekt einzuf\u00fcgen und ein <strong>qualitativ hochwertiges Audio<\/strong> sowie gute <strong>Witterungsbest\u00e4ndigkeit<\/strong> zu bieten. Unsere <strong>Outdoor-L\u00f6sungen<\/strong> sind ideal f\u00fcr <strong>G\u00e4rten<\/strong>, <strong>Terrassen<\/strong> und <strong>Swimming-Pools<\/strong> und bereichern jedes Moment im <strong>Freien<\/strong> mit einem <strong>perfekten und immersiven Klang<\/strong>.[\/vc_wp_text]<\/div><\/div><\/div><\/div><\/section><section class=\"padding-one sm-padding-one xs-padding-one\"><div class=\"container\"><div class=\"row\"><div class=\"wpb_column hcode-column-container vc_col-sm-12 col-xs-mobile-fullwidth\" data-front-class=\"col-xs-mobile-fullwidth\"><div class=\"vc-column-innner-wrapper\">[vc_wp_text]<div data-post-id=\"76614\" class=\"insert-page insert-page-76614 \"><style type=\"text\/css\" data-type=\"vc_custom-css\">.soluzioni {   \r\n    \r\n    display: flex;\r\n    flex-direction: row;\r\n    align-items: center;\r\n}\r\n\r\n.soluzioni_bg {\r\n    background: #e3e3e3;\r\n    border-radius: 20px;\r\n}\r\n\r\n.row {\r\n    padding-top:10px;\r\n    padding-bottom:10px;\r\n}\r\n\r\n.wpb_single_image .vc_single_image-wrapper.vc_box_rounded, .wpb_single_image .vc_single_image-wrapper.vc_box_rounded img {\r\n    border-radius: 20px;\r\n    border-style: solid;\r\n}\r\n\r\n.wpb_single_image img {\r\n    margin-bottom: 0px !important;\r\n    border-radius: 20px;\r\n}\r\n\r\n\/* CTA *\/\r\n.vc_general.vc_cta3.vc_cta3-color-grey.vc_cta3-style-flat {\r\n    color: #000000;\r\n    border: solid 1px black;\r\n}\r\n\r\n.vc_general.vc_cta3.vc_cta3-style-flat .vc_cta3-content-header h2, .vc_general.vc_cta3.vc_cta3-style-flat .vc_cta3-content-header h4 {\r\n    color: #303030;\r\n    font-weight: 600;\r\n}\r\n\r\n.vc_btn3.vc_btn3-color-inverse.vc_btn3-style-modern {\r\n    color: #020202;\r\n    border-color: #555;\r\n    background-color: #f2cf7e;\r\n    \r\n}\r\n\r\n.vc_btn3.vc_btn3-size-md {\r\n    font-size: 16px;\r\n    font-weight: 600;}<\/style><section class=\"padding-one sm-padding-one xs-padding-one\"><div class=\"container\"><div class=\"row\"><div class=\"wpb_column hcode-column-container vc_col-sm-12 col-xs-mobile-fullwidth\" data-front-class=\"col-xs-mobile-fullwidth\"><div class=\"vc-column-innner-wrapper\">[vc_wp_text]\r\n<h1>Outdoor-L\u00f6sungen<\/h1>\r\nErleben Sie ein <strong>\u00fcberlegenes Audioerlebnis<\/strong> im <strong>Freien<\/strong> mit den <strong>Outdoor-L\u00f6sungen<\/strong> von <strong>Garvan Acoustic<\/strong>. Ob Sie die <strong>prestigetr\u00e4chtige Gold-Klasse<\/strong>, die <strong>vielseitige Silver-Klasse<\/strong> oder die <strong>funktionale Bronze-Klasse<\/strong> ausw\u00e4hlen, sind alle unsere L\u00f6sungen speziell dazu <strong>entwickelt<\/strong> worden, um sich in Ihren <strong>Au\u00dferbereichen<\/strong> perfekt einzuf\u00fcgen und ein <strong>qualitativ hochwertiges Audio<\/strong> sowie gute <strong>Witterungsbest\u00e4ndigkeit<\/strong> zu bieten. Unsere <strong>Outdoor-L\u00f6sungen<\/strong> sind ideal f\u00fcr <strong>G\u00e4rten<\/strong>, <strong>Terrassen<\/strong> und <strong>Swimming-Pools<\/strong> und bereichern jedes Moment im <strong>Freien<\/strong> mit einem <strong>perfekten und immersiven Klang<\/strong>.[\/vc_wp_text]<\/div><\/div><\/div><\/div><\/section><section class=\"padding-one sm-padding-one xs-padding-one\"><div class=\"container\"><div class=\"row\"><div class=\"wpb_column hcode-column-container vc_col-sm-12 col-xs-mobile-fullwidth\" data-front-class=\"col-xs-mobile-fullwidth\"><div class=\"vc-column-innner-wrapper\">[vc_wp_text][\/vc_wp_text]<\/div><\/div><\/div><\/div><\/section><section class=\"soluzioni padding-one\"><div class=\"container\"><div class=\"row\"><div class=\"wpb_column hcode-column-container vc_col-sm-9 col-xs-mobile-fullwidth\" data-front-class=\"col-xs-mobile-fullwidth\"><div class=\"vc-column-innner-wrapper\">[vc_cta h2=\"SIE SUCHEN NACH EINER ANDEREN L\u00d6SUNG?\" h4=\"Kein Problem, lassen Sie uns diese gemeinsam entwickeln!\" txt_align=\"center\" style=\"flat\" color=\"grey\" add_button=\"right\" btn_title=\"Schreiben Sie uns\" btn_color=\"inverse\" btn_link=\"url:mailto%3Agarvan%40garvanacoustic.com\" css=\".vc_custom_1701163733069{border-radius: 20px !important;}\"]Wenn Sie andere Anforderungen als die von uns vorgeschlagenen haben, schicken Sie uns eine E-Mail oder rufen Sie uns an, um Ihr Projekt zu besprechen. Wir finden die beste L\u00f6sung f\u00fcr Sie.[\/vc_cta]<\/div><\/div><div class=\"wpb_column hcode-column-container vc_col-sm-3 col-xs-mobile-fullwidth\" data-front-class=\"col-xs-mobile-fullwidth\"><div class=\"vc-column-innner-wrapper\"><\/div><\/div><\/div><\/div><\/section><\/div>[\/vc_wp_text]<\/div><\/div><\/div><\/div><\/section><section class=\"soluzioni padding-one\"><div class=\"container\"><div class=\"row\"><div class=\"wpb_column hcode-column-container vc_col-sm-9 col-xs-mobile-fullwidth\" data-front-class=\"col-xs-mobile-fullwidth\"><div class=\"vc-column-innner-wrapper\">[vc_cta h2=\"SIE SUCHEN NACH EINER ANDEREN L\u00d6SUNG?\" h4=\"Kein Problem, lassen Sie uns diese gemeinsam entwickeln!\" txt_align=\"center\" style=\"flat\" color=\"grey\" add_button=\"right\" btn_title=\"Schreiben Sie uns\" btn_color=\"inverse\" btn_link=\"url:mailto%3Agarvan%40garvanacoustic.com\" css=\".vc_custom_1701163733069{border-radius: 20px !important;}\"]Wenn Sie andere Anforderungen als die von uns vorgeschlagenen haben, schicken Sie uns eine E-Mail oder rufen Sie uns an, um Ihr Projekt zu besprechen. Wir finden die beste L\u00f6sung f\u00fcr Sie.[\/vc_cta]<\/div><\/div><div class=\"wpb_column hcode-column-container vc_col-sm-3 col-xs-mobile-fullwidth\" data-front-class=\"col-xs-mobile-fullwidth\"><div class=\"vc-column-innner-wrapper\"><\/div><\/div><\/div><\/div><\/section>","protected":false},"excerpt":{"rendered":"<p>[vc_wp_text] Outdoor-L\u00f6sungen Erleben Sie ein \u00fcberlegenes Audioerlebnis im Freien mit den Outdoor-L\u00f6sungen von Garvan Acoustic. Ob Sie die prestigetr\u00e4chtige Gold-Klasse, die vielseitige Silver-Klasse oder die funktionale Bronze-Klasse ausw\u00e4hlen, sind alle unsere L\u00f6sungen speziell dazu entwickelt worden, um sich in Ihren Au\u00dferbereichen perfekt einzuf\u00fcgen und ein qualitativ hochwertiges Audio sowie gute Witterungsbest\u00e4ndigkeit zu bieten. Unsere Outdoor-L\u00f6sungen [&hellip;]<\/p>\n","protected":false},"author":11,"featured_media":62792,"parent":63168,"menu_order":90,"comment_status":"open","ping_status":"closed","template":"","meta":{"_joinchat":[],"footnotes":""},"class_list":["post-63156","page","type-page","status-publish","has-post-thumbnail","hentry"],"yoast_head":"<!-- This site is optimized with the Yoast SEO Premium plugin v27.4 (Yoast SEO v27.4) - https:\/\/yoast.com\/product\/yoast-seo-premium-wordpress\/ -->\n<title>Ma\u00dfgeschneiderte Outdoor-L\u00f6sungen \u2013 Garvan Acoustic<\/title>\n<meta name=\"description\" content=\"Entdecken Sie die ma\u00dfgeschneiderten Outdoor-L\u00f6sungen von Garvan Acoustic. Hochwertige Audiopakete f\u00fcr ein einwandfreies Erlebnis in Ihrem Garten\" \/>\n<meta name=\"robots\" content=\"index, follow, max-snippet:-1, max-image-preview:large, max-video-preview:-1\" \/>\n<link rel=\"canonical\" href=\"https:\/\/www.garvanacoustic.com\/de\/loesungen\/outdoor\/\" \/>\n<meta property=\"og:locale\" content=\"de_DE\" \/>\n<meta property=\"og:type\" content=\"article\" \/>\n<meta property=\"og:title\" content=\"Outdoor\" \/>\n<meta property=\"og:description\" content=\"Entdecken Sie die ma\u00dfgeschneiderten Outdoor-L\u00f6sungen von Garvan Acoustic. Hochwertige Audiopakete f\u00fcr ein einwandfreies Erlebnis in Ihrem Garten\" \/>\n<meta property=\"og:url\" content=\"https:\/\/www.garvanacoustic.com\/de\/loesungen\/outdoor\/\" \/>\n<meta property=\"og:site_name\" content=\"Garvan Acoustic\" \/>\n<meta property=\"article:publisher\" content=\"https:\/\/www.facebook.com\/garvanacoustic\" \/>\n<meta property=\"article:modified_time\" content=\"2025-09-01T10:26:33+00:00\" \/>\n<meta property=\"og:image\" content=\"https:\/\/www.garvanacoustic.com\/wp-content\/uploads\/2023\/11\/Outdoor-360-floor-bronze-2.jpg\" \/>\n\t<meta property=\"og:image:width\" content=\"1175\" \/>\n\t<meta property=\"og:image:height\" content=\"660\" \/>\n\t<meta property=\"og:image:type\" content=\"image\/jpeg\" \/>\n<meta name=\"twitter:card\" content=\"summary_large_image\" \/>\n<meta name=\"twitter:label1\" content=\"Gesch\u00e4tzte Lesezeit\" \/>\n\t<meta name=\"twitter:data1\" content=\"1\u00a0Minute\" \/>\n<script type=\"application\/ld+json\" class=\"yoast-schema-graph\">{\"@context\":\"https:\\\/\\\/schema.org\",\"@graph\":[{\"@type\":\"WebPage\",\"@id\":\"https:\\\/\\\/www.garvanacoustic.com\\\/de\\\/loesungen\\\/outdoor\\\/\",\"url\":\"https:\\\/\\\/www.garvanacoustic.com\\\/de\\\/loesungen\\\/outdoor\\\/\",\"name\":\"Ma\u00dfgeschneiderte Outdoor-L\u00f6sungen \u2013 Garvan Acoustic\",\"isPartOf\":{\"@id\":\"https:\\\/\\\/www.garvanacoustic.com\\\/de\\\/#website\"},\"primaryImageOfPage\":{\"@id\":\"https:\\\/\\\/www.garvanacoustic.com\\\/de\\\/loesungen\\\/outdoor\\\/#primaryimage\"},\"image\":{\"@id\":\"https:\\\/\\\/www.garvanacoustic.com\\\/de\\\/loesungen\\\/outdoor\\\/#primaryimage\"},\"thumbnailUrl\":\"https:\\\/\\\/www.garvanacoustic.com\\\/wp-content\\\/uploads\\\/2023\\\/11\\\/Outdoor-360-floor-bronze-2.jpg\",\"datePublished\":\"2023-11-06T09:35:49+00:00\",\"dateModified\":\"2025-09-01T10:26:33+00:00\",\"description\":\"Entdecken Sie die ma\u00dfgeschneiderten Outdoor-L\u00f6sungen von Garvan Acoustic. Hochwertige Audiopakete f\u00fcr ein einwandfreies Erlebnis in Ihrem Garten\",\"breadcrumb\":{\"@id\":\"https:\\\/\\\/www.garvanacoustic.com\\\/de\\\/loesungen\\\/outdoor\\\/#breadcrumb\"},\"inLanguage\":\"de\",\"potentialAction\":[{\"@type\":\"ReadAction\",\"target\":[\"https:\\\/\\\/www.garvanacoustic.com\\\/de\\\/loesungen\\\/outdoor\\\/\"]}]},{\"@type\":\"ImageObject\",\"inLanguage\":\"de\",\"@id\":\"https:\\\/\\\/www.garvanacoustic.com\\\/de\\\/loesungen\\\/outdoor\\\/#primaryimage\",\"url\":\"https:\\\/\\\/www.garvanacoustic.com\\\/wp-content\\\/uploads\\\/2023\\\/11\\\/Outdoor-360-floor-bronze-2.jpg\",\"contentUrl\":\"https:\\\/\\\/www.garvanacoustic.com\\\/wp-content\\\/uploads\\\/2023\\\/11\\\/Outdoor-360-floor-bronze-2.jpg\",\"width\":1175,\"height\":660},{\"@type\":\"BreadcrumbList\",\"@id\":\"https:\\\/\\\/www.garvanacoustic.com\\\/de\\\/loesungen\\\/outdoor\\\/#breadcrumb\",\"itemListElement\":[{\"@type\":\"ListItem\",\"position\":1,\"name\":\"Home\",\"item\":\"https:\\\/\\\/www.garvanacoustic.com\\\/de\\\/\"},{\"@type\":\"ListItem\",\"position\":2,\"name\":\"Garvan Acoustic L\u00f6sungen\",\"item\":\"https:\\\/\\\/www.garvanacoustic.com\\\/de\\\/loesungen\\\/\"},{\"@type\":\"ListItem\",\"position\":3,\"name\":\"Outdoor\"}]},{\"@type\":\"WebSite\",\"@id\":\"https:\\\/\\\/www.garvanacoustic.com\\\/de\\\/#website\",\"url\":\"https:\\\/\\\/www.garvanacoustic.com\\\/de\\\/\",\"name\":\"Garvan Acoustic\",\"description\":\"Diffusori e trattamento acustico: scopri la qualit\u00e0 del Made in Italy\",\"publisher\":{\"@id\":\"https:\\\/\\\/www.garvanacoustic.com\\\/de\\\/#organization\"},\"potentialAction\":[{\"@type\":\"SearchAction\",\"target\":{\"@type\":\"EntryPoint\",\"urlTemplate\":\"https:\\\/\\\/www.garvanacoustic.com\\\/de\\\/?s={search_term_string}\"},\"query-input\":{\"@type\":\"PropertyValueSpecification\",\"valueRequired\":true,\"valueName\":\"search_term_string\"}}],\"inLanguage\":\"de\"},{\"@type\":\"Organization\",\"@id\":\"https:\\\/\\\/www.garvanacoustic.com\\\/de\\\/#organization\",\"name\":\"Garvan Acoustic\",\"url\":\"https:\\\/\\\/www.garvanacoustic.com\\\/de\\\/\",\"logo\":{\"@type\":\"ImageObject\",\"inLanguage\":\"de\",\"@id\":\"https:\\\/\\\/www.garvanacoustic.com\\\/de\\\/#\\\/schema\\\/logo\\\/image\\\/\",\"url\":\"https:\\\/\\\/www.garvanacoustic.com\\\/wp-content\\\/uploads\\\/2018\\\/07\\\/garvan-acoustic-logo.png\",\"contentUrl\":\"https:\\\/\\\/www.garvanacoustic.com\\\/wp-content\\\/uploads\\\/2018\\\/07\\\/garvan-acoustic-logo.png\",\"width\":400,\"height\":161,\"caption\":\"Garvan Acoustic\"},\"image\":{\"@id\":\"https:\\\/\\\/www.garvanacoustic.com\\\/de\\\/#\\\/schema\\\/logo\\\/image\\\/\"},\"sameAs\":[\"https:\\\/\\\/www.facebook.com\\\/garvanacoustic\",\"https:\\\/\\\/www.instagram.com\\\/garvanacoustic\\\/\"],\"description\":\"Produttori di Diffusori Acustici e Pannelli Fonoassorbenti Made in Italy\",\"email\":\"garvan@garvanacoustic.com\",\"telephone\":\"0546 682097\"}]}<\/script>\n<!-- \/ Yoast SEO Premium plugin. -->","yoast_head_json":{"title":"Ma\u00dfgeschneiderte Outdoor-L\u00f6sungen \u2013 Garvan Acoustic","description":"Entdecken Sie die ma\u00dfgeschneiderten Outdoor-L\u00f6sungen von Garvan Acoustic. Hochwertige Audiopakete f\u00fcr ein einwandfreies Erlebnis in Ihrem Garten","robots":{"index":"index","follow":"follow","max-snippet":"max-snippet:-1","max-image-preview":"max-image-preview:large","max-video-preview":"max-video-preview:-1"},"canonical":"https:\/\/www.garvanacoustic.com\/de\/loesungen\/outdoor\/","og_locale":"de_DE","og_type":"article","og_title":"Outdoor","og_description":"Entdecken Sie die ma\u00dfgeschneiderten Outdoor-L\u00f6sungen von Garvan Acoustic. Hochwertige Audiopakete f\u00fcr ein einwandfreies Erlebnis in Ihrem Garten","og_url":"https:\/\/www.garvanacoustic.com\/de\/loesungen\/outdoor\/","og_site_name":"Garvan Acoustic","article_publisher":"https:\/\/www.facebook.com\/garvanacoustic","article_modified_time":"2025-09-01T10:26:33+00:00","og_image":[{"width":1175,"height":660,"url":"https:\/\/www.garvanacoustic.com\/wp-content\/uploads\/2023\/11\/Outdoor-360-floor-bronze-2.jpg","type":"image\/jpeg"}],"twitter_card":"summary_large_image","twitter_misc":{"Gesch\u00e4tzte Lesezeit":"1\u00a0Minute"},"schema":{"@context":"https:\/\/schema.org","@graph":[{"@type":"WebPage","@id":"https:\/\/www.garvanacoustic.com\/de\/loesungen\/outdoor\/","url":"https:\/\/www.garvanacoustic.com\/de\/loesungen\/outdoor\/","name":"Ma\u00dfgeschneiderte Outdoor-L\u00f6sungen \u2013 Garvan Acoustic","isPartOf":{"@id":"https:\/\/www.garvanacoustic.com\/de\/#website"},"primaryImageOfPage":{"@id":"https:\/\/www.garvanacoustic.com\/de\/loesungen\/outdoor\/#primaryimage"},"image":{"@id":"https:\/\/www.garvanacoustic.com\/de\/loesungen\/outdoor\/#primaryimage"},"thumbnailUrl":"https:\/\/www.garvanacoustic.com\/wp-content\/uploads\/2023\/11\/Outdoor-360-floor-bronze-2.jpg","datePublished":"2023-11-06T09:35:49+00:00","dateModified":"2025-09-01T10:26:33+00:00","description":"Entdecken Sie die ma\u00dfgeschneiderten Outdoor-L\u00f6sungen von Garvan Acoustic. Hochwertige Audiopakete f\u00fcr ein einwandfreies Erlebnis in Ihrem Garten","breadcrumb":{"@id":"https:\/\/www.garvanacoustic.com\/de\/loesungen\/outdoor\/#breadcrumb"},"inLanguage":"de","potentialAction":[{"@type":"ReadAction","target":["https:\/\/www.garvanacoustic.com\/de\/loesungen\/outdoor\/"]}]},{"@type":"ImageObject","inLanguage":"de","@id":"https:\/\/www.garvanacoustic.com\/de\/loesungen\/outdoor\/#primaryimage","url":"https:\/\/www.garvanacoustic.com\/wp-content\/uploads\/2023\/11\/Outdoor-360-floor-bronze-2.jpg","contentUrl":"https:\/\/www.garvanacoustic.com\/wp-content\/uploads\/2023\/11\/Outdoor-360-floor-bronze-2.jpg","width":1175,"height":660},{"@type":"BreadcrumbList","@id":"https:\/\/www.garvanacoustic.com\/de\/loesungen\/outdoor\/#breadcrumb","itemListElement":[{"@type":"ListItem","position":1,"name":"Home","item":"https:\/\/www.garvanacoustic.com\/de\/"},{"@type":"ListItem","position":2,"name":"Garvan Acoustic L\u00f6sungen","item":"https:\/\/www.garvanacoustic.com\/de\/loesungen\/"},{"@type":"ListItem","position":3,"name":"Outdoor"}]},{"@type":"WebSite","@id":"https:\/\/www.garvanacoustic.com\/de\/#website","url":"https:\/\/www.garvanacoustic.com\/de\/","name":"Garvan Acoustic","description":"Diffusori e trattamento acustico: scopri la qualit\u00e0 del Made in Italy","publisher":{"@id":"https:\/\/www.garvanacoustic.com\/de\/#organization"},"potentialAction":[{"@type":"SearchAction","target":{"@type":"EntryPoint","urlTemplate":"https:\/\/www.garvanacoustic.com\/de\/?s={search_term_string}"},"query-input":{"@type":"PropertyValueSpecification","valueRequired":true,"valueName":"search_term_string"}}],"inLanguage":"de"},{"@type":"Organization","@id":"https:\/\/www.garvanacoustic.com\/de\/#organization","name":"Garvan Acoustic","url":"https:\/\/www.garvanacoustic.com\/de\/","logo":{"@type":"ImageObject","inLanguage":"de","@id":"https:\/\/www.garvanacoustic.com\/de\/#\/schema\/logo\/image\/","url":"https:\/\/www.garvanacoustic.com\/wp-content\/uploads\/2018\/07\/garvan-acoustic-logo.png","contentUrl":"https:\/\/www.garvanacoustic.com\/wp-content\/uploads\/2018\/07\/garvan-acoustic-logo.png","width":400,"height":161,"caption":"Garvan Acoustic"},"image":{"@id":"https:\/\/www.garvanacoustic.com\/de\/#\/schema\/logo\/image\/"},"sameAs":["https:\/\/www.facebook.com\/garvanacoustic","https:\/\/www.instagram.com\/garvanacoustic\/"],"description":"Produttori di Diffusori Acustici e Pannelli Fonoassorbenti Made in Italy","email":"garvan@garvanacoustic.com","telephone":"0546 682097"}]}},"_links":{"self":[{"href":"https:\/\/www.garvanacoustic.com\/de\/wp-json\/wp\/v2\/pages\/63156","targetHints":{"allow":["GET"]}}],"collection":[{"href":"https:\/\/www.garvanacoustic.com\/de\/wp-json\/wp\/v2\/pages"}],"about":[{"href":"https:\/\/www.garvanacoustic.com\/de\/wp-json\/wp\/v2\/types\/page"}],"author":[{"embeddable":true,"href":"https:\/\/www.garvanacoustic.com\/de\/wp-json\/wp\/v2\/users\/11"}],"replies":[{"embeddable":true,"href":"https:\/\/www.garvanacoustic.com\/de\/wp-json\/wp\/v2\/comments?post=63156"}],"version-history":[{"count":10,"href":"https:\/\/www.garvanacoustic.com\/de\/wp-json\/wp\/v2\/pages\/63156\/revisions"}],"predecessor-version":[{"id":76826,"href":"https:\/\/www.garvanacoustic.com\/de\/wp-json\/wp\/v2\/pages\/63156\/revisions\/76826"}],"up":[{"embeddable":true,"href":"https:\/\/www.garvanacoustic.com\/de\/wp-json\/wp\/v2\/pages\/63168"}],"wp:featuredmedia":[{"embeddable":true,"href":"https:\/\/www.garvanacoustic.com\/de\/wp-json\/wp\/v2\/media\/62792"}],"wp:attachment":[{"href":"https:\/\/www.garvanacoustic.com\/de\/wp-json\/wp\/v2\/media?parent=63156"}],"curies":[{"name":"wp","href":"https:\/\/api.w.org\/{rel}","templated":true}]}}