{"id":72615,"date":"2024-11-19T10:54:14","date_gmt":"2024-11-19T09:54:14","guid":{"rendered":"https:\/\/www.garvanacoustic.com\/estendi-garanzia\/"},"modified":"2024-11-21T15:26:16","modified_gmt":"2024-11-21T14:26:16","slug":"garantie-verlaengern","status":"publish","type":"page","link":"https:\/\/www.garvanacoustic.com\/de\/garantie-verlaengern\/","title":{"rendered":"Garantie verl\u00e4ngern"},"content":{"rendered":"<section class=\" vc_custom_1666688843194 padding-two sm-padding-two xs-padding-two\"><div class=\"container\"><div class=\"row\"><div class=\"wpb_column hcode-column-container  col-xs-mobile-fullwidth\" data-front-class=\"col-xs-mobile-fullwidth front-column-class\"><div class=\"vc-column-innner-wrapper\"><h1>5 Jahre Vollgarantie<\/h1>\n<p>Verl\u00e4ngern Sie Ihre Garvan-Garantie kostenlos: 3 Jahre inklusive, mit der M\u00f6glichkeit, 2 weitere Jahre ohne zus\u00e4tzliche Kosten hinzuzuf\u00fcgen.<\/p>\n\n<div class=\"wpcf7 no-js\" id=\"wpcf7-f72612-o1\" lang=\"it-IT\" dir=\"ltr\" data-wpcf7-id=\"72612\">\n<div class=\"screen-reader-response\"><p role=\"status\" aria-live=\"polite\" aria-atomic=\"true\"><\/p> <ul><\/ul><\/div>\n<form action=\"\/de\/wp-json\/wp\/v2\/pages\/72615#wpcf7-f72612-o1\" method=\"post\" class=\"wpcf7-form init wpcf7-acceptance-as-validation cf7mls-no-scroll cf7mls-no-moving-animation\" aria-label=\"Modulo di contatto\" enctype=\"multipart\/form-data\" novalidate=\"novalidate\" data-status=\"init\">\n<fieldset class=\"hidden-fields-container\"><input type=\"hidden\" name=\"_wpcf7\" value=\"72612\" \/><input type=\"hidden\" name=\"_wpcf7_version\" value=\"6.1.5\" \/><input type=\"hidden\" name=\"_wpcf7_locale\" value=\"it_IT\" \/><input type=\"hidden\" name=\"_wpcf7_unit_tag\" value=\"wpcf7-f72612-o1\" \/><input type=\"hidden\" name=\"_wpcf7_container_post\" value=\"0\" \/><input type=\"hidden\" name=\"_wpcf7_posted_data_hash\" value=\"\" \/><input type=\"hidden\" name=\"_wpcf7_recaptcha_response\" value=\"\" \/>\n<\/fieldset>\n<div style=\"width:70%\">\n\t<p><strong> IHRE KONTAKTDATEN<\/strong><br \/>\n<span class=\"wpcf7-form-control-wrap\" data-name=\"your-name\"><input size=\"40\" maxlength=\"400\" class=\"wpcf7-form-control wpcf7-text wpcf7-validates-as-required\" aria-required=\"true\" aria-invalid=\"false\" placeholder=\"Nome e Cognome*\" value=\"\" type=\"text\" name=\"your-name\" \/><\/span><span class=\"wpcf7-form-control-wrap\" data-name=\"email\"><input size=\"40\" maxlength=\"400\" class=\"wpcf7-form-control wpcf7-email wpcf7-validates-as-required wpcf7-text wpcf7-validates-as-email\" aria-required=\"true\" aria-invalid=\"false\" placeholder=\"E-mail*\" value=\"\" type=\"email\" name=\"email\" \/><\/span><span class=\"wpcf7-form-control-wrap\" data-name=\"tel\"><input size=\"40\" maxlength=\"400\" class=\"wpcf7-form-control wpcf7-tel wpcf7-text wpcf7-validates-as-tel\" aria-invalid=\"false\" placeholder=\"Telefono\" value=\"\" type=\"tel\" name=\"tel\" \/><\/span><span class=\"wpcf7-form-control-wrap\" data-name=\"nazione\"><input size=\"40\" maxlength=\"400\" class=\"wpcf7-form-control wpcf7-text wpcf7-validates-as-required\" aria-required=\"true\" aria-invalid=\"false\" placeholder=\"Nazione*\" value=\"\" type=\"text\" name=\"nazione\" \/><\/span>\n\t<\/p>\n\t<p><strong>IHR SYSTEM<\/strong><br \/>\nPRODUKT (EIN ODER MEHR PRODUKTE)* <span class=\"wpcf7-form-control-wrap\" data-name=\"modello-prodotti\"><span class=\"wpcf7-form-control wpcf7-checkbox wpcf7-validates-as-required\"><span class=\"wpcf7-list-item first\"><label><input type=\"checkbox\" name=\"modello-prodotti[]\" value=\"Lautsprecher\" \/><span class=\"wpcf7-list-item-label\">Lautsprecher<\/span><\/label><\/span><span class=\"wpcf7-list-item last\"><label><input type=\"checkbox\" name=\"modello-prodotti[]\" value=\"Akustikpaneele\" \/><span class=\"wpcf7-list-item-label\">Akustikpaneele<\/span><\/label><\/span><\/span><\/span>\n\t<\/p>\n\t<p>INSTALLATIONSDATEN<br \/>\n<span class=\"wpcf7-form-control-wrap\" data-name=\"codice-registrazione\"><input size=\"40\" maxlength=\"400\" class=\"wpcf7-form-control wpcf7-text wpcf7-validates-as-required\" aria-required=\"true\" aria-invalid=\"false\" placeholder=\"REGISTRATION CODE*\" value=\"\" type=\"text\" name=\"codice-registrazione\" \/><\/span><span class=\"wpcf7-form-control-wrap\" data-name=\"mese-installazione\"><select class=\"wpcf7-form-control wpcf7-select wpcf7-validates-as-required\" aria-required=\"true\" aria-invalid=\"false\" name=\"mese-installazione\"><option value=\"\">-Monat*-<\/option><option value=\"1\">1<\/option><option value=\"2\">2<\/option><option value=\"3\">3<\/option><option value=\"4\">4<\/option><option value=\"5\">5<\/option><option value=\"6\">6<\/option><option value=\"7\">7<\/option><option value=\"8\">8<\/option><option value=\"9\">9<\/option><option value=\"10\">10<\/option><option value=\"11\">11<\/option><option value=\"12\">12<\/option><\/select><\/span><span class=\"wpcf7-form-control-wrap\" data-name=\"anno-installazione\"><input size=\"40\" maxlength=\"400\" class=\"wpcf7-form-control wpcf7-text wpcf7-validates-as-required\" aria-required=\"true\" aria-invalid=\"false\" placeholder=\"-Jahr*-\" value=\"\" type=\"text\" name=\"anno-installazione\" \/><\/span><span class=\"wpcf7-form-control-wrap\" data-name=\"citta\"><input size=\"40\" maxlength=\"400\" class=\"wpcf7-form-control wpcf7-text wpcf7-validates-as-required\" aria-required=\"true\" aria-invalid=\"false\" placeholder=\"STADT*\" value=\"\" type=\"text\" name=\"citta\" \/><\/span><span class=\"wpcf7-form-control-wrap\" data-name=\"cap\"><input size=\"40\" maxlength=\"400\" class=\"wpcf7-form-control wpcf7-text wpcf7-validates-as-required\" aria-required=\"true\" aria-invalid=\"false\" placeholder=\"CAP*\" value=\"\" type=\"text\" name=\"cap\" \/><\/span><span class=\"wpcf7-form-control-wrap\" data-name=\"installatore-rivenditore\"><input size=\"40\" maxlength=\"400\" class=\"wpcf7-form-control wpcf7-text wpcf7-validates-as-required\" aria-required=\"true\" aria-invalid=\"false\" placeholder=\"NAME INSTALLATEUR\/H\u00c4NDLER*\" value=\"\" type=\"text\" name=\"installatore-rivenditore\" \/><\/span>\n\t<\/p>\n\t<p><strong>VERL\u00c4NGERUNGSOPTION <\/strong><br \/>\nW\u00e4hlen Sie die gew\u00fcnschte Option\n\t<\/p>\n\t<div >\n\t\t<p><span class=\"wpcf7-form-control-wrap\" data-name=\"estensione-desiderata\"><span class=\"wpcf7-form-control wpcf7-radio\"><span class=\"wpcf7-list-item first\"><input type=\"radio\" name=\"estensione-desiderata\" value=\"1 Jahr Extra-Garantie: Registrierung der Pflanzen\" \/><span class=\"wpcf7-list-item-label\">1 Jahr Extra-Garantie: Registrierung der Pflanzen<\/span><\/span><span class=\"wpcf7-list-item last\"><input type=\"radio\" name=\"estensione-desiderata\" value=\"2 Jahre Extra-Garantie: Registrierung der Installation und Zusendung von Fotos** der Installation\" \/><span class=\"wpcf7-list-item-label\">2 Jahre Extra-Garantie: Registrierung der Installation und Zusendung von Fotos** der Installation<\/span><\/span><\/span><\/span>\n\t\t<\/p>\n\t<\/div>\n\t<div style=\"margin-bottom:20px;\"<p>\n\t\t<p><strong> LADEN SIE HIER IHRE PHOTOS EIN<\/strong><br \/>\n<div id=\"mfcf7_zl_multifilecontainer\"><span class=\"mfcf7-zl-multiline-sample\" style=\"display:none\"><p class=\"wpcf7-form-control-wrap foto\"><input size=\"40\" class=\"wpcf7-form-control wpcf7-multilinefile\" multiple=\"multiple\" value=\"Upload\" aria-invalid=\"false\" type=\"file\" name=\"foto[]\" \/> <span class=\"mfcf7-zl-multifile-name\"><\/span><a href=\"javascript:void(0);\" class=\"mfcf7_zl_delete_file\"><span class=\"delete-file\" aria-hidden=\"true\">&#x274C;<\/span><\/a><\/p><\/span><\/div><span class=\"wpcf7-form-control-wrap zl-form-control-wrap foto\"><input size=\"40\" class=\"wpcf7-form-control wpcf7-multilinefile\" multiple=\"multiple\" value=\"Upload\" aria-invalid=\"false\" type=\"file\" name=\"foto[]\" \/> <span class=\"mfcf7-zl-multifile-name\"><\/span><a href=\"javascript:void(0);\" class=\"mfcf7_zl_delete_file\"><span class=\"delete-file\" aria-hidden=\"true\">&#x274C;<\/span><\/a><\/span><p><label><span class=\"wpcf7-form-control-wrap\" data-name=\"foto-zl-mfcf7-upld-btn\"><input type=\"button\" name=\"foto-zl-mfcf7-upld-btn\" class=\"button button-primary qbutton\" id=\"mfcf7_zl_add_file\" value=\"Upload\"><\/span><\/label><\/p>\n\t\t<\/p>\n\t<\/div>\n\t<div style=\" font-size: 12px; line-height: 14px;margin-bottom: 20px; \">\n\t\t<p>Upload totale max. 30MB\n\t\t<\/p>\n\t<\/div>\n<\/div>\n<p><strong> ERZ\u00c4HLEN SIE UNS VON IHRER ERFAHRUNG <\/strong><br \/>\nWIE WAHRSCHEINLICH IST ES, DASS SIE UNSER UNTERNEHMEN EINEM FREUND ODER KOLLEGEN EMPFEHLEN WERDEN?\n<\/p>\n<div id=\"probabilitaLegenda\" >\n\t<p>0 = \u00dcberhaupt nicht wahrscheinlich<br \/>\n10 = Sehr wahrscheinlich\n\t<\/p>\n<\/div>\n<div id=\"probabilita\" >\n\t<p><span class=\"wpcf7-form-control-wrap\" data-name=\"consiglieresti-Garvan\"><span class=\"wpcf7-form-control wpcf7-radio\"><span class=\"wpcf7-list-item first\"><input type=\"radio\" name=\"consiglieresti-Garvan\" value=\"0\" checked=\"checked\" \/><span class=\"wpcf7-list-item-label\">0<\/span><\/span><span class=\"wpcf7-list-item\"><input type=\"radio\" name=\"consiglieresti-Garvan\" value=\"1\" \/><span class=\"wpcf7-list-item-label\">1<\/span><\/span><span class=\"wpcf7-list-item\"><input type=\"radio\" name=\"consiglieresti-Garvan\" value=\"2\" \/><span class=\"wpcf7-list-item-label\">2<\/span><\/span><span class=\"wpcf7-list-item\"><input type=\"radio\" name=\"consiglieresti-Garvan\" value=\"3\" \/><span class=\"wpcf7-list-item-label\">3<\/span><\/span><span class=\"wpcf7-list-item\"><input type=\"radio\" name=\"consiglieresti-Garvan\" value=\"4\" \/><span class=\"wpcf7-list-item-label\">4<\/span><\/span><span class=\"wpcf7-list-item\"><input type=\"radio\" name=\"consiglieresti-Garvan\" value=\"5\" \/><span class=\"wpcf7-list-item-label\">5<\/span><\/span><span class=\"wpcf7-list-item\"><input type=\"radio\" name=\"consiglieresti-Garvan\" value=\"6\" \/><span class=\"wpcf7-list-item-label\">6<\/span><\/span><span class=\"wpcf7-list-item\"><input type=\"radio\" name=\"consiglieresti-Garvan\" value=\"7\" \/><span class=\"wpcf7-list-item-label\">7<\/span><\/span><span class=\"wpcf7-list-item\"><input type=\"radio\" name=\"consiglieresti-Garvan\" value=\"8\" \/><span class=\"wpcf7-list-item-label\">8<\/span><\/span><span class=\"wpcf7-list-item\"><input type=\"radio\" name=\"consiglieresti-Garvan\" value=\"9\" \/><span class=\"wpcf7-list-item-label\">9<\/span><\/span><span class=\"wpcf7-list-item last\"><input type=\"radio\" name=\"consiglieresti-Garvan\" value=\"10\" \/><span class=\"wpcf7-list-item-label\">10<\/span><\/span><\/span><\/span>\n\t<\/p>\n<\/div>\n<div style=\"clear:left;\">\n\t<p>WARUM? SIE K\u00d6NNEN IHR ANTWORT HIER EINGEBEN.<br \/>\n<span class=\"wpcf7-form-control-wrap\" data-name=\"motivazioni\"><textarea cols=\"90\" rows=\"3\" maxlength=\"2000\" class=\"wpcf7-form-control wpcf7-textarea\" aria-invalid=\"false\" name=\"motivazioni\"><\/textarea><\/span>\n\t<\/p>\n<\/div>\n<p><strong>Consensi privacy:*<\/strong><span class=\"wpcf7-form-control-wrap\" data-name=\"privacy\"><span class=\"wpcf7-form-control wpcf7-acceptance\"><span class=\"wpcf7-list-item\"><label><input type=\"checkbox\" name=\"privacy\" value=\"1\" aria-invalid=\"false\" \/><span class=\"wpcf7-list-item-label\">IIch stimme der Verarbeitung personenbezogener Daten gem\u00e4\u00df Gesetz 196\/2003 und Verordnung 679\/2016 (DSGVO) zu <a href=\"https:\/\/www.garvanacoustic.com\/privacy-policy\/\" target=\"_blank\">, wobei die in der Datenschutzrichtlinie angegebenen Methoden und Zwecke zu beachten sind*<\/a><\/span><\/label><\/span><\/span><\/span><span class=\"wpcf7-form-control-wrap\" data-name=\"newsletter\"><span class=\"wpcf7-form-control wpcf7-acceptance optional\"><span class=\"wpcf7-list-item\"><label><input type=\"checkbox\" name=\"newsletter\" value=\"1\" checked=\"checked\" aria-invalid=\"false\" \/><span class=\"wpcf7-list-item-label\">Ich m\u00f6chte mich f\u00fcr den Newsletter Garvan Acoustic anmelden. Garvan Acoustic wird Ihre Daten ausschlie\u00dflich zu dem oben genannten Zweck verwenden und nicht an Dritte weitergeben.<\/span><\/label><\/span><\/span><\/span>\n<\/p>\n<p><input class=\"wpcf7-form-control wpcf7-submit has-spinner highlight-button-dark btn btn-small button xs-margin-bottom-five\" type=\"submit\" value=\"Senden\" \/>\n<\/p>\n<div style=\" font-size: 12px; line-height: 14px;margin-bottom: 20px; \">\n\t<p>*Ben\u00f6tigte Felder<br \/>\n**Ich erm\u00e4chtige Garvan, die von mir \u00fcber dieses Formular eingereichten Fotos wie in <a href=\"https:\/\/www.garvanacoustic.com\/wp-content\/uploads\/2024\/11\/Authorization_for_Image_Use.pdf\" target=\"_blank\">diesem Dokument angegeben zu verwenden.<\/a><br \/>\n***Das Garvan Acoustic-Team beh\u00e4lt sich das Recht vor, die Verl\u00e4ngerung der Garantie zu genehmigen oder nicht zu genehmigen, nachdem es \u00fcberpr\u00fcft wurde, ob die eingegebenen Daten den erforderlichen Anforderungen entsprechen\n\t<\/p>\n<\/div><div class=\"wpcf7-response-output\" aria-hidden=\"true\"><\/div>\n<\/form>\n<\/div>\n\n<\/div><\/div><\/div><\/div><\/section><section class=\"cta  vc_custom_1732029145346 padding-two sm-padding-two xs-padding-two\"><div class=\"container\"><div class=\"row\"><div class=\"wpb_column hcode-column-container vc_col-sm-8 col-xs-mobile-fullwidth\" data-front-class=\"col-xs-mobile-fullwidth\"><div class=\"vc-column-innner-wrapper\">[vc_wp_text]\r\n<h2>Garantiebedingungen!<\/h2>\r\nSehen Sie sich unsere Bedingungen an, um herauszufinden, wie wir Ihre Garvan-Produkte sch\u00fctzen und um vollst\u00e4ndige Garantieinformationen zu erhalten. Klicken Sie auf die Schaltfl\u00e4che f\u00fcr weitere Details.[\/vc_wp_text]<\/div><\/div><div class=\"wpb_column hcode-column-container vc_col-sm-4 col-xs-mobile-fullwidth\" data-front-class=\"col-xs-mobile-fullwidth\"><div class=\"vc-column-innner-wrapper\">[vc_btn title=\"PDF\" i_type=\"openiconic\" i_icon_openiconic=\"vc-oi vc-oi-doc\" add_icon=\"true\" link=\"url:https%3A%2F%2Fwww.garvanacoustic.com%2Fwp-content%2Fuploads%2F2019%2F01%2FGarvan-warranty.pdf|target:_blank\"]<\/div><\/div><\/div><\/div><\/section><section class=\" vc_custom_1666688869795 padding-two sm-padding-two xs-padding-two\"><div class=\"container\"><div class=\"row\"><div class=\"wpb_column hcode-column-container  col-xs-mobile-fullwidth\" data-front-class=\"col-xs-mobile-fullwidth front-column-class\"><div class=\"vc-column-innner-wrapper\"><div class=\"box-garanzia\"><\/div>\n<p>Brauchen Sie Hilfe? Wir sind f\u00fcr Sie da, kontaktieren Sie uns unter <strong><a href=\"mailto:garvan@garvanacoustic.com\">garvan@garvanacoustic.com<\/a><\/strong><\/p>\n<\/div><\/div><\/div><\/div><\/section>","protected":false},"excerpt":{"rendered":"<p>5 Jahre Vollgarantie Verl\u00e4ngern Sie Ihre Garvan-Garantie kostenlos: 3 Jahre inklusive, mit der M\u00f6glichkeit, 2 weitere Jahre ohne zus\u00e4tzliche Kosten hinzuzuf\u00fcgen. IHRE KONTAKTDATEN IHR SYSTEM PRODUKT (EIN ODER MEHR PRODUKTE)* LautsprecherAkustikpaneele INSTALLATIONSDATEN -Monat*-123456789101112 VERL\u00c4NGERUNGSOPTION W\u00e4hlen Sie die gew\u00fcnschte Option 1 Jahr Extra-Garantie: Registrierung der Pflanzen2 Jahre Extra-Garantie: Registrierung der Installation und Zusendung von Fotos** der [&hellip;]<\/p>\n","protected":false},"author":11,"featured_media":0,"parent":0,"menu_order":0,"comment_status":"closed","ping_status":"closed","template":"","meta":{"_joinchat":[],"footnotes":""},"class_list":["post-72615","page","type-page","status-publish","hentry"],"yoast_head":"<!-- This site is optimized with the Yoast SEO Premium plugin v27.4 (Yoast SEO v27.4) - https:\/\/yoast.com\/product\/yoast-seo-premium-wordpress\/ -->\n<title>Garantie verl\u00e4ngern - Garvan Acoustic<\/title>\n<meta name=\"robots\" content=\"index, follow, max-snippet:-1, max-image-preview:large, max-video-preview:-1\" \/>\n<link rel=\"canonical\" href=\"https:\/\/www.garvanacoustic.com\/de\/garantie-verlaengern\/\" \/>\n<meta property=\"og:locale\" content=\"de_DE\" \/>\n<meta property=\"og:type\" content=\"article\" \/>\n<meta property=\"og:title\" content=\"Garantie verl\u00e4ngern\" \/>\n<meta property=\"og:description\" content=\"5 Jahre Vollgarantie Verl\u00e4ngern Sie Ihre Garvan-Garantie kostenlos: 3 Jahre inklusive, mit der M\u00f6glichkeit, 2 weitere Jahre ohne zus\u00e4tzliche Kosten hinzuzuf\u00fcgen. IHRE KONTAKTDATEN IHR SYSTEM PRODUKT (EIN ODER MEHR PRODUKTE)* LautsprecherAkustikpaneele INSTALLATIONSDATEN -Monat*-123456789101112 VERL\u00c4NGERUNGSOPTION W\u00e4hlen Sie die gew\u00fcnschte Option 1 Jahr Extra-Garantie: Registrierung der Pflanzen2 Jahre Extra-Garantie: Registrierung der Installation und Zusendung von Fotos** der [&hellip;]\" \/>\n<meta property=\"og:url\" content=\"https:\/\/www.garvanacoustic.com\/de\/garantie-verlaengern\/\" \/>\n<meta property=\"og:site_name\" content=\"Garvan Acoustic\" \/>\n<meta property=\"article:publisher\" content=\"https:\/\/www.facebook.com\/garvanacoustic\" \/>\n<meta property=\"article:modified_time\" content=\"2024-11-21T14:26:16+00:00\" \/>\n<meta property=\"og:image\" content=\"https:\/\/www.garvanacoustic.com\/wp-content\/uploads\/2024\/07\/header-nwsl-garvan-e1759746705872.jpg\" \/>\n\t<meta property=\"og:image:width\" content=\"779\" \/>\n\t<meta property=\"og:image:height\" content=\"437\" \/>\n\t<meta property=\"og:image:type\" content=\"image\/jpeg\" \/>\n<meta name=\"twitter:card\" content=\"summary_large_image\" \/>\n<meta name=\"twitter:label1\" content=\"Gesch\u00e4tzte Lesezeit\" \/>\n\t<meta name=\"twitter:data1\" content=\"2\u00a0Minuten\" \/>\n<script type=\"application\/ld+json\" class=\"yoast-schema-graph\">{\"@context\":\"https:\\\/\\\/schema.org\",\"@graph\":[{\"@type\":\"WebPage\",\"@id\":\"https:\\\/\\\/www.garvanacoustic.com\\\/de\\\/garantie-verlaengern\\\/\",\"url\":\"https:\\\/\\\/www.garvanacoustic.com\\\/de\\\/garantie-verlaengern\\\/\",\"name\":\"Garantie verl\u00e4ngern - Garvan Acoustic\",\"isPartOf\":{\"@id\":\"https:\\\/\\\/www.garvanacoustic.com\\\/de\\\/#website\"},\"datePublished\":\"2024-11-19T09:54:14+00:00\",\"dateModified\":\"2024-11-21T14:26:16+00:00\",\"breadcrumb\":{\"@id\":\"https:\\\/\\\/www.garvanacoustic.com\\\/de\\\/garantie-verlaengern\\\/#breadcrumb\"},\"inLanguage\":\"de\",\"potentialAction\":[{\"@type\":\"ReadAction\",\"target\":[\"https:\\\/\\\/www.garvanacoustic.com\\\/de\\\/garantie-verlaengern\\\/\"]}]},{\"@type\":\"BreadcrumbList\",\"@id\":\"https:\\\/\\\/www.garvanacoustic.com\\\/de\\\/garantie-verlaengern\\\/#breadcrumb\",\"itemListElement\":[{\"@type\":\"ListItem\",\"position\":1,\"name\":\"Home\",\"item\":\"https:\\\/\\\/www.garvanacoustic.com\\\/de\\\/\"},{\"@type\":\"ListItem\",\"position\":2,\"name\":\"Garantie verl\u00e4ngern\"}]},{\"@type\":\"WebSite\",\"@id\":\"https:\\\/\\\/www.garvanacoustic.com\\\/de\\\/#website\",\"url\":\"https:\\\/\\\/www.garvanacoustic.com\\\/de\\\/\",\"name\":\"Garvan Acoustic\",\"description\":\"Diffusori e trattamento acustico: scopri la qualit\u00e0 del Made in Italy\",\"publisher\":{\"@id\":\"https:\\\/\\\/www.garvanacoustic.com\\\/de\\\/#organization\"},\"potentialAction\":[{\"@type\":\"SearchAction\",\"target\":{\"@type\":\"EntryPoint\",\"urlTemplate\":\"https:\\\/\\\/www.garvanacoustic.com\\\/de\\\/?s={search_term_string}\"},\"query-input\":{\"@type\":\"PropertyValueSpecification\",\"valueRequired\":true,\"valueName\":\"search_term_string\"}}],\"inLanguage\":\"de\"},{\"@type\":\"Organization\",\"@id\":\"https:\\\/\\\/www.garvanacoustic.com\\\/de\\\/#organization\",\"name\":\"Garvan Acoustic\",\"url\":\"https:\\\/\\\/www.garvanacoustic.com\\\/de\\\/\",\"logo\":{\"@type\":\"ImageObject\",\"inLanguage\":\"de\",\"@id\":\"https:\\\/\\\/www.garvanacoustic.com\\\/de\\\/#\\\/schema\\\/logo\\\/image\\\/\",\"url\":\"https:\\\/\\\/www.garvanacoustic.com\\\/wp-content\\\/uploads\\\/2018\\\/07\\\/garvan-acoustic-logo.png\",\"contentUrl\":\"https:\\\/\\\/www.garvanacoustic.com\\\/wp-content\\\/uploads\\\/2018\\\/07\\\/garvan-acoustic-logo.png\",\"width\":400,\"height\":161,\"caption\":\"Garvan Acoustic\"},\"image\":{\"@id\":\"https:\\\/\\\/www.garvanacoustic.com\\\/de\\\/#\\\/schema\\\/logo\\\/image\\\/\"},\"sameAs\":[\"https:\\\/\\\/www.facebook.com\\\/garvanacoustic\",\"https:\\\/\\\/www.instagram.com\\\/garvanacoustic\\\/\"],\"description\":\"Produttori di Diffusori Acustici e Pannelli Fonoassorbenti Made in Italy\",\"email\":\"garvan@garvanacoustic.com\",\"telephone\":\"0546 682097\"}]}<\/script>\n<!-- \/ Yoast SEO Premium plugin. -->","yoast_head_json":{"title":"Garantie verl\u00e4ngern - Garvan Acoustic","robots":{"index":"index","follow":"follow","max-snippet":"max-snippet:-1","max-image-preview":"max-image-preview:large","max-video-preview":"max-video-preview:-1"},"canonical":"https:\/\/www.garvanacoustic.com\/de\/garantie-verlaengern\/","og_locale":"de_DE","og_type":"article","og_title":"Garantie verl\u00e4ngern","og_description":"5 Jahre Vollgarantie Verl\u00e4ngern Sie Ihre Garvan-Garantie kostenlos: 3 Jahre inklusive, mit der M\u00f6glichkeit, 2 weitere Jahre ohne zus\u00e4tzliche Kosten hinzuzuf\u00fcgen. IHRE KONTAKTDATEN IHR SYSTEM PRODUKT (EIN ODER MEHR PRODUKTE)* LautsprecherAkustikpaneele INSTALLATIONSDATEN -Monat*-123456789101112 VERL\u00c4NGERUNGSOPTION W\u00e4hlen Sie die gew\u00fcnschte Option 1 Jahr Extra-Garantie: Registrierung der Pflanzen2 Jahre Extra-Garantie: Registrierung der Installation und Zusendung von Fotos** der [&hellip;]","og_url":"https:\/\/www.garvanacoustic.com\/de\/garantie-verlaengern\/","og_site_name":"Garvan Acoustic","article_publisher":"https:\/\/www.facebook.com\/garvanacoustic","article_modified_time":"2024-11-21T14:26:16+00:00","og_image":[{"width":779,"height":437,"url":"https:\/\/www.garvanacoustic.com\/wp-content\/uploads\/2024\/07\/header-nwsl-garvan-e1759746705872.jpg","type":"image\/jpeg"}],"twitter_card":"summary_large_image","twitter_misc":{"Gesch\u00e4tzte Lesezeit":"2\u00a0Minuten"},"schema":{"@context":"https:\/\/schema.org","@graph":[{"@type":"WebPage","@id":"https:\/\/www.garvanacoustic.com\/de\/garantie-verlaengern\/","url":"https:\/\/www.garvanacoustic.com\/de\/garantie-verlaengern\/","name":"Garantie verl\u00e4ngern - Garvan Acoustic","isPartOf":{"@id":"https:\/\/www.garvanacoustic.com\/de\/#website"},"datePublished":"2024-11-19T09:54:14+00:00","dateModified":"2024-11-21T14:26:16+00:00","breadcrumb":{"@id":"https:\/\/www.garvanacoustic.com\/de\/garantie-verlaengern\/#breadcrumb"},"inLanguage":"de","potentialAction":[{"@type":"ReadAction","target":["https:\/\/www.garvanacoustic.com\/de\/garantie-verlaengern\/"]}]},{"@type":"BreadcrumbList","@id":"https:\/\/www.garvanacoustic.com\/de\/garantie-verlaengern\/#breadcrumb","itemListElement":[{"@type":"ListItem","position":1,"name":"Home","item":"https:\/\/www.garvanacoustic.com\/de\/"},{"@type":"ListItem","position":2,"name":"Garantie verl\u00e4ngern"}]},{"@type":"WebSite","@id":"https:\/\/www.garvanacoustic.com\/de\/#website","url":"https:\/\/www.garvanacoustic.com\/de\/","name":"Garvan Acoustic","description":"Diffusori e trattamento acustico: scopri la qualit\u00e0 del Made in Italy","publisher":{"@id":"https:\/\/www.garvanacoustic.com\/de\/#organization"},"potentialAction":[{"@type":"SearchAction","target":{"@type":"EntryPoint","urlTemplate":"https:\/\/www.garvanacoustic.com\/de\/?s={search_term_string}"},"query-input":{"@type":"PropertyValueSpecification","valueRequired":true,"valueName":"search_term_string"}}],"inLanguage":"de"},{"@type":"Organization","@id":"https:\/\/www.garvanacoustic.com\/de\/#organization","name":"Garvan Acoustic","url":"https:\/\/www.garvanacoustic.com\/de\/","logo":{"@type":"ImageObject","inLanguage":"de","@id":"https:\/\/www.garvanacoustic.com\/de\/#\/schema\/logo\/image\/","url":"https:\/\/www.garvanacoustic.com\/wp-content\/uploads\/2018\/07\/garvan-acoustic-logo.png","contentUrl":"https:\/\/www.garvanacoustic.com\/wp-content\/uploads\/2018\/07\/garvan-acoustic-logo.png","width":400,"height":161,"caption":"Garvan Acoustic"},"image":{"@id":"https:\/\/www.garvanacoustic.com\/de\/#\/schema\/logo\/image\/"},"sameAs":["https:\/\/www.facebook.com\/garvanacoustic","https:\/\/www.instagram.com\/garvanacoustic\/"],"description":"Produttori di Diffusori Acustici e Pannelli Fonoassorbenti Made in Italy","email":"garvan@garvanacoustic.com","telephone":"0546 682097"}]}},"_links":{"self":[{"href":"https:\/\/www.garvanacoustic.com\/de\/wp-json\/wp\/v2\/pages\/72615","targetHints":{"allow":["GET"]}}],"collection":[{"href":"https:\/\/www.garvanacoustic.com\/de\/wp-json\/wp\/v2\/pages"}],"about":[{"href":"https:\/\/www.garvanacoustic.com\/de\/wp-json\/wp\/v2\/types\/page"}],"author":[{"embeddable":true,"href":"https:\/\/www.garvanacoustic.com\/de\/wp-json\/wp\/v2\/users\/11"}],"replies":[{"embeddable":true,"href":"https:\/\/www.garvanacoustic.com\/de\/wp-json\/wp\/v2\/comments?post=72615"}],"version-history":[{"count":5,"href":"https:\/\/www.garvanacoustic.com\/de\/wp-json\/wp\/v2\/pages\/72615\/revisions"}],"predecessor-version":[{"id":72628,"href":"https:\/\/www.garvanacoustic.com\/de\/wp-json\/wp\/v2\/pages\/72615\/revisions\/72628"}],"wp:attachment":[{"href":"https:\/\/www.garvanacoustic.com\/de\/wp-json\/wp\/v2\/media?parent=72615"}],"curies":[{"name":"wp","href":"https:\/\/api.w.org\/{rel}","templated":true}]}}