{"id":65026,"date":"2024-01-24T11:50:46","date_gmt":"2024-01-24T10:50:46","guid":{"rendered":"https:\/\/www.garvanacoustic.com\/articulos-sobre-eventos\/"},"modified":"2024-01-25T16:21:28","modified_gmt":"2024-01-25T15:21:28","slug":"articulos-sobre-eventos","status":"publish","type":"page","link":"https:\/\/www.garvanacoustic.com\/es\/revista\/articulos-sobre-eventos\/","title":{"rendered":"Art\u00edculos sobre eventos"},"content":{"rendered":"<section><div class=\"container\"><div class=\"row\"><div class=\"wpb_column hcode-column-container  col-xs-mobile-fullwidth\" data-front-class=\"col-xs-mobile-fullwidth front-column-class\"><div class=\"vc-column-innner-wrapper\"><div class=\"blog-3col product-3\"><div class=\"post-78312 post type-post status-publish format-image has-post-thumbnail hentry category-eventos category-news-lifestyle post_format-post-format-image\"><div class=\"col-md-4 col-sm-6 col-xs-12 blog-listing \" ><div class=\"blog-post\"><div class=\"blog-image\"><a href=\"https:\/\/www.garvanacoustic.com\/es\/eventos\/unete-a-nosotros-en-ise-2026\/\"><img decoding=\"async\" width=\"800\" height=\"927\" src=\"https:\/\/www.garvanacoustic.com\/wp-content\/uploads\/2024\/02\/Garvan@ISE.jpg\" class=\"attachment-full size-full wp-post-image\" alt=\"\" srcset=\"https:\/\/www.garvanacoustic.com\/wp-content\/uploads\/2024\/02\/Garvan@ISE.jpg 800w, https:\/\/www.garvanacoustic.com\/wp-content\/uploads\/2024\/02\/Garvan@ISE-259x300.jpg 259w, https:\/\/www.garvanacoustic.com\/wp-content\/uploads\/2024\/02\/Garvan@ISE-768x890.jpg 768w, https:\/\/www.garvanacoustic.com\/wp-content\/uploads\/2024\/02\/Garvan@ISE-81x94.jpg 81w\" sizes=\"(max-width: 800px) 100vw, 800px\" \/><\/a><\/div><div class=\"blog-details hcode-blog-1\"><div class=\"blog-date\"><span class=\"published\">15 diciembre 2025<\/span><time class=\"updated display-none\" datetime=\"2026-01-16T15:24:39+01:00\">16 enero 2026<\/time><\/div><div class=\"blog-title entry-title\"><a href=\"https:\/\/www.garvanacoustic.com\/es\/eventos\/unete-a-nosotros-en-ise-2026\/\">\u00danete a nosotros en ISE 2026<\/a><\/div><div class=\"hcode-blog-excerpt blog-short-description entry-content\"><p>[vc_single_image image=\"73677\" img_size=\"700 \u00d7 224\" alignment=\"center\"][vc_empty_space][vc_wp_text] Campus Completo - stand 2A550 (Residencial y Edificio Inteligente) Nos complace anunciar que este...<\/p>\n<\/div><div class=\"hcode-blog-separator separator-line bg-black no-margin-lr\"><\/div><\/div><\/div><\/div><\/div><div class=\"post-74598 post type-post status-publish format-image has-post-thumbnail hentry category-eventos post_format-post-format-image\"><div class=\"col-md-4 col-sm-6 col-xs-12 blog-listing \" ><div class=\"blog-post\"><div class=\"blog-image\"><a href=\"https:\/\/www.garvanacoustic.com\/es\/eventos\/garvan-day-2025-presentacion-y-programa\/\"><img decoding=\"async\" width=\"1850\" height=\"725\" src=\"https:\/\/www.garvanacoustic.com\/wp-content\/uploads\/2025\/04\/esperienze-gd25.jpg\" class=\"attachment-full size-full wp-post-image\" alt=\"\" srcset=\"https:\/\/www.garvanacoustic.com\/wp-content\/uploads\/2025\/04\/esperienze-gd25.jpg 1850w, https:\/\/www.garvanacoustic.com\/wp-content\/uploads\/2025\/04\/esperienze-gd25-300x118.jpg 300w, https:\/\/www.garvanacoustic.com\/wp-content\/uploads\/2025\/04\/esperienze-gd25-1024x401.jpg 1024w, https:\/\/www.garvanacoustic.com\/wp-content\/uploads\/2025\/04\/esperienze-gd25-768x301.jpg 768w, https:\/\/www.garvanacoustic.com\/wp-content\/uploads\/2025\/04\/esperienze-gd25-1536x602.jpg 1536w, https:\/\/www.garvanacoustic.com\/wp-content\/uploads\/2025\/04\/esperienze-gd25-81x32.jpg 81w\" sizes=\"(max-width: 1850px) 100vw, 1850px\" \/><\/a><\/div><div class=\"blog-details hcode-blog-1\"><div class=\"blog-date\"><span class=\"published\">07 mayo 2025<\/span><time class=\"updated display-none\" datetime=\"2025-05-07T11:32:29+02:00\">07 mayo 2025<\/time><\/div><div class=\"blog-title entry-title\"><a href=\"https:\/\/www.garvanacoustic.com\/es\/eventos\/garvan-day-2025-presentacion-y-programa\/\">Garvan Day 2025 &#8211; Presentaci\u00f3n y programa<\/a><\/div><div class=\"hcode-blog-excerpt blog-short-description entry-content\"><p>Vuelve el D\u00eda Garvan, el evento anual dedicado a los socios y profesionales de la industria del audio y la...<\/p>\n<\/div><div class=\"hcode-blog-separator separator-line bg-black no-margin-lr\"><\/div><\/div><\/div><\/div><\/div><div class=\"post-73781 post type-post status-publish format-image has-post-thumbnail hentry category-eventos category-news-lifestyle post_format-post-format-image\"><div class=\"col-md-4 col-sm-6 col-xs-12 blog-listing \" ><div class=\"blog-post\"><div class=\"blog-image\"><a href=\"https:\/\/www.garvanacoustic.com\/es\/eventos\/veinte-anos-de-pasion-e-innovacion\/\"><img decoding=\"async\" width=\"897\" height=\"505\" src=\"https:\/\/www.garvanacoustic.com\/wp-content\/uploads\/2025\/02\/garvan-resto-del-carlino.webp\" class=\"attachment-full size-full wp-post-image\" alt=\"\" srcset=\"https:\/\/www.garvanacoustic.com\/wp-content\/uploads\/2025\/02\/garvan-resto-del-carlino.webp 897w, https:\/\/www.garvanacoustic.com\/wp-content\/uploads\/2025\/02\/garvan-resto-del-carlino-300x169.webp 300w, https:\/\/www.garvanacoustic.com\/wp-content\/uploads\/2025\/02\/garvan-resto-del-carlino-768x432.webp 768w, https:\/\/www.garvanacoustic.com\/wp-content\/uploads\/2025\/02\/garvan-resto-del-carlino-81x46.webp 81w\" sizes=\"(max-width: 897px) 100vw, 897px\" \/><\/a><\/div><div class=\"blog-details hcode-blog-1\"><div class=\"blog-date\"><span class=\"published\">11 febrero 2025<\/span><time class=\"updated display-none\" datetime=\"2025-02-11T12:10:40+01:00\">11 febrero 2025<\/time><\/div><div class=\"blog-title entry-title\"><a href=\"https:\/\/www.garvanacoustic.com\/es\/eventos\/veinte-anos-de-pasion-e-innovacion\/\">Veinte a\u00f1os de pasi\u00f3n e innovaci\u00f3n<\/a><\/div><div class=\"hcode-blog-excerpt blog-short-description entry-content\"><p>Fuimos entrevistados por Il Resto del Carlino, que nos dedic\u00f3 un art\u00edculo contando la historia de Garvan Acoustic<\/p>\n<\/div><div class=\"hcode-blog-separator separator-line bg-black no-margin-lr\"><\/div><\/div><\/div><\/div><\/div><div class=\"post-73272 post type-post status-publish format-image has-post-thumbnail hentry category-eventos category-news-lifestyle post_format-post-format-image\"><div class=\"col-md-4 col-sm-6 col-xs-12 blog-listing \" ><div class=\"blog-post\"><div class=\"blog-image\"><a href=\"https:\/\/www.garvanacoustic.com\/es\/eventos\/unete-a-nosotros-en-ise-2025\/\"><img decoding=\"async\" width=\"800\" height=\"927\" src=\"https:\/\/www.garvanacoustic.com\/wp-content\/uploads\/2024\/02\/Garvan@ISE.jpg\" class=\"attachment-full size-full wp-post-image\" alt=\"\" srcset=\"https:\/\/www.garvanacoustic.com\/wp-content\/uploads\/2024\/02\/Garvan@ISE.jpg 800w, https:\/\/www.garvanacoustic.com\/wp-content\/uploads\/2024\/02\/Garvan@ISE-259x300.jpg 259w, https:\/\/www.garvanacoustic.com\/wp-content\/uploads\/2024\/02\/Garvan@ISE-768x890.jpg 768w, https:\/\/www.garvanacoustic.com\/wp-content\/uploads\/2024\/02\/Garvan@ISE-81x94.jpg 81w\" sizes=\"(max-width: 800px) 100vw, 800px\" \/><\/a><\/div><div class=\"blog-details hcode-blog-1\"><div class=\"blog-date\"><span class=\"published\">30 diciembre 2024<\/span><time class=\"updated display-none\" datetime=\"2025-01-07T09:19:03+01:00\">07 enero 2025<\/time><\/div><div class=\"blog-title entry-title\"><a href=\"https:\/\/www.garvanacoustic.com\/es\/eventos\/unete-a-nosotros-en-ise-2025\/\">\u00danete a nosotros en ISE 2025<\/a><\/div><div class=\"hcode-blog-excerpt blog-short-description entry-content\"><p>[vc_single_image image=\"73248\" img_size=\"800x256\" alignment=\"center\"][vc_empty_space][vc_wp_text] Pabell\u00f3n 2 - stand E130 Del 4 al 7 de febrero de 2025, estaremos presentes enIntegrated...<\/p>\n<\/div><div class=\"hcode-blog-separator separator-line bg-black no-margin-lr\"><\/div><\/div><\/div><\/div><\/div><div class=\"post-71126 post type-post status-publish format-standard has-post-thumbnail hentry category-empresas category-eventos category-eventos-ferias\"><div class=\"col-md-4 col-sm-6 col-xs-12 blog-listing \" ><div class=\"blog-post\"><div class=\"blog-image\"><a href=\"https:\/\/www.garvanacoustic.com\/es\/eventos\/world-ducati-week-2024\/\"><img decoding=\"async\" width=\"600\" height=\"300\" src=\"https:\/\/www.garvanacoustic.com\/wp-content\/uploads\/2024\/07\/garvan@wdw2024_Article-2.jpg\" class=\"attachment-full size-full wp-post-image\" alt=\"\" srcset=\"https:\/\/www.garvanacoustic.com\/wp-content\/uploads\/2024\/07\/garvan@wdw2024_Article-2.jpg 600w, https:\/\/www.garvanacoustic.com\/wp-content\/uploads\/2024\/07\/garvan@wdw2024_Article-2-300x150.jpg 300w, https:\/\/www.garvanacoustic.com\/wp-content\/uploads\/2024\/07\/garvan@wdw2024_Article-2-81x41.jpg 81w\" sizes=\"(max-width: 600px) 100vw, 600px\" \/><\/a><\/div><div class=\"blog-details hcode-blog-1\"><div class=\"blog-date\"><span class=\"published\">30 julio 2024<\/span><time class=\"updated display-none\" datetime=\"2024-07-30T16:00:06+02:00\">30 julio 2024<\/time><\/div><div class=\"blog-title entry-title\"><a href=\"https:\/\/www.garvanacoustic.com\/es\/eventos\/world-ducati-week-2024\/\">World Ducati Week 2024<\/a><\/div><div class=\"hcode-blog-excerpt blog-short-description entry-content\"><p>Ducati conf\u00eda en el saber hacer de Garvan Acoustic para ofrecer a los visitantes la experiencia del puro sonido italiano<\/p>\n<\/div><div class=\"hcode-blog-separator separator-line bg-black no-margin-lr\"><\/div><\/div><\/div><\/div><\/div><div class=\"post-67375 post type-post status-publish format-standard has-post-thumbnail hentry category-eventos\"><div class=\"col-md-4 col-sm-6 col-xs-12 blog-listing \" ><div class=\"blog-post\"><div class=\"blog-image\"><a href=\"https:\/\/www.garvanacoustic.com\/es\/eventos\/protagonistas-del-desarrollo-2014\/\"><img decoding=\"async\" width=\"760\" height=\"570\" src=\"https:\/\/www.garvanacoustic.com\/wp-content\/uploads\/2018\/11\/sviluppo-2014-evidenza.jpg\" class=\"attachment-full size-full wp-post-image\" alt=\"\" srcset=\"https:\/\/www.garvanacoustic.com\/wp-content\/uploads\/2018\/11\/sviluppo-2014-evidenza.jpg 760w, https:\/\/www.garvanacoustic.com\/wp-content\/uploads\/2018\/11\/sviluppo-2014-evidenza-300x225.jpg 300w, https:\/\/www.garvanacoustic.com\/wp-content\/uploads\/2018\/11\/sviluppo-2014-evidenza-81x61.jpg 81w\" sizes=\"(max-width: 760px) 100vw, 760px\" \/><\/a><\/div><div class=\"blog-details hcode-blog-1\"><div class=\"blog-date\"><span class=\"published\">12 marzo 2024<\/span><time class=\"updated display-none\" datetime=\"2024-03-15T10:21:37+01:00\">15 marzo 2024<\/time><\/div><div class=\"blog-title entry-title\"><a href=\"https:\/\/www.garvanacoustic.com\/es\/eventos\/protagonistas-del-desarrollo-2014\/\">Protagonistas del desarrollo 2014<\/a><\/div><div class=\"hcode-blog-excerpt blog-short-description entry-content\"><p>Garvan galardonada entre las empresas excelentes de la provincia de R\u00e1vena distinguidas por su crecimiento econ\u00f3mico, empleo, innovaci\u00f3n y calidad.<\/p>\n<\/div><div class=\"hcode-blog-separator separator-line bg-black no-margin-lr\"><\/div><\/div><\/div><\/div><\/div><div class=\"post-67368 post type-post status-publish format-standard has-post-thumbnail hentry category-eventos\"><div class=\"col-md-4 col-sm-6 col-xs-12 blog-listing \" ><div class=\"blog-post\"><div class=\"blog-image\"><a href=\"https:\/\/www.garvanacoustic.com\/es\/eventos\/top-design-2011-milan\/\"><img decoding=\"async\" width=\"760\" height=\"570\" src=\"https:\/\/www.garvanacoustic.com\/wp-content\/uploads\/2018\/11\/top-design-preview.jpg\" class=\"attachment-full size-full wp-post-image\" alt=\"\" srcset=\"https:\/\/www.garvanacoustic.com\/wp-content\/uploads\/2018\/11\/top-design-preview.jpg 760w, https:\/\/www.garvanacoustic.com\/wp-content\/uploads\/2018\/11\/top-design-preview-300x225.jpg 300w, https:\/\/www.garvanacoustic.com\/wp-content\/uploads\/2018\/11\/top-design-preview-81x61.jpg 81w\" sizes=\"(max-width: 760px) 100vw, 760px\" \/><\/a><\/div><div class=\"blog-details hcode-blog-1\"><div class=\"blog-date\"><span class=\"published\">12 marzo 2024<\/span><time class=\"updated display-none\" datetime=\"2024-03-15T10:21:39+01:00\">15 marzo 2024<\/time><\/div><div class=\"blog-title entry-title\"><a href=\"https:\/\/www.garvanacoustic.com\/es\/eventos\/top-design-2011-milan\/\">Top Design 2011 &#8211; Mil\u00e1n<\/a><\/div><div class=\"hcode-blog-excerpt blog-short-description entry-content\"><p>El Jurado considera que la elecci\u00f3n de proponer un altavoz para exteriores es de actualidad, habida cuenta de la creciente...<\/p>\n<\/div><div class=\"hcode-blog-separator separator-line bg-black no-margin-lr\"><\/div><\/div><\/div><\/div><\/div><div class=\"post-66275 post type-post status-publish format-image has-post-thumbnail hentry category-eventos category-news-lifestyle post_format-post-format-image\"><div class=\"col-md-4 col-sm-6 col-xs-12 blog-listing \" ><div class=\"blog-post\"><div class=\"blog-image\"><a href=\"https:\/\/www.garvanacoustic.com\/es\/news-lifestyle\/nos-vemos-en-ise-2024\/\"><img decoding=\"async\" width=\"1200\" height=\"675\" src=\"https:\/\/www.garvanacoustic.com\/wp-content\/uploads\/2023\/12\/Ise_Barcelona.jpeg\" class=\"attachment-full size-full wp-post-image\" alt=\"\" srcset=\"https:\/\/www.garvanacoustic.com\/wp-content\/uploads\/2023\/12\/Ise_Barcelona.jpeg 1200w, https:\/\/www.garvanacoustic.com\/wp-content\/uploads\/2023\/12\/Ise_Barcelona-300x169.jpeg 300w, https:\/\/www.garvanacoustic.com\/wp-content\/uploads\/2023\/12\/Ise_Barcelona-1024x576.jpeg 1024w, https:\/\/www.garvanacoustic.com\/wp-content\/uploads\/2023\/12\/Ise_Barcelona-768x432.jpeg 768w, https:\/\/www.garvanacoustic.com\/wp-content\/uploads\/2023\/12\/Ise_Barcelona-81x46.jpeg 81w\" sizes=\"(max-width: 1200px) 100vw, 1200px\" \/><\/a><\/div><div class=\"blog-details hcode-blog-1\"><div class=\"blog-date\"><span class=\"published\">01 enero 2024<\/span><time class=\"updated display-none\" datetime=\"2024-02-07T10:37:52+01:00\">07 febrero 2024<\/time><\/div><div class=\"blog-title entry-title\"><a href=\"https:\/\/www.garvanacoustic.com\/es\/news-lifestyle\/nos-vemos-en-ise-2024\/\">\u00bfNos vemos en ISE 2024?<\/a><\/div><div class=\"hcode-blog-excerpt blog-short-description entry-content\"><p>[vc_single_image image=\"63528\" img_size=\"full\" alignment=\"center\"][vc_empty_space][vc_wp_text] Congress Square - stand CS602 Nos complace anunciar que, del 30 de enero al 2 de...<\/p>\n<\/div><div class=\"hcode-blog-separator separator-line bg-black no-margin-lr\"><\/div><\/div><\/div><\/div><\/div><div class=\"post-66261 post type-post status-publish format-image has-post-thumbnail hentry category-eventos category-news-lifestyle post_format-post-format-image\"><div class=\"col-md-4 col-sm-6 col-xs-12 blog-listing \" ><div class=\"blog-post\"><div class=\"blog-image\"><a href=\"https:\/\/www.garvanacoustic.com\/es\/eventos\/descubra-los-sonidos-del-ferrari-fxx-y-de-la-f1-en-imola-con-audio-pista\/\"><img decoding=\"async\" width=\"600\" height=\"338\" src=\"https:\/\/www.garvanacoustic.com\/wp-content\/uploads\/2023\/06\/newsletter1.jpg\" class=\"attachment-full size-full wp-post-image\" alt=\"\" srcset=\"https:\/\/www.garvanacoustic.com\/wp-content\/uploads\/2023\/06\/newsletter1.jpg 600w, https:\/\/www.garvanacoustic.com\/wp-content\/uploads\/2023\/06\/newsletter1-300x169.jpg 300w, https:\/\/www.garvanacoustic.com\/wp-content\/uploads\/2023\/06\/newsletter1-81x46.jpg 81w\" sizes=\"(max-width: 600px) 100vw, 600px\" \/><\/a><\/div><div class=\"blog-details hcode-blog-1\"><div class=\"blog-date\"><span class=\"published\">20 junio 2023<\/span><time class=\"updated display-none\" datetime=\"2024-02-07T10:10:49+01:00\">07 febrero 2024<\/time><\/div><div class=\"blog-title entry-title\"><a href=\"https:\/\/www.garvanacoustic.com\/es\/eventos\/descubra-los-sonidos-del-ferrari-fxx-y-de-la-f1-en-imola-con-audio-pista\/\">\u00a1Descubra los sonidos del Ferrari FXX y de la F1 en Imola con Audio Pista!<\/a><\/div><div class=\"hcode-blog-excerpt blog-short-description entry-content\"><p>[vc_wp_text] Audio Pista presenta: programa cliente F1 y programa XX Ferrari [\/vc_wp_text] [vc_single_image image=\"61256\" img_size=\"full\" alignment=\"center\"] [vc_wp_text]\u00a1Experimenta la adrenalina de...<\/p>\n<\/div><div class=\"hcode-blog-separator separator-line bg-black no-margin-lr\"><\/div><\/div><\/div><\/div><\/div><div class=\"pagination pull-left\"><span aria-current=\"page\" class=\"page-numbers current\">1<\/span>\n<a class=\"page-numbers\" href=\"https:\/\/www.garvanacoustic.com\/es\/wp-json\/wp\/v2\/pages\/65026\/page\/2\/\">2<\/a>\n<a class=\"next page-numbers\" href=\"https:\/\/www.garvanacoustic.com\/es\/wp-json\/wp\/v2\/pages\/65026\/page\/2\/\"><img decoding=\"async\" alt=\"Next\" src=\"https:\/\/www.garvanacoustic.com\/wp-content\/plugins\/hcode-addons\/hcode-shortcodes\/images\/arrow-next-small.png\" width=\"20\" height=\"13\"><\/a><\/div><\/div><\/div><\/div><\/div><\/div><\/section>","protected":false},"excerpt":{"rendered":"<p>[vc_wp_text] Audio Pista presenta: programa cliente F1 y programa XX Ferrari [\/vc_wp_text][vc_single_image image=\u00bb61256&#8243; img_size=\u00bbfull\u00bb alignment=\u00bbcenter\u00bb][vc_wp_text]\u00a1Experimenta la adrenalina de la pista con los sonidos del Ferrari FXX y el F1 Clienti en el Autodromo di Imola![\/vc_wp_text][vc_wp_text] Sounds of Power: motores y entrevistas exclusivas [\/vc_wp_text][vc_wp_text]Durante este extraordinario evento, grabamos el intenso rugido de los motores Ferrai F1 [&hellip;]<\/p>\n","protected":false},"author":11,"featured_media":0,"parent":65051,"menu_order":0,"comment_status":"open","ping_status":"closed","template":"","meta":{"_joinchat":[],"footnotes":""},"class_list":["post-65026","page","type-page","status-publish","hentry"],"yoast_head":"<!-- This site is optimized with the Yoast SEO Premium plugin v27.4 (Yoast SEO v27.4) - https:\/\/yoast.com\/product\/yoast-seo-premium-wordpress\/ -->\n<title>Art\u00edculos sobre eventos<\/title>\n<meta name=\"description\" content=\"Presentamos productos, contamos an\u00e9cdotas y le mantenemos al d\u00eda de todo lo que ocurre en el mundo Garvan.\" \/>\n<meta name=\"robots\" content=\"index, follow, max-snippet:-1, max-image-preview:large, max-video-preview:-1\" \/>\n<link rel=\"canonical\" href=\"https:\/\/www.garvanacoustic.com\/es\/revista\/articulos-sobre-eventos\/\" \/>\n<meta property=\"og:locale\" content=\"es_ES\" \/>\n<meta property=\"og:type\" content=\"article\" \/>\n<meta property=\"og:title\" content=\"Art\u00edculos sobre eventos\" \/>\n<meta property=\"og:description\" content=\"Presentamos productos, contamos an\u00e9cdotas y le mantenemos al d\u00eda de todo lo que ocurre en el mundo Garvan.\" \/>\n<meta property=\"og:url\" content=\"https:\/\/www.garvanacoustic.com\/es\/revista\/articulos-sobre-eventos\/\" \/>\n<meta property=\"og:site_name\" content=\"Garvan Acoustic\" \/>\n<meta property=\"article:publisher\" content=\"https:\/\/www.facebook.com\/garvanacoustic\" \/>\n<meta property=\"article:modified_time\" content=\"2024-01-25T15:21:28+00:00\" \/>\n<meta property=\"og:image\" content=\"https:\/\/www.garvanacoustic.com\/wp-content\/uploads\/2024\/07\/header-nwsl-garvan-e1759746705872.jpg\" \/>\n\t<meta property=\"og:image:width\" content=\"779\" \/>\n\t<meta property=\"og:image:height\" content=\"437\" \/>\n\t<meta property=\"og:image:type\" content=\"image\/jpeg\" \/>\n<meta name=\"twitter:card\" content=\"summary_large_image\" \/>\n<script type=\"application\/ld+json\" class=\"yoast-schema-graph\">{\"@context\":\"https:\\\/\\\/schema.org\",\"@graph\":[{\"@type\":\"WebPage\",\"@id\":\"https:\\\/\\\/www.garvanacoustic.com\\\/es\\\/revista\\\/articulos-sobre-eventos\\\/\",\"url\":\"https:\\\/\\\/www.garvanacoustic.com\\\/es\\\/revista\\\/articulos-sobre-eventos\\\/\",\"name\":\"Art\u00edculos sobre eventos\",\"isPartOf\":{\"@id\":\"https:\\\/\\\/www.garvanacoustic.com\\\/es\\\/#website\"},\"datePublished\":\"2024-01-24T10:50:46+00:00\",\"dateModified\":\"2024-01-25T15:21:28+00:00\",\"description\":\"Presentamos productos, contamos an\u00e9cdotas y le mantenemos al d\u00eda de todo lo que ocurre en el mundo Garvan.\",\"breadcrumb\":{\"@id\":\"https:\\\/\\\/www.garvanacoustic.com\\\/es\\\/revista\\\/articulos-sobre-eventos\\\/#breadcrumb\"},\"inLanguage\":\"es\",\"potentialAction\":[{\"@type\":\"ReadAction\",\"target\":[\"https:\\\/\\\/www.garvanacoustic.com\\\/es\\\/revista\\\/articulos-sobre-eventos\\\/\"]}]},{\"@type\":\"BreadcrumbList\",\"@id\":\"https:\\\/\\\/www.garvanacoustic.com\\\/es\\\/revista\\\/articulos-sobre-eventos\\\/#breadcrumb\",\"itemListElement\":[{\"@type\":\"ListItem\",\"position\":1,\"name\":\"Home\",\"item\":\"https:\\\/\\\/www.garvanacoustic.com\\\/es\\\/\"},{\"@type\":\"ListItem\",\"position\":2,\"name\":\"Revista\",\"item\":\"https:\\\/\\\/www.garvanacoustic.com\\\/es\\\/revista\\\/\"},{\"@type\":\"ListItem\",\"position\":3,\"name\":\"Art\u00edculos sobre eventos\"}]},{\"@type\":\"WebSite\",\"@id\":\"https:\\\/\\\/www.garvanacoustic.com\\\/es\\\/#website\",\"url\":\"https:\\\/\\\/www.garvanacoustic.com\\\/es\\\/\",\"name\":\"Garvan Acoustic\",\"description\":\"Diffusori e trattamento acustico: scopri la qualit\u00e0 del Made in Italy\",\"publisher\":{\"@id\":\"https:\\\/\\\/www.garvanacoustic.com\\\/es\\\/#organization\"},\"potentialAction\":[{\"@type\":\"SearchAction\",\"target\":{\"@type\":\"EntryPoint\",\"urlTemplate\":\"https:\\\/\\\/www.garvanacoustic.com\\\/es\\\/?s={search_term_string}\"},\"query-input\":{\"@type\":\"PropertyValueSpecification\",\"valueRequired\":true,\"valueName\":\"search_term_string\"}}],\"inLanguage\":\"es\"},{\"@type\":\"Organization\",\"@id\":\"https:\\\/\\\/www.garvanacoustic.com\\\/es\\\/#organization\",\"name\":\"Garvan Acoustic\",\"url\":\"https:\\\/\\\/www.garvanacoustic.com\\\/es\\\/\",\"logo\":{\"@type\":\"ImageObject\",\"inLanguage\":\"es\",\"@id\":\"https:\\\/\\\/www.garvanacoustic.com\\\/es\\\/#\\\/schema\\\/logo\\\/image\\\/\",\"url\":\"https:\\\/\\\/www.garvanacoustic.com\\\/wp-content\\\/uploads\\\/2018\\\/07\\\/garvan-acoustic-logo.png\",\"contentUrl\":\"https:\\\/\\\/www.garvanacoustic.com\\\/wp-content\\\/uploads\\\/2018\\\/07\\\/garvan-acoustic-logo.png\",\"width\":400,\"height\":161,\"caption\":\"Garvan Acoustic\"},\"image\":{\"@id\":\"https:\\\/\\\/www.garvanacoustic.com\\\/es\\\/#\\\/schema\\\/logo\\\/image\\\/\"},\"sameAs\":[\"https:\\\/\\\/www.facebook.com\\\/garvanacoustic\",\"https:\\\/\\\/www.instagram.com\\\/garvanacoustic\\\/\"],\"description\":\"Produttori di Diffusori Acustici e Pannelli Fonoassorbenti Made in Italy\",\"email\":\"garvan@garvanacoustic.com\",\"telephone\":\"0546 682097\"}]}<\/script>\n<!-- \/ Yoast SEO Premium plugin. -->","yoast_head_json":{"title":"Art\u00edculos sobre eventos","description":"Presentamos productos, contamos an\u00e9cdotas y le mantenemos al d\u00eda de todo lo que ocurre en el mundo Garvan.","robots":{"index":"index","follow":"follow","max-snippet":"max-snippet:-1","max-image-preview":"max-image-preview:large","max-video-preview":"max-video-preview:-1"},"canonical":"https:\/\/www.garvanacoustic.com\/es\/revista\/articulos-sobre-eventos\/","og_locale":"es_ES","og_type":"article","og_title":"Art\u00edculos sobre eventos","og_description":"Presentamos productos, contamos an\u00e9cdotas y le mantenemos al d\u00eda de todo lo que ocurre en el mundo Garvan.","og_url":"https:\/\/www.garvanacoustic.com\/es\/revista\/articulos-sobre-eventos\/","og_site_name":"Garvan Acoustic","article_publisher":"https:\/\/www.facebook.com\/garvanacoustic","article_modified_time":"2024-01-25T15:21:28+00:00","og_image":[{"width":779,"height":437,"url":"https:\/\/www.garvanacoustic.com\/wp-content\/uploads\/2024\/07\/header-nwsl-garvan-e1759746705872.jpg","type":"image\/jpeg"}],"twitter_card":"summary_large_image","schema":{"@context":"https:\/\/schema.org","@graph":[{"@type":"WebPage","@id":"https:\/\/www.garvanacoustic.com\/es\/revista\/articulos-sobre-eventos\/","url":"https:\/\/www.garvanacoustic.com\/es\/revista\/articulos-sobre-eventos\/","name":"Art\u00edculos sobre eventos","isPartOf":{"@id":"https:\/\/www.garvanacoustic.com\/es\/#website"},"datePublished":"2024-01-24T10:50:46+00:00","dateModified":"2024-01-25T15:21:28+00:00","description":"Presentamos productos, contamos an\u00e9cdotas y le mantenemos al d\u00eda de todo lo que ocurre en el mundo Garvan.","breadcrumb":{"@id":"https:\/\/www.garvanacoustic.com\/es\/revista\/articulos-sobre-eventos\/#breadcrumb"},"inLanguage":"es","potentialAction":[{"@type":"ReadAction","target":["https:\/\/www.garvanacoustic.com\/es\/revista\/articulos-sobre-eventos\/"]}]},{"@type":"BreadcrumbList","@id":"https:\/\/www.garvanacoustic.com\/es\/revista\/articulos-sobre-eventos\/#breadcrumb","itemListElement":[{"@type":"ListItem","position":1,"name":"Home","item":"https:\/\/www.garvanacoustic.com\/es\/"},{"@type":"ListItem","position":2,"name":"Revista","item":"https:\/\/www.garvanacoustic.com\/es\/revista\/"},{"@type":"ListItem","position":3,"name":"Art\u00edculos sobre eventos"}]},{"@type":"WebSite","@id":"https:\/\/www.garvanacoustic.com\/es\/#website","url":"https:\/\/www.garvanacoustic.com\/es\/","name":"Garvan Acoustic","description":"Diffusori e trattamento acustico: scopri la qualit\u00e0 del Made in Italy","publisher":{"@id":"https:\/\/www.garvanacoustic.com\/es\/#organization"},"potentialAction":[{"@type":"SearchAction","target":{"@type":"EntryPoint","urlTemplate":"https:\/\/www.garvanacoustic.com\/es\/?s={search_term_string}"},"query-input":{"@type":"PropertyValueSpecification","valueRequired":true,"valueName":"search_term_string"}}],"inLanguage":"es"},{"@type":"Organization","@id":"https:\/\/www.garvanacoustic.com\/es\/#organization","name":"Garvan Acoustic","url":"https:\/\/www.garvanacoustic.com\/es\/","logo":{"@type":"ImageObject","inLanguage":"es","@id":"https:\/\/www.garvanacoustic.com\/es\/#\/schema\/logo\/image\/","url":"https:\/\/www.garvanacoustic.com\/wp-content\/uploads\/2018\/07\/garvan-acoustic-logo.png","contentUrl":"https:\/\/www.garvanacoustic.com\/wp-content\/uploads\/2018\/07\/garvan-acoustic-logo.png","width":400,"height":161,"caption":"Garvan Acoustic"},"image":{"@id":"https:\/\/www.garvanacoustic.com\/es\/#\/schema\/logo\/image\/"},"sameAs":["https:\/\/www.facebook.com\/garvanacoustic","https:\/\/www.instagram.com\/garvanacoustic\/"],"description":"Produttori di Diffusori Acustici e Pannelli Fonoassorbenti Made in Italy","email":"garvan@garvanacoustic.com","telephone":"0546 682097"}]}},"_links":{"self":[{"href":"https:\/\/www.garvanacoustic.com\/es\/wp-json\/wp\/v2\/pages\/65026","targetHints":{"allow":["GET"]}}],"collection":[{"href":"https:\/\/www.garvanacoustic.com\/es\/wp-json\/wp\/v2\/pages"}],"about":[{"href":"https:\/\/www.garvanacoustic.com\/es\/wp-json\/wp\/v2\/types\/page"}],"author":[{"embeddable":true,"href":"https:\/\/www.garvanacoustic.com\/es\/wp-json\/wp\/v2\/users\/11"}],"replies":[{"embeddable":true,"href":"https:\/\/www.garvanacoustic.com\/es\/wp-json\/wp\/v2\/comments?post=65026"}],"version-history":[{"count":2,"href":"https:\/\/www.garvanacoustic.com\/es\/wp-json\/wp\/v2\/pages\/65026\/revisions"}],"predecessor-version":[{"id":65035,"href":"https:\/\/www.garvanacoustic.com\/es\/wp-json\/wp\/v2\/pages\/65026\/revisions\/65035"}],"up":[{"embeddable":true,"href":"https:\/\/www.garvanacoustic.com\/es\/wp-json\/wp\/v2\/pages\/65051"}],"wp:attachment":[{"href":"https:\/\/www.garvanacoustic.com\/es\/wp-json\/wp\/v2\/media?parent=65026"}],"curies":[{"name":"wp","href":"https:\/\/api.w.org\/{rel}","templated":true}]}}