{"id":65029,"date":"2024-01-24T11:50:46","date_gmt":"2024-01-24T10:50:46","guid":{"rendered":"https:\/\/www.garvanacoustic.com\/escritorio\/"},"modified":"2024-01-25T16:20:45","modified_gmt":"2024-01-25T15:20:45","slug":"escritorio","status":"publish","type":"page","link":"https:\/\/www.garvanacoustic.com\/es\/insonorizacion\/escritorio\/","title":{"rendered":"Escritorio"},"content":{"rendered":"<section  class=\"wow fadeIn bg-image-srcset cover-background\" style=\"background-image: url(https:\/\/www.garvanacoustic.com\/wp-content\/uploads\/2023\/09\/dividere-con-pannelli-varie-postazioniBG-1.jpeg);\" data-bg-srcset=\"https:\/\/www.garvanacoustic.com\/wp-content\/uploads\/2023\/09\/dividere-con-pannelli-varie-postazioniBG-1.jpeg 900w, https:\/\/www.garvanacoustic.com\/wp-content\/uploads\/2023\/09\/dividere-con-pannelli-varie-postazioniBG-1-300x200.jpeg 300w, https:\/\/www.garvanacoustic.com\/wp-content\/uploads\/2023\/09\/dividere-con-pannelli-varie-postazioniBG-1-768x512.jpeg 768w, https:\/\/www.garvanacoustic.com\/wp-content\/uploads\/2023\/09\/dividere-con-pannelli-varie-postazioniBG-1-81x54.jpeg 81w\"><div class=\"selection-overlay\" style=\"opacity:0.5;background-color:#000000;\"><\/div><div class=\"container\"><div class=\"row\"><div class=\"wpb_column hcode-column-container center-col text-center vc_col-sm-10 vc_col-md-6 col-xs-mobile-fullwidth\" data-front-class=\"center-col text-center col-xs-mobile-fullwidth\"><div class=\"vc-column-innner-wrapper\"><p class=\"titolo\">\n            <strong>Soluciones ac\u00fasticas de sobremesa<\/strong><\/p>\n<\/div><\/div><\/div><\/div><\/section><section class=\"no-padding\"><div class=\"container-fluid\"><div class=\"row\"><div class=\"wpb_column hcode-column-container text-center padding-three-top  col-xs-mobile-fullwidth\" data-front-class=\"text-center padding-three-top col-xs-mobile-fullwidth front-column-class\"><div class=\"vc-column-innner-wrapper\"><div class=\"hcode-divider \" style=\"border-top: 20px;\"><\/div><\/div><\/div><\/div><\/div><\/section><section class=\"no-padding\"><div class=\"container-fluid\"><div class=\"row\"><div class=\"wpb_column hcode-column-container text-center padding-three-top vc_col-sm-2 col-xs-mobile-fullwidth\" data-front-class=\"text-center padding-three-top col-xs-mobile-fullwidth\"><div class=\"vc-column-innner-wrapper\"><\/div><\/div><div class=\"wpb_column hcode-column-container vc_col-sm-8 col-xs-mobile-fullwidth\" data-front-class=\"col-xs-mobile-fullwidth\"><div class=\"vc-column-innner-wrapper\">[vc_wp_text]Bienvenido a la secci\u00f3n dedicada a nuestras colecciones de paneles insonorizantes para escritorios. En un mundo cada vez m\u00e1s ruidoso, la calidad ac\u00fastica de los entornos en los que trabajamos y vivimos se ha vuelto esencial. Garvan Acoustic se enorgullece de presentar una gama de soluciones ac\u00fasticas dise\u00f1adas para garantizar el confort y el bienestar ac\u00fasticos. Nuestros absorbentes de escritorio no s\u00f3lo son funcionales, sino tambi\u00e9n est\u00e9ticamente agradables, perfectos para integrarse en cualquier entorno de trabajo.[\/vc_wp_text]<\/div><\/div><div class=\"wpb_column hcode-column-container vc_col-sm-2 col-xs-mobile-fullwidth\" data-front-class=\"col-xs-mobile-fullwidth\"><div class=\"vc-column-innner-wrapper\"><\/div><\/div><\/div><\/div><\/section><section class=\"no-padding\"><div class=\"container-fluid\"><div class=\"row\"><div class=\"wpb_column hcode-column-container text-center padding-three-top vc_col-sm-3 col-xs-mobile-fullwidth\" data-front-class=\"text-center padding-three-top col-xs-mobile-fullwidth\"><div class=\"vc-column-innner-wrapper\"><\/div><\/div><div class=\"wpb_column hcode-column-container text-center sm-text-center xs-text-center vc_col-sm-6 col-xs-mobile-fullwidth\" data-front-class=\"text-center sm-text-center xs-text-center col-xs-mobile-fullwidth\"><div class=\"vc-column-innner-wrapper\">[vc_single_image image=\"61940\" img_size=\"400x250\" alignment=\"center\" onclick=\"custom_link\" link=\"https:\/\/www.garvanacoustic.com\/es\/?post_type=portfolio&amp;p=64838#scrivania\"]<a  href=\"https:\/\/www.garvanacoustic.com\/prodotto\/pannello-fonoassorbente-surface\/#scrivania\" target=\"_self\"  class=\"inner-link button btn highlight-button-dark btn-medium\">Scopri<\/a>[vc_empty_space height=\"20px\"]<\/div><\/div><div class=\"wpb_column hcode-column-container vc_col-sm-3 col-xs-mobile-fullwidth\" data-front-class=\"col-xs-mobile-fullwidth\"><div class=\"vc-column-innner-wrapper\"><\/div><\/div><\/div><\/div><\/section><section class=\"no-padding\"><div class=\"container-fluid\"><div class=\"row\"><div class=\"wpb_column hcode-column-container text-center padding-three-top  col-xs-mobile-fullwidth\" data-front-class=\"text-center padding-three-top col-xs-mobile-fullwidth front-column-class\"><div class=\"vc-column-innner-wrapper\"><div class=\"hcode-divider \" style=\"border-top: 30px;\"><\/div><\/div><\/div><\/div><\/div><\/section>","protected":false},"excerpt":{"rendered":"<p>Soluciones ac\u00fasticas de sobremesa [vc_wp_text]Bienvenido a la secci\u00f3n dedicada a nuestras colecciones de paneles insonorizantes para escritorios. En un mundo cada vez m\u00e1s ruidoso, la calidad ac\u00fastica de los entornos en los que trabajamos y vivimos se ha vuelto esencial. Garvan Acoustic se enorgullece de presentar una gama de soluciones ac\u00fasticas dise\u00f1adas para garantizar el [&hellip;]<\/p>\n","protected":false},"author":11,"featured_media":77935,"parent":65206,"menu_order":0,"comment_status":"open","ping_status":"open","template":"","meta":{"_joinchat":[],"footnotes":""},"class_list":["post-65029","page","type-page","status-publish","has-post-thumbnail","hentry"],"yoast_head":"<!-- This site is optimized with the Yoast SEO Premium plugin v27.3 (Yoast SEO v27.3) - https:\/\/yoast.com\/product\/yoast-seo-premium-wordpress\/ -->\n<title>Paneles ac\u00fasticos de escritorio | Garvan Acoustic Collections<\/title>\n<meta name=\"description\" content=\"Descubra nuestras colecciones exclusivas de paneles ac\u00fasticos para escritorios. Garvan Acoustic ofrece soluciones ac\u00fasticas de alta calidad para conseguir un entorno de trabajo silencioso y productivo.\" \/>\n<meta name=\"robots\" content=\"index, follow, max-snippet:-1, max-image-preview:large, max-video-preview:-1\" \/>\n<link rel=\"canonical\" href=\"https:\/\/www.garvanacoustic.com\/es\/insonorizacion\/escritorio\/\" \/>\n<meta property=\"og:locale\" content=\"es_ES\" \/>\n<meta property=\"og:type\" content=\"article\" \/>\n<meta property=\"og:title\" content=\"Escritorio\" \/>\n<meta property=\"og:description\" content=\"Descubra nuestras colecciones exclusivas de paneles ac\u00fasticos para escritorios. Garvan Acoustic ofrece soluciones ac\u00fasticas de alta calidad para conseguir un entorno de trabajo silencioso y productivo.\" \/>\n<meta property=\"og:url\" content=\"https:\/\/www.garvanacoustic.com\/es\/insonorizacion\/escritorio\/\" \/>\n<meta property=\"og:site_name\" content=\"Garvan Acoustic\" \/>\n<meta property=\"article:publisher\" content=\"https:\/\/www.facebook.com\/garvanacoustic\" \/>\n<meta property=\"article:modified_time\" content=\"2024-01-25T15:20:45+00:00\" \/>\n<meta property=\"og:image\" content=\"https:\/\/www.garvanacoustic.com\/wp-content\/uploads\/2024\/07\/header-nwsl-garvan-e1759746705872.jpg\" \/>\n\t<meta property=\"og:image:width\" content=\"779\" \/>\n\t<meta property=\"og:image:height\" content=\"437\" \/>\n\t<meta property=\"og:image:type\" content=\"image\/jpeg\" \/>\n<meta name=\"twitter:card\" content=\"summary_large_image\" \/>\n<meta name=\"twitter:label1\" content=\"Tiempo de lectura\" \/>\n\t<meta name=\"twitter:data1\" content=\"2 minutos\" \/>\n<script type=\"application\/ld+json\" class=\"yoast-schema-graph\">{\"@context\":\"https:\\\/\\\/schema.org\",\"@graph\":[{\"@type\":\"WebPage\",\"@id\":\"https:\\\/\\\/www.garvanacoustic.com\\\/es\\\/insonorizacion\\\/escritorio\\\/\",\"url\":\"https:\\\/\\\/www.garvanacoustic.com\\\/es\\\/insonorizacion\\\/escritorio\\\/\",\"name\":\"Paneles ac\u00fasticos de escritorio | Garvan Acoustic Collections\",\"isPartOf\":{\"@id\":\"https:\\\/\\\/www.garvanacoustic.com\\\/es\\\/#website\"},\"primaryImageOfPage\":{\"@id\":\"https:\\\/\\\/www.garvanacoustic.com\\\/es\\\/insonorizacion\\\/escritorio\\\/#primaryimage\"},\"image\":{\"@id\":\"https:\\\/\\\/www.garvanacoustic.com\\\/es\\\/insonorizacion\\\/escritorio\\\/#primaryimage\"},\"thumbnailUrl\":\"https:\\\/\\\/www.garvanacoustic.com\\\/wp-content\\\/uploads\\\/2023\\\/08\\\/pannello-fonoassorbente-da-scrivania-personalizzabile.jpeg\",\"datePublished\":\"2024-01-24T10:50:46+00:00\",\"dateModified\":\"2024-01-25T15:20:45+00:00\",\"description\":\"Descubra nuestras colecciones exclusivas de paneles ac\u00fasticos para escritorios. Garvan Acoustic ofrece soluciones ac\u00fasticas de alta calidad para conseguir un entorno de trabajo silencioso y productivo.\",\"breadcrumb\":{\"@id\":\"https:\\\/\\\/www.garvanacoustic.com\\\/es\\\/insonorizacion\\\/escritorio\\\/#breadcrumb\"},\"inLanguage\":\"es\",\"potentialAction\":[{\"@type\":\"ReadAction\",\"target\":[\"https:\\\/\\\/www.garvanacoustic.com\\\/es\\\/insonorizacion\\\/escritorio\\\/\"]}]},{\"@type\":\"ImageObject\",\"inLanguage\":\"es\",\"@id\":\"https:\\\/\\\/www.garvanacoustic.com\\\/es\\\/insonorizacion\\\/escritorio\\\/#primaryimage\",\"url\":\"https:\\\/\\\/www.garvanacoustic.com\\\/wp-content\\\/uploads\\\/2023\\\/08\\\/pannello-fonoassorbente-da-scrivania-personalizzabile.jpeg\",\"contentUrl\":\"https:\\\/\\\/www.garvanacoustic.com\\\/wp-content\\\/uploads\\\/2023\\\/08\\\/pannello-fonoassorbente-da-scrivania-personalizzabile.jpeg\",\"width\":1920,\"height\":1122},{\"@type\":\"BreadcrumbList\",\"@id\":\"https:\\\/\\\/www.garvanacoustic.com\\\/es\\\/insonorizacion\\\/escritorio\\\/#breadcrumb\",\"itemListElement\":[{\"@type\":\"ListItem\",\"position\":1,\"name\":\"Home\",\"item\":\"https:\\\/\\\/www.garvanacoustic.com\\\/es\\\/\"},{\"@type\":\"ListItem\",\"position\":2,\"name\":\"Insonorizaci\u00f3n\",\"item\":\"https:\\\/\\\/www.garvanacoustic.com\\\/es\\\/insonorizacion\\\/\"},{\"@type\":\"ListItem\",\"position\":3,\"name\":\"Escritorio\"}]},{\"@type\":\"WebSite\",\"@id\":\"https:\\\/\\\/www.garvanacoustic.com\\\/es\\\/#website\",\"url\":\"https:\\\/\\\/www.garvanacoustic.com\\\/es\\\/\",\"name\":\"Garvan Acoustic\",\"description\":\"Diffusori e trattamento acustico: scopri la qualit\u00e0 del Made in Italy\",\"publisher\":{\"@id\":\"https:\\\/\\\/www.garvanacoustic.com\\\/es\\\/#organization\"},\"potentialAction\":[{\"@type\":\"SearchAction\",\"target\":{\"@type\":\"EntryPoint\",\"urlTemplate\":\"https:\\\/\\\/www.garvanacoustic.com\\\/es\\\/?s={search_term_string}\"},\"query-input\":{\"@type\":\"PropertyValueSpecification\",\"valueRequired\":true,\"valueName\":\"search_term_string\"}}],\"inLanguage\":\"es\"},{\"@type\":\"Organization\",\"@id\":\"https:\\\/\\\/www.garvanacoustic.com\\\/es\\\/#organization\",\"name\":\"Garvan Acoustic\",\"url\":\"https:\\\/\\\/www.garvanacoustic.com\\\/es\\\/\",\"logo\":{\"@type\":\"ImageObject\",\"inLanguage\":\"es\",\"@id\":\"https:\\\/\\\/www.garvanacoustic.com\\\/es\\\/#\\\/schema\\\/logo\\\/image\\\/\",\"url\":\"https:\\\/\\\/www.garvanacoustic.com\\\/wp-content\\\/uploads\\\/2018\\\/07\\\/garvan-acoustic-logo.png\",\"contentUrl\":\"https:\\\/\\\/www.garvanacoustic.com\\\/wp-content\\\/uploads\\\/2018\\\/07\\\/garvan-acoustic-logo.png\",\"width\":400,\"height\":161,\"caption\":\"Garvan Acoustic\"},\"image\":{\"@id\":\"https:\\\/\\\/www.garvanacoustic.com\\\/es\\\/#\\\/schema\\\/logo\\\/image\\\/\"},\"sameAs\":[\"https:\\\/\\\/www.facebook.com\\\/garvanacoustic\",\"https:\\\/\\\/www.instagram.com\\\/garvanacoustic\\\/\"],\"description\":\"Produttori di Diffusori Acustici e Pannelli Fonoassorbenti Made in Italy\",\"email\":\"garvan@garvanacoustic.com\",\"telephone\":\"0546 682097\"}]}<\/script>\n<!-- \/ Yoast SEO Premium plugin. -->","yoast_head_json":{"title":"Paneles ac\u00fasticos de escritorio | Garvan Acoustic Collections","description":"Descubra nuestras colecciones exclusivas de paneles ac\u00fasticos para escritorios. Garvan Acoustic ofrece soluciones ac\u00fasticas de alta calidad para conseguir un entorno de trabajo silencioso y productivo.","robots":{"index":"index","follow":"follow","max-snippet":"max-snippet:-1","max-image-preview":"max-image-preview:large","max-video-preview":"max-video-preview:-1"},"canonical":"https:\/\/www.garvanacoustic.com\/es\/insonorizacion\/escritorio\/","og_locale":"es_ES","og_type":"article","og_title":"Escritorio","og_description":"Descubra nuestras colecciones exclusivas de paneles ac\u00fasticos para escritorios. Garvan Acoustic ofrece soluciones ac\u00fasticas de alta calidad para conseguir un entorno de trabajo silencioso y productivo.","og_url":"https:\/\/www.garvanacoustic.com\/es\/insonorizacion\/escritorio\/","og_site_name":"Garvan Acoustic","article_publisher":"https:\/\/www.facebook.com\/garvanacoustic","article_modified_time":"2024-01-25T15:20:45+00:00","og_image":[{"width":779,"height":437,"url":"https:\/\/www.garvanacoustic.com\/wp-content\/uploads\/2024\/07\/header-nwsl-garvan-e1759746705872.jpg","type":"image\/jpeg"}],"twitter_card":"summary_large_image","twitter_misc":{"Tiempo de lectura":"2 minutos"},"schema":{"@context":"https:\/\/schema.org","@graph":[{"@type":"WebPage","@id":"https:\/\/www.garvanacoustic.com\/es\/insonorizacion\/escritorio\/","url":"https:\/\/www.garvanacoustic.com\/es\/insonorizacion\/escritorio\/","name":"Paneles ac\u00fasticos de escritorio | Garvan Acoustic Collections","isPartOf":{"@id":"https:\/\/www.garvanacoustic.com\/es\/#website"},"primaryImageOfPage":{"@id":"https:\/\/www.garvanacoustic.com\/es\/insonorizacion\/escritorio\/#primaryimage"},"image":{"@id":"https:\/\/www.garvanacoustic.com\/es\/insonorizacion\/escritorio\/#primaryimage"},"thumbnailUrl":"https:\/\/www.garvanacoustic.com\/wp-content\/uploads\/2023\/08\/pannello-fonoassorbente-da-scrivania-personalizzabile.jpeg","datePublished":"2024-01-24T10:50:46+00:00","dateModified":"2024-01-25T15:20:45+00:00","description":"Descubra nuestras colecciones exclusivas de paneles ac\u00fasticos para escritorios. Garvan Acoustic ofrece soluciones ac\u00fasticas de alta calidad para conseguir un entorno de trabajo silencioso y productivo.","breadcrumb":{"@id":"https:\/\/www.garvanacoustic.com\/es\/insonorizacion\/escritorio\/#breadcrumb"},"inLanguage":"es","potentialAction":[{"@type":"ReadAction","target":["https:\/\/www.garvanacoustic.com\/es\/insonorizacion\/escritorio\/"]}]},{"@type":"ImageObject","inLanguage":"es","@id":"https:\/\/www.garvanacoustic.com\/es\/insonorizacion\/escritorio\/#primaryimage","url":"https:\/\/www.garvanacoustic.com\/wp-content\/uploads\/2023\/08\/pannello-fonoassorbente-da-scrivania-personalizzabile.jpeg","contentUrl":"https:\/\/www.garvanacoustic.com\/wp-content\/uploads\/2023\/08\/pannello-fonoassorbente-da-scrivania-personalizzabile.jpeg","width":1920,"height":1122},{"@type":"BreadcrumbList","@id":"https:\/\/www.garvanacoustic.com\/es\/insonorizacion\/escritorio\/#breadcrumb","itemListElement":[{"@type":"ListItem","position":1,"name":"Home","item":"https:\/\/www.garvanacoustic.com\/es\/"},{"@type":"ListItem","position":2,"name":"Insonorizaci\u00f3n","item":"https:\/\/www.garvanacoustic.com\/es\/insonorizacion\/"},{"@type":"ListItem","position":3,"name":"Escritorio"}]},{"@type":"WebSite","@id":"https:\/\/www.garvanacoustic.com\/es\/#website","url":"https:\/\/www.garvanacoustic.com\/es\/","name":"Garvan Acoustic","description":"Diffusori e trattamento acustico: scopri la qualit\u00e0 del Made in Italy","publisher":{"@id":"https:\/\/www.garvanacoustic.com\/es\/#organization"},"potentialAction":[{"@type":"SearchAction","target":{"@type":"EntryPoint","urlTemplate":"https:\/\/www.garvanacoustic.com\/es\/?s={search_term_string}"},"query-input":{"@type":"PropertyValueSpecification","valueRequired":true,"valueName":"search_term_string"}}],"inLanguage":"es"},{"@type":"Organization","@id":"https:\/\/www.garvanacoustic.com\/es\/#organization","name":"Garvan Acoustic","url":"https:\/\/www.garvanacoustic.com\/es\/","logo":{"@type":"ImageObject","inLanguage":"es","@id":"https:\/\/www.garvanacoustic.com\/es\/#\/schema\/logo\/image\/","url":"https:\/\/www.garvanacoustic.com\/wp-content\/uploads\/2018\/07\/garvan-acoustic-logo.png","contentUrl":"https:\/\/www.garvanacoustic.com\/wp-content\/uploads\/2018\/07\/garvan-acoustic-logo.png","width":400,"height":161,"caption":"Garvan Acoustic"},"image":{"@id":"https:\/\/www.garvanacoustic.com\/es\/#\/schema\/logo\/image\/"},"sameAs":["https:\/\/www.facebook.com\/garvanacoustic","https:\/\/www.instagram.com\/garvanacoustic\/"],"description":"Produttori di Diffusori Acustici e Pannelli Fonoassorbenti Made in Italy","email":"garvan@garvanacoustic.com","telephone":"0546 682097"}]}},"_links":{"self":[{"href":"https:\/\/www.garvanacoustic.com\/es\/wp-json\/wp\/v2\/pages\/65029","targetHints":{"allow":["GET"]}}],"collection":[{"href":"https:\/\/www.garvanacoustic.com\/es\/wp-json\/wp\/v2\/pages"}],"about":[{"href":"https:\/\/www.garvanacoustic.com\/es\/wp-json\/wp\/v2\/types\/page"}],"author":[{"embeddable":true,"href":"https:\/\/www.garvanacoustic.com\/es\/wp-json\/wp\/v2\/users\/11"}],"replies":[{"embeddable":true,"href":"https:\/\/www.garvanacoustic.com\/es\/wp-json\/wp\/v2\/comments?post=65029"}],"version-history":[{"count":3,"href":"https:\/\/www.garvanacoustic.com\/es\/wp-json\/wp\/v2\/pages\/65029\/revisions"}],"predecessor-version":[{"id":65042,"href":"https:\/\/www.garvanacoustic.com\/es\/wp-json\/wp\/v2\/pages\/65029\/revisions\/65042"}],"up":[{"embeddable":true,"href":"https:\/\/www.garvanacoustic.com\/es\/wp-json\/wp\/v2\/pages\/65206"}],"wp:featuredmedia":[{"embeddable":true,"href":"https:\/\/www.garvanacoustic.com\/es\/wp-json\/wp\/v2\/media\/77935"}],"wp:attachment":[{"href":"https:\/\/www.garvanacoustic.com\/es\/wp-json\/wp\/v2\/media?parent=65029"}],"curies":[{"name":"wp","href":"https:\/\/api.w.org\/{rel}","templated":true}]}}