{"id":65048,"date":"2024-01-24T11:50:48","date_gmt":"2024-01-24T10:50:48","guid":{"rendered":"https:\/\/www.garvanacoustic.com\/pulse\/"},"modified":"2024-02-08T12:06:38","modified_gmt":"2024-02-08T11:06:38","slug":"periodicos","status":"publish","type":"page","link":"https:\/\/www.garvanacoustic.com\/es\/revista\/periodicos\/","title":{"rendered":"Periodicos"},"content":{"rendered":"<section><div class=\"container\"><div class=\"row\"><div class=\"wpb_column hcode-column-container  col-xs-mobile-fullwidth\" data-front-class=\"col-xs-mobile-fullwidth front-column-class\"><div class=\"vc-column-innner-wrapper\"><div class=\"blog-3col product-3\"><div class=\"post-66332 post type-post status-publish format-image has-post-thumbnail hentry category-periodicos post_format-post-format-image\"><div class=\"col-md-4 col-sm-6 col-xs-12 blog-listing \" ><div class=\"blog-post\"><div class=\"blog-image\"><a href=\"https:\/\/www.garvanacoustic.com\/es\/periodicos\/entrevista-de-hiddenwires-con-garvan-acoustic\/\"><img decoding=\"async\" width=\"1589\" height=\"782\" src=\"https:\/\/www.garvanacoustic.com\/wp-content\/uploads\/2022\/04\/Hiddenwires-1.jpg\" class=\"attachment-full size-full wp-post-image\" alt=\"Intervista Hiddenwires Magazine\" srcset=\"https:\/\/www.garvanacoustic.com\/wp-content\/uploads\/2022\/04\/Hiddenwires-1.jpg 1589w, https:\/\/www.garvanacoustic.com\/wp-content\/uploads\/2022\/04\/Hiddenwires-1-300x148.jpg 300w, https:\/\/www.garvanacoustic.com\/wp-content\/uploads\/2022\/04\/Hiddenwires-1-1024x504.jpg 1024w, https:\/\/www.garvanacoustic.com\/wp-content\/uploads\/2022\/04\/Hiddenwires-1-768x378.jpg 768w, https:\/\/www.garvanacoustic.com\/wp-content\/uploads\/2022\/04\/Hiddenwires-1-1536x756.jpg 1536w, https:\/\/www.garvanacoustic.com\/wp-content\/uploads\/2022\/04\/Hiddenwires-1-81x40.jpg 81w\" sizes=\"(max-width: 1589px) 100vw, 1589px\" \/><\/a><\/div><div class=\"blog-details hcode-blog-1\"><div class=\"blog-date\"><span class=\"published\">29 enero 2022<\/span><time class=\"updated display-none\" datetime=\"2024-02-07T11:31:18+01:00\">07 febrero 2024<\/time><\/div><div class=\"blog-title entry-title\"><a href=\"https:\/\/www.garvanacoustic.com\/es\/periodicos\/entrevista-de-hiddenwires-con-garvan-acoustic\/\">Entrevista de Hiddenwires con Garvan Acoustic<\/a><\/div><div class=\"hcode-blog-excerpt blog-short-description entry-content\"><p>La revista brit\u00e1nica Hiddenwires Magazine entrevista a Garvan Acoustic acerca de sus puntos de vista y conocimientos sobre audio para...<\/p>\n<\/div><div class=\"hcode-blog-separator separator-line bg-black no-margin-lr\"><\/div><\/div><\/div><\/div><\/div><div class=\"post-66337 post type-post status-publish format-image has-post-thumbnail hentry category-periodicos post_format-post-format-image\"><div class=\"col-md-4 col-sm-6 col-xs-12 blog-listing \" ><div class=\"blog-post\"><div class=\"blog-image\"><a href=\"https:\/\/www.garvanacoustic.com\/es\/periodicos\/ponentes-de-garvan-en-la-revista-decoration-and-design\/\"><img decoding=\"async\" width=\"1281\" height=\"960\" src=\"https:\/\/www.garvanacoustic.com\/wp-content\/uploads\/2022\/04\/Decoration-e-Design.jpg\" class=\"attachment-full size-full wp-post-image\" alt=\"Decoration and Design\" srcset=\"https:\/\/www.garvanacoustic.com\/wp-content\/uploads\/2022\/04\/Decoration-e-Design.jpg 1281w, https:\/\/www.garvanacoustic.com\/wp-content\/uploads\/2022\/04\/Decoration-e-Design-300x225.jpg 300w, https:\/\/www.garvanacoustic.com\/wp-content\/uploads\/2022\/04\/Decoration-e-Design-1024x767.jpg 1024w, https:\/\/www.garvanacoustic.com\/wp-content\/uploads\/2022\/04\/Decoration-e-Design-768x576.jpg 768w, https:\/\/www.garvanacoustic.com\/wp-content\/uploads\/2022\/04\/Decoration-e-Design-81x61.jpg 81w\" sizes=\"(max-width: 1281px) 100vw, 1281px\" \/><\/a><\/div><div class=\"blog-details hcode-blog-1\"><div class=\"blog-date\"><span class=\"published\">28 enero 2022<\/span><time class=\"updated display-none\" datetime=\"2024-02-07T11:29:55+01:00\">07 febrero 2024<\/time><\/div><div class=\"blog-title entry-title\"><a href=\"https:\/\/www.garvanacoustic.com\/es\/periodicos\/ponentes-de-garvan-en-la-revista-decoration-and-design\/\">Altavoces Garvan en la revista Decoration and Design<\/a><\/div><div class=\"hcode-blog-excerpt blog-short-description entry-content\"><p>La revista Decoraci\u00f3n y Dise\u00f1o celebra la elegancia de los altavoces Garvan en p\u00e1ginas dedicadas que ilustran, en particular, un...<\/p>\n<\/div><div class=\"hcode-blog-separator separator-line bg-black no-margin-lr\"><\/div><\/div><\/div><\/div><\/div><div class=\"post-66341 post type-post status-publish format-image has-post-thumbnail hentry category-periodicos post_format-post-format-image\"><div class=\"col-md-4 col-sm-6 col-xs-12 blog-listing \" ><div class=\"blog-post\"><div class=\"blog-image\"><a href=\"https:\/\/www.garvanacoustic.com\/es\/periodicos\/la-coleccion-celeste-en-las-paginas-de-retailfood\/\"><img decoding=\"async\" width=\"1674\" height=\"1993\" src=\"https:\/\/www.garvanacoustic.com\/wp-content\/uploads\/2022\/01\/copertina.jpg\" class=\"attachment-full size-full wp-post-image\" alt=\"La collezione Celeste tra le pagine di Food&amp;Retail\" srcset=\"https:\/\/www.garvanacoustic.com\/wp-content\/uploads\/2022\/01\/copertina.jpg 1674w, https:\/\/www.garvanacoustic.com\/wp-content\/uploads\/2022\/01\/copertina-252x300.jpg 252w, https:\/\/www.garvanacoustic.com\/wp-content\/uploads\/2022\/01\/copertina-860x1024.jpg 860w, https:\/\/www.garvanacoustic.com\/wp-content\/uploads\/2022\/01\/copertina-768x914.jpg 768w, https:\/\/www.garvanacoustic.com\/wp-content\/uploads\/2022\/01\/copertina-1290x1536.jpg 1290w, https:\/\/www.garvanacoustic.com\/wp-content\/uploads\/2022\/01\/copertina-81x96.jpg 81w\" sizes=\"(max-width: 1674px) 100vw, 1674px\" \/><\/a><\/div><div class=\"blog-details hcode-blog-1\"><div class=\"blog-date\"><span class=\"published\">07 enero 2022<\/span><time class=\"updated display-none\" datetime=\"2024-02-07T11:27:45+01:00\">07 febrero 2024<\/time><\/div><div class=\"blog-title entry-title\"><a href=\"https:\/\/www.garvanacoustic.com\/es\/periodicos\/la-coleccion-celeste-en-las-paginas-de-retailfood\/\">La colecci\u00f3n Celeste en las p\u00e1ginas de Retail&amp;Food<\/a><\/div><div class=\"hcode-blog-excerpt blog-short-description entry-content\"><p>La revista Retail&amp;Food dedica un espacio a la colecci\u00f3n Celeste de Garvan Acoustic, destacando su cuidado aspecto est\u00e9tico y su...<\/p>\n<\/div><div class=\"hcode-blog-separator separator-line bg-black no-margin-lr\"><\/div><\/div><\/div><\/div><\/div><div class=\"post-66356 post type-post status-publish format-image has-post-thumbnail hentry category-news-lifestyle category-periodicos post_format-post-format-image\"><div class=\"col-md-4 col-sm-6 col-xs-12 blog-listing \" ><div class=\"blog-post\"><div class=\"blog-image\"><a href=\"https:\/\/www.garvanacoustic.com\/es\/news-lifestyle\/ceotech-com\/\"><img decoding=\"async\" width=\"477\" height=\"469\" src=\"https:\/\/www.garvanacoustic.com\/wp-content\/uploads\/2020\/10\/Senza-titolo-e1602232315382-1-e1602232918706.png\" class=\"attachment-full size-full wp-post-image\" alt=\"\" srcset=\"https:\/\/www.garvanacoustic.com\/wp-content\/uploads\/2020\/10\/Senza-titolo-e1602232315382-1-e1602232918706.png 477w, https:\/\/www.garvanacoustic.com\/wp-content\/uploads\/2020\/10\/Senza-titolo-e1602232315382-1-e1602232918706-300x295.png 300w, https:\/\/www.garvanacoustic.com\/wp-content\/uploads\/2020\/10\/Senza-titolo-e1602232315382-1-e1602232918706-81x80.png 81w\" sizes=\"(max-width: 477px) 100vw, 477px\" \/><\/a><\/div><div class=\"blog-details hcode-blog-1\"><div class=\"blog-date\"><span class=\"published\">12 septiembre 2020<\/span><time class=\"updated display-none\" datetime=\"2024-02-07T11:25:52+01:00\">07 febrero 2024<\/time><\/div><div class=\"blog-title entry-title\"><a href=\"https:\/\/www.garvanacoustic.com\/es\/news-lifestyle\/ceotech-com\/\">Ceotech.it<\/a><\/div><div class=\"hcode-blog-excerpt blog-short-description entry-content\"><p>La polifac\u00e9tica revista tecnol\u00f3gica Ceotech.es habla de nuestros altavoces en este detallado art\u00edculo. Altavoces Garvan: el sonido nunca ha sido...<\/p>\n<\/div><div class=\"hcode-blog-separator separator-line bg-black no-margin-lr\"><\/div><\/div><\/div><\/div><\/div><div class=\"post-66338 post type-post status-publish format-image has-post-thumbnail hentry category-periodicos post_format-post-format-image\"><div class=\"col-md-4 col-sm-6 col-xs-12 blog-listing \" ><div class=\"blog-post\"><div class=\"blog-image\"><a href=\"https:\/\/www.garvanacoustic.com\/es\/periodicos\/revista-villas-y-casas-de-campo\/\"><img decoding=\"async\" width=\"150\" height=\"199\" src=\"https:\/\/www.garvanacoustic.com\/wp-content\/uploads\/2018\/12\/press-ville-casali.jpg\" class=\"attachment-full size-full wp-post-image\" alt=\"\" srcset=\"https:\/\/www.garvanacoustic.com\/wp-content\/uploads\/2018\/12\/press-ville-casali.jpg 150w, https:\/\/www.garvanacoustic.com\/wp-content\/uploads\/2018\/12\/press-ville-casali-81x107.jpg 81w\" sizes=\"(max-width: 150px) 100vw, 150px\" \/><\/a><\/div><div class=\"blog-details hcode-blog-1\"><div class=\"blog-date\"><span class=\"published\">05 diciembre 2018<\/span><time class=\"updated display-none\" datetime=\"2024-02-07T11:16:45+01:00\">07 febrero 2024<\/time><\/div><div class=\"blog-title entry-title\"><a href=\"https:\/\/www.garvanacoustic.com\/es\/periodicos\/revista-villas-y-casas-de-campo\/\">Revista: Ville e Casali<\/a><\/div><div class=\"hcode-blog-excerpt blog-short-description entry-content\"><p>[vc_single_image image=\"22943\" img_size=\"medium\" alignment=\"center\" css=\".vc_custom_1544017271798{background-color: #ffffff !important;}\"] Publicaci\u00f3n en la revista del mueble Ville e Casali secci\u00f3n confort del hogar.<\/p>\n<\/div><div class=\"hcode-blog-separator separator-line bg-black no-margin-lr\"><\/div><\/div><\/div><\/div><\/div><div class=\"post-66328 post type-post status-publish format-image has-post-thumbnail hentry category-periodicos post_format-post-format-image\"><div class=\"col-md-4 col-sm-6 col-xs-12 blog-listing \" ><div class=\"blog-post\"><div class=\"blog-image\"><a href=\"https:\/\/www.garvanacoustic.com\/es\/periodicos\/revista-hogar-digital\/\"><img decoding=\"async\" width=\"150\" height=\"199\" src=\"https:\/\/www.garvanacoustic.com\/wp-content\/uploads\/2018\/12\/press-digital-home.jpg\" class=\"attachment-full size-full wp-post-image\" alt=\"\" srcset=\"https:\/\/www.garvanacoustic.com\/wp-content\/uploads\/2018\/12\/press-digital-home.jpg 150w, https:\/\/www.garvanacoustic.com\/wp-content\/uploads\/2018\/12\/press-digital-home-81x107.jpg 81w\" sizes=\"(max-width: 150px) 100vw, 150px\" \/><\/a><\/div><div class=\"blog-details hcode-blog-1\"><div class=\"blog-date\"><span class=\"published\">05 diciembre 2018<\/span><time class=\"updated display-none\" datetime=\"2024-02-07T11:20:17+01:00\">07 febrero 2024<\/time><\/div><div class=\"blog-title entry-title\"><a href=\"https:\/\/www.garvanacoustic.com\/es\/periodicos\/revista-hogar-digital\/\">Revista : Hogar digital<\/a><\/div><div class=\"hcode-blog-excerpt blog-short-description entry-content\"><p>[vc_single_image image=\"22959\" img_size=\"medium\" alignment=\"center\" css=\".vc_custom_1544018749239{background-color: #ffffff !important;}\"] Publicaci\u00f3n en la revista tecnol\u00f3gica Hogar Digital<\/p>\n<\/div><div class=\"hcode-blog-separator separator-line bg-black no-margin-lr\"><\/div><\/div><\/div><\/div><\/div><div class=\"post-66333 post type-post status-publish format-image has-post-thumbnail hentry category-periodicos post_format-post-format-image\"><div class=\"col-md-4 col-sm-6 col-xs-12 blog-listing \" ><div class=\"blog-post\"><div class=\"blog-image\"><a href=\"https:\/\/www.garvanacoustic.com\/es\/periodicos\/revista-match-music-magazine\/\"><img decoding=\"async\" width=\"150\" height=\"199\" src=\"https:\/\/www.garvanacoustic.com\/wp-content\/uploads\/2018\/12\/press-match-music-magazine.jpg\" class=\"attachment-full size-full wp-post-image\" alt=\"\" srcset=\"https:\/\/www.garvanacoustic.com\/wp-content\/uploads\/2018\/12\/press-match-music-magazine.jpg 150w, https:\/\/www.garvanacoustic.com\/wp-content\/uploads\/2018\/12\/press-match-music-magazine-81x107.jpg 81w\" sizes=\"(max-width: 150px) 100vw, 150px\" \/><\/a><\/div><div class=\"blog-details hcode-blog-1\"><div class=\"blog-date\"><span class=\"published\">05 diciembre 2018<\/span><time class=\"updated display-none\" datetime=\"2024-02-07T11:23:02+01:00\">07 febrero 2024<\/time><\/div><div class=\"blog-title entry-title\"><a href=\"https:\/\/www.garvanacoustic.com\/es\/periodicos\/revista-match-music-magazine\/\">Revista : Match Music Magazine<\/a><\/div><div class=\"hcode-blog-excerpt blog-short-description entry-content\"><p>[vc_single_image image=\"22980\" img_size=\"medium\" alignment=\"center\" css=\".vc_custom_1544019664461{background-color: #ffffff !important;}\"] Publicaci\u00f3n en la revista Match Music Magazine en la secci\u00f3n Hi Tech<\/p>\n<\/div><div class=\"hcode-blog-separator separator-line bg-black no-margin-lr\"><\/div><\/div><\/div><\/div><\/div><div class=\"post-66335 post type-post status-publish format-image has-post-thumbnail hentry category-periodicos post_format-post-format-image\"><div class=\"col-md-4 col-sm-6 col-xs-12 blog-listing \" ><div class=\"blog-post\"><div class=\"blog-image\"><a href=\"https:\/\/www.garvanacoustic.com\/es\/periodicos\/hc-home-comfort-cinema\/\"><img decoding=\"async\" width=\"150\" height=\"199\" src=\"https:\/\/www.garvanacoustic.com\/wp-content\/uploads\/2018\/12\/press-home-comfort-marzo-aprile-2008.jpg\" class=\"attachment-full size-full wp-post-image\" alt=\"\" srcset=\"https:\/\/www.garvanacoustic.com\/wp-content\/uploads\/2018\/12\/press-home-comfort-marzo-aprile-2008.jpg 150w, https:\/\/www.garvanacoustic.com\/wp-content\/uploads\/2018\/12\/press-home-comfort-marzo-aprile-2008-81x107.jpg 81w\" sizes=\"(max-width: 150px) 100vw, 150px\" \/><\/a><\/div><div class=\"blog-details hcode-blog-1\"><div class=\"blog-date\"><span class=\"published\">05 diciembre 2018<\/span><time class=\"updated display-none\" datetime=\"2024-02-07T11:18:21+01:00\">07 febrero 2024<\/time><\/div><div class=\"blog-title entry-title\"><a href=\"https:\/\/www.garvanacoustic.com\/es\/periodicos\/hc-home-comfort-cinema\/\">HC Home Comfort &amp; Cinema<\/a><\/div><div class=\"hcode-blog-excerpt blog-short-description entry-content\"><p>[vc_single_image image=\"22953\" img_size=\"medium\" alignment=\"center\" css=\".vc_custom_1544018088068{background-color: #ffffff !important;}\"] HC Home Comfort &amp; Cinema - www.homeconfort.it Publicaci\u00f3n en la secci\u00f3n de noticias...<\/p>\n<\/div><div class=\"hcode-blog-separator separator-line bg-black no-margin-lr\"><\/div><\/div><\/div><\/div><\/div><div class=\"post-66324 post type-post status-publish format-image has-post-thumbnail hentry category-periodicos post_format-post-format-image\"><div class=\"col-md-4 col-sm-6 col-xs-12 blog-listing \" ><div class=\"blog-post\"><div class=\"blog-image\"><a href=\"https:\/\/www.garvanacoustic.com\/es\/periodicos\/revista-living-room\/\"><img decoding=\"async\" width=\"150\" height=\"199\" src=\"https:\/\/www.garvanacoustic.com\/wp-content\/uploads\/2018\/12\/press-living-room.jpg\" class=\"attachment-full size-full wp-post-image\" alt=\"\" srcset=\"https:\/\/www.garvanacoustic.com\/wp-content\/uploads\/2018\/12\/press-living-room.jpg 150w, https:\/\/www.garvanacoustic.com\/wp-content\/uploads\/2018\/12\/press-living-room-81x107.jpg 81w\" sizes=\"(max-width: 150px) 100vw, 150px\" \/><\/a><\/div><div class=\"blog-details hcode-blog-1\"><div class=\"blog-date\"><span class=\"published\">05 diciembre 2018<\/span><time class=\"updated display-none\" datetime=\"2024-02-07T11:21:43+01:00\">07 febrero 2024<\/time><\/div><div class=\"blog-title entry-title\"><a href=\"https:\/\/www.garvanacoustic.com\/es\/periodicos\/revista-living-room\/\">Revista : Living Room<\/a><\/div><div class=\"hcode-blog-excerpt blog-short-description entry-content\"><p>[vc_single_image image=\"22969\" img_size=\"medium\" alignment=\"center\" css=\".vc_custom_1544019287293{background-color: #ffffff !important;}\"] Publicaci\u00f3n en la revista de interiorismo Living Roome<\/p>\n<\/div><div class=\"hcode-blog-separator separator-line bg-black no-margin-lr\"><\/div><\/div><\/div><\/div><\/div><\/div><\/div><\/div><\/div><\/div><\/section>","protected":false},"excerpt":{"rendered":"<p>[vc_single_image image=\u00bb22969&#8243; img_size=\u00bbmedium\u00bb alignment=\u00bbcenter\u00bb css=\u00bb.vc_custom_1544019287293{background-color: #ffffff !important;}\u00bb]Revista : Sal\u00f3nPublicaci\u00f3n en la revista de interiorismo Living Roome Download<\/p>\n","protected":false},"author":11,"featured_media":0,"parent":65051,"menu_order":0,"comment_status":"open","ping_status":"closed","template":"","meta":{"_joinchat":[],"footnotes":""},"class_list":["post-65048","page","type-page","status-publish","hentry"],"yoast_head":"<!-- This site is optimized with the Yoast SEO Premium plugin v27.4 (Yoast SEO v27.4) - https:\/\/yoast.com\/product\/yoast-seo-premium-wordpress\/ -->\n<title>Art\u00edculos sobre prensa<\/title>\n<meta name=\"description\" content=\"Las publicaciones de arquitectura y dise\u00f1o m\u00e1s importantes hablan de nuestros productos, destacando su valor y versatilidad.\" \/>\n<meta name=\"robots\" content=\"index, follow, max-snippet:-1, max-image-preview:large, max-video-preview:-1\" \/>\n<link rel=\"canonical\" href=\"https:\/\/www.garvanacoustic.com\/es\/revista\/periodicos\/\" \/>\n<meta property=\"og:locale\" content=\"es_ES\" \/>\n<meta property=\"og:type\" content=\"article\" \/>\n<meta property=\"og:title\" content=\"Periodicos\" \/>\n<meta property=\"og:description\" content=\"Las publicaciones de arquitectura y dise\u00f1o m\u00e1s importantes hablan de nuestros productos, destacando su valor y versatilidad.\" \/>\n<meta property=\"og:url\" content=\"https:\/\/www.garvanacoustic.com\/es\/revista\/periodicos\/\" \/>\n<meta property=\"og:site_name\" content=\"Garvan Acoustic\" \/>\n<meta property=\"article:publisher\" content=\"https:\/\/www.facebook.com\/garvanacoustic\" \/>\n<meta property=\"article:modified_time\" content=\"2024-02-08T11:06:38+00:00\" \/>\n<meta property=\"og:image\" content=\"https:\/\/www.garvanacoustic.com\/wp-content\/uploads\/2024\/07\/header-nwsl-garvan-e1759746705872.jpg\" \/>\n\t<meta property=\"og:image:width\" content=\"779\" \/>\n\t<meta property=\"og:image:height\" content=\"437\" \/>\n\t<meta property=\"og:image:type\" content=\"image\/jpeg\" \/>\n<meta name=\"twitter:card\" content=\"summary_large_image\" \/>\n<meta name=\"twitter:label1\" content=\"Tiempo de lectura\" \/>\n\t<meta name=\"twitter:data1\" content=\"1 minuto\" \/>\n<script type=\"application\/ld+json\" class=\"yoast-schema-graph\">{\"@context\":\"https:\\\/\\\/schema.org\",\"@graph\":[{\"@type\":\"WebPage\",\"@id\":\"https:\\\/\\\/www.garvanacoustic.com\\\/es\\\/revista\\\/periodicos\\\/\",\"url\":\"https:\\\/\\\/www.garvanacoustic.com\\\/es\\\/revista\\\/periodicos\\\/\",\"name\":\"Art\u00edculos sobre prensa\",\"isPartOf\":{\"@id\":\"https:\\\/\\\/www.garvanacoustic.com\\\/es\\\/#website\"},\"datePublished\":\"2024-01-24T10:50:48+00:00\",\"dateModified\":\"2024-02-08T11:06:38+00:00\",\"description\":\"Las publicaciones de arquitectura y dise\u00f1o m\u00e1s importantes hablan de nuestros productos, destacando su valor y versatilidad.\",\"breadcrumb\":{\"@id\":\"https:\\\/\\\/www.garvanacoustic.com\\\/es\\\/revista\\\/periodicos\\\/#breadcrumb\"},\"inLanguage\":\"es\",\"potentialAction\":[{\"@type\":\"ReadAction\",\"target\":[\"https:\\\/\\\/www.garvanacoustic.com\\\/es\\\/revista\\\/periodicos\\\/\"]}]},{\"@type\":\"BreadcrumbList\",\"@id\":\"https:\\\/\\\/www.garvanacoustic.com\\\/es\\\/revista\\\/periodicos\\\/#breadcrumb\",\"itemListElement\":[{\"@type\":\"ListItem\",\"position\":1,\"name\":\"Home\",\"item\":\"https:\\\/\\\/www.garvanacoustic.com\\\/es\\\/\"},{\"@type\":\"ListItem\",\"position\":2,\"name\":\"Revista\",\"item\":\"https:\\\/\\\/www.garvanacoustic.com\\\/es\\\/revista\\\/\"},{\"@type\":\"ListItem\",\"position\":3,\"name\":\"Periodicos\"}]},{\"@type\":\"WebSite\",\"@id\":\"https:\\\/\\\/www.garvanacoustic.com\\\/es\\\/#website\",\"url\":\"https:\\\/\\\/www.garvanacoustic.com\\\/es\\\/\",\"name\":\"Garvan Acoustic\",\"description\":\"Diffusori e trattamento acustico: scopri la qualit\u00e0 del Made in Italy\",\"publisher\":{\"@id\":\"https:\\\/\\\/www.garvanacoustic.com\\\/es\\\/#organization\"},\"potentialAction\":[{\"@type\":\"SearchAction\",\"target\":{\"@type\":\"EntryPoint\",\"urlTemplate\":\"https:\\\/\\\/www.garvanacoustic.com\\\/es\\\/?s={search_term_string}\"},\"query-input\":{\"@type\":\"PropertyValueSpecification\",\"valueRequired\":true,\"valueName\":\"search_term_string\"}}],\"inLanguage\":\"es\"},{\"@type\":\"Organization\",\"@id\":\"https:\\\/\\\/www.garvanacoustic.com\\\/es\\\/#organization\",\"name\":\"Garvan Acoustic\",\"url\":\"https:\\\/\\\/www.garvanacoustic.com\\\/es\\\/\",\"logo\":{\"@type\":\"ImageObject\",\"inLanguage\":\"es\",\"@id\":\"https:\\\/\\\/www.garvanacoustic.com\\\/es\\\/#\\\/schema\\\/logo\\\/image\\\/\",\"url\":\"https:\\\/\\\/www.garvanacoustic.com\\\/wp-content\\\/uploads\\\/2018\\\/07\\\/garvan-acoustic-logo.png\",\"contentUrl\":\"https:\\\/\\\/www.garvanacoustic.com\\\/wp-content\\\/uploads\\\/2018\\\/07\\\/garvan-acoustic-logo.png\",\"width\":400,\"height\":161,\"caption\":\"Garvan Acoustic\"},\"image\":{\"@id\":\"https:\\\/\\\/www.garvanacoustic.com\\\/es\\\/#\\\/schema\\\/logo\\\/image\\\/\"},\"sameAs\":[\"https:\\\/\\\/www.facebook.com\\\/garvanacoustic\",\"https:\\\/\\\/www.instagram.com\\\/garvanacoustic\\\/\"],\"description\":\"Produttori di Diffusori Acustici e Pannelli Fonoassorbenti Made in Italy\",\"email\":\"garvan@garvanacoustic.com\",\"telephone\":\"0546 682097\"}]}<\/script>\n<!-- \/ Yoast SEO Premium plugin. -->","yoast_head_json":{"title":"Art\u00edculos sobre prensa","description":"Las publicaciones de arquitectura y dise\u00f1o m\u00e1s importantes hablan de nuestros productos, destacando su valor y versatilidad.","robots":{"index":"index","follow":"follow","max-snippet":"max-snippet:-1","max-image-preview":"max-image-preview:large","max-video-preview":"max-video-preview:-1"},"canonical":"https:\/\/www.garvanacoustic.com\/es\/revista\/periodicos\/","og_locale":"es_ES","og_type":"article","og_title":"Periodicos","og_description":"Las publicaciones de arquitectura y dise\u00f1o m\u00e1s importantes hablan de nuestros productos, destacando su valor y versatilidad.","og_url":"https:\/\/www.garvanacoustic.com\/es\/revista\/periodicos\/","og_site_name":"Garvan Acoustic","article_publisher":"https:\/\/www.facebook.com\/garvanacoustic","article_modified_time":"2024-02-08T11:06:38+00:00","og_image":[{"width":779,"height":437,"url":"https:\/\/www.garvanacoustic.com\/wp-content\/uploads\/2024\/07\/header-nwsl-garvan-e1759746705872.jpg","type":"image\/jpeg"}],"twitter_card":"summary_large_image","twitter_misc":{"Tiempo de lectura":"1 minuto"},"schema":{"@context":"https:\/\/schema.org","@graph":[{"@type":"WebPage","@id":"https:\/\/www.garvanacoustic.com\/es\/revista\/periodicos\/","url":"https:\/\/www.garvanacoustic.com\/es\/revista\/periodicos\/","name":"Art\u00edculos sobre prensa","isPartOf":{"@id":"https:\/\/www.garvanacoustic.com\/es\/#website"},"datePublished":"2024-01-24T10:50:48+00:00","dateModified":"2024-02-08T11:06:38+00:00","description":"Las publicaciones de arquitectura y dise\u00f1o m\u00e1s importantes hablan de nuestros productos, destacando su valor y versatilidad.","breadcrumb":{"@id":"https:\/\/www.garvanacoustic.com\/es\/revista\/periodicos\/#breadcrumb"},"inLanguage":"es","potentialAction":[{"@type":"ReadAction","target":["https:\/\/www.garvanacoustic.com\/es\/revista\/periodicos\/"]}]},{"@type":"BreadcrumbList","@id":"https:\/\/www.garvanacoustic.com\/es\/revista\/periodicos\/#breadcrumb","itemListElement":[{"@type":"ListItem","position":1,"name":"Home","item":"https:\/\/www.garvanacoustic.com\/es\/"},{"@type":"ListItem","position":2,"name":"Revista","item":"https:\/\/www.garvanacoustic.com\/es\/revista\/"},{"@type":"ListItem","position":3,"name":"Periodicos"}]},{"@type":"WebSite","@id":"https:\/\/www.garvanacoustic.com\/es\/#website","url":"https:\/\/www.garvanacoustic.com\/es\/","name":"Garvan Acoustic","description":"Diffusori e trattamento acustico: scopri la qualit\u00e0 del Made in Italy","publisher":{"@id":"https:\/\/www.garvanacoustic.com\/es\/#organization"},"potentialAction":[{"@type":"SearchAction","target":{"@type":"EntryPoint","urlTemplate":"https:\/\/www.garvanacoustic.com\/es\/?s={search_term_string}"},"query-input":{"@type":"PropertyValueSpecification","valueRequired":true,"valueName":"search_term_string"}}],"inLanguage":"es"},{"@type":"Organization","@id":"https:\/\/www.garvanacoustic.com\/es\/#organization","name":"Garvan Acoustic","url":"https:\/\/www.garvanacoustic.com\/es\/","logo":{"@type":"ImageObject","inLanguage":"es","@id":"https:\/\/www.garvanacoustic.com\/es\/#\/schema\/logo\/image\/","url":"https:\/\/www.garvanacoustic.com\/wp-content\/uploads\/2018\/07\/garvan-acoustic-logo.png","contentUrl":"https:\/\/www.garvanacoustic.com\/wp-content\/uploads\/2018\/07\/garvan-acoustic-logo.png","width":400,"height":161,"caption":"Garvan Acoustic"},"image":{"@id":"https:\/\/www.garvanacoustic.com\/es\/#\/schema\/logo\/image\/"},"sameAs":["https:\/\/www.facebook.com\/garvanacoustic","https:\/\/www.instagram.com\/garvanacoustic\/"],"description":"Produttori di Diffusori Acustici e Pannelli Fonoassorbenti Made in Italy","email":"garvan@garvanacoustic.com","telephone":"0546 682097"}]}},"_links":{"self":[{"href":"https:\/\/www.garvanacoustic.com\/es\/wp-json\/wp\/v2\/pages\/65048","targetHints":{"allow":["GET"]}}],"collection":[{"href":"https:\/\/www.garvanacoustic.com\/es\/wp-json\/wp\/v2\/pages"}],"about":[{"href":"https:\/\/www.garvanacoustic.com\/es\/wp-json\/wp\/v2\/types\/page"}],"author":[{"embeddable":true,"href":"https:\/\/www.garvanacoustic.com\/es\/wp-json\/wp\/v2\/users\/11"}],"replies":[{"embeddable":true,"href":"https:\/\/www.garvanacoustic.com\/es\/wp-json\/wp\/v2\/comments?post=65048"}],"version-history":[{"count":4,"href":"https:\/\/www.garvanacoustic.com\/es\/wp-json\/wp\/v2\/pages\/65048\/revisions"}],"predecessor-version":[{"id":66524,"href":"https:\/\/www.garvanacoustic.com\/es\/wp-json\/wp\/v2\/pages\/65048\/revisions\/66524"}],"up":[{"embeddable":true,"href":"https:\/\/www.garvanacoustic.com\/es\/wp-json\/wp\/v2\/pages\/65051"}],"wp:attachment":[{"href":"https:\/\/www.garvanacoustic.com\/es\/wp-json\/wp\/v2\/media?parent=65048"}],"curies":[{"name":"wp","href":"https:\/\/api.w.org\/{rel}","templated":true}]}}