{"id":65051,"date":"2024-01-24T11:50:48","date_gmt":"2024-01-24T10:50:48","guid":{"rendered":"https:\/\/www.garvanacoustic.com\/revista\/"},"modified":"2024-03-06T09:16:35","modified_gmt":"2024-03-06T08:16:35","slug":"revista","status":"publish","type":"page","link":"https:\/\/www.garvanacoustic.com\/es\/revista\/","title":{"rendered":"Revista"},"content":{"rendered":"<section class=\"no-padding\"><div class=\"wpb_column hcode-column-container  vc_custom_1536162705555 text-center vc_col-sm-6 col-xs-mobile-fullwidth\" data-front-class=\" vc_custom_1536162705555 text-center col-xs-mobile-fullwidth\" data-background=#303030 style=\" background:#303030;\"><div class=\"vc-column-innner-wrapper\"><div class=\"travel-adventure overflow-hidden position-relative \" ><a href=\"https:\/\/www.garvanacoustic.com\/es\/revista\/articulos-sobre-altavoces-acusticos\/\"><img decoding=\"async\" width=\"2050\" height=\"1517\" src=\"https:\/\/www.garvanacoustic.com\/wp-content\/uploads\/2023\/02\/Diffusori.jpg\" class=\"attachment-full size-full\" alt=\"\" srcset=\"https:\/\/www.garvanacoustic.com\/wp-content\/uploads\/2023\/02\/Diffusori.jpg 2050w, https:\/\/www.garvanacoustic.com\/wp-content\/uploads\/2023\/02\/Diffusori-300x222.jpg 300w, https:\/\/www.garvanacoustic.com\/wp-content\/uploads\/2023\/02\/Diffusori-1024x758.jpg 1024w, https:\/\/www.garvanacoustic.com\/wp-content\/uploads\/2023\/02\/Diffusori-768x568.jpg 768w, https:\/\/www.garvanacoustic.com\/wp-content\/uploads\/2023\/02\/Diffusori-1536x1137.jpg 1536w, https:\/\/www.garvanacoustic.com\/wp-content\/uploads\/2023\/02\/Diffusori-2048x1516.jpg 2048w, https:\/\/www.garvanacoustic.com\/wp-content\/uploads\/2023\/02\/Diffusori-81x60.jpg 81w\" sizes=\"(max-width: 2050px) 100vw, 2050px\" \/><\/a><figure class=\"text-large letter-spacing-3 hcode-font-setting-6a0222e977c13\"  style=\"color:#ffffff !important\">Altavoces ac\u00fasticos<\/figure><\/div><\/div><\/div><div class=\"wpb_column hcode-column-container  vc_custom_1536162710549 text-center vc_col-sm-6 col-xs-mobile-fullwidth\" data-front-class=\" vc_custom_1536162710549 text-center col-xs-mobile-fullwidth\" data-background=#303030 style=\" background:#303030;\"><div class=\"vc-column-innner-wrapper\"><div class=\"travel-adventure overflow-hidden position-relative \" ><a href=\"https:\/\/www.garvanacoustic.com\/es\/revista\/articulos-sobre-paneles-insonorizantes\/\"><img decoding=\"async\" width=\"996\" height=\"737\" src=\"https:\/\/www.garvanacoustic.com\/wp-content\/uploads\/2023\/02\/Pannelli-fonoassorbenti.jpg\" class=\"attachment-full size-full\" alt=\"\" srcset=\"https:\/\/www.garvanacoustic.com\/wp-content\/uploads\/2023\/02\/Pannelli-fonoassorbenti.jpg 996w, https:\/\/www.garvanacoustic.com\/wp-content\/uploads\/2023\/02\/Pannelli-fonoassorbenti-300x222.jpg 300w, https:\/\/www.garvanacoustic.com\/wp-content\/uploads\/2023\/02\/Pannelli-fonoassorbenti-768x568.jpg 768w, https:\/\/www.garvanacoustic.com\/wp-content\/uploads\/2023\/02\/Pannelli-fonoassorbenti-81x60.jpg 81w\" sizes=\"(max-width: 996px) 100vw, 996px\" \/><\/a><figure class=\"text-large letter-spacing-3 hcode-font-setting-6a0222e978121\"  style=\"color:#ffffff !important\">Paneles insonorizantes<\/figure><\/div><\/div><\/div><\/section><section class=\"no-padding\"><div class=\"wpb_column hcode-column-container  vc_custom_1536162705555 text-center vc_col-sm-6 col-xs-mobile-fullwidth\" data-front-class=\" vc_custom_1536162705555 text-center col-xs-mobile-fullwidth\" data-background=#303030 style=\" background:#303030;\"><div class=\"vc-column-innner-wrapper\"><div class=\"travel-adventure overflow-hidden position-relative \" ><a href=\"https:\/\/www.garvanacoustic.com\/es\/revista\/educacion\/\"><img decoding=\"async\" width=\"972\" height=\"720\" src=\"https:\/\/www.garvanacoustic.com\/wp-content\/uploads\/2023\/09\/background-categoria.jpg\" class=\"attachment-full size-full\" alt=\"\" srcset=\"https:\/\/www.garvanacoustic.com\/wp-content\/uploads\/2023\/09\/background-categoria.jpg 972w, https:\/\/www.garvanacoustic.com\/wp-content\/uploads\/2023\/09\/background-categoria-300x222.jpg 300w, https:\/\/www.garvanacoustic.com\/wp-content\/uploads\/2023\/09\/background-categoria-768x569.jpg 768w, https:\/\/www.garvanacoustic.com\/wp-content\/uploads\/2023\/09\/background-categoria-81x60.jpg 81w\" sizes=\"(max-width: 972px) 100vw, 972px\" \/><\/a><figure class=\"text-large letter-spacing-3 hcode-font-setting-6a0222e9785b5\"  style=\"color:#ffffff !important\">Educaci\u00f3n<\/figure><\/div><\/div><\/div><div class=\"wpb_column hcode-column-container  vc_custom_1536162710549 text-center vc_col-sm-6 col-xs-mobile-fullwidth\" data-front-class=\" vc_custom_1536162710549 text-center col-xs-mobile-fullwidth\" data-background=#303030 style=\" background:#303030;\"><div class=\"vc-column-innner-wrapper\"><div class=\"travel-adventure overflow-hidden position-relative \" ><a href=\"https:\/\/www.garvanacoustic.com\/es\/revista\/articulos-en-news-lifestyle\/\"><img decoding=\"async\" width=\"972\" height=\"720\" src=\"https:\/\/www.garvanacoustic.com\/wp-content\/uploads\/2023\/02\/News-e-Life.jpg\" class=\"attachment-full size-full\" alt=\"\" srcset=\"https:\/\/www.garvanacoustic.com\/wp-content\/uploads\/2023\/02\/News-e-Life.jpg 972w, https:\/\/www.garvanacoustic.com\/wp-content\/uploads\/2023\/02\/News-e-Life-300x222.jpg 300w, https:\/\/www.garvanacoustic.com\/wp-content\/uploads\/2023\/02\/News-e-Life-768x569.jpg 768w, https:\/\/www.garvanacoustic.com\/wp-content\/uploads\/2023\/02\/News-e-Life-81x60.jpg 81w\" sizes=\"(max-width: 972px) 100vw, 972px\" \/><\/a><figure class=\"text-large letter-spacing-3 hcode-font-setting-6a0222e978a32\"  style=\"color:#ffffff !important\">Noticias y estilo de vida<\/figure><\/div><\/div><\/div><\/section><section class=\"no-padding\"><div class=\"wpb_column hcode-column-container  vc_custom_1536162705555 text-center vc_col-sm-6 col-xs-mobile-fullwidth\" data-front-class=\" vc_custom_1536162705555 text-center col-xs-mobile-fullwidth\" data-background=#303030 style=\" background:#303030;\"><div class=\"vc-column-innner-wrapper\"><div class=\"travel-adventure overflow-hidden position-relative \" ><a href=\"https:\/\/www.garvanacoustic.com\/es\/revista\/articulos-sobre-eventos\/\"><img decoding=\"async\" width=\"864\" height=\"640\" src=\"https:\/\/www.garvanacoustic.com\/wp-content\/uploads\/2023\/02\/Eventi.jpg\" class=\"attachment-full size-full\" alt=\"\" srcset=\"https:\/\/www.garvanacoustic.com\/wp-content\/uploads\/2023\/02\/Eventi.jpg 864w, https:\/\/www.garvanacoustic.com\/wp-content\/uploads\/2023\/02\/Eventi-300x222.jpg 300w, https:\/\/www.garvanacoustic.com\/wp-content\/uploads\/2023\/02\/Eventi-768x569.jpg 768w, https:\/\/www.garvanacoustic.com\/wp-content\/uploads\/2023\/02\/Eventi-81x60.jpg 81w\" sizes=\"(max-width: 864px) 100vw, 864px\" \/><\/a><figure class=\"text-large letter-spacing-3 hcode-font-setting-6a0222e978e94\"  style=\"color:#ffffff !important\">Eventos<\/figure><\/div><\/div><\/div><div class=\"wpb_column hcode-column-container  vc_custom_1536162710549 text-center vc_col-sm-6 col-xs-mobile-fullwidth\" data-front-class=\" vc_custom_1536162710549 text-center col-xs-mobile-fullwidth\" data-background=#303030 style=\" background:#303030;\"><div class=\"vc-column-innner-wrapper\"><div class=\"travel-adventure overflow-hidden position-relative \" ><a href=\"https:\/\/www.garvanacoustic.com\/es\/revista\/articulos-sobre-nuestras-asociaciones\/\"><img decoding=\"async\" width=\"1600\" height=\"1200\" src=\"https:\/\/www.garvanacoustic.com\/wp-content\/uploads\/2023\/02\/Lavorato-con.jpg\" class=\"attachment-full size-full\" alt=\"\" srcset=\"https:\/\/www.garvanacoustic.com\/wp-content\/uploads\/2023\/02\/Lavorato-con.jpg 1600w, https:\/\/www.garvanacoustic.com\/wp-content\/uploads\/2023\/02\/Lavorato-con-300x225.jpg 300w, https:\/\/www.garvanacoustic.com\/wp-content\/uploads\/2023\/02\/Lavorato-con-1024x768.jpg 1024w, https:\/\/www.garvanacoustic.com\/wp-content\/uploads\/2023\/02\/Lavorato-con-768x576.jpg 768w, https:\/\/www.garvanacoustic.com\/wp-content\/uploads\/2023\/02\/Lavorato-con-1536x1152.jpg 1536w, https:\/\/www.garvanacoustic.com\/wp-content\/uploads\/2023\/02\/Lavorato-con-81x61.jpg 81w\" sizes=\"(max-width: 1600px) 100vw, 1600px\" \/><\/a><figure class=\"text-large letter-spacing-3 hcode-font-setting-6a0222e979293\"  style=\"color:#ffffff !important\">Trabaj\u00f3 con<\/figure><\/div><\/div><\/div><\/section><section class=\"no-padding\"><div class=\"wpb_column hcode-column-container  vc_custom_1536162705555 text-center vc_col-sm-6 col-xs-mobile-fullwidth\" data-front-class=\" vc_custom_1536162705555 text-center col-xs-mobile-fullwidth\" data-background=#303030 style=\" background:#303030;\"><div class=\"vc-column-innner-wrapper\"><div class=\"travel-adventure overflow-hidden position-relative \" ><a href=\"https:\/\/www.garvanacoustic.com\/es\/revista\/periodicos\/\"><img decoding=\"async\" width=\"1281\" height=\"960\" src=\"https:\/\/www.garvanacoustic.com\/wp-content\/uploads\/2022\/04\/Decoration-e-Design.jpg\" class=\"attachment-full size-full\" alt=\"Decoration and Design\" srcset=\"https:\/\/www.garvanacoustic.com\/wp-content\/uploads\/2022\/04\/Decoration-e-Design.jpg 1281w, https:\/\/www.garvanacoustic.com\/wp-content\/uploads\/2022\/04\/Decoration-e-Design-300x225.jpg 300w, https:\/\/www.garvanacoustic.com\/wp-content\/uploads\/2022\/04\/Decoration-e-Design-1024x767.jpg 1024w, https:\/\/www.garvanacoustic.com\/wp-content\/uploads\/2022\/04\/Decoration-e-Design-768x576.jpg 768w, https:\/\/www.garvanacoustic.com\/wp-content\/uploads\/2022\/04\/Decoration-e-Design-81x61.jpg 81w\" sizes=\"(max-width: 1281px) 100vw, 1281px\" \/><\/a><figure class=\"text-large letter-spacing-3 hcode-font-setting-6a0222e979716\"  style=\"color:#ffffff !important\">Periodicos<\/figure><\/div><\/div><\/div><div class=\"wpb_column hcode-column-container  vc_custom_1536162710549 text-center vc_col-sm-6 col-xs-mobile-fullwidth\" data-front-class=\" vc_custom_1536162710549 text-center col-xs-mobile-fullwidth\" data-background=#303030 style=\" background:#303030;\"><div class=\"vc-column-innner-wrapper\"><\/div><\/div><\/section><section><div class=\"container\"><div class=\"row\"><div class=\"wpb_column hcode-column-container vc_col-sm-2 vc_col-lg-3 vc_col-md-2 vc_hidden-xs col-xs-mobile-fullwidth\" data-front-class=\"col-xs-mobile-fullwidth\"><div class=\"vc-column-innner-wrapper\"><\/div><\/div><div class=\"wpb_column hcode-column-container text-center vc_col-sm-8 vc_col-lg-6 vc_col-md-8 vc_col-xs-12\" data-front-class=\"text-center\"><div class=\"vc-column-innner-wrapper\"><h2 class=\"section-title no-padding margin-bottom-40px xs-margin-bottom-20px\">Suscr\u00edbase a nuestro bolet\u00edn<\/h2>\n<div class=\"wpcf7 no-js\" id=\"wpcf7-f65418-o1\" lang=\"it-IT\" dir=\"ltr\" data-wpcf7-id=\"65418\">\n<div class=\"screen-reader-response\"><p role=\"status\" aria-live=\"polite\" aria-atomic=\"true\"><\/p> <ul><\/ul><\/div>\n<form action=\"\/es\/wp-json\/wp\/v2\/pages\/65051#wpcf7-f65418-o1\" method=\"post\" class=\"wpcf7-form init cf7mls-no-scroll cf7mls-auto-return-first-step cf7mls-no-moving-animation\" aria-label=\"Modulo di contatto\" novalidate=\"novalidate\" data-status=\"init\">\n<fieldset class=\"hidden-fields-container\"><input type=\"hidden\" name=\"_wpcf7\" value=\"65418\" \/><input type=\"hidden\" name=\"_wpcf7_version\" value=\"6.1.5\" \/><input type=\"hidden\" name=\"_wpcf7_locale\" value=\"it_IT\" \/><input type=\"hidden\" name=\"_wpcf7_unit_tag\" value=\"wpcf7-f65418-o1\" \/><input type=\"hidden\" name=\"_wpcf7_container_post\" value=\"0\" \/><input type=\"hidden\" name=\"_wpcf7_posted_data_hash\" value=\"\" \/><input type=\"hidden\" name=\"_wpcf7_recaptcha_response\" value=\"\" \/>\n<\/fieldset>\n<div class=\"input-group\">\n\t<p><span class=\"wpcf7-form-control-wrap\" data-name=\"your-name\"><input size=\"40\" maxlength=\"400\" class=\"wpcf7-form-control wpcf7-text wpcf7-validates-as-required\" aria-required=\"true\" aria-invalid=\"false\" placeholder=\"Nombre y apellidos\" value=\"\" type=\"text\" name=\"your-name\" \/><\/span><br \/>\n<span class=\"wpcf7-form-control-wrap\" data-name=\"your-company\"><input size=\"40\" maxlength=\"400\" class=\"wpcf7-form-control wpcf7-text\" aria-invalid=\"false\" placeholder=\"Empresa (opcional)\" value=\"\" type=\"text\" name=\"your-company\" \/><\/span><br \/>\n<span class=\"wpcf7-form-control-wrap\" data-name=\"your-email\"><input size=\"40\" maxlength=\"400\" class=\"wpcf7-form-control wpcf7-email wpcf7-validates-as-required wpcf7-text wpcf7-validates-as-email\" aria-required=\"true\" aria-invalid=\"false\" placeholder=\"Email\" value=\"\" type=\"email\" name=\"your-email\" \/><\/span>\n\t<\/p>\n<\/div>\n<div class=\"checkbox\">\n\t<p><span class=\"wpcf7-form-control-wrap\" data-name=\"privacy\"><span class=\"wpcf7-form-control wpcf7-acceptance\"><span class=\"wpcf7-list-item\"><label><input type=\"checkbox\" name=\"privacy\" value=\"1\" checked=\"checked\" aria-invalid=\"false\" \/><span class=\"wpcf7-list-item-label\">Al enviar esta solicitud, autorizo, de conformidad con la <a href=\"https:\/\/www.garvanacoustic.com\/es\/privacy-policy\/\" target=\"_blank\" rel=\"noopener\">Ley de Protecci\u00f3n de Datos (2003\/196)<\/a>, a Garvan a utilizar mi correo electr\u00f3nico con fines publicitarios y\/o de marketing. Garvan Acoustic utilizar\u00e1 sus datos exclusivamente para este fin y no los transmitir\u00e1 a terceros.<\/span><\/label><\/span><\/span><\/span>\n\t<\/p>\n<\/div>\n<p><input class=\"wpcf7-form-control wpcf7-submit has-spinner\" type=\"submit\" value=\"SUSCRIBIRSE\" \/>\n<\/p><div class=\"wpcf7-response-output\" aria-hidden=\"true\"><\/div>\n<\/form>\n<\/div>\n\n<\/div><\/div><div class=\"wpb_column hcode-column-container vc_col-sm-2 vc_col-lg-3 vc_col-md-2 vc_hidden-xs col-xs-mobile-fullwidth\" data-front-class=\"col-xs-mobile-fullwidth\"><div class=\"vc-column-innner-wrapper\"><\/div><\/div><\/div><\/div><\/section>","protected":false},"excerpt":{"rendered":"<p>Altavoces ac\u00fasticosPaneles insonorizantesEducaci\u00f3nNoticias y estilo de vidaEventosTrabaj\u00f3 conPeriodicosSuscr\u00edbase a nuestro bolet\u00edn Al enviar esta solicitud, autorizo, de conformidad con la Ley de Protecci\u00f3n de Datos (2003\/196), a Garvan a utilizar mi correo electr\u00f3nico con fines publicitarios y\/o de marketing. Garvan Acoustic utilizar\u00e1 sus datos exclusivamente para este fin y no los transmitir\u00e1 a terceros.<\/p>\n","protected":false},"author":11,"featured_media":0,"parent":0,"menu_order":0,"comment_status":"closed","ping_status":"closed","template":"","meta":{"_joinchat":[],"footnotes":""},"class_list":["post-65051","page","type-page","status-publish","hentry"],"yoast_head":"<!-- This site is optimized with the Yoast SEO Premium plugin v27.4 (Yoast SEO v27.4) - https:\/\/yoast.com\/product\/yoast-seo-premium-wordpress\/ -->\n<title>Garvan Magazine: conozca mejor el mundo de Garvan<\/title>\n<meta name=\"description\" content=\"Presentamos productos, contamos an\u00e9cdotas y le mantenemos al d\u00eda de todo lo que ocurre en el mundo Garvan.\" \/>\n<meta name=\"robots\" content=\"index, follow, max-snippet:-1, max-image-preview:large, max-video-preview:-1\" \/>\n<link rel=\"canonical\" href=\"https:\/\/www.garvanacoustic.com\/es\/revista\/\" \/>\n<meta property=\"og:locale\" content=\"es_ES\" \/>\n<meta property=\"og:type\" content=\"article\" \/>\n<meta property=\"og:title\" content=\"Revista\" \/>\n<meta property=\"og:description\" content=\"Presentamos productos, contamos an\u00e9cdotas y le mantenemos al d\u00eda de todo lo que ocurre en el mundo Garvan.\" \/>\n<meta property=\"og:url\" content=\"https:\/\/www.garvanacoustic.com\/es\/revista\/\" \/>\n<meta property=\"og:site_name\" content=\"Garvan Acoustic\" \/>\n<meta property=\"article:publisher\" content=\"https:\/\/www.facebook.com\/garvanacoustic\" \/>\n<meta property=\"article:modified_time\" content=\"2024-03-06T08:16:35+00:00\" \/>\n<meta property=\"og:image\" content=\"https:\/\/www.garvanacoustic.com\/wp-content\/uploads\/2024\/07\/header-nwsl-garvan-e1759746705872.jpg\" \/>\n\t<meta property=\"og:image:width\" content=\"779\" \/>\n\t<meta property=\"og:image:height\" content=\"437\" \/>\n\t<meta property=\"og:image:type\" content=\"image\/jpeg\" \/>\n<meta name=\"twitter:card\" content=\"summary_large_image\" \/>\n<meta name=\"twitter:label1\" content=\"Tiempo de lectura\" \/>\n\t<meta name=\"twitter:data1\" content=\"1 minuto\" \/>\n<script type=\"application\/ld+json\" class=\"yoast-schema-graph\">{\"@context\":\"https:\\\/\\\/schema.org\",\"@graph\":[{\"@type\":\"WebPage\",\"@id\":\"https:\\\/\\\/www.garvanacoustic.com\\\/es\\\/revista\\\/\",\"url\":\"https:\\\/\\\/www.garvanacoustic.com\\\/es\\\/revista\\\/\",\"name\":\"Garvan Magazine: conozca mejor el mundo de Garvan\",\"isPartOf\":{\"@id\":\"https:\\\/\\\/www.garvanacoustic.com\\\/es\\\/#website\"},\"datePublished\":\"2024-01-24T10:50:48+00:00\",\"dateModified\":\"2024-03-06T08:16:35+00:00\",\"description\":\"Presentamos productos, contamos an\u00e9cdotas y le mantenemos al d\u00eda de todo lo que ocurre en el mundo Garvan.\",\"breadcrumb\":{\"@id\":\"https:\\\/\\\/www.garvanacoustic.com\\\/es\\\/revista\\\/#breadcrumb\"},\"inLanguage\":\"es\",\"potentialAction\":[{\"@type\":\"ReadAction\",\"target\":[\"https:\\\/\\\/www.garvanacoustic.com\\\/es\\\/revista\\\/\"]}]},{\"@type\":\"BreadcrumbList\",\"@id\":\"https:\\\/\\\/www.garvanacoustic.com\\\/es\\\/revista\\\/#breadcrumb\",\"itemListElement\":[{\"@type\":\"ListItem\",\"position\":1,\"name\":\"Home\",\"item\":\"https:\\\/\\\/www.garvanacoustic.com\\\/es\\\/\"},{\"@type\":\"ListItem\",\"position\":2,\"name\":\"Revista\"}]},{\"@type\":\"WebSite\",\"@id\":\"https:\\\/\\\/www.garvanacoustic.com\\\/es\\\/#website\",\"url\":\"https:\\\/\\\/www.garvanacoustic.com\\\/es\\\/\",\"name\":\"Garvan Acoustic\",\"description\":\"Diffusori e trattamento acustico: scopri la qualit\u00e0 del Made in Italy\",\"publisher\":{\"@id\":\"https:\\\/\\\/www.garvanacoustic.com\\\/es\\\/#organization\"},\"potentialAction\":[{\"@type\":\"SearchAction\",\"target\":{\"@type\":\"EntryPoint\",\"urlTemplate\":\"https:\\\/\\\/www.garvanacoustic.com\\\/es\\\/?s={search_term_string}\"},\"query-input\":{\"@type\":\"PropertyValueSpecification\",\"valueRequired\":true,\"valueName\":\"search_term_string\"}}],\"inLanguage\":\"es\"},{\"@type\":\"Organization\",\"@id\":\"https:\\\/\\\/www.garvanacoustic.com\\\/es\\\/#organization\",\"name\":\"Garvan Acoustic\",\"url\":\"https:\\\/\\\/www.garvanacoustic.com\\\/es\\\/\",\"logo\":{\"@type\":\"ImageObject\",\"inLanguage\":\"es\",\"@id\":\"https:\\\/\\\/www.garvanacoustic.com\\\/es\\\/#\\\/schema\\\/logo\\\/image\\\/\",\"url\":\"https:\\\/\\\/www.garvanacoustic.com\\\/wp-content\\\/uploads\\\/2018\\\/07\\\/garvan-acoustic-logo.png\",\"contentUrl\":\"https:\\\/\\\/www.garvanacoustic.com\\\/wp-content\\\/uploads\\\/2018\\\/07\\\/garvan-acoustic-logo.png\",\"width\":400,\"height\":161,\"caption\":\"Garvan Acoustic\"},\"image\":{\"@id\":\"https:\\\/\\\/www.garvanacoustic.com\\\/es\\\/#\\\/schema\\\/logo\\\/image\\\/\"},\"sameAs\":[\"https:\\\/\\\/www.facebook.com\\\/garvanacoustic\",\"https:\\\/\\\/www.instagram.com\\\/garvanacoustic\\\/\"],\"description\":\"Produttori di Diffusori Acustici e Pannelli Fonoassorbenti Made in Italy\",\"email\":\"garvan@garvanacoustic.com\",\"telephone\":\"0546 682097\"}]}<\/script>\n<!-- \/ Yoast SEO Premium plugin. -->","yoast_head_json":{"title":"Garvan Magazine: conozca mejor el mundo de Garvan","description":"Presentamos productos, contamos an\u00e9cdotas y le mantenemos al d\u00eda de todo lo que ocurre en el mundo Garvan.","robots":{"index":"index","follow":"follow","max-snippet":"max-snippet:-1","max-image-preview":"max-image-preview:large","max-video-preview":"max-video-preview:-1"},"canonical":"https:\/\/www.garvanacoustic.com\/es\/revista\/","og_locale":"es_ES","og_type":"article","og_title":"Revista","og_description":"Presentamos productos, contamos an\u00e9cdotas y le mantenemos al d\u00eda de todo lo que ocurre en el mundo Garvan.","og_url":"https:\/\/www.garvanacoustic.com\/es\/revista\/","og_site_name":"Garvan Acoustic","article_publisher":"https:\/\/www.facebook.com\/garvanacoustic","article_modified_time":"2024-03-06T08:16:35+00:00","og_image":[{"width":779,"height":437,"url":"https:\/\/www.garvanacoustic.com\/wp-content\/uploads\/2024\/07\/header-nwsl-garvan-e1759746705872.jpg","type":"image\/jpeg"}],"twitter_card":"summary_large_image","twitter_misc":{"Tiempo de lectura":"1 minuto"},"schema":{"@context":"https:\/\/schema.org","@graph":[{"@type":"WebPage","@id":"https:\/\/www.garvanacoustic.com\/es\/revista\/","url":"https:\/\/www.garvanacoustic.com\/es\/revista\/","name":"Garvan Magazine: conozca mejor el mundo de Garvan","isPartOf":{"@id":"https:\/\/www.garvanacoustic.com\/es\/#website"},"datePublished":"2024-01-24T10:50:48+00:00","dateModified":"2024-03-06T08:16:35+00:00","description":"Presentamos productos, contamos an\u00e9cdotas y le mantenemos al d\u00eda de todo lo que ocurre en el mundo Garvan.","breadcrumb":{"@id":"https:\/\/www.garvanacoustic.com\/es\/revista\/#breadcrumb"},"inLanguage":"es","potentialAction":[{"@type":"ReadAction","target":["https:\/\/www.garvanacoustic.com\/es\/revista\/"]}]},{"@type":"BreadcrumbList","@id":"https:\/\/www.garvanacoustic.com\/es\/revista\/#breadcrumb","itemListElement":[{"@type":"ListItem","position":1,"name":"Home","item":"https:\/\/www.garvanacoustic.com\/es\/"},{"@type":"ListItem","position":2,"name":"Revista"}]},{"@type":"WebSite","@id":"https:\/\/www.garvanacoustic.com\/es\/#website","url":"https:\/\/www.garvanacoustic.com\/es\/","name":"Garvan Acoustic","description":"Diffusori e trattamento acustico: scopri la qualit\u00e0 del Made in Italy","publisher":{"@id":"https:\/\/www.garvanacoustic.com\/es\/#organization"},"potentialAction":[{"@type":"SearchAction","target":{"@type":"EntryPoint","urlTemplate":"https:\/\/www.garvanacoustic.com\/es\/?s={search_term_string}"},"query-input":{"@type":"PropertyValueSpecification","valueRequired":true,"valueName":"search_term_string"}}],"inLanguage":"es"},{"@type":"Organization","@id":"https:\/\/www.garvanacoustic.com\/es\/#organization","name":"Garvan Acoustic","url":"https:\/\/www.garvanacoustic.com\/es\/","logo":{"@type":"ImageObject","inLanguage":"es","@id":"https:\/\/www.garvanacoustic.com\/es\/#\/schema\/logo\/image\/","url":"https:\/\/www.garvanacoustic.com\/wp-content\/uploads\/2018\/07\/garvan-acoustic-logo.png","contentUrl":"https:\/\/www.garvanacoustic.com\/wp-content\/uploads\/2018\/07\/garvan-acoustic-logo.png","width":400,"height":161,"caption":"Garvan Acoustic"},"image":{"@id":"https:\/\/www.garvanacoustic.com\/es\/#\/schema\/logo\/image\/"},"sameAs":["https:\/\/www.facebook.com\/garvanacoustic","https:\/\/www.instagram.com\/garvanacoustic\/"],"description":"Produttori di Diffusori Acustici e Pannelli Fonoassorbenti Made in Italy","email":"garvan@garvanacoustic.com","telephone":"0546 682097"}]}},"_links":{"self":[{"href":"https:\/\/www.garvanacoustic.com\/es\/wp-json\/wp\/v2\/pages\/65051","targetHints":{"allow":["GET"]}}],"collection":[{"href":"https:\/\/www.garvanacoustic.com\/es\/wp-json\/wp\/v2\/pages"}],"about":[{"href":"https:\/\/www.garvanacoustic.com\/es\/wp-json\/wp\/v2\/types\/page"}],"author":[{"embeddable":true,"href":"https:\/\/www.garvanacoustic.com\/es\/wp-json\/wp\/v2\/users\/11"}],"replies":[{"embeddable":true,"href":"https:\/\/www.garvanacoustic.com\/es\/wp-json\/wp\/v2\/comments?post=65051"}],"version-history":[{"count":5,"href":"https:\/\/www.garvanacoustic.com\/es\/wp-json\/wp\/v2\/pages\/65051\/revisions"}],"predecessor-version":[{"id":67115,"href":"https:\/\/www.garvanacoustic.com\/es\/wp-json\/wp\/v2\/pages\/65051\/revisions\/67115"}],"wp:attachment":[{"href":"https:\/\/www.garvanacoustic.com\/es\/wp-json\/wp\/v2\/media?parent=65051"}],"curies":[{"name":"wp","href":"https:\/\/api.w.org\/{rel}","templated":true}]}}