{"id":65072,"date":"2024-01-24T11:50:50","date_gmt":"2024-01-24T10:50:50","guid":{"rendered":"https:\/\/www.garvanacoustic.com\/revista\/articulos-sobre-nuestras-asociaciones\/"},"modified":"2024-01-25T16:21:28","modified_gmt":"2024-01-25T15:21:28","slug":"articulos-sobre-nuestras-asociaciones","status":"publish","type":"page","link":"https:\/\/www.garvanacoustic.com\/es\/revista\/articulos-sobre-nuestras-asociaciones\/","title":{"rendered":"Art\u00edculos sobre nuestras asociaciones"},"content":{"rendered":"<section><div class=\"container\"><div class=\"row\"><div class=\"wpb_column hcode-column-container  col-xs-mobile-fullwidth\" data-front-class=\"col-xs-mobile-fullwidth front-column-class\"><div class=\"vc-column-innner-wrapper\"><div class=\"blog-3col product-3\"><div class=\"post-65423 post type-post status-publish format-standard has-post-thumbnail hentry category-trabajo-con\"><div class=\"col-md-4 col-sm-6 col-xs-12 blog-listing \" ><div class=\"blog-post\"><div class=\"blog-image\"><a href=\"https:\/\/www.garvanacoustic.com\/es\/trabajo-con\/msc\/\"><img decoding=\"async\" width=\"760\" height=\"570\" src=\"https:\/\/www.garvanacoustic.com\/wp-content\/uploads\/2018\/11\/MSC-Preziosa.jpg\" class=\"attachment-full size-full wp-post-image\" alt=\"\" srcset=\"https:\/\/www.garvanacoustic.com\/wp-content\/uploads\/2018\/11\/MSC-Preziosa.jpg 760w, https:\/\/www.garvanacoustic.com\/wp-content\/uploads\/2018\/11\/MSC-Preziosa-300x225.jpg 300w, https:\/\/www.garvanacoustic.com\/wp-content\/uploads\/2018\/11\/MSC-Preziosa-81x61.jpg 81w\" sizes=\"(max-width: 760px) 100vw, 760px\" \/><\/a><\/div><div class=\"blog-details hcode-blog-1\"><div class=\"blog-date\"><span class=\"published\">25 enero 2024<\/span><time class=\"updated display-none\" datetime=\"2024-02-05T09:42:20+01:00\">05 febrero 2024<\/time><\/div><div class=\"blog-title entry-title\"><a href=\"https:\/\/www.garvanacoustic.com\/es\/trabajo-con\/msc\/\">MSC<\/a><\/div><div class=\"hcode-blog-excerpt blog-short-description entry-content\"><p>[vc_wp_text]Para MSC Crociere, en colaboraci\u00f3n con el Arq. Luca Mori - De Jorio Design International, Garvan realiz\u00f3 los difusores ac\u00fasticos...<\/p>\n<\/div><div class=\"hcode-blog-separator separator-line bg-black no-margin-lr\"><\/div><\/div><\/div><\/div><\/div><div class=\"post-65424 post type-post status-publish format-standard has-post-thumbnail hentry category-trabajo-con\"><div class=\"col-md-4 col-sm-6 col-xs-12 blog-listing \" ><div class=\"blog-post\"><div class=\"blog-image\"><a href=\"https:\/\/www.garvanacoustic.com\/es\/trabajo-con\/ducati\/\"><img decoding=\"async\" width=\"1600\" height=\"1200\" src=\"https:\/\/www.garvanacoustic.com\/wp-content\/uploads\/2023\/02\/Lavorato-con.jpg\" class=\"attachment-full size-full wp-post-image\" alt=\"\" srcset=\"https:\/\/www.garvanacoustic.com\/wp-content\/uploads\/2023\/02\/Lavorato-con.jpg 1600w, https:\/\/www.garvanacoustic.com\/wp-content\/uploads\/2023\/02\/Lavorato-con-300x225.jpg 300w, https:\/\/www.garvanacoustic.com\/wp-content\/uploads\/2023\/02\/Lavorato-con-1024x768.jpg 1024w, https:\/\/www.garvanacoustic.com\/wp-content\/uploads\/2023\/02\/Lavorato-con-768x576.jpg 768w, https:\/\/www.garvanacoustic.com\/wp-content\/uploads\/2023\/02\/Lavorato-con-1536x1152.jpg 1536w, https:\/\/www.garvanacoustic.com\/wp-content\/uploads\/2023\/02\/Lavorato-con-81x61.jpg 81w\" sizes=\"(max-width: 1600px) 100vw, 1600px\" \/><\/a><\/div><div class=\"blog-details hcode-blog-1\"><div class=\"blog-date\"><span class=\"published\">25 enero 2024<\/span><time class=\"updated display-none\" datetime=\"2024-01-25T17:58:22+01:00\">25 enero 2024<\/time><\/div><div class=\"blog-title entry-title\"><a href=\"https:\/\/www.garvanacoustic.com\/es\/trabajo-con\/ducati\/\">Ducati<\/a><\/div><div class=\"hcode-blog-excerpt blog-short-description entry-content\"><p>[vc_wp_text]Con motivo de la World Ducati Week, el evento Ducati m\u00e1s importante del mundo, y de la feria EICMA, la...<\/p>\n<\/div><div class=\"hcode-blog-separator separator-line bg-black no-margin-lr\"><\/div><\/div><\/div><\/div><\/div><div class=\"post-65420 post type-post status-publish format-standard has-post-thumbnail hentry category-trabajo-con\"><div class=\"col-md-4 col-sm-6 col-xs-12 blog-listing \" ><div class=\"blog-post\"><div class=\"blog-image\"><a href=\"https:\/\/www.garvanacoustic.com\/es\/trabajo-con\/ferretti-group\/\"><img decoding=\"async\" width=\"1500\" height=\"1000\" src=\"https:\/\/www.garvanacoustic.com\/wp-content\/uploads\/2022\/08\/Garvan-e-Ferretti-Group.jpg\" class=\"attachment-full size-full wp-post-image\" alt=\"Garvan e Ferretti Group\" srcset=\"https:\/\/www.garvanacoustic.com\/wp-content\/uploads\/2022\/08\/Garvan-e-Ferretti-Group.jpg 1500w, https:\/\/www.garvanacoustic.com\/wp-content\/uploads\/2022\/08\/Garvan-e-Ferretti-Group-300x200.jpg 300w, https:\/\/www.garvanacoustic.com\/wp-content\/uploads\/2022\/08\/Garvan-e-Ferretti-Group-1024x683.jpg 1024w, https:\/\/www.garvanacoustic.com\/wp-content\/uploads\/2022\/08\/Garvan-e-Ferretti-Group-768x512.jpg 768w, https:\/\/www.garvanacoustic.com\/wp-content\/uploads\/2022\/08\/Garvan-e-Ferretti-Group-81x54.jpg 81w\" sizes=\"(max-width: 1500px) 100vw, 1500px\" \/><\/a><\/div><div class=\"blog-details hcode-blog-1\"><div class=\"blog-date\"><span class=\"published\">25 enero 2024<\/span><time class=\"updated display-none\" datetime=\"2025-01-09T14:52:43+01:00\">09 enero 2025<\/time><\/div><div class=\"blog-title entry-title\"><a href=\"https:\/\/www.garvanacoustic.com\/es\/trabajo-con\/ferretti-group\/\">FERRETTI GROUP<\/a><\/div><div class=\"hcode-blog-excerpt blog-short-description entry-content\"><p>[vc_wp_text]Garvan es el proveedor oficial de altavoces de varios modelos de yates de la marca Ferretti.[\/vc_wp_text][vc_video link=\"https:\/\/youtu.be\/mq1zO68VzV8\"][vc_empty_space]<\/p>\n<\/div><div class=\"hcode-blog-separator separator-line bg-black no-margin-lr\"><\/div><\/div><\/div><\/div><\/div><div class=\"post-65421 post type-post status-publish format-standard has-post-thumbnail hentry category-trabajo-con\"><div class=\"col-md-4 col-sm-6 col-xs-12 blog-listing \" ><div class=\"blog-post\"><div class=\"blog-image\"><a href=\"https:\/\/www.garvanacoustic.com\/es\/trabajo-con\/gresini-racing\/\"><img decoding=\"async\" width=\"800\" height=\"533\" src=\"https:\/\/www.garvanacoustic.com\/wp-content\/uploads\/2023\/02\/1a.jpg\" class=\"attachment-full size-full wp-post-image\" alt=\"\" srcset=\"https:\/\/www.garvanacoustic.com\/wp-content\/uploads\/2023\/02\/1a.jpg 800w, https:\/\/www.garvanacoustic.com\/wp-content\/uploads\/2023\/02\/1a-300x200.jpg 300w, https:\/\/www.garvanacoustic.com\/wp-content\/uploads\/2023\/02\/1a-768x512.jpg 768w, https:\/\/www.garvanacoustic.com\/wp-content\/uploads\/2023\/02\/1a-81x54.jpg 81w\" sizes=\"(max-width: 800px) 100vw, 800px\" \/><\/a><\/div><div class=\"blog-details hcode-blog-1\"><div class=\"blog-date\"><span class=\"published\">25 enero 2024<\/span><time class=\"updated display-none\" datetime=\"2025-01-09T14:58:24+01:00\">09 enero 2025<\/time><\/div><div class=\"blog-title entry-title\"><a href=\"https:\/\/www.garvanacoustic.com\/es\/trabajo-con\/gresini-racing\/\">Gresini Racing<\/a><\/div><div class=\"hcode-blog-excerpt blog-short-description entry-content\"><p>[vc_wp_text]Team Gresini, el equipo italiano que compite en el Campeonato del Mundo de MotoGP, ha elegido los altavoces de Garvan...<\/p>\n<\/div><div class=\"hcode-blog-separator separator-line bg-black no-margin-lr\"><\/div><\/div><\/div><\/div><\/div><\/div><\/div><\/div><\/div><\/div><\/section>","protected":false},"excerpt":{"rendered":"<p>[vc_wp_text]Team Gresini, el equipo italiano que compite en el Campeonato del Mundo de MotoGP, ha elegido los altavoces de Garvan Acoustic en su zona de hospitalidad, el \u00abhogar\u00bb del equipo y sus invitados durante los fines de semana de Gran Premio.[\/vc_wp_text][vc_media_grid grid_id=\u00bbvc_gid:1736430990668-577a93db-cb46-3&#8243; include=\u00bb73106,73111,73091,73121,73096,73101,73116,55376,55364,55360,55368,55372,22179,22178,22180,22181,22182,22183&#8243;]<\/p>\n","protected":false},"author":11,"featured_media":0,"parent":65051,"menu_order":0,"comment_status":"open","ping_status":"closed","template":"","meta":{"_joinchat":[],"footnotes":""},"class_list":["post-65072","page","type-page","status-publish","hentry"],"yoast_head":"<!-- This site is optimized with the Yoast SEO Premium plugin v27.4 (Yoast SEO v27.4) - https:\/\/yoast.com\/product\/yoast-seo-premium-wordpress\/ -->\n<title>Art\u00edculos sobre nuestras asociaciones<\/title>\n<meta name=\"description\" content=\"Le contamos an\u00e9cdotas y le mantenemos al d\u00eda de todas las asociaciones que Garvan ha\" \/>\n<meta name=\"robots\" content=\"index, follow, max-snippet:-1, max-image-preview:large, max-video-preview:-1\" \/>\n<link rel=\"canonical\" href=\"https:\/\/www.garvanacoustic.com\/es\/revista\/articulos-sobre-nuestras-asociaciones\/\" \/>\n<meta property=\"og:locale\" content=\"es_ES\" \/>\n<meta property=\"og:type\" content=\"article\" \/>\n<meta property=\"og:title\" content=\"Art\u00edculos sobre nuestras asociaciones\" \/>\n<meta property=\"og:description\" content=\"Le contamos an\u00e9cdotas y le mantenemos al d\u00eda de todas las asociaciones que Garvan ha\" \/>\n<meta property=\"og:url\" content=\"https:\/\/www.garvanacoustic.com\/es\/revista\/articulos-sobre-nuestras-asociaciones\/\" \/>\n<meta property=\"og:site_name\" content=\"Garvan Acoustic\" \/>\n<meta property=\"article:publisher\" content=\"https:\/\/www.facebook.com\/garvanacoustic\" \/>\n<meta property=\"article:modified_time\" content=\"2024-01-25T15:21:28+00:00\" \/>\n<meta property=\"og:image\" content=\"https:\/\/www.garvanacoustic.com\/wp-content\/uploads\/2024\/07\/header-nwsl-garvan-e1759746705872.jpg\" \/>\n\t<meta property=\"og:image:width\" content=\"779\" \/>\n\t<meta property=\"og:image:height\" content=\"437\" \/>\n\t<meta property=\"og:image:type\" content=\"image\/jpeg\" \/>\n<meta name=\"twitter:card\" content=\"summary_large_image\" \/>\n<script type=\"application\/ld+json\" class=\"yoast-schema-graph\">{\"@context\":\"https:\\\/\\\/schema.org\",\"@graph\":[{\"@type\":\"WebPage\",\"@id\":\"https:\\\/\\\/www.garvanacoustic.com\\\/es\\\/revista\\\/articulos-sobre-nuestras-asociaciones\\\/\",\"url\":\"https:\\\/\\\/www.garvanacoustic.com\\\/es\\\/revista\\\/articulos-sobre-nuestras-asociaciones\\\/\",\"name\":\"Art\u00edculos sobre nuestras asociaciones\",\"isPartOf\":{\"@id\":\"https:\\\/\\\/www.garvanacoustic.com\\\/es\\\/#website\"},\"datePublished\":\"2024-01-24T10:50:50+00:00\",\"dateModified\":\"2024-01-25T15:21:28+00:00\",\"description\":\"Le contamos an\u00e9cdotas y le mantenemos al d\u00eda de todas las asociaciones que Garvan ha\",\"breadcrumb\":{\"@id\":\"https:\\\/\\\/www.garvanacoustic.com\\\/es\\\/revista\\\/articulos-sobre-nuestras-asociaciones\\\/#breadcrumb\"},\"inLanguage\":\"es\",\"potentialAction\":[{\"@type\":\"ReadAction\",\"target\":[\"https:\\\/\\\/www.garvanacoustic.com\\\/es\\\/revista\\\/articulos-sobre-nuestras-asociaciones\\\/\"]}]},{\"@type\":\"BreadcrumbList\",\"@id\":\"https:\\\/\\\/www.garvanacoustic.com\\\/es\\\/revista\\\/articulos-sobre-nuestras-asociaciones\\\/#breadcrumb\",\"itemListElement\":[{\"@type\":\"ListItem\",\"position\":1,\"name\":\"Home\",\"item\":\"https:\\\/\\\/www.garvanacoustic.com\\\/es\\\/\"},{\"@type\":\"ListItem\",\"position\":2,\"name\":\"Revista\",\"item\":\"https:\\\/\\\/www.garvanacoustic.com\\\/es\\\/revista\\\/\"},{\"@type\":\"ListItem\",\"position\":3,\"name\":\"Art\u00edculos sobre nuestras asociaciones\"}]},{\"@type\":\"WebSite\",\"@id\":\"https:\\\/\\\/www.garvanacoustic.com\\\/es\\\/#website\",\"url\":\"https:\\\/\\\/www.garvanacoustic.com\\\/es\\\/\",\"name\":\"Garvan Acoustic\",\"description\":\"Diffusori e trattamento acustico: scopri la qualit\u00e0 del Made in Italy\",\"publisher\":{\"@id\":\"https:\\\/\\\/www.garvanacoustic.com\\\/es\\\/#organization\"},\"potentialAction\":[{\"@type\":\"SearchAction\",\"target\":{\"@type\":\"EntryPoint\",\"urlTemplate\":\"https:\\\/\\\/www.garvanacoustic.com\\\/es\\\/?s={search_term_string}\"},\"query-input\":{\"@type\":\"PropertyValueSpecification\",\"valueRequired\":true,\"valueName\":\"search_term_string\"}}],\"inLanguage\":\"es\"},{\"@type\":\"Organization\",\"@id\":\"https:\\\/\\\/www.garvanacoustic.com\\\/es\\\/#organization\",\"name\":\"Garvan Acoustic\",\"url\":\"https:\\\/\\\/www.garvanacoustic.com\\\/es\\\/\",\"logo\":{\"@type\":\"ImageObject\",\"inLanguage\":\"es\",\"@id\":\"https:\\\/\\\/www.garvanacoustic.com\\\/es\\\/#\\\/schema\\\/logo\\\/image\\\/\",\"url\":\"https:\\\/\\\/www.garvanacoustic.com\\\/wp-content\\\/uploads\\\/2018\\\/07\\\/garvan-acoustic-logo.png\",\"contentUrl\":\"https:\\\/\\\/www.garvanacoustic.com\\\/wp-content\\\/uploads\\\/2018\\\/07\\\/garvan-acoustic-logo.png\",\"width\":400,\"height\":161,\"caption\":\"Garvan Acoustic\"},\"image\":{\"@id\":\"https:\\\/\\\/www.garvanacoustic.com\\\/es\\\/#\\\/schema\\\/logo\\\/image\\\/\"},\"sameAs\":[\"https:\\\/\\\/www.facebook.com\\\/garvanacoustic\",\"https:\\\/\\\/www.instagram.com\\\/garvanacoustic\\\/\"],\"description\":\"Produttori di Diffusori Acustici e Pannelli Fonoassorbenti Made in Italy\",\"email\":\"garvan@garvanacoustic.com\",\"telephone\":\"0546 682097\"}]}<\/script>\n<!-- \/ Yoast SEO Premium plugin. -->","yoast_head_json":{"title":"Art\u00edculos sobre nuestras asociaciones","description":"Le contamos an\u00e9cdotas y le mantenemos al d\u00eda de todas las asociaciones que Garvan ha","robots":{"index":"index","follow":"follow","max-snippet":"max-snippet:-1","max-image-preview":"max-image-preview:large","max-video-preview":"max-video-preview:-1"},"canonical":"https:\/\/www.garvanacoustic.com\/es\/revista\/articulos-sobre-nuestras-asociaciones\/","og_locale":"es_ES","og_type":"article","og_title":"Art\u00edculos sobre nuestras asociaciones","og_description":"Le contamos an\u00e9cdotas y le mantenemos al d\u00eda de todas las asociaciones que Garvan ha","og_url":"https:\/\/www.garvanacoustic.com\/es\/revista\/articulos-sobre-nuestras-asociaciones\/","og_site_name":"Garvan Acoustic","article_publisher":"https:\/\/www.facebook.com\/garvanacoustic","article_modified_time":"2024-01-25T15:21:28+00:00","og_image":[{"width":779,"height":437,"url":"https:\/\/www.garvanacoustic.com\/wp-content\/uploads\/2024\/07\/header-nwsl-garvan-e1759746705872.jpg","type":"image\/jpeg"}],"twitter_card":"summary_large_image","schema":{"@context":"https:\/\/schema.org","@graph":[{"@type":"WebPage","@id":"https:\/\/www.garvanacoustic.com\/es\/revista\/articulos-sobre-nuestras-asociaciones\/","url":"https:\/\/www.garvanacoustic.com\/es\/revista\/articulos-sobre-nuestras-asociaciones\/","name":"Art\u00edculos sobre nuestras asociaciones","isPartOf":{"@id":"https:\/\/www.garvanacoustic.com\/es\/#website"},"datePublished":"2024-01-24T10:50:50+00:00","dateModified":"2024-01-25T15:21:28+00:00","description":"Le contamos an\u00e9cdotas y le mantenemos al d\u00eda de todas las asociaciones que Garvan ha","breadcrumb":{"@id":"https:\/\/www.garvanacoustic.com\/es\/revista\/articulos-sobre-nuestras-asociaciones\/#breadcrumb"},"inLanguage":"es","potentialAction":[{"@type":"ReadAction","target":["https:\/\/www.garvanacoustic.com\/es\/revista\/articulos-sobre-nuestras-asociaciones\/"]}]},{"@type":"BreadcrumbList","@id":"https:\/\/www.garvanacoustic.com\/es\/revista\/articulos-sobre-nuestras-asociaciones\/#breadcrumb","itemListElement":[{"@type":"ListItem","position":1,"name":"Home","item":"https:\/\/www.garvanacoustic.com\/es\/"},{"@type":"ListItem","position":2,"name":"Revista","item":"https:\/\/www.garvanacoustic.com\/es\/revista\/"},{"@type":"ListItem","position":3,"name":"Art\u00edculos sobre nuestras asociaciones"}]},{"@type":"WebSite","@id":"https:\/\/www.garvanacoustic.com\/es\/#website","url":"https:\/\/www.garvanacoustic.com\/es\/","name":"Garvan Acoustic","description":"Diffusori e trattamento acustico: scopri la qualit\u00e0 del Made in Italy","publisher":{"@id":"https:\/\/www.garvanacoustic.com\/es\/#organization"},"potentialAction":[{"@type":"SearchAction","target":{"@type":"EntryPoint","urlTemplate":"https:\/\/www.garvanacoustic.com\/es\/?s={search_term_string}"},"query-input":{"@type":"PropertyValueSpecification","valueRequired":true,"valueName":"search_term_string"}}],"inLanguage":"es"},{"@type":"Organization","@id":"https:\/\/www.garvanacoustic.com\/es\/#organization","name":"Garvan Acoustic","url":"https:\/\/www.garvanacoustic.com\/es\/","logo":{"@type":"ImageObject","inLanguage":"es","@id":"https:\/\/www.garvanacoustic.com\/es\/#\/schema\/logo\/image\/","url":"https:\/\/www.garvanacoustic.com\/wp-content\/uploads\/2018\/07\/garvan-acoustic-logo.png","contentUrl":"https:\/\/www.garvanacoustic.com\/wp-content\/uploads\/2018\/07\/garvan-acoustic-logo.png","width":400,"height":161,"caption":"Garvan Acoustic"},"image":{"@id":"https:\/\/www.garvanacoustic.com\/es\/#\/schema\/logo\/image\/"},"sameAs":["https:\/\/www.facebook.com\/garvanacoustic","https:\/\/www.instagram.com\/garvanacoustic\/"],"description":"Produttori di Diffusori Acustici e Pannelli Fonoassorbenti Made in Italy","email":"garvan@garvanacoustic.com","telephone":"0546 682097"}]}},"_links":{"self":[{"href":"https:\/\/www.garvanacoustic.com\/es\/wp-json\/wp\/v2\/pages\/65072","targetHints":{"allow":["GET"]}}],"collection":[{"href":"https:\/\/www.garvanacoustic.com\/es\/wp-json\/wp\/v2\/pages"}],"about":[{"href":"https:\/\/www.garvanacoustic.com\/es\/wp-json\/wp\/v2\/types\/page"}],"author":[{"embeddable":true,"href":"https:\/\/www.garvanacoustic.com\/es\/wp-json\/wp\/v2\/users\/11"}],"replies":[{"embeddable":true,"href":"https:\/\/www.garvanacoustic.com\/es\/wp-json\/wp\/v2\/comments?post=65072"}],"version-history":[{"count":2,"href":"https:\/\/www.garvanacoustic.com\/es\/wp-json\/wp\/v2\/pages\/65072\/revisions"}],"predecessor-version":[{"id":65077,"href":"https:\/\/www.garvanacoustic.com\/es\/wp-json\/wp\/v2\/pages\/65072\/revisions\/65077"}],"up":[{"embeddable":true,"href":"https:\/\/www.garvanacoustic.com\/es\/wp-json\/wp\/v2\/pages\/65051"}],"wp:attachment":[{"href":"https:\/\/www.garvanacoustic.com\/es\/wp-json\/wp\/v2\/media?parent=65072"}],"curies":[{"name":"wp","href":"https:\/\/api.w.org\/{rel}","templated":true}]}}