{"id":65102,"date":"2024-01-24T11:50:52","date_gmt":"2024-01-24T10:50:52","guid":{"rendered":"https:\/\/www.garvanacoustic.com\/revista\/articulos-sobre-paneles-insonorizantes\/cine-en-casa\/"},"modified":"2024-01-25T16:21:28","modified_gmt":"2024-01-25T15:21:28","slug":"cine-en-casa","status":"publish","type":"page","link":"https:\/\/www.garvanacoustic.com\/es\/revista\/articulos-sobre-paneles-insonorizantes\/cine-en-casa\/","title":{"rendered":"Cine en casa"},"content":{"rendered":"<section><div class=\"container\"><div class=\"row\"><div class=\"wpb_column hcode-column-container  col-xs-mobile-fullwidth\" data-front-class=\"col-xs-mobile-fullwidth front-column-class\"><div class=\"vc-column-innner-wrapper\"><div class=\"blog-3col product-3\"><div class=\"post-80253 post type-post status-publish format-standard has-post-thumbnail hentry category-home-cinema-es category-news-lifestyle category-paneles-insonorizantes category-para-oficinas category-restaurantes\"><div class=\"col-md-4 col-sm-6 col-xs-12 blog-listing \" ><div class=\"blog-post\"><div class=\"blog-image\"><a href=\"https:\/\/www.garvanacoustic.com\/es\/paneles-insonorizantes\/como-eliminar-eco-y-reverberacion-en-un-gimnasio\/\"><img decoding=\"async\" width=\"1068\" height=\"584\" src=\"https:\/\/www.garvanacoustic.com\/wp-content\/uploads\/2025\/10\/Come-eliminare-eco-e-riverbero-in-palestra.jpg\" class=\"attachment-full size-full wp-post-image\" alt=\"\" srcset=\"https:\/\/www.garvanacoustic.com\/wp-content\/uploads\/2025\/10\/Come-eliminare-eco-e-riverbero-in-palestra.jpg 1068w, https:\/\/www.garvanacoustic.com\/wp-content\/uploads\/2025\/10\/Come-eliminare-eco-e-riverbero-in-palestra-300x164.jpg 300w, https:\/\/www.garvanacoustic.com\/wp-content\/uploads\/2025\/10\/Come-eliminare-eco-e-riverbero-in-palestra-1024x560.jpg 1024w, https:\/\/www.garvanacoustic.com\/wp-content\/uploads\/2025\/10\/Come-eliminare-eco-e-riverbero-in-palestra-768x420.jpg 768w, https:\/\/www.garvanacoustic.com\/wp-content\/uploads\/2025\/10\/Come-eliminare-eco-e-riverbero-in-palestra-81x44.jpg 81w\" sizes=\"(max-width: 1068px) 100vw, 1068px\" \/><\/a><\/div><div class=\"blog-details hcode-blog-1\"><div class=\"blog-date\"><span class=\"published\">29 abril 2026<\/span><time class=\"updated display-none\" datetime=\"2026-04-29T10:39:05+02:00\">29 abril 2026<\/time><\/div><div class=\"blog-title entry-title\"><a href=\"https:\/\/www.garvanacoustic.com\/es\/paneles-insonorizantes\/como-eliminar-eco-y-reverberacion-en-un-gimnasio\/\">C\u00f3mo eliminar eco y reverberaci\u00f3n en un gimnasio<\/a><\/div><div class=\"hcode-blog-excerpt blog-short-description entry-content\"><p>Descubre c\u00f3mo mejorar la ac\u00fastica de un gimnasio eliminando el eco y la reverberaci\u00f3n con paneles fonoabsorbentes para techos y...<\/p>\n<\/div><div class=\"hcode-blog-separator separator-line bg-black no-margin-lr\"><\/div><\/div><\/div><\/div><\/div><div class=\"post-74502 post type-post status-publish format-image has-post-thumbnail hentry category-educativo category-home-cinema-es category-paneles-insonorizantes category-para-oficinas category-restaurantes post_format-post-format-image\"><div class=\"col-md-4 col-sm-6 col-xs-12 blog-listing \" ><div class=\"blog-post\"><div class=\"blog-image\"><a href=\"https:\/\/www.garvanacoustic.com\/es\/educativo\/paneles-fonoabsorbentes-para-reducir-el-eco-y-la-reverberacion\/\"><img decoding=\"async\" width=\"4724\" height=\"2647\" src=\"https:\/\/www.garvanacoustic.com\/wp-content\/uploads\/2024\/08\/single-av-casa-1.jpg\" class=\"attachment-full size-full wp-post-image\" alt=\"\" srcset=\"https:\/\/www.garvanacoustic.com\/wp-content\/uploads\/2024\/08\/single-av-casa-1.jpg 4724w, https:\/\/www.garvanacoustic.com\/wp-content\/uploads\/2024\/08\/single-av-casa-1-300x168.jpg 300w, https:\/\/www.garvanacoustic.com\/wp-content\/uploads\/2024\/08\/single-av-casa-1-1024x574.jpg 1024w, https:\/\/www.garvanacoustic.com\/wp-content\/uploads\/2024\/08\/single-av-casa-1-768x430.jpg 768w, https:\/\/www.garvanacoustic.com\/wp-content\/uploads\/2024\/08\/single-av-casa-1-1536x861.jpg 1536w, https:\/\/www.garvanacoustic.com\/wp-content\/uploads\/2024\/08\/single-av-casa-1-2048x1148.jpg 2048w, https:\/\/www.garvanacoustic.com\/wp-content\/uploads\/2024\/08\/single-av-casa-1-81x45.jpg 81w\" sizes=\"(max-width: 4724px) 100vw, 4724px\" \/><\/a><\/div><div class=\"blog-details hcode-blog-1\"><div class=\"blog-date\"><span class=\"published\">22 abril 2025<\/span><time class=\"updated display-none\" datetime=\"2025-04-22T17:32:50+02:00\">22 abril 2025<\/time><\/div><div class=\"blog-title entry-title\"><a href=\"https:\/\/www.garvanacoustic.com\/es\/educativo\/paneles-fonoabsorbentes-para-reducir-el-eco-y-la-reverberacion\/\">Paneles fonoabsorbentes para reducir el eco y la reverberaci\u00f3n<\/a><\/div><div class=\"hcode-blog-excerpt blog-short-description entry-content\"><p>Paneles fonoabsorbentes para mejorar la ac\u00fastica, reducir la reverberaci\u00f3n y decorar cualquier estancia. Soluciones elegantes para el hogar y la...<\/p>\n<\/div><div class=\"hcode-blog-separator separator-line bg-black no-margin-lr\"><\/div><\/div><\/div><\/div><\/div><div class=\"post-74455 post type-post status-publish format-image has-post-thumbnail hentry category-educativo category-home-cinema-es category-paneles-insonorizantes category-para-oficinas category-restaurantes post_format-post-format-image\"><div class=\"col-md-4 col-sm-6 col-xs-12 blog-listing \" ><div class=\"blog-post\"><div class=\"blog-image\"><a href=\"https:\/\/www.garvanacoustic.com\/es\/educativo\/paneles-acusticos-para-techos-y-falsos-techos\/\"><img decoding=\"async\" width=\"1024\" height=\"1024\" src=\"https:\/\/www.garvanacoustic.com\/wp-content\/uploads\/2025\/04\/soffitto-fonoassorbente-Ufficio.jpg\" class=\"attachment-full size-full wp-post-image\" alt=\"\" srcset=\"https:\/\/www.garvanacoustic.com\/wp-content\/uploads\/2025\/04\/soffitto-fonoassorbente-Ufficio.jpg 1024w, https:\/\/www.garvanacoustic.com\/wp-content\/uploads\/2025\/04\/soffitto-fonoassorbente-Ufficio-300x300.jpg 300w, https:\/\/www.garvanacoustic.com\/wp-content\/uploads\/2025\/04\/soffitto-fonoassorbente-Ufficio-150x150.jpg 150w, https:\/\/www.garvanacoustic.com\/wp-content\/uploads\/2025\/04\/soffitto-fonoassorbente-Ufficio-768x768.jpg 768w, https:\/\/www.garvanacoustic.com\/wp-content\/uploads\/2025\/04\/soffitto-fonoassorbente-Ufficio-81x81.jpg 81w\" sizes=\"(max-width: 1024px) 100vw, 1024px\" \/><\/a><\/div><div class=\"blog-details hcode-blog-1\"><div class=\"blog-date\"><span class=\"published\">16 abril 2025<\/span><time class=\"updated display-none\" datetime=\"2025-04-16T10:28:16+02:00\">16 abril 2025<\/time><\/div><div class=\"blog-title entry-title\"><a href=\"https:\/\/www.garvanacoustic.com\/es\/educativo\/paneles-acusticos-para-techos-y-falsos-techos\/\">Paneles ac\u00fasticos para techos y falsos techos<\/a><\/div><div class=\"hcode-blog-excerpt blog-short-description entry-content\"><p>Reduce la reverberaci\u00f3n con absorbentes de techo. Descubre las ventajas, tipos y consejos para mejorar el confort ac\u00fastico.<\/p>\n<\/div><div class=\"hcode-blog-separator separator-line bg-black no-margin-lr\"><\/div><\/div><\/div><\/div><\/div><div class=\"post-68135 post type-post status-publish format-image has-post-thumbnail hentry category-educativo category-home-cinema-es category-paneles-insonorizantes category-para-oficinas category-restaurantes post_format-post-format-image\"><div class=\"col-md-4 col-sm-6 col-xs-12 blog-listing \" ><div class=\"blog-post\"><div class=\"blog-image\"><a href=\"https:\/\/www.garvanacoustic.com\/es\/educativo\/paneles-acusticos-para-techos\/\"><img decoding=\"async\" width=\"900\" height=\"600\" src=\"https:\/\/www.garvanacoustic.com\/wp-content\/uploads\/2020\/01\/soffitto_min-1.jpg\" class=\"attachment-full size-full wp-post-image\" alt=\"\" srcset=\"https:\/\/www.garvanacoustic.com\/wp-content\/uploads\/2020\/01\/soffitto_min-1.jpg 900w, https:\/\/www.garvanacoustic.com\/wp-content\/uploads\/2020\/01\/soffitto_min-1-300x200.jpg 300w, https:\/\/www.garvanacoustic.com\/wp-content\/uploads\/2020\/01\/soffitto_min-1-768x512.jpg 768w, https:\/\/www.garvanacoustic.com\/wp-content\/uploads\/2020\/01\/soffitto_min-1-81x54.jpg 81w\" sizes=\"(max-width: 900px) 100vw, 900px\" \/><\/a><\/div><div class=\"blog-details hcode-blog-1\"><div class=\"blog-date\"><span class=\"published\">08 abril 2024<\/span><time class=\"updated display-none\" datetime=\"2024-07-09T10:25:57+02:00\">09 julio 2024<\/time><\/div><div class=\"blog-title entry-title\"><a href=\"https:\/\/www.garvanacoustic.com\/es\/educativo\/paneles-acusticos-para-techos\/\">Paneles ac\u00fasticos para techos<\/a><\/div><div class=\"hcode-blog-excerpt blog-short-description entry-content\"><p>Garvan Acoustic ofrece varias soluciones de techos fonoabsorbentes, cada una de ellas con caracter\u00edsticas espec\u00edficas para adaptarse a distintos tipos...<\/p>\n<\/div><div class=\"hcode-blog-separator separator-line bg-black no-margin-lr\"><\/div><\/div><\/div><\/div><\/div><div class=\"post-66115 post type-post status-publish format-standard has-post-thumbnail hentry category-home-cinema-es category-referencias category-residencial\"><div class=\"col-md-4 col-sm-6 col-xs-12 blog-listing \" ><div class=\"blog-post\"><div class=\"blog-image\"><a href=\"https:\/\/www.garvanacoustic.com\/es\/referencias\/casa-particular-espana\/\"><img decoding=\"async\" width=\"1920\" height=\"939\" src=\"https:\/\/www.garvanacoustic.com\/wp-content\/uploads\/2022\/12\/pannelli-fonoassorbenti-home-cinema.jpg\" class=\"attachment-full size-full wp-post-image\" alt=\"\" srcset=\"https:\/\/www.garvanacoustic.com\/wp-content\/uploads\/2022\/12\/pannelli-fonoassorbenti-home-cinema.jpg 1920w, https:\/\/www.garvanacoustic.com\/wp-content\/uploads\/2022\/12\/pannelli-fonoassorbenti-home-cinema-300x147.jpg 300w, https:\/\/www.garvanacoustic.com\/wp-content\/uploads\/2022\/12\/pannelli-fonoassorbenti-home-cinema-1024x501.jpg 1024w, https:\/\/www.garvanacoustic.com\/wp-content\/uploads\/2022\/12\/pannelli-fonoassorbenti-home-cinema-768x376.jpg 768w, https:\/\/www.garvanacoustic.com\/wp-content\/uploads\/2022\/12\/pannelli-fonoassorbenti-home-cinema-1536x751.jpg 1536w, https:\/\/www.garvanacoustic.com\/wp-content\/uploads\/2022\/12\/pannelli-fonoassorbenti-home-cinema-81x40.jpg 81w\" sizes=\"(max-width: 1920px) 100vw, 1920px\" \/><\/a><\/div><div class=\"blog-details hcode-blog-1\"><div class=\"blog-date\"><span class=\"published\">06 febrero 2024<\/span><time class=\"updated display-none\" datetime=\"2024-02-06T16:43:38+01:00\">06 febrero 2024<\/time><\/div><div class=\"blog-title entry-title\"><a href=\"https:\/\/www.garvanacoustic.com\/es\/referencias\/casa-particular-espana\/\">CASA PARTICULAR ESPA\u00d1A<\/a><\/div><div class=\"hcode-blog-excerpt blog-short-description entry-content\"><p>Paneles de absorci\u00f3n ac\u00fastica @ PRIVATE HOME SPAIN Evocando un sistema de lunas y planetas es la armoniosa coexistencia de...<\/p>\n<\/div><div class=\"hcode-blog-separator separator-line bg-black no-margin-lr\"><\/div><\/div><\/div><\/div><\/div><div class=\"post-66097 post type-post status-publish format-standard has-post-thumbnail hentry category-home-cinema-es category-home-theatre-es category-referencias category-residencial\"><div class=\"col-md-4 col-sm-6 col-xs-12 blog-listing \" ><div class=\"blog-post\"><div class=\"blog-image\"><a href=\"https:\/\/www.garvanacoustic.com\/es\/referencias\/sala-de-cine\/\"><img decoding=\"async\" width=\"1920\" height=\"1080\" src=\"https:\/\/www.garvanacoustic.com\/wp-content\/uploads\/2022\/12\/pannelli-fonoassorbenti_home-cinema_header.jpg\" class=\"attachment-full size-full wp-post-image\" alt=\"\" srcset=\"https:\/\/www.garvanacoustic.com\/wp-content\/uploads\/2022\/12\/pannelli-fonoassorbenti_home-cinema_header.jpg 1920w, https:\/\/www.garvanacoustic.com\/wp-content\/uploads\/2022\/12\/pannelli-fonoassorbenti_home-cinema_header-300x169.jpg 300w, https:\/\/www.garvanacoustic.com\/wp-content\/uploads\/2022\/12\/pannelli-fonoassorbenti_home-cinema_header-1024x576.jpg 1024w, https:\/\/www.garvanacoustic.com\/wp-content\/uploads\/2022\/12\/pannelli-fonoassorbenti_home-cinema_header-768x432.jpg 768w, https:\/\/www.garvanacoustic.com\/wp-content\/uploads\/2022\/12\/pannelli-fonoassorbenti_home-cinema_header-1536x864.jpg 1536w, https:\/\/www.garvanacoustic.com\/wp-content\/uploads\/2022\/12\/pannelli-fonoassorbenti_home-cinema_header-81x46.jpg 81w\" sizes=\"(max-width: 1920px) 100vw, 1920px\" \/><\/a><\/div><div class=\"blog-details hcode-blog-1\"><div class=\"blog-date\"><span class=\"published\">06 febrero 2024<\/span><time class=\"updated display-none\" datetime=\"2024-02-06T16:40:32+01:00\">06 febrero 2024<\/time><\/div><div class=\"blog-title entry-title\"><a href=\"https:\/\/www.garvanacoustic.com\/es\/referencias\/sala-de-cine\/\">SALA DE CINE<\/a><\/div><div class=\"hcode-blog-excerpt blog-short-description entry-content\"><p>Paneles insonorizantes @ SALA DE CINE - CASA PRIVADA Las soluciones ac\u00fasticas empotradas y los paneles negros fonoabsorbentes de la...<\/p>\n<\/div><div class=\"hcode-blog-separator separator-line bg-black no-margin-lr\"><\/div><\/div><\/div><\/div><\/div><\/div><\/div><\/div><\/div><\/div><\/section>","protected":false},"excerpt":{"rendered":"<p>Paneles insonorizantes @ SALA DE CINE &#8211; CASA PRIVADA Las soluciones ac\u00fasticas empotradas y los paneles negros fonoabsorbentes de la colecci\u00f3n SurfaceTM confieren su invisibilidad a esta sala de cine privada cerca de Grenoble. [vc_single_image image=\u00bb58618&#8243; img_size=\u00bblarge\u00bb alignment=\u00bbcenter\u00bb onclick=\u00bblink_image\u00bb][vc_single_image image=\u00bb58626&#8243; img_size=\u00bblarge\u00bb alignment=\u00bbcenter\u00bb onclick=\u00bbimg_link_large\u00bb]<\/p>\n","protected":false},"author":11,"featured_media":0,"parent":65097,"menu_order":0,"comment_status":"open","ping_status":"closed","template":"","meta":{"_joinchat":[],"footnotes":""},"class_list":["post-65102","page","type-page","status-publish","hentry"],"yoast_head":"<!-- This site is optimized with the Yoast SEO Premium plugin v27.4 (Yoast SEO v27.4) - https:\/\/yoast.com\/product\/yoast-seo-premium-wordpress\/ -->\n<title>Art\u00edculos Paneles fonoabsorbentes para cine en casa<\/title>\n<meta name=\"description\" content=\"Presentamos productos, contamos an\u00e9cdotas y le mantenemos al d\u00eda de todo lo que ocurre en el mundo Garvan.\" \/>\n<meta name=\"robots\" content=\"index, follow, max-snippet:-1, max-image-preview:large, max-video-preview:-1\" \/>\n<link rel=\"canonical\" href=\"https:\/\/www.garvanacoustic.com\/es\/revista\/articulos-sobre-paneles-insonorizantes\/cine-en-casa\/\" \/>\n<meta property=\"og:locale\" content=\"es_ES\" \/>\n<meta property=\"og:type\" content=\"article\" \/>\n<meta property=\"og:title\" content=\"Cine en casa\" \/>\n<meta property=\"og:description\" content=\"Presentamos productos, contamos an\u00e9cdotas y le mantenemos al d\u00eda de todo lo que ocurre en el mundo Garvan.\" \/>\n<meta property=\"og:url\" content=\"https:\/\/www.garvanacoustic.com\/es\/revista\/articulos-sobre-paneles-insonorizantes\/cine-en-casa\/\" \/>\n<meta property=\"og:site_name\" content=\"Garvan Acoustic\" \/>\n<meta property=\"article:publisher\" content=\"https:\/\/www.facebook.com\/garvanacoustic\" \/>\n<meta property=\"article:modified_time\" content=\"2024-01-25T15:21:28+00:00\" \/>\n<meta property=\"og:image\" content=\"https:\/\/www.garvanacoustic.com\/wp-content\/uploads\/2024\/07\/header-nwsl-garvan-e1759746705872.jpg\" \/>\n\t<meta property=\"og:image:width\" content=\"779\" \/>\n\t<meta property=\"og:image:height\" content=\"437\" \/>\n\t<meta property=\"og:image:type\" content=\"image\/jpeg\" \/>\n<meta name=\"twitter:card\" content=\"summary_large_image\" \/>\n<script type=\"application\/ld+json\" class=\"yoast-schema-graph\">{\"@context\":\"https:\\\/\\\/schema.org\",\"@graph\":[{\"@type\":\"WebPage\",\"@id\":\"https:\\\/\\\/www.garvanacoustic.com\\\/es\\\/revista\\\/articulos-sobre-paneles-insonorizantes\\\/cine-en-casa\\\/\",\"url\":\"https:\\\/\\\/www.garvanacoustic.com\\\/es\\\/revista\\\/articulos-sobre-paneles-insonorizantes\\\/cine-en-casa\\\/\",\"name\":\"Art\u00edculos Paneles fonoabsorbentes para cine en casa\",\"isPartOf\":{\"@id\":\"https:\\\/\\\/www.garvanacoustic.com\\\/es\\\/#website\"},\"datePublished\":\"2024-01-24T10:50:52+00:00\",\"dateModified\":\"2024-01-25T15:21:28+00:00\",\"description\":\"Presentamos productos, contamos an\u00e9cdotas y le mantenemos al d\u00eda de todo lo que ocurre en el mundo Garvan.\",\"breadcrumb\":{\"@id\":\"https:\\\/\\\/www.garvanacoustic.com\\\/es\\\/revista\\\/articulos-sobre-paneles-insonorizantes\\\/cine-en-casa\\\/#breadcrumb\"},\"inLanguage\":\"es\",\"potentialAction\":[{\"@type\":\"ReadAction\",\"target\":[\"https:\\\/\\\/www.garvanacoustic.com\\\/es\\\/revista\\\/articulos-sobre-paneles-insonorizantes\\\/cine-en-casa\\\/\"]}]},{\"@type\":\"BreadcrumbList\",\"@id\":\"https:\\\/\\\/www.garvanacoustic.com\\\/es\\\/revista\\\/articulos-sobre-paneles-insonorizantes\\\/cine-en-casa\\\/#breadcrumb\",\"itemListElement\":[{\"@type\":\"ListItem\",\"position\":1,\"name\":\"Home\",\"item\":\"https:\\\/\\\/www.garvanacoustic.com\\\/es\\\/\"},{\"@type\":\"ListItem\",\"position\":2,\"name\":\"Revista\",\"item\":\"https:\\\/\\\/www.garvanacoustic.com\\\/es\\\/revista\\\/\"},{\"@type\":\"ListItem\",\"position\":3,\"name\":\"Art\u00edculos sobre paneles insonorizantes\",\"item\":\"https:\\\/\\\/www.garvanacoustic.com\\\/es\\\/revista\\\/articulos-sobre-paneles-insonorizantes\\\/\"},{\"@type\":\"ListItem\",\"position\":4,\"name\":\"Cine en casa\"}]},{\"@type\":\"WebSite\",\"@id\":\"https:\\\/\\\/www.garvanacoustic.com\\\/es\\\/#website\",\"url\":\"https:\\\/\\\/www.garvanacoustic.com\\\/es\\\/\",\"name\":\"Garvan Acoustic\",\"description\":\"Diffusori e trattamento acustico: scopri la qualit\u00e0 del Made in Italy\",\"publisher\":{\"@id\":\"https:\\\/\\\/www.garvanacoustic.com\\\/es\\\/#organization\"},\"potentialAction\":[{\"@type\":\"SearchAction\",\"target\":{\"@type\":\"EntryPoint\",\"urlTemplate\":\"https:\\\/\\\/www.garvanacoustic.com\\\/es\\\/?s={search_term_string}\"},\"query-input\":{\"@type\":\"PropertyValueSpecification\",\"valueRequired\":true,\"valueName\":\"search_term_string\"}}],\"inLanguage\":\"es\"},{\"@type\":\"Organization\",\"@id\":\"https:\\\/\\\/www.garvanacoustic.com\\\/es\\\/#organization\",\"name\":\"Garvan Acoustic\",\"url\":\"https:\\\/\\\/www.garvanacoustic.com\\\/es\\\/\",\"logo\":{\"@type\":\"ImageObject\",\"inLanguage\":\"es\",\"@id\":\"https:\\\/\\\/www.garvanacoustic.com\\\/es\\\/#\\\/schema\\\/logo\\\/image\\\/\",\"url\":\"https:\\\/\\\/www.garvanacoustic.com\\\/wp-content\\\/uploads\\\/2018\\\/07\\\/garvan-acoustic-logo.png\",\"contentUrl\":\"https:\\\/\\\/www.garvanacoustic.com\\\/wp-content\\\/uploads\\\/2018\\\/07\\\/garvan-acoustic-logo.png\",\"width\":400,\"height\":161,\"caption\":\"Garvan Acoustic\"},\"image\":{\"@id\":\"https:\\\/\\\/www.garvanacoustic.com\\\/es\\\/#\\\/schema\\\/logo\\\/image\\\/\"},\"sameAs\":[\"https:\\\/\\\/www.facebook.com\\\/garvanacoustic\",\"https:\\\/\\\/www.instagram.com\\\/garvanacoustic\\\/\"],\"description\":\"Produttori di Diffusori Acustici e Pannelli Fonoassorbenti Made in Italy\",\"email\":\"garvan@garvanacoustic.com\",\"telephone\":\"0546 682097\"}]}<\/script>\n<!-- \/ Yoast SEO Premium plugin. -->","yoast_head_json":{"title":"Art\u00edculos Paneles fonoabsorbentes para cine en casa","description":"Presentamos productos, contamos an\u00e9cdotas y le mantenemos al d\u00eda de todo lo que ocurre en el mundo Garvan.","robots":{"index":"index","follow":"follow","max-snippet":"max-snippet:-1","max-image-preview":"max-image-preview:large","max-video-preview":"max-video-preview:-1"},"canonical":"https:\/\/www.garvanacoustic.com\/es\/revista\/articulos-sobre-paneles-insonorizantes\/cine-en-casa\/","og_locale":"es_ES","og_type":"article","og_title":"Cine en casa","og_description":"Presentamos productos, contamos an\u00e9cdotas y le mantenemos al d\u00eda de todo lo que ocurre en el mundo Garvan.","og_url":"https:\/\/www.garvanacoustic.com\/es\/revista\/articulos-sobre-paneles-insonorizantes\/cine-en-casa\/","og_site_name":"Garvan Acoustic","article_publisher":"https:\/\/www.facebook.com\/garvanacoustic","article_modified_time":"2024-01-25T15:21:28+00:00","og_image":[{"width":779,"height":437,"url":"https:\/\/www.garvanacoustic.com\/wp-content\/uploads\/2024\/07\/header-nwsl-garvan-e1759746705872.jpg","type":"image\/jpeg"}],"twitter_card":"summary_large_image","schema":{"@context":"https:\/\/schema.org","@graph":[{"@type":"WebPage","@id":"https:\/\/www.garvanacoustic.com\/es\/revista\/articulos-sobre-paneles-insonorizantes\/cine-en-casa\/","url":"https:\/\/www.garvanacoustic.com\/es\/revista\/articulos-sobre-paneles-insonorizantes\/cine-en-casa\/","name":"Art\u00edculos Paneles fonoabsorbentes para cine en casa","isPartOf":{"@id":"https:\/\/www.garvanacoustic.com\/es\/#website"},"datePublished":"2024-01-24T10:50:52+00:00","dateModified":"2024-01-25T15:21:28+00:00","description":"Presentamos productos, contamos an\u00e9cdotas y le mantenemos al d\u00eda de todo lo que ocurre en el mundo Garvan.","breadcrumb":{"@id":"https:\/\/www.garvanacoustic.com\/es\/revista\/articulos-sobre-paneles-insonorizantes\/cine-en-casa\/#breadcrumb"},"inLanguage":"es","potentialAction":[{"@type":"ReadAction","target":["https:\/\/www.garvanacoustic.com\/es\/revista\/articulos-sobre-paneles-insonorizantes\/cine-en-casa\/"]}]},{"@type":"BreadcrumbList","@id":"https:\/\/www.garvanacoustic.com\/es\/revista\/articulos-sobre-paneles-insonorizantes\/cine-en-casa\/#breadcrumb","itemListElement":[{"@type":"ListItem","position":1,"name":"Home","item":"https:\/\/www.garvanacoustic.com\/es\/"},{"@type":"ListItem","position":2,"name":"Revista","item":"https:\/\/www.garvanacoustic.com\/es\/revista\/"},{"@type":"ListItem","position":3,"name":"Art\u00edculos sobre paneles insonorizantes","item":"https:\/\/www.garvanacoustic.com\/es\/revista\/articulos-sobre-paneles-insonorizantes\/"},{"@type":"ListItem","position":4,"name":"Cine en casa"}]},{"@type":"WebSite","@id":"https:\/\/www.garvanacoustic.com\/es\/#website","url":"https:\/\/www.garvanacoustic.com\/es\/","name":"Garvan Acoustic","description":"Diffusori e trattamento acustico: scopri la qualit\u00e0 del Made in Italy","publisher":{"@id":"https:\/\/www.garvanacoustic.com\/es\/#organization"},"potentialAction":[{"@type":"SearchAction","target":{"@type":"EntryPoint","urlTemplate":"https:\/\/www.garvanacoustic.com\/es\/?s={search_term_string}"},"query-input":{"@type":"PropertyValueSpecification","valueRequired":true,"valueName":"search_term_string"}}],"inLanguage":"es"},{"@type":"Organization","@id":"https:\/\/www.garvanacoustic.com\/es\/#organization","name":"Garvan Acoustic","url":"https:\/\/www.garvanacoustic.com\/es\/","logo":{"@type":"ImageObject","inLanguage":"es","@id":"https:\/\/www.garvanacoustic.com\/es\/#\/schema\/logo\/image\/","url":"https:\/\/www.garvanacoustic.com\/wp-content\/uploads\/2018\/07\/garvan-acoustic-logo.png","contentUrl":"https:\/\/www.garvanacoustic.com\/wp-content\/uploads\/2018\/07\/garvan-acoustic-logo.png","width":400,"height":161,"caption":"Garvan Acoustic"},"image":{"@id":"https:\/\/www.garvanacoustic.com\/es\/#\/schema\/logo\/image\/"},"sameAs":["https:\/\/www.facebook.com\/garvanacoustic","https:\/\/www.instagram.com\/garvanacoustic\/"],"description":"Produttori di Diffusori Acustici e Pannelli Fonoassorbenti Made in Italy","email":"garvan@garvanacoustic.com","telephone":"0546 682097"}]}},"_links":{"self":[{"href":"https:\/\/www.garvanacoustic.com\/es\/wp-json\/wp\/v2\/pages\/65102","targetHints":{"allow":["GET"]}}],"collection":[{"href":"https:\/\/www.garvanacoustic.com\/es\/wp-json\/wp\/v2\/pages"}],"about":[{"href":"https:\/\/www.garvanacoustic.com\/es\/wp-json\/wp\/v2\/types\/page"}],"author":[{"embeddable":true,"href":"https:\/\/www.garvanacoustic.com\/es\/wp-json\/wp\/v2\/users\/11"}],"replies":[{"embeddable":true,"href":"https:\/\/www.garvanacoustic.com\/es\/wp-json\/wp\/v2\/comments?post=65102"}],"version-history":[{"count":2,"href":"https:\/\/www.garvanacoustic.com\/es\/wp-json\/wp\/v2\/pages\/65102\/revisions"}],"predecessor-version":[{"id":65109,"href":"https:\/\/www.garvanacoustic.com\/es\/wp-json\/wp\/v2\/pages\/65102\/revisions\/65109"}],"up":[{"embeddable":true,"href":"https:\/\/www.garvanacoustic.com\/es\/wp-json\/wp\/v2\/pages\/65097"}],"wp:attachment":[{"href":"https:\/\/www.garvanacoustic.com\/es\/wp-json\/wp\/v2\/media?parent=65102"}],"curies":[{"name":"wp","href":"https:\/\/api.w.org\/{rel}","templated":true}]}}