{"id":65113,"date":"2024-01-24T11:50:52","date_gmt":"2024-01-24T10:50:52","guid":{"rendered":"https:\/\/www.garvanacoustic.com\/productos-a-medida-para-empresas\/"},"modified":"2024-01-29T10:07:56","modified_gmt":"2024-01-29T09:07:56","slug":"productos-a-medida-para-empresas","status":"publish","type":"page","link":"https:\/\/www.garvanacoustic.com\/es\/altavoces\/a-medida\/productos-a-medida-para-empresas\/","title":{"rendered":"Productos a medida para empresas"},"content":{"rendered":"<section  class=\"wow fadeIn bg-image-srcset cover-background\" style=\"background-image: url(https:\/\/www.garvanacoustic.com\/wp-content\/uploads\/2019\/02\/q-med.jpg);\" data-bg-srcset=\"https:\/\/www.garvanacoustic.com\/wp-content\/uploads\/2019\/02\/q-med.jpg 760w, https:\/\/www.garvanacoustic.com\/wp-content\/uploads\/2019\/02\/q-med-300x225.jpg 300w, https:\/\/www.garvanacoustic.com\/wp-content\/uploads\/2019\/02\/q-med-81x61.jpg 81w\"><div class=\"selection-overlay\" style=\"opacity:0.5;background-color:#000000;\"><\/div><div class=\"container\"><div class=\"row\"><div class=\"wpb_column hcode-column-container center-col text-center vc_col-sm-10 vc_col-md-6 col-xs-mobile-fullwidth\" data-front-class=\"center-col text-center col-xs-mobile-fullwidth\"><div class=\"vc-column-innner-wrapper\"><p class=\"titolo\"><strong>Productos personalizados en serie para empresas<\/strong><\/p>\n<\/div><\/div><\/div><\/div><\/section><section class=\"no-padding\"><div class=\"container-fluid\"><div class=\"row\"><div class=\"wpb_column hcode-column-container text-center padding-three-top  col-xs-mobile-fullwidth\" data-front-class=\"text-center padding-three-top col-xs-mobile-fullwidth front-column-class\"><div class=\"vc-column-innner-wrapper\"><div class=\"hcode-divider \" style=\"border-top: 20px;\"><\/div><\/div><\/div><\/div><\/div><\/section><section class=\"no-padding\"><div class=\"container-fluid\"><div class=\"row\"><div class=\"wpb_column hcode-column-container text-center padding-three-top vc_col-sm-2 col-xs-mobile-fullwidth\" data-front-class=\"text-center padding-three-top col-xs-mobile-fullwidth\"><div class=\"vc-column-innner-wrapper\"><\/div><\/div><div class=\"wpb_column hcode-column-container vc_col-sm-8 col-xs-mobile-fullwidth\" data-front-class=\"col-xs-mobile-fullwidth\"><div class=\"vc-column-innner-wrapper\">[vc_wp_text]A lo largo de los a\u00f1os, nos hemos asociado con algunas marcas famosas para crear altavoces personalizados que satisfagan las necesidades de los clientes.[\/vc_wp_text]<\/div><\/div><div class=\"wpb_column hcode-column-container vc_col-sm-2 col-xs-mobile-fullwidth\" data-front-class=\"col-xs-mobile-fullwidth\"><div class=\"vc-column-innner-wrapper\"><\/div><\/div><\/div><\/div><\/section><section class=\"no-padding\"><div class=\"container-fluid\"><div class=\"row\"><div class=\"wpb_column hcode-column-container text-center padding-three-top vc_col-sm-2 col-xs-mobile-fullwidth\" data-front-class=\"text-center padding-three-top col-xs-mobile-fullwidth\"><div class=\"vc-column-innner-wrapper\"><\/div><\/div><div class=\"wpb_column hcode-column-container vc_col-sm-8 col-xs-mobile-fullwidth\" data-front-class=\"col-xs-mobile-fullwidth\"><div class=\"vc-column-innner-wrapper\"><div class=\"col-md-12 text-center\"><div class=\"text-center\"><ul  class=\"portfolio-filter nav nav-tabs nav-tabs-black hcode-portfolio-filter-1\"><li class=\"nav \">\n                                    <a href=\"#\"  class=\"\" data-uniqueid=\"hcode-portfolio-1\" data-filter=\".portfolio-filter-1654\" data-trigger-id=\"empresas\" data-id=\"\">empresas<\/a>\n                                <\/li><\/ul><\/div><\/div><div  class=\"work-4col gutter work-with-title wide wide-title \"><div class=\"col-md-12  grid-gallery overflow-hidden no-padding content-section\"><div class=\"tab-content portfolio-infinite-scroll-pagination\"><ul class=\"grid masonry-items masonry-portfolio-grid   hcode-portfolio-1\" data-portfolio=\"\" data-uniqueid=\"hcode-portfolio-1\"><li class=\"portfolio-filter-1653 portfolio-filter-1654 \"><figure><div class=\"gallery-img\"><a href=\"https:\/\/www.garvanacoustic.com\/es\/prodotto\/cocinas-brummel\/\"><img decoding=\"async\" width=\"740\" height=\"500\" src=\"https:\/\/www.garvanacoustic.com\/wp-content\/uploads\/2019\/02\/brummel_2.jpg\" class=\"hcode-portfolio-img wp-post-image\" alt=\"\" srcset=\"https:\/\/www.garvanacoustic.com\/wp-content\/uploads\/2019\/02\/brummel_2.jpg 740w, https:\/\/www.garvanacoustic.com\/wp-content\/uploads\/2019\/02\/brummel_2-300x203.jpg 300w, https:\/\/www.garvanacoustic.com\/wp-content\/uploads\/2019\/02\/brummel_2-81x55.jpg 81w\" sizes=\"(max-width: 740px) 100vw, 740px\" \/><\/a><\/div><figcaption><h3 class=\"\"><a href=\"https:\/\/www.garvanacoustic.com\/es\/prodotto\/cocinas-brummel\/\">Cocinas Brummel<\/a><\/h3><a class=\"btn inner-link btn-black btn-small\" href=\"https:\/\/www.garvanacoustic.com\/es\/prodotto\/cocinas-brummel\/\">Descubra<\/a><\/figcaption><\/figure><\/li><li class=\"portfolio-filter-1653 portfolio-filter-1654 \"><figure><div class=\"gallery-img\"><a href=\"https:\/\/www.garvanacoustic.com\/es\/prodotto\/divani-divani-by-natuzzi\/\"><img decoding=\"async\" width=\"760\" height=\"570\" src=\"https:\/\/www.garvanacoustic.com\/wp-content\/uploads\/2019\/02\/natuzzi.jpg\" class=\"hcode-portfolio-img wp-post-image\" alt=\"\" srcset=\"https:\/\/www.garvanacoustic.com\/wp-content\/uploads\/2019\/02\/natuzzi.jpg 760w, https:\/\/www.garvanacoustic.com\/wp-content\/uploads\/2019\/02\/natuzzi-300x225.jpg 300w, https:\/\/www.garvanacoustic.com\/wp-content\/uploads\/2019\/02\/natuzzi-81x61.jpg 81w\" sizes=\"(max-width: 760px) 100vw, 760px\" \/><\/a><\/div><figcaption><h3 class=\"\"><a href=\"https:\/\/www.garvanacoustic.com\/es\/prodotto\/divani-divani-by-natuzzi\/\">Divani &#038; Divani By Natuzzi<\/a><\/h3><a class=\"btn inner-link btn-black btn-small\" href=\"https:\/\/www.garvanacoustic.com\/es\/prodotto\/divani-divani-by-natuzzi\/\">Descubra<\/a><\/figcaption><\/figure><\/li><li class=\"portfolio-filter-1653 portfolio-filter-1654 \"><figure><div class=\"gallery-img\"><a href=\"https:\/\/www.garvanacoustic.com\/es\/prodotto\/gamma-arredamenti\/\"><img decoding=\"async\" width=\"732\" height=\"490\" src=\"https:\/\/www.garvanacoustic.com\/wp-content\/uploads\/2018\/11\/gamma_4.jpg\" class=\"hcode-portfolio-img wp-post-image\" alt=\"\" srcset=\"https:\/\/www.garvanacoustic.com\/wp-content\/uploads\/2018\/11\/gamma_4.jpg 732w, https:\/\/www.garvanacoustic.com\/wp-content\/uploads\/2018\/11\/gamma_4-300x201.jpg 300w, https:\/\/www.garvanacoustic.com\/wp-content\/uploads\/2018\/11\/gamma_4-81x54.jpg 81w\" sizes=\"(max-width: 732px) 100vw, 732px\" \/><\/a><\/div><figcaption><h3 class=\"\"><a href=\"https:\/\/www.garvanacoustic.com\/es\/prodotto\/gamma-arredamenti\/\">Gamma arredamenti<\/a><\/h3><a class=\"btn inner-link btn-black btn-small\" href=\"https:\/\/www.garvanacoustic.com\/es\/prodotto\/gamma-arredamenti\/\">Descubra<\/a><\/figcaption><\/figure><\/li><li class=\"portfolio-filter-1653 portfolio-filter-1654 \"><figure><div class=\"gallery-img\"><a href=\"https:\/\/www.garvanacoustic.com\/es\/prodotto\/q-med\/\"><img decoding=\"async\" width=\"670\" height=\"460\" src=\"https:\/\/www.garvanacoustic.com\/wp-content\/uploads\/2019\/02\/q_med_1.jpg\" class=\"hcode-portfolio-img wp-post-image\" alt=\"\" srcset=\"https:\/\/www.garvanacoustic.com\/wp-content\/uploads\/2019\/02\/q_med_1.jpg 670w, https:\/\/www.garvanacoustic.com\/wp-content\/uploads\/2019\/02\/q_med_1-300x206.jpg 300w, https:\/\/www.garvanacoustic.com\/wp-content\/uploads\/2019\/02\/q_med_1-81x56.jpg 81w\" sizes=\"(max-width: 670px) 100vw, 670px\" \/><\/a><\/div><figcaption><h3 class=\"\"><a href=\"https:\/\/www.garvanacoustic.com\/es\/prodotto\/q-med\/\">Q Med<\/a><\/h3><a class=\"btn inner-link btn-black btn-small\" href=\"https:\/\/www.garvanacoustic.com\/es\/prodotto\/q-med\/\">Descubra<\/a><\/figcaption><\/figure><\/li><\/ul><\/div><\/div><\/div><\/div><\/div><div class=\"wpb_column hcode-column-container vc_col-sm-2 col-xs-mobile-fullwidth\" data-front-class=\"col-xs-mobile-fullwidth\"><div class=\"vc-column-innner-wrapper\"><\/div><\/div><\/div><\/div><\/section>","protected":false},"excerpt":{"rendered":"<p>[vc_single_image image=\u00bb28611&#8243; img_size=\u00bbfull\u00bb alignment=\u00bbcenter\u00bb]Creaci\u00f3n de difusores para m\u00e1quinas de bronceado Estudio y dise\u00f1o para integrar el audio en la innovadora m\u00e1quina de bronceado \u00abInfinity\u00bb. Creaci\u00f3n de difusores ac\u00fasticos de acero inoxidable con tratamientos especiales antirruido y fonoabsorbentes en su interior. La colocaci\u00f3n de los altavoces se simul\u00f3 y estudi\u00f3 con un programa inform\u00e1tico de dise\u00f1o. [&hellip;]<\/p>\n","protected":false},"author":11,"featured_media":0,"parent":65183,"menu_order":0,"comment_status":"open","ping_status":"open","template":"","meta":{"_joinchat":[],"footnotes":""},"class_list":["post-65113","page","type-page","status-publish","hentry"],"yoast_head":"<!-- This site is optimized with the Yoast SEO Premium plugin v27.4 (Yoast SEO v27.4) - https:\/\/yoast.com\/product\/yoast-seo-premium-wordpress\/ -->\n<title>Productos personalizados en serie para empresas - Garvan Acoustic<\/title>\n<meta name=\"description\" content=\"Eche un vistazo a los dise\u00f1os de altavoces personalizados que hemos realizado para algunas de las principales empresas italianas.\" \/>\n<meta name=\"robots\" content=\"index, follow, max-snippet:-1, max-image-preview:large, max-video-preview:-1\" \/>\n<link rel=\"canonical\" href=\"https:\/\/www.garvanacoustic.com\/es\/altavoces\/a-medida\/productos-a-medida-para-empresas\/\" \/>\n<meta property=\"og:locale\" content=\"es_ES\" \/>\n<meta property=\"og:type\" content=\"article\" \/>\n<meta property=\"og:title\" content=\"Productos a medida para empresas\" \/>\n<meta property=\"og:description\" content=\"Eche un vistazo a los dise\u00f1os de altavoces personalizados que hemos realizado para algunas de las principales empresas italianas.\" \/>\n<meta property=\"og:url\" content=\"https:\/\/www.garvanacoustic.com\/es\/altavoces\/a-medida\/productos-a-medida-para-empresas\/\" \/>\n<meta property=\"og:site_name\" content=\"Garvan Acoustic\" \/>\n<meta property=\"article:publisher\" content=\"https:\/\/www.facebook.com\/garvanacoustic\" \/>\n<meta property=\"article:modified_time\" content=\"2024-01-29T09:07:56+00:00\" \/>\n<meta property=\"og:image\" content=\"https:\/\/www.garvanacoustic.com\/wp-content\/uploads\/2024\/07\/header-nwsl-garvan-e1759746705872.jpg\" \/>\n\t<meta property=\"og:image:width\" content=\"779\" \/>\n\t<meta property=\"og:image:height\" content=\"437\" \/>\n\t<meta property=\"og:image:type\" content=\"image\/jpeg\" \/>\n<meta name=\"twitter:card\" content=\"summary_large_image\" \/>\n<meta name=\"twitter:label1\" content=\"Tiempo de lectura\" \/>\n\t<meta name=\"twitter:data1\" content=\"1 minuto\" \/>\n<script type=\"application\/ld+json\" class=\"yoast-schema-graph\">{\"@context\":\"https:\\\/\\\/schema.org\",\"@graph\":[{\"@type\":\"WebPage\",\"@id\":\"https:\\\/\\\/www.garvanacoustic.com\\\/es\\\/altavoces\\\/a-medida\\\/productos-a-medida-para-empresas\\\/\",\"url\":\"https:\\\/\\\/www.garvanacoustic.com\\\/es\\\/altavoces\\\/a-medida\\\/productos-a-medida-para-empresas\\\/\",\"name\":\"Productos personalizados en serie para empresas - Garvan Acoustic\",\"isPartOf\":{\"@id\":\"https:\\\/\\\/www.garvanacoustic.com\\\/es\\\/#website\"},\"datePublished\":\"2024-01-24T10:50:52+00:00\",\"dateModified\":\"2024-01-29T09:07:56+00:00\",\"description\":\"Eche un vistazo a los dise\u00f1os de altavoces personalizados que hemos realizado para algunas de las principales empresas italianas.\",\"breadcrumb\":{\"@id\":\"https:\\\/\\\/www.garvanacoustic.com\\\/es\\\/altavoces\\\/a-medida\\\/productos-a-medida-para-empresas\\\/#breadcrumb\"},\"inLanguage\":\"es\",\"potentialAction\":[{\"@type\":\"ReadAction\",\"target\":[\"https:\\\/\\\/www.garvanacoustic.com\\\/es\\\/altavoces\\\/a-medida\\\/productos-a-medida-para-empresas\\\/\"]}]},{\"@type\":\"BreadcrumbList\",\"@id\":\"https:\\\/\\\/www.garvanacoustic.com\\\/es\\\/altavoces\\\/a-medida\\\/productos-a-medida-para-empresas\\\/#breadcrumb\",\"itemListElement\":[{\"@type\":\"ListItem\",\"position\":1,\"name\":\"Home\",\"item\":\"https:\\\/\\\/www.garvanacoustic.com\\\/es\\\/\"},{\"@type\":\"ListItem\",\"position\":2,\"name\":\"Altavoces\",\"item\":\"https:\\\/\\\/www.garvanacoustic.com\\\/es\\\/altavoces\\\/\"},{\"@type\":\"ListItem\",\"position\":3,\"name\":\"A medida\",\"item\":\"https:\\\/\\\/www.garvanacoustic.com\\\/es\\\/altavoces\\\/a-medida\\\/\"},{\"@type\":\"ListItem\",\"position\":4,\"name\":\"Productos a medida para empresas\"}]},{\"@type\":\"WebSite\",\"@id\":\"https:\\\/\\\/www.garvanacoustic.com\\\/es\\\/#website\",\"url\":\"https:\\\/\\\/www.garvanacoustic.com\\\/es\\\/\",\"name\":\"Garvan Acoustic\",\"description\":\"Diffusori e trattamento acustico: scopri la qualit\u00e0 del Made in Italy\",\"publisher\":{\"@id\":\"https:\\\/\\\/www.garvanacoustic.com\\\/es\\\/#organization\"},\"potentialAction\":[{\"@type\":\"SearchAction\",\"target\":{\"@type\":\"EntryPoint\",\"urlTemplate\":\"https:\\\/\\\/www.garvanacoustic.com\\\/es\\\/?s={search_term_string}\"},\"query-input\":{\"@type\":\"PropertyValueSpecification\",\"valueRequired\":true,\"valueName\":\"search_term_string\"}}],\"inLanguage\":\"es\"},{\"@type\":\"Organization\",\"@id\":\"https:\\\/\\\/www.garvanacoustic.com\\\/es\\\/#organization\",\"name\":\"Garvan Acoustic\",\"url\":\"https:\\\/\\\/www.garvanacoustic.com\\\/es\\\/\",\"logo\":{\"@type\":\"ImageObject\",\"inLanguage\":\"es\",\"@id\":\"https:\\\/\\\/www.garvanacoustic.com\\\/es\\\/#\\\/schema\\\/logo\\\/image\\\/\",\"url\":\"https:\\\/\\\/www.garvanacoustic.com\\\/wp-content\\\/uploads\\\/2018\\\/07\\\/garvan-acoustic-logo.png\",\"contentUrl\":\"https:\\\/\\\/www.garvanacoustic.com\\\/wp-content\\\/uploads\\\/2018\\\/07\\\/garvan-acoustic-logo.png\",\"width\":400,\"height\":161,\"caption\":\"Garvan Acoustic\"},\"image\":{\"@id\":\"https:\\\/\\\/www.garvanacoustic.com\\\/es\\\/#\\\/schema\\\/logo\\\/image\\\/\"},\"sameAs\":[\"https:\\\/\\\/www.facebook.com\\\/garvanacoustic\",\"https:\\\/\\\/www.instagram.com\\\/garvanacoustic\\\/\"],\"description\":\"Produttori di Diffusori Acustici e Pannelli Fonoassorbenti Made in Italy\",\"email\":\"garvan@garvanacoustic.com\",\"telephone\":\"0546 682097\"}]}<\/script>\n<!-- \/ Yoast SEO Premium plugin. -->","yoast_head_json":{"title":"Productos personalizados en serie para empresas - Garvan Acoustic","description":"Eche un vistazo a los dise\u00f1os de altavoces personalizados que hemos realizado para algunas de las principales empresas italianas.","robots":{"index":"index","follow":"follow","max-snippet":"max-snippet:-1","max-image-preview":"max-image-preview:large","max-video-preview":"max-video-preview:-1"},"canonical":"https:\/\/www.garvanacoustic.com\/es\/altavoces\/a-medida\/productos-a-medida-para-empresas\/","og_locale":"es_ES","og_type":"article","og_title":"Productos a medida para empresas","og_description":"Eche un vistazo a los dise\u00f1os de altavoces personalizados que hemos realizado para algunas de las principales empresas italianas.","og_url":"https:\/\/www.garvanacoustic.com\/es\/altavoces\/a-medida\/productos-a-medida-para-empresas\/","og_site_name":"Garvan Acoustic","article_publisher":"https:\/\/www.facebook.com\/garvanacoustic","article_modified_time":"2024-01-29T09:07:56+00:00","og_image":[{"width":779,"height":437,"url":"https:\/\/www.garvanacoustic.com\/wp-content\/uploads\/2024\/07\/header-nwsl-garvan-e1759746705872.jpg","type":"image\/jpeg"}],"twitter_card":"summary_large_image","twitter_misc":{"Tiempo de lectura":"1 minuto"},"schema":{"@context":"https:\/\/schema.org","@graph":[{"@type":"WebPage","@id":"https:\/\/www.garvanacoustic.com\/es\/altavoces\/a-medida\/productos-a-medida-para-empresas\/","url":"https:\/\/www.garvanacoustic.com\/es\/altavoces\/a-medida\/productos-a-medida-para-empresas\/","name":"Productos personalizados en serie para empresas - Garvan Acoustic","isPartOf":{"@id":"https:\/\/www.garvanacoustic.com\/es\/#website"},"datePublished":"2024-01-24T10:50:52+00:00","dateModified":"2024-01-29T09:07:56+00:00","description":"Eche un vistazo a los dise\u00f1os de altavoces personalizados que hemos realizado para algunas de las principales empresas italianas.","breadcrumb":{"@id":"https:\/\/www.garvanacoustic.com\/es\/altavoces\/a-medida\/productos-a-medida-para-empresas\/#breadcrumb"},"inLanguage":"es","potentialAction":[{"@type":"ReadAction","target":["https:\/\/www.garvanacoustic.com\/es\/altavoces\/a-medida\/productos-a-medida-para-empresas\/"]}]},{"@type":"BreadcrumbList","@id":"https:\/\/www.garvanacoustic.com\/es\/altavoces\/a-medida\/productos-a-medida-para-empresas\/#breadcrumb","itemListElement":[{"@type":"ListItem","position":1,"name":"Home","item":"https:\/\/www.garvanacoustic.com\/es\/"},{"@type":"ListItem","position":2,"name":"Altavoces","item":"https:\/\/www.garvanacoustic.com\/es\/altavoces\/"},{"@type":"ListItem","position":3,"name":"A medida","item":"https:\/\/www.garvanacoustic.com\/es\/altavoces\/a-medida\/"},{"@type":"ListItem","position":4,"name":"Productos a medida para empresas"}]},{"@type":"WebSite","@id":"https:\/\/www.garvanacoustic.com\/es\/#website","url":"https:\/\/www.garvanacoustic.com\/es\/","name":"Garvan Acoustic","description":"Diffusori e trattamento acustico: scopri la qualit\u00e0 del Made in Italy","publisher":{"@id":"https:\/\/www.garvanacoustic.com\/es\/#organization"},"potentialAction":[{"@type":"SearchAction","target":{"@type":"EntryPoint","urlTemplate":"https:\/\/www.garvanacoustic.com\/es\/?s={search_term_string}"},"query-input":{"@type":"PropertyValueSpecification","valueRequired":true,"valueName":"search_term_string"}}],"inLanguage":"es"},{"@type":"Organization","@id":"https:\/\/www.garvanacoustic.com\/es\/#organization","name":"Garvan Acoustic","url":"https:\/\/www.garvanacoustic.com\/es\/","logo":{"@type":"ImageObject","inLanguage":"es","@id":"https:\/\/www.garvanacoustic.com\/es\/#\/schema\/logo\/image\/","url":"https:\/\/www.garvanacoustic.com\/wp-content\/uploads\/2018\/07\/garvan-acoustic-logo.png","contentUrl":"https:\/\/www.garvanacoustic.com\/wp-content\/uploads\/2018\/07\/garvan-acoustic-logo.png","width":400,"height":161,"caption":"Garvan Acoustic"},"image":{"@id":"https:\/\/www.garvanacoustic.com\/es\/#\/schema\/logo\/image\/"},"sameAs":["https:\/\/www.facebook.com\/garvanacoustic","https:\/\/www.instagram.com\/garvanacoustic\/"],"description":"Produttori di Diffusori Acustici e Pannelli Fonoassorbenti Made in Italy","email":"garvan@garvanacoustic.com","telephone":"0546 682097"}]}},"_links":{"self":[{"href":"https:\/\/www.garvanacoustic.com\/es\/wp-json\/wp\/v2\/pages\/65113","targetHints":{"allow":["GET"]}}],"collection":[{"href":"https:\/\/www.garvanacoustic.com\/es\/wp-json\/wp\/v2\/pages"}],"about":[{"href":"https:\/\/www.garvanacoustic.com\/es\/wp-json\/wp\/v2\/types\/page"}],"author":[{"embeddable":true,"href":"https:\/\/www.garvanacoustic.com\/es\/wp-json\/wp\/v2\/users\/11"}],"replies":[{"embeddable":true,"href":"https:\/\/www.garvanacoustic.com\/es\/wp-json\/wp\/v2\/comments?post=65113"}],"version-history":[{"count":3,"href":"https:\/\/www.garvanacoustic.com\/es\/wp-json\/wp\/v2\/pages\/65113\/revisions"}],"predecessor-version":[{"id":65581,"href":"https:\/\/www.garvanacoustic.com\/es\/wp-json\/wp\/v2\/pages\/65113\/revisions\/65581"}],"up":[{"embeddable":true,"href":"https:\/\/www.garvanacoustic.com\/es\/wp-json\/wp\/v2\/pages\/65183"}],"wp:attachment":[{"href":"https:\/\/www.garvanacoustic.com\/es\/wp-json\/wp\/v2\/media?parent=65113"}],"curies":[{"name":"wp","href":"https:\/\/api.w.org\/{rel}","templated":true}]}}