{"id":65178,"date":"2024-01-24T11:55:17","date_gmt":"2024-01-24T10:55:17","guid":{"rendered":"https:\/\/www.garvanacoustic.com\/con-altavoz\/"},"modified":"2024-01-25T16:20:43","modified_gmt":"2024-01-25T15:20:43","slug":"con-altavoz","status":"publish","type":"page","link":"https:\/\/www.garvanacoustic.com\/es\/insonorizacion\/con-altavoz\/","title":{"rendered":"Con altavoz"},"content":{"rendered":"<section  class=\"wow fadeIn bg-image-srcset cover-background\" style=\"background-image: url(https:\/\/www.garvanacoustic.com\/wp-content\/uploads\/2020\/01\/con_diffusore_acustico_cop.jpg);\" data-bg-srcset=\"https:\/\/www.garvanacoustic.com\/wp-content\/uploads\/2020\/01\/con_diffusore_acustico_cop.jpg 1920w, https:\/\/www.garvanacoustic.com\/wp-content\/uploads\/2020\/01\/con_diffusore_acustico_cop-300x78.jpg 300w, https:\/\/www.garvanacoustic.com\/wp-content\/uploads\/2020\/01\/con_diffusore_acustico_cop-768x200.jpg 768w, https:\/\/www.garvanacoustic.com\/wp-content\/uploads\/2020\/01\/con_diffusore_acustico_cop-1024x267.jpg 1024w, https:\/\/www.garvanacoustic.com\/wp-content\/uploads\/2020\/01\/con_diffusore_acustico_cop-81x21.jpg 81w\"><div class=\"selection-overlay\" style=\"opacity:0.5;background-color:#000000;\"><\/div><div class=\"container\"><div class=\"row\"><div class=\"wpb_column hcode-column-container center-col text-center vc_col-sm-10 vc_col-md-6 col-xs-mobile-fullwidth\" data-front-class=\"center-col text-center col-xs-mobile-fullwidth\"><div class=\"vc-column-innner-wrapper\"><p class=\"titolo\">\n            <strong>Soluciones ac\u00fasticas con altavoces integrados<\/strong><\/p>\n<\/div><\/div><\/div><\/div><\/section><section class=\"no-padding\"><div class=\"container-fluid\"><div class=\"row\"><div class=\"wpb_column hcode-column-container text-center padding-three-top  col-xs-mobile-fullwidth\" data-front-class=\"text-center padding-three-top col-xs-mobile-fullwidth front-column-class\"><div class=\"vc-column-innner-wrapper\"><div class=\"col-md-12 text-center\"><div class=\"text-center\"><ul  class=\"portfolio-filter nav nav-tabs nav-tabs-black hcode-portfolio-filter-1\"><li class=\"nav \">\n                                    <a href=\"#\"  class=\"\" data-uniqueid=\"hcode-portfolio-1\" data-filter=\".portfolio-filter-1639\" data-trigger-id=\"insonorizacion-con-difusor-acustico\" data-id=\"\">Insonorizaci\u00f3n con difusor ac\u00fastico<\/a>\n                                <\/li><\/ul><\/div><\/div><div  class=\"work-5col gutter work-with-title wide wide-title \"><div class=\"col-md-12  grid-gallery overflow-hidden no-padding content-section\"><div class=\"tab-content portfolio-infinite-scroll-pagination\"><ul class=\"grid masonry-items masonry-portfolio-grid   hcode-portfolio-1\" data-portfolio=\"\" data-uniqueid=\"hcode-portfolio-1\"><li class=\"portfolio-filter-1641 portfolio-filter-1632 portfolio-filter-1639 portfolio-filter-1637 \"><figure><div class=\"gallery-img\"><a href=\"https:\/\/www.garvanacoustic.com\/es\/prodotto\/cinematelier-altavoz-integrado\/\"><img decoding=\"async\" width=\"900\" height=\"600\" src=\"https:\/\/www.garvanacoustic.com\/wp-content\/uploads\/2020\/01\/pannelli-acustici-Garvan-Cinematelier-5.jpg\" class=\"hcode-portfolio-img wp-post-image\" alt=\"pannelli acustici Garvan Cinematelier\" srcset=\"https:\/\/www.garvanacoustic.com\/wp-content\/uploads\/2020\/01\/pannelli-acustici-Garvan-Cinematelier-5.jpg 900w, https:\/\/www.garvanacoustic.com\/wp-content\/uploads\/2020\/01\/pannelli-acustici-Garvan-Cinematelier-5-300x200.jpg 300w, https:\/\/www.garvanacoustic.com\/wp-content\/uploads\/2020\/01\/pannelli-acustici-Garvan-Cinematelier-5-768x512.jpg 768w, https:\/\/www.garvanacoustic.com\/wp-content\/uploads\/2020\/01\/pannelli-acustici-Garvan-Cinematelier-5-81x54.jpg 81w\" sizes=\"(max-width: 900px) 100vw, 900px\" \/><\/a><\/div><figcaption><h3 class=\"\"><a href=\"https:\/\/www.garvanacoustic.com\/es\/prodotto\/cinematelier-altavoz-integrado\/\">CinemAtelier \u2122<\/a><\/h3><a class=\"btn inner-link btn-black btn-small\" href=\"https:\/\/www.garvanacoustic.com\/es\/prodotto\/cinematelier-altavoz-integrado\/\">Descubra<\/a><\/figcaption><\/figure><\/li><li class=\"portfolio-filter-1656 portfolio-filter-1639 \"><figure><div class=\"gallery-img\"><a href=\"https:\/\/www.garvanacoustic.com\/es\/prodotto\/quadra-con-altavoz\/\"><img decoding=\"async\" width=\"1500\" height=\"1116\" src=\"https:\/\/www.garvanacoustic.com\/wp-content\/uploads\/2021\/08\/pannello-con-diffusore-acustico-per-controsoffitto-Quadra-1.jpg\" class=\"hcode-portfolio-img wp-post-image\" alt=\"pannello con diffusore acustico per controsoffitto Quadra\" srcset=\"https:\/\/www.garvanacoustic.com\/wp-content\/uploads\/2021\/08\/pannello-con-diffusore-acustico-per-controsoffitto-Quadra-1.jpg 1500w, https:\/\/www.garvanacoustic.com\/wp-content\/uploads\/2021\/08\/pannello-con-diffusore-acustico-per-controsoffitto-Quadra-1-300x223.jpg 300w, https:\/\/www.garvanacoustic.com\/wp-content\/uploads\/2021\/08\/pannello-con-diffusore-acustico-per-controsoffitto-Quadra-1-1024x762.jpg 1024w, https:\/\/www.garvanacoustic.com\/wp-content\/uploads\/2021\/08\/pannello-con-diffusore-acustico-per-controsoffitto-Quadra-1-768x571.jpg 768w, https:\/\/www.garvanacoustic.com\/wp-content\/uploads\/2021\/08\/pannello-con-diffusore-acustico-per-controsoffitto-Quadra-1-81x60.jpg 81w\" sizes=\"(max-width: 1500px) 100vw, 1500px\" \/><\/a><\/div><figcaption><h3 class=\"\"><a href=\"https:\/\/www.garvanacoustic.com\/es\/prodotto\/quadra-con-altavoz\/\">Sound Quadra\u2122 con altavoz<\/a><\/h3><a class=\"btn inner-link btn-black btn-small\" href=\"https:\/\/www.garvanacoustic.com\/es\/prodotto\/quadra-con-altavoz\/\">Descubra<\/a><\/figcaption><\/figure><\/li><\/ul><\/div><\/div><\/div><\/div><\/div><\/div><\/div><\/section>","protected":false},"excerpt":{"rendered":"<p>[vc_single_image image=\u00bb77342&#8243; img_size=\u00bbfull\u00bb]Altavoz ac\u00fastico de techo Sound Quadra\u2122 60\u00d760 Sound Quadra\u2122 es el nuevo altavoz ac\u00fastico dise\u00f1ado para su integraci\u00f3n en paneles de techo modulares comunes de 60\u00d760. Un sistema elegante e invisible dise\u00f1ado para garantizar una distribuci\u00f3n homog\u00e9nea de la m\u00fasica en entornos arquitect\u00f3nicos. [vc_empty_space height=\u00bb15px\u00bb]Solicitar un presupuesto \u203a[vc_empty_space height=\u00bb15px\u00bb][vc_empty_space height=\u00bb15px\u00bb][vc_single_image image=\u00bb74089&#8243; img_size=\u00bbfull\u00bb][vc_empty_space height=\u00bb15px\u00bb][vc_empty_space]Especificaciones [&hellip;]<\/p>\n","protected":false},"author":7,"featured_media":0,"parent":65206,"menu_order":0,"comment_status":"open","ping_status":"open","template":"","meta":{"_joinchat":[],"footnotes":""},"class_list":["post-65178","page","type-page","status-publish","hentry"],"yoast_head":"<!-- This site is optimized with the Yoast SEO Premium plugin v27.4 (Yoast SEO v27.4) - https:\/\/yoast.com\/product\/yoast-seo-premium-wordpress\/ -->\n<title>Amortiguador ac\u00fastico integrado: descubra las soluciones ac\u00fasticas de Garvan<\/title>\n<meta name=\"description\" content=\"Si est\u00e1 buscando una soluci\u00f3n de dise\u00f1o ac\u00fastico para su hogar, visite el sitio web de Garvan, que cuenta con una amplia gama de altavoces integrados insonorizantes\" \/>\n<meta name=\"robots\" content=\"index, follow, max-snippet:-1, max-image-preview:large, max-video-preview:-1\" \/>\n<link rel=\"canonical\" href=\"https:\/\/www.garvanacoustic.com\/es\/insonorizacion\/con-altavoz\/\" \/>\n<meta property=\"og:locale\" content=\"es_ES\" \/>\n<meta property=\"og:type\" content=\"article\" \/>\n<meta property=\"og:title\" content=\"Con altavoz\" \/>\n<meta property=\"og:description\" content=\"Si est\u00e1 buscando una soluci\u00f3n de dise\u00f1o ac\u00fastico para su hogar, visite el sitio web de Garvan, que cuenta con una amplia gama de altavoces integrados insonorizantes\" \/>\n<meta property=\"og:url\" content=\"https:\/\/www.garvanacoustic.com\/es\/insonorizacion\/con-altavoz\/\" \/>\n<meta property=\"og:site_name\" content=\"Garvan Acoustic\" \/>\n<meta property=\"article:publisher\" content=\"https:\/\/www.facebook.com\/garvanacoustic\" \/>\n<meta property=\"article:modified_time\" content=\"2024-01-25T15:20:43+00:00\" \/>\n<meta property=\"og:image\" content=\"https:\/\/www.garvanacoustic.com\/wp-content\/uploads\/2024\/07\/header-nwsl-garvan-e1759746705872.jpg\" \/>\n\t<meta property=\"og:image:width\" content=\"779\" \/>\n\t<meta property=\"og:image:height\" content=\"437\" \/>\n\t<meta property=\"og:image:type\" content=\"image\/jpeg\" \/>\n<meta name=\"twitter:card\" content=\"summary_large_image\" \/>\n<meta name=\"twitter:label1\" content=\"Tiempo de lectura\" \/>\n\t<meta name=\"twitter:data1\" content=\"1 minuto\" \/>\n<script type=\"application\/ld+json\" class=\"yoast-schema-graph\">{\"@context\":\"https:\\\/\\\/schema.org\",\"@graph\":[{\"@type\":\"WebPage\",\"@id\":\"https:\\\/\\\/www.garvanacoustic.com\\\/es\\\/insonorizacion\\\/con-altavoz\\\/\",\"url\":\"https:\\\/\\\/www.garvanacoustic.com\\\/es\\\/insonorizacion\\\/con-altavoz\\\/\",\"name\":\"Amortiguador ac\u00fastico integrado: descubra las soluciones ac\u00fasticas de Garvan\",\"isPartOf\":{\"@id\":\"https:\\\/\\\/www.garvanacoustic.com\\\/es\\\/#website\"},\"datePublished\":\"2024-01-24T10:55:17+00:00\",\"dateModified\":\"2024-01-25T15:20:43+00:00\",\"description\":\"Si est\u00e1 buscando una soluci\u00f3n de dise\u00f1o ac\u00fastico para su hogar, visite el sitio web de Garvan, que cuenta con una amplia gama de altavoces integrados insonorizantes\",\"breadcrumb\":{\"@id\":\"https:\\\/\\\/www.garvanacoustic.com\\\/es\\\/insonorizacion\\\/con-altavoz\\\/#breadcrumb\"},\"inLanguage\":\"es\",\"potentialAction\":[{\"@type\":\"ReadAction\",\"target\":[\"https:\\\/\\\/www.garvanacoustic.com\\\/es\\\/insonorizacion\\\/con-altavoz\\\/\"]}]},{\"@type\":\"BreadcrumbList\",\"@id\":\"https:\\\/\\\/www.garvanacoustic.com\\\/es\\\/insonorizacion\\\/con-altavoz\\\/#breadcrumb\",\"itemListElement\":[{\"@type\":\"ListItem\",\"position\":1,\"name\":\"Home\",\"item\":\"https:\\\/\\\/www.garvanacoustic.com\\\/es\\\/\"},{\"@type\":\"ListItem\",\"position\":2,\"name\":\"Insonorizaci\u00f3n\",\"item\":\"https:\\\/\\\/www.garvanacoustic.com\\\/es\\\/insonorizacion\\\/\"},{\"@type\":\"ListItem\",\"position\":3,\"name\":\"Con altavoz\"}]},{\"@type\":\"WebSite\",\"@id\":\"https:\\\/\\\/www.garvanacoustic.com\\\/es\\\/#website\",\"url\":\"https:\\\/\\\/www.garvanacoustic.com\\\/es\\\/\",\"name\":\"Garvan Acoustic\",\"description\":\"Diffusori e trattamento acustico: scopri la qualit\u00e0 del Made in Italy\",\"publisher\":{\"@id\":\"https:\\\/\\\/www.garvanacoustic.com\\\/es\\\/#organization\"},\"potentialAction\":[{\"@type\":\"SearchAction\",\"target\":{\"@type\":\"EntryPoint\",\"urlTemplate\":\"https:\\\/\\\/www.garvanacoustic.com\\\/es\\\/?s={search_term_string}\"},\"query-input\":{\"@type\":\"PropertyValueSpecification\",\"valueRequired\":true,\"valueName\":\"search_term_string\"}}],\"inLanguage\":\"es\"},{\"@type\":\"Organization\",\"@id\":\"https:\\\/\\\/www.garvanacoustic.com\\\/es\\\/#organization\",\"name\":\"Garvan Acoustic\",\"url\":\"https:\\\/\\\/www.garvanacoustic.com\\\/es\\\/\",\"logo\":{\"@type\":\"ImageObject\",\"inLanguage\":\"es\",\"@id\":\"https:\\\/\\\/www.garvanacoustic.com\\\/es\\\/#\\\/schema\\\/logo\\\/image\\\/\",\"url\":\"https:\\\/\\\/www.garvanacoustic.com\\\/wp-content\\\/uploads\\\/2018\\\/07\\\/garvan-acoustic-logo.png\",\"contentUrl\":\"https:\\\/\\\/www.garvanacoustic.com\\\/wp-content\\\/uploads\\\/2018\\\/07\\\/garvan-acoustic-logo.png\",\"width\":400,\"height\":161,\"caption\":\"Garvan Acoustic\"},\"image\":{\"@id\":\"https:\\\/\\\/www.garvanacoustic.com\\\/es\\\/#\\\/schema\\\/logo\\\/image\\\/\"},\"sameAs\":[\"https:\\\/\\\/www.facebook.com\\\/garvanacoustic\",\"https:\\\/\\\/www.instagram.com\\\/garvanacoustic\\\/\"],\"description\":\"Produttori di Diffusori Acustici e Pannelli Fonoassorbenti Made in Italy\",\"email\":\"garvan@garvanacoustic.com\",\"telephone\":\"0546 682097\"}]}<\/script>\n<!-- \/ Yoast SEO Premium plugin. -->","yoast_head_json":{"title":"Amortiguador ac\u00fastico integrado: descubra las soluciones ac\u00fasticas de Garvan","description":"Si est\u00e1 buscando una soluci\u00f3n de dise\u00f1o ac\u00fastico para su hogar, visite el sitio web de Garvan, que cuenta con una amplia gama de altavoces integrados insonorizantes","robots":{"index":"index","follow":"follow","max-snippet":"max-snippet:-1","max-image-preview":"max-image-preview:large","max-video-preview":"max-video-preview:-1"},"canonical":"https:\/\/www.garvanacoustic.com\/es\/insonorizacion\/con-altavoz\/","og_locale":"es_ES","og_type":"article","og_title":"Con altavoz","og_description":"Si est\u00e1 buscando una soluci\u00f3n de dise\u00f1o ac\u00fastico para su hogar, visite el sitio web de Garvan, que cuenta con una amplia gama de altavoces integrados insonorizantes","og_url":"https:\/\/www.garvanacoustic.com\/es\/insonorizacion\/con-altavoz\/","og_site_name":"Garvan Acoustic","article_publisher":"https:\/\/www.facebook.com\/garvanacoustic","article_modified_time":"2024-01-25T15:20:43+00:00","og_image":[{"width":779,"height":437,"url":"https:\/\/www.garvanacoustic.com\/wp-content\/uploads\/2024\/07\/header-nwsl-garvan-e1759746705872.jpg","type":"image\/jpeg"}],"twitter_card":"summary_large_image","twitter_misc":{"Tiempo de lectura":"1 minuto"},"schema":{"@context":"https:\/\/schema.org","@graph":[{"@type":"WebPage","@id":"https:\/\/www.garvanacoustic.com\/es\/insonorizacion\/con-altavoz\/","url":"https:\/\/www.garvanacoustic.com\/es\/insonorizacion\/con-altavoz\/","name":"Amortiguador ac\u00fastico integrado: descubra las soluciones ac\u00fasticas de Garvan","isPartOf":{"@id":"https:\/\/www.garvanacoustic.com\/es\/#website"},"datePublished":"2024-01-24T10:55:17+00:00","dateModified":"2024-01-25T15:20:43+00:00","description":"Si est\u00e1 buscando una soluci\u00f3n de dise\u00f1o ac\u00fastico para su hogar, visite el sitio web de Garvan, que cuenta con una amplia gama de altavoces integrados insonorizantes","breadcrumb":{"@id":"https:\/\/www.garvanacoustic.com\/es\/insonorizacion\/con-altavoz\/#breadcrumb"},"inLanguage":"es","potentialAction":[{"@type":"ReadAction","target":["https:\/\/www.garvanacoustic.com\/es\/insonorizacion\/con-altavoz\/"]}]},{"@type":"BreadcrumbList","@id":"https:\/\/www.garvanacoustic.com\/es\/insonorizacion\/con-altavoz\/#breadcrumb","itemListElement":[{"@type":"ListItem","position":1,"name":"Home","item":"https:\/\/www.garvanacoustic.com\/es\/"},{"@type":"ListItem","position":2,"name":"Insonorizaci\u00f3n","item":"https:\/\/www.garvanacoustic.com\/es\/insonorizacion\/"},{"@type":"ListItem","position":3,"name":"Con altavoz"}]},{"@type":"WebSite","@id":"https:\/\/www.garvanacoustic.com\/es\/#website","url":"https:\/\/www.garvanacoustic.com\/es\/","name":"Garvan Acoustic","description":"Diffusori e trattamento acustico: scopri la qualit\u00e0 del Made in Italy","publisher":{"@id":"https:\/\/www.garvanacoustic.com\/es\/#organization"},"potentialAction":[{"@type":"SearchAction","target":{"@type":"EntryPoint","urlTemplate":"https:\/\/www.garvanacoustic.com\/es\/?s={search_term_string}"},"query-input":{"@type":"PropertyValueSpecification","valueRequired":true,"valueName":"search_term_string"}}],"inLanguage":"es"},{"@type":"Organization","@id":"https:\/\/www.garvanacoustic.com\/es\/#organization","name":"Garvan Acoustic","url":"https:\/\/www.garvanacoustic.com\/es\/","logo":{"@type":"ImageObject","inLanguage":"es","@id":"https:\/\/www.garvanacoustic.com\/es\/#\/schema\/logo\/image\/","url":"https:\/\/www.garvanacoustic.com\/wp-content\/uploads\/2018\/07\/garvan-acoustic-logo.png","contentUrl":"https:\/\/www.garvanacoustic.com\/wp-content\/uploads\/2018\/07\/garvan-acoustic-logo.png","width":400,"height":161,"caption":"Garvan Acoustic"},"image":{"@id":"https:\/\/www.garvanacoustic.com\/es\/#\/schema\/logo\/image\/"},"sameAs":["https:\/\/www.facebook.com\/garvanacoustic","https:\/\/www.instagram.com\/garvanacoustic\/"],"description":"Produttori di Diffusori Acustici e Pannelli Fonoassorbenti Made in Italy","email":"garvan@garvanacoustic.com","telephone":"0546 682097"}]}},"_links":{"self":[{"href":"https:\/\/www.garvanacoustic.com\/es\/wp-json\/wp\/v2\/pages\/65178","targetHints":{"allow":["GET"]}}],"collection":[{"href":"https:\/\/www.garvanacoustic.com\/es\/wp-json\/wp\/v2\/pages"}],"about":[{"href":"https:\/\/www.garvanacoustic.com\/es\/wp-json\/wp\/v2\/types\/page"}],"author":[{"embeddable":true,"href":"https:\/\/www.garvanacoustic.com\/es\/wp-json\/wp\/v2\/users\/7"}],"replies":[{"embeddable":true,"href":"https:\/\/www.garvanacoustic.com\/es\/wp-json\/wp\/v2\/comments?post=65178"}],"version-history":[{"count":2,"href":"https:\/\/www.garvanacoustic.com\/es\/wp-json\/wp\/v2\/pages\/65178\/revisions"}],"predecessor-version":[{"id":65191,"href":"https:\/\/www.garvanacoustic.com\/es\/wp-json\/wp\/v2\/pages\/65178\/revisions\/65191"}],"up":[{"embeddable":true,"href":"https:\/\/www.garvanacoustic.com\/es\/wp-json\/wp\/v2\/pages\/65206"}],"wp:attachment":[{"href":"https:\/\/www.garvanacoustic.com\/es\/wp-json\/wp\/v2\/media?parent=65178"}],"curies":[{"name":"wp","href":"https:\/\/api.w.org\/{rel}","templated":true}]}}