{"id":65309,"date":"2024-01-24T11:57:57","date_gmt":"2024-01-24T10:57:57","guid":{"rendered":"https:\/\/www.garvanacoustic.com\/libreria\/"},"modified":"2024-03-04T15:57:23","modified_gmt":"2024-03-04T14:57:23","slug":"libreria","status":"publish","type":"page","link":"https:\/\/www.garvanacoustic.com\/es\/altavoces\/libreria\/","title":{"rendered":"Librer\u00eda"},"content":{"rendered":"<section class=\"wow fadeIn bg-image-srcset cover-background\" style=\"background-image: url(https:\/\/www.garvanacoustic.com\/wp-content\/uploads\/2019\/05\/Diffusori-da-libreria.jpg);\" data-bg-srcset=\"https:\/\/www.garvanacoustic.com\/wp-content\/uploads\/2019\/05\/Diffusori-da-libreria.jpg 1920w, https:\/\/www.garvanacoustic.com\/wp-content\/uploads\/2019\/05\/Diffusori-da-libreria-300x67.jpg 300w, https:\/\/www.garvanacoustic.com\/wp-content\/uploads\/2019\/05\/Diffusori-da-libreria-768x172.jpg 768w, https:\/\/www.garvanacoustic.com\/wp-content\/uploads\/2019\/05\/Diffusori-da-libreria-1024x229.jpg 1024w, https:\/\/www.garvanacoustic.com\/wp-content\/uploads\/2019\/05\/Diffusori-da-libreria-81x18.jpg 81w\"><div class=\"selection-overlay\" style=\"opacity:0.5;background-color:#000000;\"><\/div><div class=\"container\"><div class=\"row\"><div class=\"wpb_column hcode-column-container center-col text-center vc_col-sm-10 vc_col-md-6 col-xs-mobile-fullwidth\" data-front-class=\"center-col text-center col-xs-mobile-fullwidth\"><div class=\"vc-column-innner-wrapper\"><p class=\"titolo\">\n            <strong>Altavoces de estanter\u00eda<\/strong><\/p>\n<p class=\"testo-sottotitolo text-med center-col margin-seven no-margin-bottom white-text\">Los altavoces de estanter\u00eda de acero combinan l\u00edneas limpias y esenciales con la inconfundible tecnolog\u00eda Garvan Acoustic para ofrecer un sonido puro y con cuerpo. Adecuado para sistemas de cine en casa y multisala, as\u00ed como para cualquier soluci\u00f3n de sonido. La amplia gama de colores y acabados est\u00e9ticos hacen que estos productos se adapten a cualquier entorno.<\/p>\n<\/div><\/div><\/div><\/div><\/section><section class=\"no-padding\"><div class=\"container-fluid\"><div class=\"row\"><div class=\"wpb_column hcode-column-container text-center  col-xs-mobile-fullwidth\" data-front-class=\"text-center col-xs-mobile-fullwidth front-column-class\"><div class=\"vc-column-innner-wrapper\"><div  class=\"work-4col gutter work-with-title wide wide-title \"><div class=\"col-md-12  grid-gallery overflow-hidden no-padding content-section\"><div class=\"tab-content portfolio-infinite-scroll-pagination\"><ul class=\"grid masonry-items masonry-portfolio-grid   hcode-portfolio-1\" data-portfolio=\"\" data-uniqueid=\"hcode-portfolio-1\"><li class=\"portfolio-filter-1626 portfolio-filter-1630 portfolio-filter-1614 \"><figure><div class=\"gallery-img\"><a href=\"https:\/\/www.garvanacoustic.com\/es\/prodotto\/kb112\/\"><img decoding=\"async\" width=\"900\" height=\"600\" src=\"https:\/\/www.garvanacoustic.com\/wp-content\/uploads\/2019\/01\/sb112.jpg\" class=\"hcode-portfolio-img wp-post-image\" alt=\"\" srcset=\"https:\/\/www.garvanacoustic.com\/wp-content\/uploads\/2019\/01\/sb112.jpg 900w, https:\/\/www.garvanacoustic.com\/wp-content\/uploads\/2019\/01\/sb112-300x200.jpg 300w, https:\/\/www.garvanacoustic.com\/wp-content\/uploads\/2019\/01\/sb112-768x512.jpg 768w, https:\/\/www.garvanacoustic.com\/wp-content\/uploads\/2019\/01\/sb112-81x54.jpg 81w\" sizes=\"(max-width: 900px) 100vw, 900px\" \/><\/a><\/div><figcaption><h3 class=\"\"><a href=\"https:\/\/www.garvanacoustic.com\/es\/prodotto\/kb112\/\">KB112<\/a><\/h3><a class=\"btn inner-link btn-black btn-small\" href=\"https:\/\/www.garvanacoustic.com\/es\/prodotto\/kb112\/\">Descubre<\/a><\/figcaption><\/figure><\/li><li class=\"portfolio-filter-1626 portfolio-filter-1630 portfolio-filter-1614 \"><figure><div class=\"gallery-img\"><a href=\"https:\/\/www.garvanacoustic.com\/es\/prodotto\/kb213\/\"><img decoding=\"async\" width=\"900\" height=\"600\" src=\"https:\/\/www.garvanacoustic.com\/wp-content\/uploads\/2019\/01\/diffusori-da-scaffale-hi-end-Garvan-SB213.jpg\" class=\"hcode-portfolio-img wp-post-image\" alt=\"Altavoces de estanter\u00eda Garvan SB213\" srcset=\"https:\/\/www.garvanacoustic.com\/wp-content\/uploads\/2019\/01\/diffusori-da-scaffale-hi-end-Garvan-SB213.jpg 900w, https:\/\/www.garvanacoustic.com\/wp-content\/uploads\/2019\/01\/diffusori-da-scaffale-hi-end-Garvan-SB213-300x200.jpg 300w, https:\/\/www.garvanacoustic.com\/wp-content\/uploads\/2019\/01\/diffusori-da-scaffale-hi-end-Garvan-SB213-768x512.jpg 768w, https:\/\/www.garvanacoustic.com\/wp-content\/uploads\/2019\/01\/diffusori-da-scaffale-hi-end-Garvan-SB213-81x54.jpg 81w\" sizes=\"(max-width: 900px) 100vw, 900px\" \/><\/a><\/div><figcaption><h3 class=\"\"><a href=\"https:\/\/www.garvanacoustic.com\/es\/prodotto\/kb213\/\">KB213<\/a><\/h3><a class=\"btn inner-link btn-black btn-small\" href=\"https:\/\/www.garvanacoustic.com\/es\/prodotto\/kb213\/\">Descubre<\/a><\/figcaption><\/figure><\/li><li class=\"portfolio-filter-1626 portfolio-filter-1630 portfolio-filter-1614 \"><figure><div class=\"gallery-img\"><a href=\"https:\/\/www.garvanacoustic.com\/es\/prodotto\/kb313\/\"><img decoding=\"async\" width=\"900\" height=\"600\" src=\"https:\/\/www.garvanacoustic.com\/wp-content\/uploads\/2019\/01\/sb313.jpg\" class=\"hcode-portfolio-img wp-post-image\" alt=\"\" srcset=\"https:\/\/www.garvanacoustic.com\/wp-content\/uploads\/2019\/01\/sb313.jpg 900w, https:\/\/www.garvanacoustic.com\/wp-content\/uploads\/2019\/01\/sb313-300x200.jpg 300w, https:\/\/www.garvanacoustic.com\/wp-content\/uploads\/2019\/01\/sb313-768x512.jpg 768w, https:\/\/www.garvanacoustic.com\/wp-content\/uploads\/2019\/01\/sb313-81x54.jpg 81w\" sizes=\"(max-width: 900px) 100vw, 900px\" \/><\/a><\/div><figcaption><h3 class=\"\"><a href=\"https:\/\/www.garvanacoustic.com\/es\/prodotto\/kb313\/\">KB313<\/a><\/h3><a class=\"btn inner-link btn-black btn-small\" href=\"https:\/\/www.garvanacoustic.com\/es\/prodotto\/kb313\/\">Descubre<\/a><\/figcaption><\/figure><\/li><li class=\"portfolio-filter-1626 portfolio-filter-1630 portfolio-filter-1614 \"><figure><div class=\"gallery-img\"><a href=\"https:\/\/www.garvanacoustic.com\/es\/prodotto\/altavoces-de-diseno-kb316\/\"><img decoding=\"async\" width=\"900\" height=\"600\" src=\"https:\/\/www.garvanacoustic.com\/wp-content\/uploads\/2019\/01\/sb316.jpg\" class=\"hcode-portfolio-img wp-post-image\" alt=\"\" srcset=\"https:\/\/www.garvanacoustic.com\/wp-content\/uploads\/2019\/01\/sb316.jpg 900w, https:\/\/www.garvanacoustic.com\/wp-content\/uploads\/2019\/01\/sb316-300x200.jpg 300w, https:\/\/www.garvanacoustic.com\/wp-content\/uploads\/2019\/01\/sb316-768x512.jpg 768w, https:\/\/www.garvanacoustic.com\/wp-content\/uploads\/2019\/01\/sb316-81x54.jpg 81w\" sizes=\"(max-width: 900px) 100vw, 900px\" \/><\/a><\/div><figcaption><h3 class=\"\"><a href=\"https:\/\/www.garvanacoustic.com\/es\/prodotto\/altavoces-de-diseno-kb316\/\">KB316<\/a><\/h3><a class=\"btn inner-link btn-black btn-small\" href=\"https:\/\/www.garvanacoustic.com\/es\/prodotto\/altavoces-de-diseno-kb316\/\">Descubre<\/a><\/figcaption><\/figure><\/li><li class=\"portfolio-filter-1626 portfolio-filter-1630 portfolio-filter-1614 \"><figure><div class=\"gallery-img\"><a href=\"https:\/\/www.garvanacoustic.com\/es\/prodotto\/kb513\/\"><img decoding=\"async\" width=\"900\" height=\"600\" src=\"https:\/\/www.garvanacoustic.com\/wp-content\/uploads\/2019\/01\/sb513.jpg\" class=\"hcode-portfolio-img wp-post-image\" alt=\"\" srcset=\"https:\/\/www.garvanacoustic.com\/wp-content\/uploads\/2019\/01\/sb513.jpg 900w, https:\/\/www.garvanacoustic.com\/wp-content\/uploads\/2019\/01\/sb513-300x200.jpg 300w, https:\/\/www.garvanacoustic.com\/wp-content\/uploads\/2019\/01\/sb513-768x512.jpg 768w, https:\/\/www.garvanacoustic.com\/wp-content\/uploads\/2019\/01\/sb513-81x54.jpg 81w\" sizes=\"(max-width: 900px) 100vw, 900px\" \/><\/a><\/div><figcaption><h3 class=\"\"><a href=\"https:\/\/www.garvanacoustic.com\/es\/prodotto\/kb513\/\">KB513<\/a><\/h3><a class=\"btn inner-link btn-black btn-small\" href=\"https:\/\/www.garvanacoustic.com\/es\/prodotto\/kb513\/\">Descubre<\/a><\/figcaption><\/figure><\/li><li class=\"portfolio-filter-1626 portfolio-filter-1630 portfolio-filter-1610 portfolio-filter-1615 portfolio-filter-1614 \"><figure><div class=\"gallery-img\"><a href=\"https:\/\/www.garvanacoustic.com\/es\/prodotto\/altavoz-acustico-compacto-kw109\/\"><img decoding=\"async\" width=\"768\" height=\"510\" src=\"https:\/\/www.garvanacoustic.com\/wp-content\/uploads\/2026\/02\/speakers-Cilindro-KW109_front.png\" class=\"hcode-portfolio-img wp-post-image\" alt=\"\" srcset=\"https:\/\/www.garvanacoustic.com\/wp-content\/uploads\/2026\/02\/speakers-Cilindro-KW109_front.png 768w, https:\/\/www.garvanacoustic.com\/wp-content\/uploads\/2026\/02\/speakers-Cilindro-KW109_front-300x199.png 300w, https:\/\/www.garvanacoustic.com\/wp-content\/uploads\/2026\/02\/speakers-Cilindro-KW109_front-81x54.png 81w\" sizes=\"(max-width: 768px) 100vw, 768px\" \/><\/a><\/div><figcaption><h3 class=\"\"><a href=\"https:\/\/www.garvanacoustic.com\/es\/prodotto\/altavoz-acustico-compacto-kw109\/\">KW109<\/a><\/h3><a class=\"btn inner-link btn-black btn-small\" href=\"https:\/\/www.garvanacoustic.com\/es\/prodotto\/altavoz-acustico-compacto-kw109\/\">Descubre<\/a><\/figcaption><\/figure><\/li><\/ul><\/div><\/div><\/div><\/div><\/div><\/div><\/div><\/section><section  class=\"no-padding sm-no-padding xs-no-padding bg-image-srcset cover-background\" style=\"background-image: url(https:\/\/www.garvanacoustic.com\/wp-content\/uploads\/2018\/09\/coro-home.jpg);\" data-bg-srcset=\"https:\/\/www.garvanacoustic.com\/wp-content\/uploads\/2018\/09\/coro-home.jpg 1920w, https:\/\/www.garvanacoustic.com\/wp-content\/uploads\/2018\/09\/coro-home-300x94.jpg 300w, https:\/\/www.garvanacoustic.com\/wp-content\/uploads\/2018\/09\/coro-home-768x240.jpg 768w, https:\/\/www.garvanacoustic.com\/wp-content\/uploads\/2018\/09\/coro-home-1024x320.jpg 1024w, https:\/\/www.garvanacoustic.com\/wp-content\/uploads\/2018\/09\/coro-home-81x25.jpg 81w\"><div class=\"wpb_column hcode-column-container  vc_custom_1537348976209 vc_col-sm-6 col-xs-mobile-fullwidth\" data-front-class=\" vc_custom_1537348976209 col-xs-mobile-fullwidth\"><div class=\"vc-column-innner-wrapper\"><\/div><\/div><div class=\"wpb_column hcode-column-container text-center sm-text-center xs-text-center padding-twelve sm-padding-twelve xs-padding-twelve sm-margin-five-top xs-margin-five-top vc_col-sm-6 col-xs-mobile-fullwidth\" data-front-class=\"text-center sm-text-center xs-text-center padding-twelve sm-padding-twelve xs-padding-twelve sm-margin-five-top xs-margin-five-top col-xs-mobile-fullwidth\"><div class=\"vc-column-innner-wrapper\"><p class=\"titolo-collezione\">\n            [CORO]<\/p>\n<div class=\"hcode-space  margin-two-all\"><\/div><p class=\"sottotitolo\">Altavoces Hi Fi planos. Reflejan tu estilo.<\/p>\n<p>          <a class=\"link\" href=\"https:\/\/www.garvanacoustic.com\/collezioni\/collezione-coro\/\">Descubre '<\/a><\/p>\n<\/div><\/div><\/section>\r\n","protected":false},"excerpt":{"rendered":"<p>[vc_raw_html]PGxpbmsgaHJlZj0iaHR0cHM6Ly9mb250cy5nb29nbGVhcGlzLmNvbS9jc3MyP2ZhbWlseT1Nb250c2VycmF0OndnaHRANDAwOzYwMDs3MDAmYW1wO2Rpc3BsYXk9c3dhcCIgcmVsPSJzdHlsZXNoZWV0Ij4KCjxzdHlsZT4KQG1lZGlhIChtYXgtd2lkdGg6IDc2OHB4KXsKICAuZ2EtaGVybyB7IG1hcmdpbi10b3A6IDgzcHggIWltcG9ydGFudDsgfSAgICAgICAgICAvKiBldml0YSBjaGUgdmFkYSBzb3R0byBpbCBtZW51ICovCiAgLmdhLWhlcm8tY29udGVudCB7IGRpc3BsYXk6IG5vbmUgIWltcG9ydGFudDsgfSAvKiBOQVNDT05ERSB0ZXN0byArIGZyZWNjaWEgKi8KfQoKLyogbWljcm8tYW5pbWF6aW9uZSBTT0xPIGRlc2t0b3AgKi8KQG1lZGlhIChtaW4td2lkdGg6IDc2OXB4KXsKICAuZ2EtYXJyb3cgewogICAgYW5pbWF0aW9uOiBnYS1ib3VuY2UgMi40cyBlYXNlLWluLW91dCBpbmZpbml0ZTsKICB9CiAgQGtleWZyYW1lcyBnYS1ib3VuY2UgewogICAgMCUsIDEwMCUgeyB0cmFuc2Zvcm06IHRyYW5zbGF0ZVkoMCk7IH0KICAgIDUwJSAgICAgIHsgdHJhbnNmb3JtOiB0cmFuc2xhdGVZKDRweCk7IH0KICB9Cn0KPC9zdHlsZT4KCjxkaXYgY2xhc3M9ImdhLWhlcm8iIHN0eWxlPSIgIHdpZHRoOiAxMDAlOyBtYXJnaW46IDAgYXV0bzsgcG9zaXRpb246IHJlbGF0aXZlOyBvdmVyZmxvdzogaGlkZGVuOyBhc3BlY3QtcmF0aW86IDE2IC8gOTsgYmFja2dyb3VuZC1pbWFnZTogdXJsKCdodHRwczovL3d3dy5nYXJ2YW5hY291c3RpYy5jb20vd3AtY29udGVudC91cGxvYWRzLzIwMjYvMDIvR2FydmFuLUNpbGluZHJvLUtXMTA5LmpwZycpOyBiYWNrZ3JvdW5kLXNpemU6IGNvdmVyOyBiYWNrZ3JvdW5kLXBvc2l0aW9uOiBjZW50ZXI7ICAiPgogIDwhLS0gT3ZlcmxheSBncmFkaWVudCAtLT4KICA8ZGl2IHN0eWxlPSIgIHBvc2l0aW9uOiBhYnNvbHV0ZTsgbGVmdDogMDsgcmlnaHQ6IDA7IGJvdHRvbTogMDsgaGVpZ2h0OiAzMCU7IGJhY2tncm91bmQ6IGxpbmVhci1ncmFkaWVudCggdG8gdG9wLCByZ2JhKDAsMCwwLDAuODgpIDAlLCByZ2JhKDAsMCwwLDAuNjgpIDM1JSwgcmdiYSgwLDAsMCwwLjMyKSA2MiUsIHJnYmEoMCwwLDAsMC4wKSAxMDAlICk7IGRpc3BsYXk6IGZsZXg7IGFsaWduLWl0ZW1zOiBjZW50ZXI7IGp1c3RpZnktY29udGVudDogY2VudGVyOyBwYWRkaW5nOiAwIGNsYW1wKDE2cHgsIDN2dywgMzJweCk7IGJveC1zaXppbmc6IGJvcmRlci1ib3g7ICAiPgogICAgPCEtLSBDT05URU5VVE8gKGRlc2t0b3Agb25seSkgLS0+CiAgICA8ZGl2IGNsYXNzPSJnYS1oZXJvLWNvbnRlbnQiIHN0eWxlPSIgIGRpc3BsYXk6IGZsZXg7IGFsaWduLWl0ZW1zOiBjZW50ZXI7IGp1c3RpZnktY29udGVudDogY2VudGVyOyBnYXA6IGNsYW1wKDE2cHgsIDIuNnZ3LCAyMnB4KTsgdHJhbnNmb3JtOiB0cmFuc2xhdGVYKC0yJSk7ICAiPgogICAgICA8IS0tIFRpdG9sbyAtLT4KICAgICAgPGRpdiBzdHlsZT0iICBjb2xvcjogI2ZmZmZmZjsgZm9udC1mYW1pbHk6IE1vbnRzZXJyYXQsIEFyaWFsLCBzYW5zLXNlcmlmOyBmb250LXdlaWdodDogNzAwOyBmb250LXNpemU6IGNsYW1wKDI2cHgsIDQuMnZ3LCA1MHB4KTsgbGluZS1oZWlnaHQ6IDE7IGxldHRlci1zcGFjaW5nOiAwLjVweDsgd2hpdGUtc3BhY2U6IG5vd3JhcDsgICI+CiAgS1cxMDkKICAgICAgPC9kaXY+CgogICAgICA8IS0tIEZyZWNjaWEgKGRlc2t0b3ApIC0tPgogICAgICA8YSBjbGFzcz0iZ2EtYXJyb3ciIGhyZWY9IiNwcm9kb3R0byIgc3R5bGU9IiAgd2lkdGg6IDUycHg7IGhlaWdodDogNTJweDsgYm9yZGVyLXJhZGl1czogOTk5cHg7IGJvcmRlcjogMnB4IHNvbGlkIHJnYmEoMjU1LDI1NSwyNTUsMC45KTsgZGlzcGxheTogaW5saW5lLWZsZXg7IGFsaWduLWl0ZW1zOiBjZW50ZXI7IGp1c3RpZnktY29udGVudDogY2VudGVyOyB0ZXh0LWRlY29yYXRpb246IG5vbmU7IGJhY2tncm91bmQ6IHJnYmEoMjU1LDI1NSwyNTUsMC4wMik7ICAiIGFyaWEtbGFiZWw9IlNjcm9sbCI+CiAgICAgICAgPCEtLSBTVkcgZnJlY2NpYSAzMHB4IC0tPgogICAgICAgIDxzdmcgd2lkdGg9IjMwIiBoZWlnaHQ9IjMwIiB2aWV3Ym94PSIwIDAgMjQgMjQiIGZpbGw9Im5vbmUiIHhtbG5zPSJodHRwOi8vd3d3LnczLm9yZy8yMDAwL3N2ZyIgYXJpYS1oaWRkZW49InRydWUiPgogICAgICAgICAgPHBhdGggZD0iTTEyIDR2MTIiIHN0cm9rZT0id2hpdGUiIHN0cm9rZS13aWR0aD0iMiIgc3Ryb2tlLWxpbmVjYXA9InJvdW5kIi8+CiAgICAgICAgICA8cGF0aCBkPSJNNyAxM2w1IDUgNS01IiBzdHJva2U9IndoaXRlIiBzdHJva2Utd2lkdGg9IjIiIHN0cm9rZS1saW5lY2FwPSJyb3VuZCIgc3Ryb2tlLWxpbmVqb2luPSJyb3VuZCIvPgogICAgICAgIDwvc3ZnPgogICAgICA8L2E+CiAgICA8L2Rpdj4KICA8L2Rpdj4KPC9kaXY+Cgo8ZGl2IGlkPSJwcm9kb3R0byI+PC9kaXY+Cg==[\/vc_raw_html]Altavoz ac\u00fastico compacto KW109 El KW109 es un altavoz ac\u00fastico compacto de rango completo dise\u00f1ado para instalaciones interiores en las que se requiere una integraci\u00f3n visual extremadamente discreta sin sacrificar la calidad del sonido. Su forma cil\u00edndrica de caja cerrada de aluminio aloja un \u00fanico transductor de gama completa de 76 mm, que ofrece una [&hellip;]<\/p>\n","protected":false},"author":6,"featured_media":50240,"parent":65339,"menu_order":0,"comment_status":"open","ping_status":"closed","template":"","meta":{"_joinchat":[],"footnotes":""},"class_list":["post-65309","page","type-page","status-publish","has-post-thumbnail","hentry"],"yoast_head":"<!-- This site is optimized with the Yoast SEO Premium plugin v27.4 (Yoast SEO v27.4) - https:\/\/yoast.com\/product\/yoast-seo-premium-wordpress\/ -->\n<title>Altavoces de audio: descubra los altavoces de estanter\u00eda de Garvan<\/title>\n<meta name=\"description\" content=\"Visite el sitio web de Garvan y descubra todos los modelos de altavoces de audio fabricados por la empresa de Faenza. Descubre d\u00f3nde conseguir altavoces de estanter\u00eda.\" \/>\n<meta name=\"robots\" content=\"index, follow, max-snippet:-1, max-image-preview:large, max-video-preview:-1\" \/>\n<link rel=\"canonical\" href=\"https:\/\/www.garvanacoustic.com\/es\/altavoces\/libreria\/\" \/>\n<meta property=\"og:locale\" content=\"es_ES\" \/>\n<meta property=\"og:type\" content=\"article\" \/>\n<meta property=\"og:title\" content=\"Librer\u00eda\" \/>\n<meta property=\"og:description\" content=\"Visite el sitio web de Garvan y descubra todos los modelos de altavoces de audio fabricados por la empresa de Faenza. Descubre d\u00f3nde conseguir altavoces de estanter\u00eda.\" \/>\n<meta property=\"og:url\" content=\"https:\/\/www.garvanacoustic.com\/es\/altavoces\/libreria\/\" \/>\n<meta property=\"og:site_name\" content=\"Garvan Acoustic\" \/>\n<meta property=\"article:publisher\" content=\"https:\/\/www.facebook.com\/garvanacoustic\" \/>\n<meta property=\"article:modified_time\" content=\"2024-03-04T14:57:23+00:00\" \/>\n<meta property=\"og:image\" content=\"https:\/\/www.garvanacoustic.com\/wp-content\/uploads\/2021\/10\/Garvan-Microspeaker-SA203.jpg\" \/>\n\t<meta property=\"og:image:width\" content=\"2048\" \/>\n\t<meta property=\"og:image:height\" content=\"1365\" \/>\n\t<meta property=\"og:image:type\" content=\"image\/jpeg\" \/>\n<meta name=\"twitter:card\" content=\"summary_large_image\" \/>\n<meta name=\"twitter:label1\" content=\"Tiempo de lectura\" \/>\n\t<meta name=\"twitter:data1\" content=\"1 minuto\" \/>\n<script type=\"application\/ld+json\" class=\"yoast-schema-graph\">{\"@context\":\"https:\\\/\\\/schema.org\",\"@graph\":[{\"@type\":\"WebPage\",\"@id\":\"https:\\\/\\\/www.garvanacoustic.com\\\/es\\\/altavoces\\\/libreria\\\/\",\"url\":\"https:\\\/\\\/www.garvanacoustic.com\\\/es\\\/altavoces\\\/libreria\\\/\",\"name\":\"Altavoces de audio: descubra los altavoces de estanter\u00eda de Garvan\",\"isPartOf\":{\"@id\":\"https:\\\/\\\/www.garvanacoustic.com\\\/es\\\/#website\"},\"primaryImageOfPage\":{\"@id\":\"https:\\\/\\\/www.garvanacoustic.com\\\/es\\\/altavoces\\\/libreria\\\/#primaryimage\"},\"image\":{\"@id\":\"https:\\\/\\\/www.garvanacoustic.com\\\/es\\\/altavoces\\\/libreria\\\/#primaryimage\"},\"thumbnailUrl\":\"https:\\\/\\\/www.garvanacoustic.com\\\/wp-content\\\/uploads\\\/2021\\\/10\\\/Garvan-Microspeaker-SA203.jpg\",\"datePublished\":\"2024-01-24T10:57:57+00:00\",\"dateModified\":\"2024-03-04T14:57:23+00:00\",\"description\":\"Visite el sitio web de Garvan y descubra todos los modelos de altavoces de audio fabricados por la empresa de Faenza. Descubre d\u00f3nde conseguir altavoces de estanter\u00eda.\",\"breadcrumb\":{\"@id\":\"https:\\\/\\\/www.garvanacoustic.com\\\/es\\\/altavoces\\\/libreria\\\/#breadcrumb\"},\"inLanguage\":\"es\",\"potentialAction\":[{\"@type\":\"ReadAction\",\"target\":[\"https:\\\/\\\/www.garvanacoustic.com\\\/es\\\/altavoces\\\/libreria\\\/\"]}]},{\"@type\":\"ImageObject\",\"inLanguage\":\"es\",\"@id\":\"https:\\\/\\\/www.garvanacoustic.com\\\/es\\\/altavoces\\\/libreria\\\/#primaryimage\",\"url\":\"https:\\\/\\\/www.garvanacoustic.com\\\/wp-content\\\/uploads\\\/2021\\\/10\\\/Garvan-Microspeaker-SA203.jpg\",\"contentUrl\":\"https:\\\/\\\/www.garvanacoustic.com\\\/wp-content\\\/uploads\\\/2021\\\/10\\\/Garvan-Microspeaker-SA203.jpg\",\"width\":2048,\"height\":1365,\"caption\":\"Garvan Microspeaker SA203\"},{\"@type\":\"BreadcrumbList\",\"@id\":\"https:\\\/\\\/www.garvanacoustic.com\\\/es\\\/altavoces\\\/libreria\\\/#breadcrumb\",\"itemListElement\":[{\"@type\":\"ListItem\",\"position\":1,\"name\":\"Home\",\"item\":\"https:\\\/\\\/www.garvanacoustic.com\\\/es\\\/\"},{\"@type\":\"ListItem\",\"position\":2,\"name\":\"Altavoces\",\"item\":\"https:\\\/\\\/www.garvanacoustic.com\\\/es\\\/altavoces\\\/\"},{\"@type\":\"ListItem\",\"position\":3,\"name\":\"Librer\u00eda\"}]},{\"@type\":\"WebSite\",\"@id\":\"https:\\\/\\\/www.garvanacoustic.com\\\/es\\\/#website\",\"url\":\"https:\\\/\\\/www.garvanacoustic.com\\\/es\\\/\",\"name\":\"Garvan Acoustic\",\"description\":\"Diffusori e trattamento acustico: scopri la qualit\u00e0 del Made in Italy\",\"publisher\":{\"@id\":\"https:\\\/\\\/www.garvanacoustic.com\\\/es\\\/#organization\"},\"potentialAction\":[{\"@type\":\"SearchAction\",\"target\":{\"@type\":\"EntryPoint\",\"urlTemplate\":\"https:\\\/\\\/www.garvanacoustic.com\\\/es\\\/?s={search_term_string}\"},\"query-input\":{\"@type\":\"PropertyValueSpecification\",\"valueRequired\":true,\"valueName\":\"search_term_string\"}}],\"inLanguage\":\"es\"},{\"@type\":\"Organization\",\"@id\":\"https:\\\/\\\/www.garvanacoustic.com\\\/es\\\/#organization\",\"name\":\"Garvan Acoustic\",\"url\":\"https:\\\/\\\/www.garvanacoustic.com\\\/es\\\/\",\"logo\":{\"@type\":\"ImageObject\",\"inLanguage\":\"es\",\"@id\":\"https:\\\/\\\/www.garvanacoustic.com\\\/es\\\/#\\\/schema\\\/logo\\\/image\\\/\",\"url\":\"https:\\\/\\\/www.garvanacoustic.com\\\/wp-content\\\/uploads\\\/2018\\\/07\\\/garvan-acoustic-logo.png\",\"contentUrl\":\"https:\\\/\\\/www.garvanacoustic.com\\\/wp-content\\\/uploads\\\/2018\\\/07\\\/garvan-acoustic-logo.png\",\"width\":400,\"height\":161,\"caption\":\"Garvan Acoustic\"},\"image\":{\"@id\":\"https:\\\/\\\/www.garvanacoustic.com\\\/es\\\/#\\\/schema\\\/logo\\\/image\\\/\"},\"sameAs\":[\"https:\\\/\\\/www.facebook.com\\\/garvanacoustic\",\"https:\\\/\\\/www.instagram.com\\\/garvanacoustic\\\/\"],\"description\":\"Produttori di Diffusori Acustici e Pannelli Fonoassorbenti Made in Italy\",\"email\":\"garvan@garvanacoustic.com\",\"telephone\":\"0546 682097\"}]}<\/script>\n<!-- \/ Yoast SEO Premium plugin. -->","yoast_head_json":{"title":"Altavoces de audio: descubra los altavoces de estanter\u00eda de Garvan","description":"Visite el sitio web de Garvan y descubra todos los modelos de altavoces de audio fabricados por la empresa de Faenza. Descubre d\u00f3nde conseguir altavoces de estanter\u00eda.","robots":{"index":"index","follow":"follow","max-snippet":"max-snippet:-1","max-image-preview":"max-image-preview:large","max-video-preview":"max-video-preview:-1"},"canonical":"https:\/\/www.garvanacoustic.com\/es\/altavoces\/libreria\/","og_locale":"es_ES","og_type":"article","og_title":"Librer\u00eda","og_description":"Visite el sitio web de Garvan y descubra todos los modelos de altavoces de audio fabricados por la empresa de Faenza. Descubre d\u00f3nde conseguir altavoces de estanter\u00eda.","og_url":"https:\/\/www.garvanacoustic.com\/es\/altavoces\/libreria\/","og_site_name":"Garvan Acoustic","article_publisher":"https:\/\/www.facebook.com\/garvanacoustic","article_modified_time":"2024-03-04T14:57:23+00:00","og_image":[{"width":2048,"height":1365,"url":"https:\/\/www.garvanacoustic.com\/wp-content\/uploads\/2021\/10\/Garvan-Microspeaker-SA203.jpg","type":"image\/jpeg"}],"twitter_card":"summary_large_image","twitter_misc":{"Tiempo de lectura":"1 minuto"},"schema":{"@context":"https:\/\/schema.org","@graph":[{"@type":"WebPage","@id":"https:\/\/www.garvanacoustic.com\/es\/altavoces\/libreria\/","url":"https:\/\/www.garvanacoustic.com\/es\/altavoces\/libreria\/","name":"Altavoces de audio: descubra los altavoces de estanter\u00eda de Garvan","isPartOf":{"@id":"https:\/\/www.garvanacoustic.com\/es\/#website"},"primaryImageOfPage":{"@id":"https:\/\/www.garvanacoustic.com\/es\/altavoces\/libreria\/#primaryimage"},"image":{"@id":"https:\/\/www.garvanacoustic.com\/es\/altavoces\/libreria\/#primaryimage"},"thumbnailUrl":"https:\/\/www.garvanacoustic.com\/wp-content\/uploads\/2021\/10\/Garvan-Microspeaker-SA203.jpg","datePublished":"2024-01-24T10:57:57+00:00","dateModified":"2024-03-04T14:57:23+00:00","description":"Visite el sitio web de Garvan y descubra todos los modelos de altavoces de audio fabricados por la empresa de Faenza. Descubre d\u00f3nde conseguir altavoces de estanter\u00eda.","breadcrumb":{"@id":"https:\/\/www.garvanacoustic.com\/es\/altavoces\/libreria\/#breadcrumb"},"inLanguage":"es","potentialAction":[{"@type":"ReadAction","target":["https:\/\/www.garvanacoustic.com\/es\/altavoces\/libreria\/"]}]},{"@type":"ImageObject","inLanguage":"es","@id":"https:\/\/www.garvanacoustic.com\/es\/altavoces\/libreria\/#primaryimage","url":"https:\/\/www.garvanacoustic.com\/wp-content\/uploads\/2021\/10\/Garvan-Microspeaker-SA203.jpg","contentUrl":"https:\/\/www.garvanacoustic.com\/wp-content\/uploads\/2021\/10\/Garvan-Microspeaker-SA203.jpg","width":2048,"height":1365,"caption":"Garvan Microspeaker SA203"},{"@type":"BreadcrumbList","@id":"https:\/\/www.garvanacoustic.com\/es\/altavoces\/libreria\/#breadcrumb","itemListElement":[{"@type":"ListItem","position":1,"name":"Home","item":"https:\/\/www.garvanacoustic.com\/es\/"},{"@type":"ListItem","position":2,"name":"Altavoces","item":"https:\/\/www.garvanacoustic.com\/es\/altavoces\/"},{"@type":"ListItem","position":3,"name":"Librer\u00eda"}]},{"@type":"WebSite","@id":"https:\/\/www.garvanacoustic.com\/es\/#website","url":"https:\/\/www.garvanacoustic.com\/es\/","name":"Garvan Acoustic","description":"Diffusori e trattamento acustico: scopri la qualit\u00e0 del Made in Italy","publisher":{"@id":"https:\/\/www.garvanacoustic.com\/es\/#organization"},"potentialAction":[{"@type":"SearchAction","target":{"@type":"EntryPoint","urlTemplate":"https:\/\/www.garvanacoustic.com\/es\/?s={search_term_string}"},"query-input":{"@type":"PropertyValueSpecification","valueRequired":true,"valueName":"search_term_string"}}],"inLanguage":"es"},{"@type":"Organization","@id":"https:\/\/www.garvanacoustic.com\/es\/#organization","name":"Garvan Acoustic","url":"https:\/\/www.garvanacoustic.com\/es\/","logo":{"@type":"ImageObject","inLanguage":"es","@id":"https:\/\/www.garvanacoustic.com\/es\/#\/schema\/logo\/image\/","url":"https:\/\/www.garvanacoustic.com\/wp-content\/uploads\/2018\/07\/garvan-acoustic-logo.png","contentUrl":"https:\/\/www.garvanacoustic.com\/wp-content\/uploads\/2018\/07\/garvan-acoustic-logo.png","width":400,"height":161,"caption":"Garvan Acoustic"},"image":{"@id":"https:\/\/www.garvanacoustic.com\/es\/#\/schema\/logo\/image\/"},"sameAs":["https:\/\/www.facebook.com\/garvanacoustic","https:\/\/www.instagram.com\/garvanacoustic\/"],"description":"Produttori di Diffusori Acustici e Pannelli Fonoassorbenti Made in Italy","email":"garvan@garvanacoustic.com","telephone":"0546 682097"}]}},"_links":{"self":[{"href":"https:\/\/www.garvanacoustic.com\/es\/wp-json\/wp\/v2\/pages\/65309","targetHints":{"allow":["GET"]}}],"collection":[{"href":"https:\/\/www.garvanacoustic.com\/es\/wp-json\/wp\/v2\/pages"}],"about":[{"href":"https:\/\/www.garvanacoustic.com\/es\/wp-json\/wp\/v2\/types\/page"}],"author":[{"embeddable":true,"href":"https:\/\/www.garvanacoustic.com\/es\/wp-json\/wp\/v2\/users\/6"}],"replies":[{"embeddable":true,"href":"https:\/\/www.garvanacoustic.com\/es\/wp-json\/wp\/v2\/comments?post=65309"}],"version-history":[{"count":6,"href":"https:\/\/www.garvanacoustic.com\/es\/wp-json\/wp\/v2\/pages\/65309\/revisions"}],"predecessor-version":[{"id":67082,"href":"https:\/\/www.garvanacoustic.com\/es\/wp-json\/wp\/v2\/pages\/65309\/revisions\/67082"}],"up":[{"embeddable":true,"href":"https:\/\/www.garvanacoustic.com\/es\/wp-json\/wp\/v2\/pages\/65339"}],"wp:featuredmedia":[{"embeddable":true,"href":"https:\/\/www.garvanacoustic.com\/es\/wp-json\/wp\/v2\/media\/50240"}],"wp:attachment":[{"href":"https:\/\/www.garvanacoustic.com\/es\/wp-json\/wp\/v2\/media?parent=65309"}],"curies":[{"name":"wp","href":"https:\/\/api.w.org\/{rel}","templated":true}]}}