{"id":65333,"date":"2024-01-24T11:57:58","date_gmt":"2024-01-24T10:57:58","guid":{"rendered":"https:\/\/www.garvanacoustic.com\/entretenimiento\/"},"modified":"2024-01-25T16:21:26","modified_gmt":"2024-01-25T15:21:26","slug":"entretenimiento","status":"publish","type":"page","link":"https:\/\/www.garvanacoustic.com\/es\/referencias\/entretenimiento\/","title":{"rendered":"Entretenimiento"},"content":{"rendered":"<section><div class=\"container\"><div class=\"row\"><div class=\"wpb_column hcode-column-container  col-xs-mobile-fullwidth\" data-front-class=\"col-xs-mobile-fullwidth front-column-class\"><div class=\"vc-column-innner-wrapper\"><div class=\"blog-3col product-3\"><div class=\"post-66047 post type-post status-publish format-standard has-post-thumbnail hentry category-entretenimiento category-referencias\"><div class=\"col-md-4 col-sm-6 col-xs-12 blog-listing \" ><div class=\"blog-post\"><div class=\"blog-image\"><a href=\"https:\/\/www.garvanacoustic.com\/es\/referencias\/entretenimiento\/72o-festival-internacional-de-cine\/\"><img decoding=\"async\" width=\"760\" height=\"570\" src=\"https:\/\/www.garvanacoustic.com\/wp-content\/uploads\/2018\/11\/72ma-Mostra-Internazionale-del-Cinema-di-Venezia.jpg\" class=\"attachment-full size-full wp-post-image\" alt=\"\" srcset=\"https:\/\/www.garvanacoustic.com\/wp-content\/uploads\/2018\/11\/72ma-Mostra-Internazionale-del-Cinema-di-Venezia.jpg 760w, https:\/\/www.garvanacoustic.com\/wp-content\/uploads\/2018\/11\/72ma-Mostra-Internazionale-del-Cinema-di-Venezia-300x225.jpg 300w, https:\/\/www.garvanacoustic.com\/wp-content\/uploads\/2018\/11\/72ma-Mostra-Internazionale-del-Cinema-di-Venezia-81x61.jpg 81w\" sizes=\"(max-width: 760px) 100vw, 760px\" \/><\/a><\/div><div class=\"blog-details hcode-blog-1\"><div class=\"blog-date\"><span class=\"published\">06 febrero 2024<\/span><time class=\"updated display-none\" datetime=\"2024-02-06T12:11:40+01:00\">06 febrero 2024<\/time><\/div><div class=\"blog-title entry-title\"><a href=\"https:\/\/www.garvanacoustic.com\/es\/referencias\/entretenimiento\/72o-festival-internacional-de-cine\/\">72\u00ba Festival Internacional de Cine<\/a><\/div><div class=\"hcode-blog-excerpt blog-short-description entry-content\"><p>72\u00ba Festival Internacional de Cine de Venecia - 2 &gt; 12 de septiembre de 2015 Venecia Garvan fue elegido socio...<\/p>\n<\/div><div class=\"hcode-blog-separator separator-line bg-black no-margin-lr\"><\/div><\/div><\/div><\/div><\/div><div class=\"post-66043 post type-post status-publish format-standard has-post-thumbnail hentry category-entretenimiento category-referencias\"><div class=\"col-md-4 col-sm-6 col-xs-12 blog-listing \" ><div class=\"blog-post\"><div class=\"blog-image\"><a href=\"https:\/\/www.garvanacoustic.com\/es\/referencias\/73o-festival-internacional-de-cine\/\"><img decoding=\"async\" width=\"760\" height=\"570\" src=\"https:\/\/www.garvanacoustic.com\/wp-content\/uploads\/2018\/10\/73ma-Mostra-Internazionale-del-Cinema-di-Venezia.jpg\" class=\"attachment-full size-full wp-post-image\" alt=\"\" srcset=\"https:\/\/www.garvanacoustic.com\/wp-content\/uploads\/2018\/10\/73ma-Mostra-Internazionale-del-Cinema-di-Venezia.jpg 760w, https:\/\/www.garvanacoustic.com\/wp-content\/uploads\/2018\/10\/73ma-Mostra-Internazionale-del-Cinema-di-Venezia-300x225.jpg 300w, https:\/\/www.garvanacoustic.com\/wp-content\/uploads\/2018\/10\/73ma-Mostra-Internazionale-del-Cinema-di-Venezia-81x61.jpg 81w\" sizes=\"(max-width: 760px) 100vw, 760px\" \/><\/a><\/div><div class=\"blog-details hcode-blog-1\"><div class=\"blog-date\"><span class=\"published\">06 febrero 2024<\/span><time class=\"updated display-none\" datetime=\"2024-02-06T12:12:03+01:00\">06 febrero 2024<\/time><\/div><div class=\"blog-title entry-title\"><a href=\"https:\/\/www.garvanacoustic.com\/es\/referencias\/73o-festival-internacional-de-cine\/\">73\u00ba Festival Internacional de Cine<\/a><\/div><div class=\"hcode-blog-excerpt blog-short-description entry-content\"><p>73\u00ba Festival Internacional de Cine de Venecia - 31 de agosto &gt; 10 de septiembre de 2016 Venecia Garvan fue...<\/p>\n<\/div><div class=\"hcode-blog-separator separator-line bg-black no-margin-lr\"><\/div><\/div><\/div><\/div><\/div><\/div><\/div><\/div><\/div><\/div><\/section>","protected":false},"excerpt":{"rendered":"<p>73\u00ba Festival Internacional de Cine de Venecia &#8211; 31 de agosto &gt; 10 de septiembre de 2016 Venecia Garvan fue elegido socio t\u00e9cnico oficial del premio \u00abSoundtrack Stars\u00bb a la mejor banda sonora de las pel\u00edculas a concurso en el \u00ab73\u00ba Festival Internacional de Cine de Venecia\u00bb 31 de agosto &gt; 10 de septiembre de [&hellip;]<\/p>\n","protected":false},"author":6,"featured_media":0,"parent":65364,"menu_order":0,"comment_status":"open","ping_status":"closed","template":"","meta":{"_joinchat":[],"footnotes":""},"class_list":["post-65333","page","type-page","status-publish","hentry"],"yoast_head":"<!-- This site is optimized with the Yoast SEO Premium plugin v27.4 (Yoast SEO v27.4) - https:\/\/yoast.com\/product\/yoast-seo-premium-wordpress\/ -->\n<title>Amplificador de audio: las referencias de Garvan en el mundo del espect\u00e1culo<\/title>\n<meta name=\"description\" content=\"Garvan Acoustic tambi\u00e9n cuenta con importantes colaboraciones en el mundo del espect\u00e1culo con sus amplificadores de audio. Descubra todas las historias de \u00e9xito en el sitio web\" \/>\n<meta name=\"robots\" content=\"index, follow, max-snippet:-1, max-image-preview:large, max-video-preview:-1\" \/>\n<link rel=\"canonical\" href=\"https:\/\/www.garvanacoustic.com\/es\/referencias\/entretenimiento\/\" \/>\n<meta property=\"og:locale\" content=\"es_ES\" \/>\n<meta property=\"og:type\" content=\"article\" \/>\n<meta property=\"og:title\" content=\"Entretenimiento\" \/>\n<meta property=\"og:description\" content=\"Garvan Acoustic tambi\u00e9n cuenta con importantes colaboraciones en el mundo del espect\u00e1culo con sus amplificadores de audio. Descubra todas las historias de \u00e9xito en el sitio web\" \/>\n<meta property=\"og:url\" content=\"https:\/\/www.garvanacoustic.com\/es\/referencias\/entretenimiento\/\" \/>\n<meta property=\"og:site_name\" content=\"Garvan Acoustic\" \/>\n<meta property=\"article:publisher\" content=\"https:\/\/www.facebook.com\/garvanacoustic\" \/>\n<meta property=\"article:modified_time\" content=\"2024-01-25T15:21:26+00:00\" \/>\n<meta property=\"og:image\" content=\"https:\/\/www.garvanacoustic.com\/wp-content\/uploads\/2024\/07\/header-nwsl-garvan-e1759746705872.jpg\" \/>\n\t<meta property=\"og:image:width\" content=\"779\" \/>\n\t<meta property=\"og:image:height\" content=\"437\" \/>\n\t<meta property=\"og:image:type\" content=\"image\/jpeg\" \/>\n<meta name=\"twitter:card\" content=\"summary_large_image\" \/>\n<script type=\"application\/ld+json\" class=\"yoast-schema-graph\">{\"@context\":\"https:\\\/\\\/schema.org\",\"@graph\":[{\"@type\":\"WebPage\",\"@id\":\"https:\\\/\\\/www.garvanacoustic.com\\\/es\\\/referencias\\\/entretenimiento\\\/\",\"url\":\"https:\\\/\\\/www.garvanacoustic.com\\\/es\\\/referencias\\\/entretenimiento\\\/\",\"name\":\"Amplificador de audio: las referencias de Garvan en el mundo del espect\u00e1culo\",\"isPartOf\":{\"@id\":\"https:\\\/\\\/www.garvanacoustic.com\\\/es\\\/#website\"},\"datePublished\":\"2024-01-24T10:57:58+00:00\",\"dateModified\":\"2024-01-25T15:21:26+00:00\",\"description\":\"Garvan Acoustic tambi\u00e9n cuenta con importantes colaboraciones en el mundo del espect\u00e1culo con sus amplificadores de audio. Descubra todas las historias de \u00e9xito en el sitio web\",\"breadcrumb\":{\"@id\":\"https:\\\/\\\/www.garvanacoustic.com\\\/es\\\/referencias\\\/entretenimiento\\\/#breadcrumb\"},\"inLanguage\":\"es\",\"potentialAction\":[{\"@type\":\"ReadAction\",\"target\":[\"https:\\\/\\\/www.garvanacoustic.com\\\/es\\\/referencias\\\/entretenimiento\\\/\"]}]},{\"@type\":\"BreadcrumbList\",\"@id\":\"https:\\\/\\\/www.garvanacoustic.com\\\/es\\\/referencias\\\/entretenimiento\\\/#breadcrumb\",\"itemListElement\":[{\"@type\":\"ListItem\",\"position\":1,\"name\":\"Home\",\"item\":\"https:\\\/\\\/www.garvanacoustic.com\\\/es\\\/\"},{\"@type\":\"ListItem\",\"position\":2,\"name\":\"Referencias\",\"item\":\"https:\\\/\\\/www.garvanacoustic.com\\\/es\\\/referencias\\\/\"},{\"@type\":\"ListItem\",\"position\":3,\"name\":\"Entretenimiento\"}]},{\"@type\":\"WebSite\",\"@id\":\"https:\\\/\\\/www.garvanacoustic.com\\\/es\\\/#website\",\"url\":\"https:\\\/\\\/www.garvanacoustic.com\\\/es\\\/\",\"name\":\"Garvan Acoustic\",\"description\":\"Diffusori e trattamento acustico: scopri la qualit\u00e0 del Made in Italy\",\"publisher\":{\"@id\":\"https:\\\/\\\/www.garvanacoustic.com\\\/es\\\/#organization\"},\"potentialAction\":[{\"@type\":\"SearchAction\",\"target\":{\"@type\":\"EntryPoint\",\"urlTemplate\":\"https:\\\/\\\/www.garvanacoustic.com\\\/es\\\/?s={search_term_string}\"},\"query-input\":{\"@type\":\"PropertyValueSpecification\",\"valueRequired\":true,\"valueName\":\"search_term_string\"}}],\"inLanguage\":\"es\"},{\"@type\":\"Organization\",\"@id\":\"https:\\\/\\\/www.garvanacoustic.com\\\/es\\\/#organization\",\"name\":\"Garvan Acoustic\",\"url\":\"https:\\\/\\\/www.garvanacoustic.com\\\/es\\\/\",\"logo\":{\"@type\":\"ImageObject\",\"inLanguage\":\"es\",\"@id\":\"https:\\\/\\\/www.garvanacoustic.com\\\/es\\\/#\\\/schema\\\/logo\\\/image\\\/\",\"url\":\"https:\\\/\\\/www.garvanacoustic.com\\\/wp-content\\\/uploads\\\/2018\\\/07\\\/garvan-acoustic-logo.png\",\"contentUrl\":\"https:\\\/\\\/www.garvanacoustic.com\\\/wp-content\\\/uploads\\\/2018\\\/07\\\/garvan-acoustic-logo.png\",\"width\":400,\"height\":161,\"caption\":\"Garvan Acoustic\"},\"image\":{\"@id\":\"https:\\\/\\\/www.garvanacoustic.com\\\/es\\\/#\\\/schema\\\/logo\\\/image\\\/\"},\"sameAs\":[\"https:\\\/\\\/www.facebook.com\\\/garvanacoustic\",\"https:\\\/\\\/www.instagram.com\\\/garvanacoustic\\\/\"],\"description\":\"Produttori di Diffusori Acustici e Pannelli Fonoassorbenti Made in Italy\",\"email\":\"garvan@garvanacoustic.com\",\"telephone\":\"0546 682097\"}]}<\/script>\n<!-- \/ Yoast SEO Premium plugin. -->","yoast_head_json":{"title":"Amplificador de audio: las referencias de Garvan en el mundo del espect\u00e1culo","description":"Garvan Acoustic tambi\u00e9n cuenta con importantes colaboraciones en el mundo del espect\u00e1culo con sus amplificadores de audio. Descubra todas las historias de \u00e9xito en el sitio web","robots":{"index":"index","follow":"follow","max-snippet":"max-snippet:-1","max-image-preview":"max-image-preview:large","max-video-preview":"max-video-preview:-1"},"canonical":"https:\/\/www.garvanacoustic.com\/es\/referencias\/entretenimiento\/","og_locale":"es_ES","og_type":"article","og_title":"Entretenimiento","og_description":"Garvan Acoustic tambi\u00e9n cuenta con importantes colaboraciones en el mundo del espect\u00e1culo con sus amplificadores de audio. Descubra todas las historias de \u00e9xito en el sitio web","og_url":"https:\/\/www.garvanacoustic.com\/es\/referencias\/entretenimiento\/","og_site_name":"Garvan Acoustic","article_publisher":"https:\/\/www.facebook.com\/garvanacoustic","article_modified_time":"2024-01-25T15:21:26+00:00","og_image":[{"width":779,"height":437,"url":"https:\/\/www.garvanacoustic.com\/wp-content\/uploads\/2024\/07\/header-nwsl-garvan-e1759746705872.jpg","type":"image\/jpeg"}],"twitter_card":"summary_large_image","schema":{"@context":"https:\/\/schema.org","@graph":[{"@type":"WebPage","@id":"https:\/\/www.garvanacoustic.com\/es\/referencias\/entretenimiento\/","url":"https:\/\/www.garvanacoustic.com\/es\/referencias\/entretenimiento\/","name":"Amplificador de audio: las referencias de Garvan en el mundo del espect\u00e1culo","isPartOf":{"@id":"https:\/\/www.garvanacoustic.com\/es\/#website"},"datePublished":"2024-01-24T10:57:58+00:00","dateModified":"2024-01-25T15:21:26+00:00","description":"Garvan Acoustic tambi\u00e9n cuenta con importantes colaboraciones en el mundo del espect\u00e1culo con sus amplificadores de audio. Descubra todas las historias de \u00e9xito en el sitio web","breadcrumb":{"@id":"https:\/\/www.garvanacoustic.com\/es\/referencias\/entretenimiento\/#breadcrumb"},"inLanguage":"es","potentialAction":[{"@type":"ReadAction","target":["https:\/\/www.garvanacoustic.com\/es\/referencias\/entretenimiento\/"]}]},{"@type":"BreadcrumbList","@id":"https:\/\/www.garvanacoustic.com\/es\/referencias\/entretenimiento\/#breadcrumb","itemListElement":[{"@type":"ListItem","position":1,"name":"Home","item":"https:\/\/www.garvanacoustic.com\/es\/"},{"@type":"ListItem","position":2,"name":"Referencias","item":"https:\/\/www.garvanacoustic.com\/es\/referencias\/"},{"@type":"ListItem","position":3,"name":"Entretenimiento"}]},{"@type":"WebSite","@id":"https:\/\/www.garvanacoustic.com\/es\/#website","url":"https:\/\/www.garvanacoustic.com\/es\/","name":"Garvan Acoustic","description":"Diffusori e trattamento acustico: scopri la qualit\u00e0 del Made in Italy","publisher":{"@id":"https:\/\/www.garvanacoustic.com\/es\/#organization"},"potentialAction":[{"@type":"SearchAction","target":{"@type":"EntryPoint","urlTemplate":"https:\/\/www.garvanacoustic.com\/es\/?s={search_term_string}"},"query-input":{"@type":"PropertyValueSpecification","valueRequired":true,"valueName":"search_term_string"}}],"inLanguage":"es"},{"@type":"Organization","@id":"https:\/\/www.garvanacoustic.com\/es\/#organization","name":"Garvan Acoustic","url":"https:\/\/www.garvanacoustic.com\/es\/","logo":{"@type":"ImageObject","inLanguage":"es","@id":"https:\/\/www.garvanacoustic.com\/es\/#\/schema\/logo\/image\/","url":"https:\/\/www.garvanacoustic.com\/wp-content\/uploads\/2018\/07\/garvan-acoustic-logo.png","contentUrl":"https:\/\/www.garvanacoustic.com\/wp-content\/uploads\/2018\/07\/garvan-acoustic-logo.png","width":400,"height":161,"caption":"Garvan Acoustic"},"image":{"@id":"https:\/\/www.garvanacoustic.com\/es\/#\/schema\/logo\/image\/"},"sameAs":["https:\/\/www.facebook.com\/garvanacoustic","https:\/\/www.instagram.com\/garvanacoustic\/"],"description":"Produttori di Diffusori Acustici e Pannelli Fonoassorbenti Made in Italy","email":"garvan@garvanacoustic.com","telephone":"0546 682097"}]}},"_links":{"self":[{"href":"https:\/\/www.garvanacoustic.com\/es\/wp-json\/wp\/v2\/pages\/65333","targetHints":{"allow":["GET"]}}],"collection":[{"href":"https:\/\/www.garvanacoustic.com\/es\/wp-json\/wp\/v2\/pages"}],"about":[{"href":"https:\/\/www.garvanacoustic.com\/es\/wp-json\/wp\/v2\/types\/page"}],"author":[{"embeddable":true,"href":"https:\/\/www.garvanacoustic.com\/es\/wp-json\/wp\/v2\/users\/6"}],"replies":[{"embeddable":true,"href":"https:\/\/www.garvanacoustic.com\/es\/wp-json\/wp\/v2\/comments?post=65333"}],"version-history":[{"count":3,"href":"https:\/\/www.garvanacoustic.com\/es\/wp-json\/wp\/v2\/pages\/65333\/revisions"}],"predecessor-version":[{"id":65464,"href":"https:\/\/www.garvanacoustic.com\/es\/wp-json\/wp\/v2\/pages\/65333\/revisions\/65464"}],"up":[{"embeddable":true,"href":"https:\/\/www.garvanacoustic.com\/es\/wp-json\/wp\/v2\/pages\/65364"}],"wp:attachment":[{"href":"https:\/\/www.garvanacoustic.com\/es\/wp-json\/wp\/v2\/media?parent=65333"}],"curies":[{"name":"wp","href":"https:\/\/api.w.org\/{rel}","templated":true}]}}