{"id":72191,"date":"2024-10-08T09:29:45","date_gmt":"2024-10-08T07:29:45","guid":{"rendered":"https:\/\/www.garvanacoustic.com\/?page_id=72191"},"modified":"2024-10-08T10:02:43","modified_gmt":"2024-10-08T08:02:43","slug":"garvan-art","status":"publish","type":"page","link":"https:\/\/www.garvanacoustic.com\/es\/garvan-art\/","title":{"rendered":"Garvan Art"},"content":{"rendered":"<section><div class=\"container\"><div class=\"row\"><div class=\"wpb_column hcode-column-container text-center sm-text-center xs-text-center vc_col-sm-12 col-xs-mobile-fullwidth\" data-front-class=\"text-center sm-text-center xs-text-center col-xs-mobile-fullwidth\"><div class=\"vc-column-innner-wrapper\">[vc_wp_text]\r\n<h1 style=\"text-align: center;\"><strong>LOS ARTISTAS<\/strong><\/h1>\r\n[\/vc_wp_text]<\/div><\/div><div class=\"wpb_column hcode-column-container text-center vc_col-sm-6 col-xs-mobile-fullwidth\" data-front-class=\"text-center col-xs-mobile-fullwidth\" data-background=#303030 style=\" background:#303030;\"><div class=\"vc-column-innner-wrapper\"><div class=\"travel-adventure overflow-hidden position-relative \" ><a href=\"https:\/\/www.garvanacoustic.com\/es\/garvan-art\/maria-savini\/\"><img decoding=\"async\" width=\"681\" height=\"681\" src=\"https:\/\/www.garvanacoustic.com\/wp-content\/uploads\/2024\/08\/Screenshot-2024-08-02-alle-16.52.07.jpg\" class=\"attachment-full size-full\" alt=\"\" srcset=\"https:\/\/www.garvanacoustic.com\/wp-content\/uploads\/2024\/08\/Screenshot-2024-08-02-alle-16.52.07.jpg 681w, https:\/\/www.garvanacoustic.com\/wp-content\/uploads\/2024\/08\/Screenshot-2024-08-02-alle-16.52.07-300x300.jpg 300w, https:\/\/www.garvanacoustic.com\/wp-content\/uploads\/2024\/08\/Screenshot-2024-08-02-alle-16.52.07-150x150.jpg 150w, https:\/\/www.garvanacoustic.com\/wp-content\/uploads\/2024\/08\/Screenshot-2024-08-02-alle-16.52.07-81x81.jpg 81w\" sizes=\"(max-width: 681px) 100vw, 681px\" \/><\/a><figure class=\"text-large letter-spacing-3\"  style=\"color:#ffffff !important\">Mar\u00eda Savini<\/figure><\/div><\/div><\/div><div class=\"wpb_column hcode-column-container text-center vc_col-sm-6 col-xs-mobile-fullwidth\" data-front-class=\"text-center col-xs-mobile-fullwidth\" data-background=#303030 style=\" background:#303030;\"><div class=\"vc-column-innner-wrapper\"><div class=\"travel-adventure overflow-hidden position-relative \" ><a href=\"https:\/\/www.garvanacoustic.com\/es\/garvan-art\/adriano-venturelli\/\"><img decoding=\"async\" width=\"681\" height=\"681\" src=\"https:\/\/www.garvanacoustic.com\/wp-content\/uploads\/2024\/08\/Maestro-mentre-lavora-681x1020-1.jpg\" class=\"attachment-full size-full\" alt=\"\" srcset=\"https:\/\/www.garvanacoustic.com\/wp-content\/uploads\/2024\/08\/Maestro-mentre-lavora-681x1020-1.jpg 681w, https:\/\/www.garvanacoustic.com\/wp-content\/uploads\/2024\/08\/Maestro-mentre-lavora-681x1020-1-300x300.jpg 300w, https:\/\/www.garvanacoustic.com\/wp-content\/uploads\/2024\/08\/Maestro-mentre-lavora-681x1020-1-150x150.jpg 150w, https:\/\/www.garvanacoustic.com\/wp-content\/uploads\/2024\/08\/Maestro-mentre-lavora-681x1020-1-81x81.jpg 81w\" sizes=\"(max-width: 681px) 100vw, 681px\" \/><\/a><figure class=\"text-large letter-spacing-3\"  style=\"color:#ffffff !important\">adriano venturelli<\/figure><\/div><\/div><\/div><\/div><\/div><\/section><section><div class=\"container\"><div class=\"row\"><div class=\"wpb_column hcode-column-container text-center sm-text-center xs-text-center vc_col-sm-12 col-xs-mobile-fullwidth\" data-front-class=\"text-center sm-text-center xs-text-center col-xs-mobile-fullwidth\"><div class=\"vc-column-innner-wrapper\">[vc_wp_text]\r\n<h1 style=\"text-align: center;\"><strong>EL PROYECTO<\/strong><\/h1>\r\n[\/vc_wp_text][vc_wp_text]La colecci\u00f3n Garvan Art\u2122 transforma los paneles fonoabsorbentes <strong>en obras de arte<\/strong>, combinando una est\u00e9tica refinada con la funcionalidad ac\u00fastica. Estos paneles <strong>mejoran la ac\u00fastica de<\/strong> la sala sin comprometer la elegancia, integr\u00e1ndose perfectamente en el estilo arquitect\u00f3nico. La colecci\u00f3n Garvan Art\u2122 est\u00e1 formada por paneles fonoabsorbentes de fibra de poli\u00e9ster de la serie Surface\u00ae con acabados Materica CEMENT\u2122 y Materica WALL\u2122. Con Garvan Art\u2122, el sonido se convierte en parte del arte.[\/vc_wp_text]<\/div><\/div><\/div><\/div><\/section><section  id=\"GarvanArt_ProgettoImg\" class=\"row-equal-height row-content-middle position-relative padding-ten-top hcode-row-flex cover-background\"><div class=\"wpb_column hcode-column-container text-center no-padding sm-no-padding xs-no-padding vc_col-sm-12 col-xs-mobile-fullwidth\" data-front-class=\"text-center no-padding sm-no-padding xs-no-padding col-xs-mobile-fullwidth\"><div class=\"vc-column-innner-wrapper\">[vc_empty_space height=\"100px\"]<\/div><\/div><\/section>","protected":false},"excerpt":{"rendered":"<p>[vc_wp_text] LOS ARTISTAS [\/vc_wp_text]Mar\u00eda Saviniadriano venturelli[vc_wp_text] EL PROYECTO [\/vc_wp_text][vc_wp_text]La colecci\u00f3n Garvan Art\u2122 transforma los paneles fonoabsorbentes en obras de arte, combinando una est\u00e9tica refinada con la funcionalidad ac\u00fastica. Estos paneles mejoran la ac\u00fastica de la sala sin comprometer la elegancia, integr\u00e1ndose perfectamente en el estilo arquitect\u00f3nico. La colecci\u00f3n Garvan Art\u2122 est\u00e1 formada por paneles fonoabsorbentes [&hellip;]<\/p>\n","protected":false},"author":11,"featured_media":0,"parent":0,"menu_order":-1,"comment_status":"closed","ping_status":"closed","template":"","meta":{"_joinchat":[],"footnotes":""},"class_list":["post-72191","page","type-page","status-publish","hentry"],"yoast_head":"<!-- This site is optimized with the Yoast SEO Premium plugin v27.4 (Yoast SEO v27.4) - https:\/\/yoast.com\/product\/yoast-seo-premium-wordpress\/ -->\n<title>Garvan Art - Garvan Acoustic<\/title>\n<meta name=\"description\" content=\"Paneles ac\u00fasticos art\u00edsticos que mejoran la ac\u00fastica de las habitaciones manteniendo la elegancia y la integraci\u00f3n arquitect\u00f3nica.\" \/>\n<meta name=\"robots\" content=\"index, follow, max-snippet:-1, max-image-preview:large, max-video-preview:-1\" \/>\n<link rel=\"canonical\" href=\"https:\/\/www.garvanacoustic.com\/es\/garvan-art\/\" \/>\n<meta property=\"og:locale\" content=\"es_ES\" \/>\n<meta property=\"og:type\" content=\"article\" \/>\n<meta property=\"og:title\" content=\"Garvan Art\" \/>\n<meta property=\"og:description\" content=\"Paneles ac\u00fasticos art\u00edsticos que mejoran la ac\u00fastica de las habitaciones manteniendo la elegancia y la integraci\u00f3n arquitect\u00f3nica.\" \/>\n<meta property=\"og:url\" content=\"https:\/\/www.garvanacoustic.com\/es\/garvan-art\/\" \/>\n<meta property=\"og:site_name\" content=\"Garvan Acoustic\" \/>\n<meta property=\"article:publisher\" content=\"https:\/\/www.facebook.com\/garvanacoustic\" \/>\n<meta property=\"article:modified_time\" content=\"2024-10-08T08:02:43+00:00\" \/>\n<meta property=\"og:image\" content=\"https:\/\/www.garvanacoustic.com\/wp-content\/uploads\/2024\/07\/header-nwsl-garvan-e1759746705872.jpg\" \/>\n\t<meta property=\"og:image:width\" content=\"779\" \/>\n\t<meta property=\"og:image:height\" content=\"437\" \/>\n\t<meta property=\"og:image:type\" content=\"image\/jpeg\" \/>\n<meta name=\"twitter:card\" content=\"summary_large_image\" \/>\n<meta name=\"twitter:label1\" content=\"Tiempo de lectura\" \/>\n\t<meta name=\"twitter:data1\" content=\"1 minuto\" \/>\n<script type=\"application\/ld+json\" class=\"yoast-schema-graph\">{\"@context\":\"https:\\\/\\\/schema.org\",\"@graph\":[{\"@type\":\"WebPage\",\"@id\":\"https:\\\/\\\/www.garvanacoustic.com\\\/es\\\/garvan-art\\\/\",\"url\":\"https:\\\/\\\/www.garvanacoustic.com\\\/es\\\/garvan-art\\\/\",\"name\":\"Garvan Art - Garvan Acoustic\",\"isPartOf\":{\"@id\":\"https:\\\/\\\/www.garvanacoustic.com\\\/es\\\/#website\"},\"datePublished\":\"2024-10-08T07:29:45+00:00\",\"dateModified\":\"2024-10-08T08:02:43+00:00\",\"description\":\"Paneles ac\u00fasticos art\u00edsticos que mejoran la ac\u00fastica de las habitaciones manteniendo la elegancia y la integraci\u00f3n arquitect\u00f3nica.\",\"breadcrumb\":{\"@id\":\"https:\\\/\\\/www.garvanacoustic.com\\\/es\\\/garvan-art\\\/#breadcrumb\"},\"inLanguage\":\"es\",\"potentialAction\":[{\"@type\":\"ReadAction\",\"target\":[\"https:\\\/\\\/www.garvanacoustic.com\\\/es\\\/garvan-art\\\/\"]}]},{\"@type\":\"BreadcrumbList\",\"@id\":\"https:\\\/\\\/www.garvanacoustic.com\\\/es\\\/garvan-art\\\/#breadcrumb\",\"itemListElement\":[{\"@type\":\"ListItem\",\"position\":1,\"name\":\"Home\",\"item\":\"https:\\\/\\\/www.garvanacoustic.com\\\/es\\\/\"},{\"@type\":\"ListItem\",\"position\":2,\"name\":\"Garvan Art\"}]},{\"@type\":\"WebSite\",\"@id\":\"https:\\\/\\\/www.garvanacoustic.com\\\/es\\\/#website\",\"url\":\"https:\\\/\\\/www.garvanacoustic.com\\\/es\\\/\",\"name\":\"Garvan Acoustic\",\"description\":\"Diffusori e trattamento acustico: scopri la qualit\u00e0 del Made in Italy\",\"publisher\":{\"@id\":\"https:\\\/\\\/www.garvanacoustic.com\\\/es\\\/#organization\"},\"potentialAction\":[{\"@type\":\"SearchAction\",\"target\":{\"@type\":\"EntryPoint\",\"urlTemplate\":\"https:\\\/\\\/www.garvanacoustic.com\\\/es\\\/?s={search_term_string}\"},\"query-input\":{\"@type\":\"PropertyValueSpecification\",\"valueRequired\":true,\"valueName\":\"search_term_string\"}}],\"inLanguage\":\"es\"},{\"@type\":\"Organization\",\"@id\":\"https:\\\/\\\/www.garvanacoustic.com\\\/es\\\/#organization\",\"name\":\"Garvan Acoustic\",\"url\":\"https:\\\/\\\/www.garvanacoustic.com\\\/es\\\/\",\"logo\":{\"@type\":\"ImageObject\",\"inLanguage\":\"es\",\"@id\":\"https:\\\/\\\/www.garvanacoustic.com\\\/es\\\/#\\\/schema\\\/logo\\\/image\\\/\",\"url\":\"https:\\\/\\\/www.garvanacoustic.com\\\/wp-content\\\/uploads\\\/2018\\\/07\\\/garvan-acoustic-logo.png\",\"contentUrl\":\"https:\\\/\\\/www.garvanacoustic.com\\\/wp-content\\\/uploads\\\/2018\\\/07\\\/garvan-acoustic-logo.png\",\"width\":400,\"height\":161,\"caption\":\"Garvan Acoustic\"},\"image\":{\"@id\":\"https:\\\/\\\/www.garvanacoustic.com\\\/es\\\/#\\\/schema\\\/logo\\\/image\\\/\"},\"sameAs\":[\"https:\\\/\\\/www.facebook.com\\\/garvanacoustic\",\"https:\\\/\\\/www.instagram.com\\\/garvanacoustic\\\/\"],\"description\":\"Produttori di Diffusori Acustici e Pannelli Fonoassorbenti Made in Italy\",\"email\":\"garvan@garvanacoustic.com\",\"telephone\":\"0546 682097\"}]}<\/script>\n<!-- \/ Yoast SEO Premium plugin. -->","yoast_head_json":{"title":"Garvan Art - Garvan Acoustic","description":"Paneles ac\u00fasticos art\u00edsticos que mejoran la ac\u00fastica de las habitaciones manteniendo la elegancia y la integraci\u00f3n arquitect\u00f3nica.","robots":{"index":"index","follow":"follow","max-snippet":"max-snippet:-1","max-image-preview":"max-image-preview:large","max-video-preview":"max-video-preview:-1"},"canonical":"https:\/\/www.garvanacoustic.com\/es\/garvan-art\/","og_locale":"es_ES","og_type":"article","og_title":"Garvan Art","og_description":"Paneles ac\u00fasticos art\u00edsticos que mejoran la ac\u00fastica de las habitaciones manteniendo la elegancia y la integraci\u00f3n arquitect\u00f3nica.","og_url":"https:\/\/www.garvanacoustic.com\/es\/garvan-art\/","og_site_name":"Garvan Acoustic","article_publisher":"https:\/\/www.facebook.com\/garvanacoustic","article_modified_time":"2024-10-08T08:02:43+00:00","og_image":[{"width":779,"height":437,"url":"https:\/\/www.garvanacoustic.com\/wp-content\/uploads\/2024\/07\/header-nwsl-garvan-e1759746705872.jpg","type":"image\/jpeg"}],"twitter_card":"summary_large_image","twitter_misc":{"Tiempo de lectura":"1 minuto"},"schema":{"@context":"https:\/\/schema.org","@graph":[{"@type":"WebPage","@id":"https:\/\/www.garvanacoustic.com\/es\/garvan-art\/","url":"https:\/\/www.garvanacoustic.com\/es\/garvan-art\/","name":"Garvan Art - Garvan Acoustic","isPartOf":{"@id":"https:\/\/www.garvanacoustic.com\/es\/#website"},"datePublished":"2024-10-08T07:29:45+00:00","dateModified":"2024-10-08T08:02:43+00:00","description":"Paneles ac\u00fasticos art\u00edsticos que mejoran la ac\u00fastica de las habitaciones manteniendo la elegancia y la integraci\u00f3n arquitect\u00f3nica.","breadcrumb":{"@id":"https:\/\/www.garvanacoustic.com\/es\/garvan-art\/#breadcrumb"},"inLanguage":"es","potentialAction":[{"@type":"ReadAction","target":["https:\/\/www.garvanacoustic.com\/es\/garvan-art\/"]}]},{"@type":"BreadcrumbList","@id":"https:\/\/www.garvanacoustic.com\/es\/garvan-art\/#breadcrumb","itemListElement":[{"@type":"ListItem","position":1,"name":"Home","item":"https:\/\/www.garvanacoustic.com\/es\/"},{"@type":"ListItem","position":2,"name":"Garvan Art"}]},{"@type":"WebSite","@id":"https:\/\/www.garvanacoustic.com\/es\/#website","url":"https:\/\/www.garvanacoustic.com\/es\/","name":"Garvan Acoustic","description":"Diffusori e trattamento acustico: scopri la qualit\u00e0 del Made in Italy","publisher":{"@id":"https:\/\/www.garvanacoustic.com\/es\/#organization"},"potentialAction":[{"@type":"SearchAction","target":{"@type":"EntryPoint","urlTemplate":"https:\/\/www.garvanacoustic.com\/es\/?s={search_term_string}"},"query-input":{"@type":"PropertyValueSpecification","valueRequired":true,"valueName":"search_term_string"}}],"inLanguage":"es"},{"@type":"Organization","@id":"https:\/\/www.garvanacoustic.com\/es\/#organization","name":"Garvan Acoustic","url":"https:\/\/www.garvanacoustic.com\/es\/","logo":{"@type":"ImageObject","inLanguage":"es","@id":"https:\/\/www.garvanacoustic.com\/es\/#\/schema\/logo\/image\/","url":"https:\/\/www.garvanacoustic.com\/wp-content\/uploads\/2018\/07\/garvan-acoustic-logo.png","contentUrl":"https:\/\/www.garvanacoustic.com\/wp-content\/uploads\/2018\/07\/garvan-acoustic-logo.png","width":400,"height":161,"caption":"Garvan Acoustic"},"image":{"@id":"https:\/\/www.garvanacoustic.com\/es\/#\/schema\/logo\/image\/"},"sameAs":["https:\/\/www.facebook.com\/garvanacoustic","https:\/\/www.instagram.com\/garvanacoustic\/"],"description":"Produttori di Diffusori Acustici e Pannelli Fonoassorbenti Made in Italy","email":"garvan@garvanacoustic.com","telephone":"0546 682097"}]}},"_links":{"self":[{"href":"https:\/\/www.garvanacoustic.com\/es\/wp-json\/wp\/v2\/pages\/72191","targetHints":{"allow":["GET"]}}],"collection":[{"href":"https:\/\/www.garvanacoustic.com\/es\/wp-json\/wp\/v2\/pages"}],"about":[{"href":"https:\/\/www.garvanacoustic.com\/es\/wp-json\/wp\/v2\/types\/page"}],"author":[{"embeddable":true,"href":"https:\/\/www.garvanacoustic.com\/es\/wp-json\/wp\/v2\/users\/11"}],"replies":[{"embeddable":true,"href":"https:\/\/www.garvanacoustic.com\/es\/wp-json\/wp\/v2\/comments?post=72191"}],"version-history":[{"count":9,"href":"https:\/\/www.garvanacoustic.com\/es\/wp-json\/wp\/v2\/pages\/72191\/revisions"}],"predecessor-version":[{"id":72228,"href":"https:\/\/www.garvanacoustic.com\/es\/wp-json\/wp\/v2\/pages\/72191\/revisions\/72228"}],"wp:attachment":[{"href":"https:\/\/www.garvanacoustic.com\/es\/wp-json\/wp\/v2\/media?parent=72191"}],"curies":[{"name":"wp","href":"https:\/\/api.w.org\/{rel}","templated":true}]}}