{"id":72616,"date":"2024-11-19T10:54:14","date_gmt":"2024-11-19T09:54:14","guid":{"rendered":"https:\/\/www.garvanacoustic.com\/estendi-garanzia\/"},"modified":"2024-11-21T15:28:50","modified_gmt":"2024-11-21T14:28:50","slug":"extender-la-garantia","status":"publish","type":"page","link":"https:\/\/www.garvanacoustic.com\/es\/extender-la-garantia\/","title":{"rendered":"Extender la garant\u00eda"},"content":{"rendered":"<section class=\" vc_custom_1666688843194 padding-two sm-padding-two xs-padding-two\"><div class=\"container\"><div class=\"row\"><div class=\"wpb_column hcode-column-container  col-xs-mobile-fullwidth\" data-front-class=\"col-xs-mobile-fullwidth front-column-class\"><div class=\"vc-column-innner-wrapper\"><h1>5 a\u00f1os de garant\u00eda total<\/h1>\n<p>Ampl\u00ede gratuitamente la garant\u00eda Garvan: 3 a\u00f1os incluidos, con la posibilidad de a\u00f1adir 2 a\u00f1os m\u00e1s sin coste adicional.<\/p>\n\n<div class=\"wpcf7 no-js\" id=\"wpcf7-f72613-o1\" lang=\"it-IT\" dir=\"ltr\" data-wpcf7-id=\"72613\">\n<div class=\"screen-reader-response\"><p role=\"status\" aria-live=\"polite\" aria-atomic=\"true\"><\/p> <ul><\/ul><\/div>\n<form action=\"\/es\/wp-json\/wp\/v2\/pages\/72616#wpcf7-f72613-o1\" method=\"post\" class=\"wpcf7-form init wpcf7-acceptance-as-validation cf7mls-no-scroll cf7mls-no-moving-animation\" aria-label=\"Modulo di contatto\" enctype=\"multipart\/form-data\" novalidate=\"novalidate\" data-status=\"init\">\n<fieldset class=\"hidden-fields-container\"><input type=\"hidden\" name=\"_wpcf7\" value=\"72613\" \/><input type=\"hidden\" name=\"_wpcf7_version\" value=\"6.1.5\" \/><input type=\"hidden\" name=\"_wpcf7_locale\" value=\"it_IT\" \/><input type=\"hidden\" name=\"_wpcf7_unit_tag\" value=\"wpcf7-f72613-o1\" \/><input type=\"hidden\" name=\"_wpcf7_container_post\" value=\"0\" \/><input type=\"hidden\" name=\"_wpcf7_posted_data_hash\" value=\"\" \/><input type=\"hidden\" name=\"_wpcf7_recaptcha_response\" value=\"\" \/>\n<\/fieldset>\n<div style=\"width:70%\">\n\t<p><strong>SUS DATOS <\/strong><br \/>\n<span class=\"wpcf7-form-control-wrap\" data-name=\"your-name\"><input size=\"40\" maxlength=\"400\" class=\"wpcf7-form-control wpcf7-text wpcf7-validates-as-required\" aria-required=\"true\" aria-invalid=\"false\" placeholder=\"Nombre y apellido*\" value=\"\" type=\"text\" name=\"your-name\" \/><\/span><span class=\"wpcf7-form-control-wrap\" data-name=\"email\"><input size=\"40\" maxlength=\"400\" class=\"wpcf7-form-control wpcf7-email wpcf7-validates-as-required wpcf7-text wpcf7-validates-as-email\" aria-required=\"true\" aria-invalid=\"false\" placeholder=\"E-mail*\" value=\"\" type=\"email\" name=\"email\" \/><\/span><span class=\"wpcf7-form-control-wrap\" data-name=\"tel\"><input size=\"40\" maxlength=\"400\" class=\"wpcf7-form-control wpcf7-tel wpcf7-text wpcf7-validates-as-tel\" aria-invalid=\"false\" placeholder=\"Tel\u00e9fono\" value=\"\" type=\"tel\" name=\"tel\" \/><\/span><span class=\"wpcf7-form-control-wrap\" data-name=\"nazione\"><input size=\"40\" maxlength=\"400\" class=\"wpcf7-form-control wpcf7-text wpcf7-validates-as-required\" aria-required=\"true\" aria-invalid=\"false\" placeholder=\"Naci\u00f3n*\" value=\"\" type=\"text\" name=\"nazione\" \/><\/span>\n\t<\/p>\n\t<p><strong>TU PLANTA<\/strong><br \/>\nPRODUCTO (UNO O M\u00c1S PRODUCTOS)* <span class=\"wpcf7-form-control-wrap\" data-name=\"modello-prodotti\"><span class=\"wpcf7-form-control wpcf7-checkbox wpcf7-validates-as-required\"><span class=\"wpcf7-list-item first\"><label><input type=\"checkbox\" name=\"modello-prodotti[]\" value=\"Altavoces\" \/><span class=\"wpcf7-list-item-label\">Altavoces<\/span><\/label><\/span><span class=\"wpcf7-list-item last\"><label><input type=\"checkbox\" name=\"modello-prodotti[]\" value=\"Paneles Acusticos\" \/><span class=\"wpcf7-list-item-label\">Paneles Acusticos<\/span><\/label><\/span><\/span><\/span>\n\t<\/p>\n\t<p>DATOS DE INSTALACI\u00d3N<br \/>\n<span class=\"wpcf7-form-control-wrap\" data-name=\"codice-registrazione\"><input size=\"40\" maxlength=\"400\" class=\"wpcf7-form-control wpcf7-text wpcf7-validates-as-required\" aria-required=\"true\" aria-invalid=\"false\" placeholder=\"REGISTRATION CODE*\" value=\"\" type=\"text\" name=\"codice-registrazione\" \/><\/span><span class=\"wpcf7-form-control-wrap\" data-name=\"mese-installazione\"><select class=\"wpcf7-form-control wpcf7-select wpcf7-validates-as-required\" aria-required=\"true\" aria-invalid=\"false\" name=\"mese-installazione\"><option value=\"\">-mes*-<\/option><option value=\"1\">1<\/option><option value=\"2\">2<\/option><option value=\"3\">3<\/option><option value=\"4\">4<\/option><option value=\"5\">5<\/option><option value=\"6\">6<\/option><option value=\"7\">7<\/option><option value=\"8\">8<\/option><option value=\"9\">9<\/option><option value=\"10\">10<\/option><option value=\"11\">11<\/option><option value=\"12\">12<\/option><\/select><\/span><span class=\"wpcf7-form-control-wrap\" data-name=\"anno-installazione\"><input size=\"40\" maxlength=\"400\" class=\"wpcf7-form-control wpcf7-text wpcf7-validates-as-required\" aria-required=\"true\" aria-invalid=\"false\" placeholder=\"a\u00f1o*\" value=\"\" type=\"text\" name=\"anno-installazione\" \/><\/span><span class=\"wpcf7-form-control-wrap\" data-name=\"citta\"><input size=\"40\" maxlength=\"400\" class=\"wpcf7-form-control wpcf7-text wpcf7-validates-as-required\" aria-required=\"true\" aria-invalid=\"false\" placeholder=\"CIUDAD*\" value=\"\" type=\"text\" name=\"citta\" \/><\/span><span class=\"wpcf7-form-control-wrap\" data-name=\"cap\"><input size=\"40\" maxlength=\"400\" class=\"wpcf7-form-control wpcf7-text wpcf7-validates-as-required\" aria-required=\"true\" aria-invalid=\"false\" placeholder=\"C\u00d3DIGO POSTAL*\" value=\"\" type=\"text\" name=\"cap\" \/><\/span><span class=\"wpcf7-form-control-wrap\" data-name=\"installatore-rivenditore\"><input size=\"40\" maxlength=\"400\" class=\"wpcf7-form-control wpcf7-text wpcf7-validates-as-required\" aria-required=\"true\" aria-invalid=\"false\" placeholder=\"NOMBRE DEL INSTALADOR\/DISTRIBUIDOR*\" value=\"\" type=\"text\" name=\"installatore-rivenditore\" \/><\/span>\n\t<\/p>\n\t<p><strong>OPCI\u00d3N DE EXTENSI\u00d3N <\/strong><br \/>\nSeleccione la opci\u00f3n deseada\n\t<\/p>\n\t<div >\n\t\t<p><span class=\"wpcf7-form-control-wrap\" data-name=\"estensione-desiderata\"><span class=\"wpcf7-form-control wpcf7-radio\"><span class=\"wpcf7-list-item first\"><input type=\"radio\" name=\"estensione-desiderata\" value=\"1 a\u00f1o de garant\u00eda adicional: Registro de planta\" \/><span class=\"wpcf7-list-item-label\">1 a\u00f1o de garant\u00eda adicional: Registro de planta<\/span><\/span><span class=\"wpcf7-list-item last\"><input type=\"radio\" name=\"estensione-desiderata\" value=\"Garant\u00eda extra de 2 a\u00f1os: Registro de la instalaci\u00f3n y env\u00edo de fotos** de la misma.\" \/><span class=\"wpcf7-list-item-label\">Garant\u00eda extra de 2 a\u00f1os: Registro de la instalaci\u00f3n y env\u00edo de fotos** de la misma.<\/span><\/span><\/span><\/span>\n\t\t<\/p>\n\t<\/div>\n\t<div style=\"margin-bottom:20px;\"<p>\n\t\t<p><strong> SUBE TUS FOTOS<\/strong><br \/>\n<div id=\"mfcf7_zl_multifilecontainer\"><span class=\"mfcf7-zl-multiline-sample\" style=\"display:none\"><p class=\"wpcf7-form-control-wrap foto\"><input size=\"40\" class=\"wpcf7-form-control wpcf7-multilinefile\" multiple=\"multiple\" value=\"Upload\" aria-invalid=\"false\" type=\"file\" name=\"foto[]\" \/> <span class=\"mfcf7-zl-multifile-name\"><\/span><a href=\"javascript:void(0);\" class=\"mfcf7_zl_delete_file\"><span class=\"delete-file\" aria-hidden=\"true\">&#x274C;<\/span><\/a><\/p><\/span><\/div><span class=\"wpcf7-form-control-wrap zl-form-control-wrap foto\"><input size=\"40\" class=\"wpcf7-form-control wpcf7-multilinefile\" multiple=\"multiple\" value=\"Upload\" aria-invalid=\"false\" type=\"file\" name=\"foto[]\" \/> <span class=\"mfcf7-zl-multifile-name\"><\/span><a href=\"javascript:void(0);\" class=\"mfcf7_zl_delete_file\"><span class=\"delete-file\" aria-hidden=\"true\">&#x274C;<\/span><\/a><\/span><p><label><span class=\"wpcf7-form-control-wrap\" data-name=\"foto-zl-mfcf7-upld-btn\"><input type=\"button\" name=\"foto-zl-mfcf7-upld-btn\" class=\"button button-primary qbutton\" id=\"mfcf7_zl_add_file\" value=\"Upload\"><\/span><\/label><\/p>\n\t\t<\/p>\n\t<\/div>\n\t<div style=\" font-size: 12px; line-height: 14px;margin-bottom: 20px; \">\n\t\t<p>Upload total m\u00e1x. 30MB\n\t\t<\/p>\n\t<\/div>\n<\/div>\n<p><strong> CU\u00c9NTENOS SU EXPERIENCIA <\/strong><br \/>\n\u00bfCON QU\u00c9 PROBABILIDAD RECOMENDAR\u00cdA NUESTRA EMPRESA A UN AMIGO O COMPA\u00d1ERO?\n<\/p>\n<div id=\"probabilitaLegenda\" >\n\t<p>0 = Nada probable<br \/>\n10 = Muy probable\n\t<\/p>\n<\/div>\n<div id=\"probabilita\" >\n\t<p><span class=\"wpcf7-form-control-wrap\" data-name=\"consiglieresti-Garvan\"><span class=\"wpcf7-form-control wpcf7-radio\"><span class=\"wpcf7-list-item first\"><input type=\"radio\" name=\"consiglieresti-Garvan\" value=\"0\" checked=\"checked\" \/><span class=\"wpcf7-list-item-label\">0<\/span><\/span><span class=\"wpcf7-list-item\"><input type=\"radio\" name=\"consiglieresti-Garvan\" value=\"1\" \/><span class=\"wpcf7-list-item-label\">1<\/span><\/span><span class=\"wpcf7-list-item\"><input type=\"radio\" name=\"consiglieresti-Garvan\" value=\"2\" \/><span class=\"wpcf7-list-item-label\">2<\/span><\/span><span class=\"wpcf7-list-item\"><input type=\"radio\" name=\"consiglieresti-Garvan\" value=\"3\" \/><span class=\"wpcf7-list-item-label\">3<\/span><\/span><span class=\"wpcf7-list-item\"><input type=\"radio\" name=\"consiglieresti-Garvan\" value=\"4\" \/><span class=\"wpcf7-list-item-label\">4<\/span><\/span><span class=\"wpcf7-list-item\"><input type=\"radio\" name=\"consiglieresti-Garvan\" value=\"5\" \/><span class=\"wpcf7-list-item-label\">5<\/span><\/span><span class=\"wpcf7-list-item\"><input type=\"radio\" name=\"consiglieresti-Garvan\" value=\"6\" \/><span class=\"wpcf7-list-item-label\">6<\/span><\/span><span class=\"wpcf7-list-item\"><input type=\"radio\" name=\"consiglieresti-Garvan\" value=\"7\" \/><span class=\"wpcf7-list-item-label\">7<\/span><\/span><span class=\"wpcf7-list-item\"><input type=\"radio\" name=\"consiglieresti-Garvan\" value=\"8\" \/><span class=\"wpcf7-list-item-label\">8<\/span><\/span><span class=\"wpcf7-list-item\"><input type=\"radio\" name=\"consiglieresti-Garvan\" value=\"9\" \/><span class=\"wpcf7-list-item-label\">9<\/span><\/span><span class=\"wpcf7-list-item last\"><input type=\"radio\" name=\"consiglieresti-Garvan\" value=\"10\" \/><span class=\"wpcf7-list-item-label\">10<\/span><\/span><\/span><\/span>\n\t<\/p>\n<\/div>\n<div style=\"clear:left;\">\n\t<p>\u00bfPOR QU\u00c9 RAZONES? PUEDE ESPECIFICARLAS EN ESTE MENSAJE.<br \/>\n<span class=\"wpcf7-form-control-wrap\" data-name=\"motivazioni\"><textarea cols=\"90\" rows=\"3\" maxlength=\"2000\" class=\"wpcf7-form-control wpcf7-textarea\" aria-invalid=\"false\" name=\"motivazioni\"><\/textarea><\/span>\n\t<\/p>\n<\/div>\n<p><strong> Consentimientos de privacidad:*<\/strong><span class=\"wpcf7-form-control-wrap\" data-name=\"privacy\"><span class=\"wpcf7-form-control wpcf7-acceptance\"><span class=\"wpcf7-list-item\"><label><input type=\"checkbox\" name=\"privacy\" value=\"1\" aria-invalid=\"false\" \/><span class=\"wpcf7-list-item-label\">Doy mi consentimiento para el tratamiento de mis datos personales de conformidad con la Ley 196\/2003 y el Reglamento 679\/2016 (GDPR) en la forma y para los fines indicados en <a href=\"https:\/\/www.garvanacoustic.com\/privacy-policy\/\" target=\"_blank\">la pol\u00edtica de privacidad*<\/a><\/span><\/label><\/span><\/span><\/span><br \/>\n<span class=\"wpcf7-form-control-wrap\" data-name=\"newsletter\"><span class=\"wpcf7-form-control wpcf7-acceptance optional\"><span class=\"wpcf7-list-item\"><label><input type=\"checkbox\" name=\"newsletter\" value=\"1\" checked=\"checked\" aria-invalid=\"false\" \/><span class=\"wpcf7-list-item-label\">Autorizo el tratamiento de mis datos personales con fines de marketing. Garvan Acoustic utilizar\u00e1 sus datos exclusivamente para este fin y no los transmitir\u00e1 a terceros.<\/span><\/label><\/span><\/span><\/span>\n<\/p>\n<p><input class=\"wpcf7-form-control wpcf7-submit has-spinner highlight-button-dark btn btn-small button xs-margin-bottom-five\" type=\"submit\" value=\"Enviar\" \/>\n<\/p>\n<div style=\" font-size: 12px; line-height: 14px;margin-bottom: 20px; \">\n\t<p>*Campos obligatorios<br \/>\n**Autorizo a Garvan a utilizar las fotos que env\u00ede a trav\u00e9s de este formulario como se indica en <a href=\"https:\/\/www.garvanacoustic.com\/wp-content\/uploads\/2024\/11\/Authorization_for_Image_Use.pdf\" target=\"_blank\">este documento.<\/a><br \/>\n***El equipo de Garvan Acoustic se reserva el derecho de autorizar o no la extensi\u00f3n de la garant\u00eda tras comprobar que los datos introducidos cumplen los requisitos\n\t<\/p>\n<\/div><div class=\"wpcf7-response-output\" aria-hidden=\"true\"><\/div>\n<\/form>\n<\/div>\n\n<\/div><\/div><\/div><\/div><\/section><section class=\"cta  vc_custom_1732029145346 padding-two sm-padding-two xs-padding-two\"><div class=\"container\"><div class=\"row\"><div class=\"wpb_column hcode-column-container vc_col-sm-8 col-xs-mobile-fullwidth\" data-front-class=\"col-xs-mobile-fullwidth\"><div class=\"vc-column-innner-wrapper\">[vc_wp_text]\r\n<h2>condiciones de garant\u00eda<\/h2>\r\nConsulte nuestras condiciones para saber c\u00f3mo protegemos sus productos Garvan y para obtener informaci\u00f3n completa sobre la garant\u00eda. Haga clic en el bot\u00f3n para obtener m\u00e1s detalles.[\/vc_wp_text]<\/div><\/div><div class=\"wpb_column hcode-column-container vc_col-sm-4 col-xs-mobile-fullwidth\" data-front-class=\"col-xs-mobile-fullwidth\"><div class=\"vc-column-innner-wrapper\">[vc_btn title=\"PDF\" i_type=\"openiconic\" i_icon_openiconic=\"vc-oi vc-oi-doc\" add_icon=\"true\" link=\"url:https%3A%2F%2Fwww.garvanacoustic.com%2Fwp-content%2Fuploads%2F2019%2F01%2FGarvan-warranty.pdf|target:_blank\"]<\/div><\/div><\/div><\/div><\/section><section class=\" vc_custom_1666688869795 padding-two sm-padding-two xs-padding-two\"><div class=\"container\"><div class=\"row\"><div class=\"wpb_column hcode-column-container  col-xs-mobile-fullwidth\" data-front-class=\"col-xs-mobile-fullwidth front-column-class\"><div class=\"vc-column-innner-wrapper\"><div class=\"box-garanzia\"><\/div>\n<p>\u00bfNecesita ayuda? Estamos a su disposici\u00f3n, p\u00f3ngase en contacto con nosotros en <strong><a href=\"mailto:garvan@garvanacoustic.com\">garvan@garvanacoustic.com<\/a><\/strong><\/p>\n<\/div><\/div><\/div><\/div><\/section>","protected":false},"excerpt":{"rendered":"<p>5 a\u00f1os de garant\u00eda total Ampl\u00ede gratuitamente la garant\u00eda Garvan: 3 a\u00f1os incluidos, con la posibilidad de a\u00f1adir 2 a\u00f1os m\u00e1s sin coste adicional. SUS DATOS TU PLANTA PRODUCTO (UNO O M\u00c1S PRODUCTOS)* AltavocesPaneles Acusticos DATOS DE INSTALACI\u00d3N -mes*-123456789101112 OPCI\u00d3N DE EXTENSI\u00d3N Seleccione la opci\u00f3n deseada 1 a\u00f1o de garant\u00eda adicional: Registro de plantaGarant\u00eda extra [&hellip;]<\/p>\n","protected":false},"author":11,"featured_media":0,"parent":0,"menu_order":0,"comment_status":"closed","ping_status":"closed","template":"","meta":{"_joinchat":[],"footnotes":""},"class_list":["post-72616","page","type-page","status-publish","hentry"],"yoast_head":"<!-- This site is optimized with the Yoast SEO Premium plugin v27.4 (Yoast SEO v27.4) - https:\/\/yoast.com\/product\/yoast-seo-premium-wordpress\/ -->\n<title>Extender la garant\u00eda - Garvan Acoustic<\/title>\n<meta name=\"robots\" content=\"index, follow, max-snippet:-1, max-image-preview:large, max-video-preview:-1\" \/>\n<link rel=\"canonical\" href=\"https:\/\/www.garvanacoustic.com\/es\/extender-la-garantia\/\" \/>\n<meta property=\"og:locale\" content=\"es_ES\" \/>\n<meta property=\"og:type\" content=\"article\" \/>\n<meta property=\"og:title\" content=\"Extender la garant\u00eda\" \/>\n<meta property=\"og:description\" content=\"5 a\u00f1os de garant\u00eda total Ampl\u00ede gratuitamente la garant\u00eda Garvan: 3 a\u00f1os incluidos, con la posibilidad de a\u00f1adir 2 a\u00f1os m\u00e1s sin coste adicional. SUS DATOS TU PLANTA PRODUCTO (UNO O M\u00c1S PRODUCTOS)* AltavocesPaneles Acusticos DATOS DE INSTALACI\u00d3N -mes*-123456789101112 OPCI\u00d3N DE EXTENSI\u00d3N Seleccione la opci\u00f3n deseada 1 a\u00f1o de garant\u00eda adicional: Registro de plantaGarant\u00eda extra [&hellip;]\" \/>\n<meta property=\"og:url\" content=\"https:\/\/www.garvanacoustic.com\/es\/extender-la-garantia\/\" \/>\n<meta property=\"og:site_name\" content=\"Garvan Acoustic\" \/>\n<meta property=\"article:publisher\" content=\"https:\/\/www.facebook.com\/garvanacoustic\" \/>\n<meta property=\"article:modified_time\" content=\"2024-11-21T14:28:50+00:00\" \/>\n<meta property=\"og:image\" content=\"https:\/\/www.garvanacoustic.com\/wp-content\/uploads\/2024\/07\/header-nwsl-garvan-e1759746705872.jpg\" \/>\n\t<meta property=\"og:image:width\" content=\"779\" \/>\n\t<meta property=\"og:image:height\" content=\"437\" \/>\n\t<meta property=\"og:image:type\" content=\"image\/jpeg\" \/>\n<meta name=\"twitter:card\" content=\"summary_large_image\" \/>\n<meta name=\"twitter:label1\" content=\"Tiempo de lectura\" \/>\n\t<meta name=\"twitter:data1\" content=\"2 minutos\" \/>\n<script type=\"application\/ld+json\" class=\"yoast-schema-graph\">{\"@context\":\"https:\\\/\\\/schema.org\",\"@graph\":[{\"@type\":\"WebPage\",\"@id\":\"https:\\\/\\\/www.garvanacoustic.com\\\/es\\\/extender-la-garantia\\\/\",\"url\":\"https:\\\/\\\/www.garvanacoustic.com\\\/es\\\/extender-la-garantia\\\/\",\"name\":\"Extender la garant\u00eda - Garvan Acoustic\",\"isPartOf\":{\"@id\":\"https:\\\/\\\/www.garvanacoustic.com\\\/es\\\/#website\"},\"datePublished\":\"2024-11-19T09:54:14+00:00\",\"dateModified\":\"2024-11-21T14:28:50+00:00\",\"breadcrumb\":{\"@id\":\"https:\\\/\\\/www.garvanacoustic.com\\\/es\\\/extender-la-garantia\\\/#breadcrumb\"},\"inLanguage\":\"es\",\"potentialAction\":[{\"@type\":\"ReadAction\",\"target\":[\"https:\\\/\\\/www.garvanacoustic.com\\\/es\\\/extender-la-garantia\\\/\"]}]},{\"@type\":\"BreadcrumbList\",\"@id\":\"https:\\\/\\\/www.garvanacoustic.com\\\/es\\\/extender-la-garantia\\\/#breadcrumb\",\"itemListElement\":[{\"@type\":\"ListItem\",\"position\":1,\"name\":\"Home\",\"item\":\"https:\\\/\\\/www.garvanacoustic.com\\\/es\\\/\"},{\"@type\":\"ListItem\",\"position\":2,\"name\":\"Extender la garant\u00eda\"}]},{\"@type\":\"WebSite\",\"@id\":\"https:\\\/\\\/www.garvanacoustic.com\\\/es\\\/#website\",\"url\":\"https:\\\/\\\/www.garvanacoustic.com\\\/es\\\/\",\"name\":\"Garvan Acoustic\",\"description\":\"Diffusori e trattamento acustico: scopri la qualit\u00e0 del Made in Italy\",\"publisher\":{\"@id\":\"https:\\\/\\\/www.garvanacoustic.com\\\/es\\\/#organization\"},\"potentialAction\":[{\"@type\":\"SearchAction\",\"target\":{\"@type\":\"EntryPoint\",\"urlTemplate\":\"https:\\\/\\\/www.garvanacoustic.com\\\/es\\\/?s={search_term_string}\"},\"query-input\":{\"@type\":\"PropertyValueSpecification\",\"valueRequired\":true,\"valueName\":\"search_term_string\"}}],\"inLanguage\":\"es\"},{\"@type\":\"Organization\",\"@id\":\"https:\\\/\\\/www.garvanacoustic.com\\\/es\\\/#organization\",\"name\":\"Garvan Acoustic\",\"url\":\"https:\\\/\\\/www.garvanacoustic.com\\\/es\\\/\",\"logo\":{\"@type\":\"ImageObject\",\"inLanguage\":\"es\",\"@id\":\"https:\\\/\\\/www.garvanacoustic.com\\\/es\\\/#\\\/schema\\\/logo\\\/image\\\/\",\"url\":\"https:\\\/\\\/www.garvanacoustic.com\\\/wp-content\\\/uploads\\\/2018\\\/07\\\/garvan-acoustic-logo.png\",\"contentUrl\":\"https:\\\/\\\/www.garvanacoustic.com\\\/wp-content\\\/uploads\\\/2018\\\/07\\\/garvan-acoustic-logo.png\",\"width\":400,\"height\":161,\"caption\":\"Garvan Acoustic\"},\"image\":{\"@id\":\"https:\\\/\\\/www.garvanacoustic.com\\\/es\\\/#\\\/schema\\\/logo\\\/image\\\/\"},\"sameAs\":[\"https:\\\/\\\/www.facebook.com\\\/garvanacoustic\",\"https:\\\/\\\/www.instagram.com\\\/garvanacoustic\\\/\"],\"description\":\"Produttori di Diffusori Acustici e Pannelli Fonoassorbenti Made in Italy\",\"email\":\"garvan@garvanacoustic.com\",\"telephone\":\"0546 682097\"}]}<\/script>\n<!-- \/ Yoast SEO Premium plugin. -->","yoast_head_json":{"title":"Extender la garant\u00eda - Garvan Acoustic","robots":{"index":"index","follow":"follow","max-snippet":"max-snippet:-1","max-image-preview":"max-image-preview:large","max-video-preview":"max-video-preview:-1"},"canonical":"https:\/\/www.garvanacoustic.com\/es\/extender-la-garantia\/","og_locale":"es_ES","og_type":"article","og_title":"Extender la garant\u00eda","og_description":"5 a\u00f1os de garant\u00eda total Ampl\u00ede gratuitamente la garant\u00eda Garvan: 3 a\u00f1os incluidos, con la posibilidad de a\u00f1adir 2 a\u00f1os m\u00e1s sin coste adicional. SUS DATOS TU PLANTA PRODUCTO (UNO O M\u00c1S PRODUCTOS)* AltavocesPaneles Acusticos DATOS DE INSTALACI\u00d3N -mes*-123456789101112 OPCI\u00d3N DE EXTENSI\u00d3N Seleccione la opci\u00f3n deseada 1 a\u00f1o de garant\u00eda adicional: Registro de plantaGarant\u00eda extra [&hellip;]","og_url":"https:\/\/www.garvanacoustic.com\/es\/extender-la-garantia\/","og_site_name":"Garvan Acoustic","article_publisher":"https:\/\/www.facebook.com\/garvanacoustic","article_modified_time":"2024-11-21T14:28:50+00:00","og_image":[{"width":779,"height":437,"url":"https:\/\/www.garvanacoustic.com\/wp-content\/uploads\/2024\/07\/header-nwsl-garvan-e1759746705872.jpg","type":"image\/jpeg"}],"twitter_card":"summary_large_image","twitter_misc":{"Tiempo de lectura":"2 minutos"},"schema":{"@context":"https:\/\/schema.org","@graph":[{"@type":"WebPage","@id":"https:\/\/www.garvanacoustic.com\/es\/extender-la-garantia\/","url":"https:\/\/www.garvanacoustic.com\/es\/extender-la-garantia\/","name":"Extender la garant\u00eda - Garvan Acoustic","isPartOf":{"@id":"https:\/\/www.garvanacoustic.com\/es\/#website"},"datePublished":"2024-11-19T09:54:14+00:00","dateModified":"2024-11-21T14:28:50+00:00","breadcrumb":{"@id":"https:\/\/www.garvanacoustic.com\/es\/extender-la-garantia\/#breadcrumb"},"inLanguage":"es","potentialAction":[{"@type":"ReadAction","target":["https:\/\/www.garvanacoustic.com\/es\/extender-la-garantia\/"]}]},{"@type":"BreadcrumbList","@id":"https:\/\/www.garvanacoustic.com\/es\/extender-la-garantia\/#breadcrumb","itemListElement":[{"@type":"ListItem","position":1,"name":"Home","item":"https:\/\/www.garvanacoustic.com\/es\/"},{"@type":"ListItem","position":2,"name":"Extender la garant\u00eda"}]},{"@type":"WebSite","@id":"https:\/\/www.garvanacoustic.com\/es\/#website","url":"https:\/\/www.garvanacoustic.com\/es\/","name":"Garvan Acoustic","description":"Diffusori e trattamento acustico: scopri la qualit\u00e0 del Made in Italy","publisher":{"@id":"https:\/\/www.garvanacoustic.com\/es\/#organization"},"potentialAction":[{"@type":"SearchAction","target":{"@type":"EntryPoint","urlTemplate":"https:\/\/www.garvanacoustic.com\/es\/?s={search_term_string}"},"query-input":{"@type":"PropertyValueSpecification","valueRequired":true,"valueName":"search_term_string"}}],"inLanguage":"es"},{"@type":"Organization","@id":"https:\/\/www.garvanacoustic.com\/es\/#organization","name":"Garvan Acoustic","url":"https:\/\/www.garvanacoustic.com\/es\/","logo":{"@type":"ImageObject","inLanguage":"es","@id":"https:\/\/www.garvanacoustic.com\/es\/#\/schema\/logo\/image\/","url":"https:\/\/www.garvanacoustic.com\/wp-content\/uploads\/2018\/07\/garvan-acoustic-logo.png","contentUrl":"https:\/\/www.garvanacoustic.com\/wp-content\/uploads\/2018\/07\/garvan-acoustic-logo.png","width":400,"height":161,"caption":"Garvan Acoustic"},"image":{"@id":"https:\/\/www.garvanacoustic.com\/es\/#\/schema\/logo\/image\/"},"sameAs":["https:\/\/www.facebook.com\/garvanacoustic","https:\/\/www.instagram.com\/garvanacoustic\/"],"description":"Produttori di Diffusori Acustici e Pannelli Fonoassorbenti Made in Italy","email":"garvan@garvanacoustic.com","telephone":"0546 682097"}]}},"_links":{"self":[{"href":"https:\/\/www.garvanacoustic.com\/es\/wp-json\/wp\/v2\/pages\/72616","targetHints":{"allow":["GET"]}}],"collection":[{"href":"https:\/\/www.garvanacoustic.com\/es\/wp-json\/wp\/v2\/pages"}],"about":[{"href":"https:\/\/www.garvanacoustic.com\/es\/wp-json\/wp\/v2\/types\/page"}],"author":[{"embeddable":true,"href":"https:\/\/www.garvanacoustic.com\/es\/wp-json\/wp\/v2\/users\/11"}],"replies":[{"embeddable":true,"href":"https:\/\/www.garvanacoustic.com\/es\/wp-json\/wp\/v2\/comments?post=72616"}],"version-history":[{"count":5,"href":"https:\/\/www.garvanacoustic.com\/es\/wp-json\/wp\/v2\/pages\/72616\/revisions"}],"predecessor-version":[{"id":72631,"href":"https:\/\/www.garvanacoustic.com\/es\/wp-json\/wp\/v2\/pages\/72616\/revisions\/72631"}],"wp:attachment":[{"href":"https:\/\/www.garvanacoustic.com\/es\/wp-json\/wp\/v2\/media?parent=72616"}],"curies":[{"name":"wp","href":"https:\/\/api.w.org\/{rel}","templated":true}]}}