{"id":25664,"date":"2019-01-07T18:18:38","date_gmt":"2019-01-07T17:18:38","guid":{"rendered":"https:\/\/www.garvanacoustic.com\/?page_id=25664"},"modified":"2019-02-28T14:38:54","modified_gmt":"2019-02-28T13:38:54","slug":"demander-un-devis","status":"publish","type":"page","link":"https:\/\/www.garvanacoustic.com\/fr\/nous-contacter\/demander-un-devis\/","title":{"rendered":"Demander un devis"},"content":{"rendered":"<section><div class=\"container\"><div class=\"row\"><div class=\"wpb_column hcode-column-container vc_col-sm-12 col-xs-mobile-fullwidth\" data-front-class=\"col-xs-mobile-fullwidth\"><div class=\"vc-column-innner-wrapper\"><h3 class=\"section-title padding-two-bottom\">Demander un devis<\/h3>\n<div class=\"wpcf7 no-js\" id=\"wpcf7-f29723-o1\" lang=\"en-US\" dir=\"ltr\" data-wpcf7-id=\"29723\">\n<div class=\"screen-reader-response\"><p role=\"status\" aria-live=\"polite\" aria-atomic=\"true\"><\/p> <ul><\/ul><\/div>\n<form action=\"\/fr\/wp-json\/wp\/v2\/pages\/25664#wpcf7-f29723-o1\" method=\"post\" class=\"wpcf7-form init wpcf7-acceptance-as-validation cf7mls-no-scroll cf7mls-auto-return-first-step cf7mls-no-moving-animation\" aria-label=\"Contact form\" novalidate=\"novalidate\" data-status=\"init\">\n<fieldset class=\"hidden-fields-container\"><input type=\"hidden\" name=\"_wpcf7\" value=\"29723\" \/><input type=\"hidden\" name=\"_wpcf7_version\" value=\"6.1.5\" \/><input type=\"hidden\" name=\"_wpcf7_locale\" value=\"en_US\" \/><input type=\"hidden\" name=\"_wpcf7_unit_tag\" value=\"wpcf7-f29723-o1\" \/><input type=\"hidden\" name=\"_wpcf7_container_post\" value=\"0\" \/><input type=\"hidden\" name=\"_wpcf7_posted_data_hash\" value=\"\" \/><input type=\"hidden\" name=\"_wpcf7_recaptcha_response\" value=\"\" \/>\n<\/fieldset>\n<div class=\"no-margin\">\n\t<p><span class=\"wpcf7-form-control-wrap\" data-name=\"your-name\"><input size=\"40\" maxlength=\"400\" class=\"wpcf7-form-control wpcf7-text wpcf7-validates-as-required\" aria-required=\"true\" aria-invalid=\"false\" placeholder=\"Nom et pr\u00e9nom*\" value=\"\" type=\"text\" name=\"your-name\" \/><\/span><span class=\"wpcf7-form-control-wrap\" data-name=\"email-771\"><input size=\"40\" maxlength=\"400\" class=\"wpcf7-form-control wpcf7-email wpcf7-validates-as-required wpcf7-text wpcf7-validates-as-email\" aria-required=\"true\" aria-invalid=\"false\" placeholder=\"E-mail*\" value=\"\" type=\"email\" name=\"email-771\" \/><\/span><span class=\"wpcf7-form-control-wrap\" data-name=\"citta\"><input size=\"40\" maxlength=\"400\" class=\"wpcf7-form-control wpcf7-text wpcf7-validates-as-required\" aria-required=\"true\" aria-invalid=\"false\" placeholder=\"Ville*\" value=\"\" type=\"text\" name=\"citta\" \/><\/span><span class=\"wpcf7-form-control-wrap\" data-name=\"nazione\"><input size=\"40\" maxlength=\"400\" class=\"wpcf7-form-control wpcf7-text wpcf7-validates-as-required\" aria-required=\"true\" aria-invalid=\"false\" placeholder=\"Pays*\" value=\"\" type=\"text\" name=\"nazione\" \/><\/span><span class=\"wpcf7-form-control-wrap\" data-name=\"tel\"><input size=\"40\" maxlength=\"400\" class=\"wpcf7-form-control wpcf7-tel wpcf7-text wpcf7-validates-as-tel\" aria-invalid=\"false\" placeholder=\"T\u00e9l\u00e9phone\" value=\"\" type=\"tel\" name=\"tel\" \/><\/span><strong>Code produit*<\/strong><span class=\"wpcf7-form-control-wrap\" data-name=\"codice-prodotto\"><textarea cols=\"40\" rows=\"2\" maxlength=\"2000\" class=\"wpcf7-form-control wpcf7-textarea wpcf7-validates-as-required\" aria-required=\"true\" aria-invalid=\"false\" placeholder=\"SIC112\" name=\"codice-prodotto\"><\/textarea><\/span><strong>Specifications produit*<\/strong><span class=\"wpcf7-form-control-wrap\" data-name=\"specifiche-prodotto\"><textarea cols=\"40\" rows=\"2\" maxlength=\"2000\" class=\"wpcf7-form-control wpcf7-textarea wpcf7-validates-as-required\" aria-required=\"true\" aria-invalid=\"false\" placeholder=\"Cartongesso, muratura, esterno..\" name=\"specifiche-prodotto\"><\/textarea><\/span><br \/>\n<strong>Comment avez-vous connu Garvan?<\/strong><span class=\"wpcf7-form-control-wrap\" data-name=\"conosciuti\"><select class=\"wpcf7-form-control wpcf7-select wpcf7-validates-as-required\" aria-required=\"true\" aria-invalid=\"false\" name=\"conosciuti\"><option value=\"\">- veuillez choisir -<\/option><option value=\"Site\">Site<\/option><option value=\"Revendeur\">Revendeur<\/option><option value=\"Clients\">Clients<\/option><option value=\"Magazines\">Magazines<\/option><option value=\"Video\">Video<\/option><option value=\"Expositions &amp; \u00e9v\u00e9nements\">Expositions &amp; \u00e9v\u00e9nements<\/option><option value=\"Facebook\">Facebook<\/option><option value=\"Instagram\">Instagram<\/option><option value=\"Tik Tok\">Tik Tok<\/option><option value=\"ChatGPT\/AI\">ChatGPT\/AI<\/option><option value=\"YouTube\">YouTube<\/option><option value=\"Tv\">Tv<\/option><option value=\"Autre\">Autre<\/option><\/select><\/span><br \/>\n<strong>Acceptance privacy:*<\/strong><span class=\"wpcf7-form-control-wrap\" data-name=\"acceptance\"><span class=\"wpcf7-form-control wpcf7-acceptance\"><span class=\"wpcf7-list-item\"><label><input type=\"checkbox\" name=\"acceptance\" value=\"1\" aria-invalid=\"false\" \/><span class=\"wpcf7-list-item-label\">Je consens au traitement des donn\u00e9es personnelles conform\u00e9ment \u00e0 la loi 196\/2003 et au r\u00e8glement 679\/2016 (GDPR) concernant les m\u00e9thodes et les buts indiqu\u00e9s dans la <a href=\"https:\/\/www.garvanacoustic.com\/fr\/privacy-policy\/\" target=\"_blank\">politique de confidentialit\u00e9.* <\/a><\/span><\/label><\/span><\/span><\/span><strong>Acceptance marketing<\/strong><span class=\"wpcf7-form-control-wrap\" data-name=\"acceptance-mkg\"><span class=\"wpcf7-form-control wpcf7-acceptance optional\"><span class=\"wpcf7-list-item\"><label><input type=\"checkbox\" name=\"acceptance-mkg\" value=\"1\" checked=\"checked\" aria-invalid=\"false\" \/><span class=\"wpcf7-list-item-label\">Je consens au traitement des donn\u00e9es personnelles \u00e0 des fins de marketing. Garvan Acoustic utilisera vos donn\u00e9es exclusivement aux fins susmentionn\u00e9es et ne les transmettra pas \u00e0 des tiers.<\/span><\/label><\/span><\/span><\/span><br \/>\n<input class=\"wpcf7-form-control wpcf7-submit has-spinner highlight-button-dark btn btn-small button xs-margin-bottom-five\" type=\"submit\" value=\"Envoyer\" \/>\n\t<\/p>\n<\/div><div class=\"wpcf7-response-output\" aria-hidden=\"true\"><\/div>\n<\/form>\n<\/div>\n[vc_empty_space]<p><small>(*) Champs obligatoire.<br \/>\n<strong>Termes et Conditions d'utilisation des donn\u00e9es personnelles:<\/strong>Par la d\u00e9position de ma demande, j'autorise Garvan, conform\u00e9ment \u00e0 la loi italienne sur la protection de la vie priv\u00e9e (2003\/196), \u00e0 utiliser mon adresse e-mail \u00e0 des fins publicitaires et\/ou de marketing.<\/small><\/p>\n<\/div><\/div><\/div><\/div><\/section><section class=\"padding-one-tb\"><div class=\"wpb_column hcode-column-container  vc_custom_1536162705555 text-center vc_col-sm-6 col-xs-mobile-fullwidth\" data-front-class=\" vc_custom_1536162705555 text-center col-xs-mobile-fullwidth\" data-background=#303030 style=\" background:#303030;\"><div class=\"vc-column-innner-wrapper\"><div class=\"travel-adventure overflow-hidden position-relative \" ><a href=\"https:\/\/www.garvanacoustic.com\/fr\/acheter\/\"><img decoding=\"async\" width=\"1500\" height=\"650\" src=\"https:\/\/www.garvanacoustic.com\/wp-content\/uploads\/2018\/10\/trova-rivenditore.jpg\" class=\"attachment-full size-full\" alt=\"\" srcset=\"https:\/\/www.garvanacoustic.com\/wp-content\/uploads\/2018\/10\/trova-rivenditore.jpg 1500w, https:\/\/www.garvanacoustic.com\/wp-content\/uploads\/2018\/10\/trova-rivenditore-300x130.jpg 300w, https:\/\/www.garvanacoustic.com\/wp-content\/uploads\/2018\/10\/trova-rivenditore-768x333.jpg 768w, https:\/\/www.garvanacoustic.com\/wp-content\/uploads\/2018\/10\/trova-rivenditore-1024x444.jpg 1024w, https:\/\/www.garvanacoustic.com\/wp-content\/uploads\/2018\/10\/trova-rivenditore-81x35.jpg 81w\" sizes=\"(max-width: 1500px) 100vw, 1500px\" \/><\/a><figure class=\"text-large letter-spacing-3 hcode-font-setting-69e140d7a88d9\"  style=\"color:#ffffff !important\">Trouver un revendeur<\/figure><\/div><\/div><\/div><div class=\"wpb_column hcode-column-container  vc_custom_1536162710549 text-center vc_col-sm-6 col-xs-mobile-fullwidth\" data-front-class=\" vc_custom_1536162710549 text-center col-xs-mobile-fullwidth\" data-background=#303030 style=\" background:#303030;\"><div class=\"vc-column-innner-wrapper\"><div class=\"travel-adventure overflow-hidden position-relative \" ><a href=\"https:\/\/www.garvanacoustic.com\/fr\/nous-contacter\/\"><img decoding=\"async\" width=\"1500\" height=\"650\" src=\"https:\/\/www.garvanacoustic.com\/wp-content\/uploads\/2018\/10\/contatta-garvan.jpg\" class=\"attachment-full size-full\" alt=\"\" srcset=\"https:\/\/www.garvanacoustic.com\/wp-content\/uploads\/2018\/10\/contatta-garvan.jpg 1500w, https:\/\/www.garvanacoustic.com\/wp-content\/uploads\/2018\/10\/contatta-garvan-300x130.jpg 300w, https:\/\/www.garvanacoustic.com\/wp-content\/uploads\/2018\/10\/contatta-garvan-768x333.jpg 768w, https:\/\/www.garvanacoustic.com\/wp-content\/uploads\/2018\/10\/contatta-garvan-1024x444.jpg 1024w, https:\/\/www.garvanacoustic.com\/wp-content\/uploads\/2018\/10\/contatta-garvan-81x35.jpg 81w\" sizes=\"(max-width: 1500px) 100vw, 1500px\" \/><\/a><figure class=\"text-large letter-spacing-3 hcode-font-setting-69e140d7a8e6b\"  style=\"color:#ffffff !important\">Nous contacter<\/figure><\/div><\/div><\/div><\/section>","protected":false},"excerpt":{"rendered":"<p>Demander un devis Code produit*Specifications produit* Comment avez-vous connu Garvan?- veuillez choisir -SiteRevendeurClientsMagazinesVideoExpositions &amp; \u00e9v\u00e9nementsFacebookInstagramTik TokChatGPT\/AIYouTubeTvAutre Acceptance privacy:*Je consens au traitement des donn\u00e9es personnelles conform\u00e9ment \u00e0 la loi 196\/2003 et au r\u00e8glement 679\/2016 (GDPR) concernant les m\u00e9thodes et les buts indiqu\u00e9s dans la politique de confidentialit\u00e9.* Acceptance marketingJe consens au traitement des donn\u00e9es personnelles \u00e0 [&hellip;]<\/p>\n","protected":false},"author":6,"featured_media":0,"parent":25630,"menu_order":0,"comment_status":"open","ping_status":"open","template":"","meta":{"_joinchat":[],"footnotes":""},"class_list":["post-25664","page","type-page","status-publish","hentry"],"yoast_head":"<!-- This site is optimized with the Yoast SEO Premium plugin v27.3 (Yoast SEO v27.3) - https:\/\/yoast.com\/product\/yoast-seo-premium-wordpress\/ -->\n<title>Demander un devis - Garvan Acoustic<\/title>\n<meta name=\"robots\" content=\"index, follow, max-snippet:-1, max-image-preview:large, max-video-preview:-1\" \/>\n<link rel=\"canonical\" href=\"https:\/\/www.garvanacoustic.com\/fr\/nous-contacter\/demander-un-devis\/\" \/>\n<meta property=\"og:locale\" content=\"fr_FR\" \/>\n<meta property=\"og:type\" content=\"article\" \/>\n<meta property=\"og:title\" content=\"Demander un devis\" \/>\n<meta property=\"og:description\" content=\"Demander un devis Code produit*Specifications produit* Comment avez-vous connu Garvan?- veuillez choisir -SiteRevendeurClientsMagazinesVideoExpositions &amp; \u00e9v\u00e9nementsFacebookInstagramTik TokChatGPT\/AIYouTubeTvAutre Acceptance privacy:*Je consens au traitement des donn\u00e9es personnelles conform\u00e9ment \u00e0 la loi 196\/2003 et au r\u00e8glement 679\/2016 (GDPR) concernant les m\u00e9thodes et les buts indiqu\u00e9s dans la politique de confidentialit\u00e9.* Acceptance marketingJe consens au traitement des donn\u00e9es personnelles \u00e0 [&hellip;]\" \/>\n<meta property=\"og:url\" content=\"https:\/\/www.garvanacoustic.com\/fr\/nous-contacter\/demander-un-devis\/\" \/>\n<meta property=\"og:site_name\" content=\"Garvan Acoustic\" \/>\n<meta property=\"article:publisher\" content=\"https:\/\/www.facebook.com\/garvanacoustic\" \/>\n<meta property=\"article:modified_time\" content=\"2019-02-28T13:38:54+00:00\" \/>\n<meta property=\"og:image\" content=\"https:\/\/www.garvanacoustic.com\/wp-content\/uploads\/2024\/07\/header-nwsl-garvan-e1759746705872.jpg\" \/>\n\t<meta property=\"og:image:width\" content=\"779\" \/>\n\t<meta property=\"og:image:height\" content=\"437\" \/>\n\t<meta property=\"og:image:type\" content=\"image\/jpeg\" \/>\n<meta name=\"twitter:card\" content=\"summary_large_image\" \/>\n<meta name=\"twitter:label1\" content=\"Dur\u00e9e de lecture estim\u00e9e\" \/>\n\t<meta name=\"twitter:data1\" content=\"1 minute\" \/>\n<script type=\"application\/ld+json\" class=\"yoast-schema-graph\">{\"@context\":\"https:\\\/\\\/schema.org\",\"@graph\":[{\"@type\":\"WebPage\",\"@id\":\"https:\\\/\\\/www.garvanacoustic.com\\\/fr\\\/nous-contacter\\\/demander-un-devis\\\/\",\"url\":\"https:\\\/\\\/www.garvanacoustic.com\\\/fr\\\/nous-contacter\\\/demander-un-devis\\\/\",\"name\":\"Demander un devis - Garvan Acoustic\",\"isPartOf\":{\"@id\":\"https:\\\/\\\/www.garvanacoustic.com\\\/fr\\\/#website\"},\"datePublished\":\"2019-01-07T17:18:38+00:00\",\"dateModified\":\"2019-02-28T13:38:54+00:00\",\"breadcrumb\":{\"@id\":\"https:\\\/\\\/www.garvanacoustic.com\\\/fr\\\/nous-contacter\\\/demander-un-devis\\\/#breadcrumb\"},\"inLanguage\":\"fr-FR\",\"potentialAction\":[{\"@type\":\"ReadAction\",\"target\":[\"https:\\\/\\\/www.garvanacoustic.com\\\/fr\\\/nous-contacter\\\/demander-un-devis\\\/\"]}]},{\"@type\":\"BreadcrumbList\",\"@id\":\"https:\\\/\\\/www.garvanacoustic.com\\\/fr\\\/nous-contacter\\\/demander-un-devis\\\/#breadcrumb\",\"itemListElement\":[{\"@type\":\"ListItem\",\"position\":1,\"name\":\"Home\",\"item\":\"https:\\\/\\\/www.garvanacoustic.com\\\/fr\\\/\"},{\"@type\":\"ListItem\",\"position\":2,\"name\":\"Nous contacter\",\"item\":\"https:\\\/\\\/www.garvanacoustic.com\\\/fr\\\/nous-contacter\\\/\"},{\"@type\":\"ListItem\",\"position\":3,\"name\":\"Demander un devis\"}]},{\"@type\":\"WebSite\",\"@id\":\"https:\\\/\\\/www.garvanacoustic.com\\\/fr\\\/#website\",\"url\":\"https:\\\/\\\/www.garvanacoustic.com\\\/fr\\\/\",\"name\":\"Garvan Acoustic\",\"description\":\"Diffusori e trattamento acustico: scopri la qualit\u00e0 del Made in Italy\",\"publisher\":{\"@id\":\"https:\\\/\\\/www.garvanacoustic.com\\\/fr\\\/#organization\"},\"potentialAction\":[{\"@type\":\"SearchAction\",\"target\":{\"@type\":\"EntryPoint\",\"urlTemplate\":\"https:\\\/\\\/www.garvanacoustic.com\\\/fr\\\/?s={search_term_string}\"},\"query-input\":{\"@type\":\"PropertyValueSpecification\",\"valueRequired\":true,\"valueName\":\"search_term_string\"}}],\"inLanguage\":\"fr-FR\"},{\"@type\":\"Organization\",\"@id\":\"https:\\\/\\\/www.garvanacoustic.com\\\/fr\\\/#organization\",\"name\":\"Garvan Acoustic\",\"url\":\"https:\\\/\\\/www.garvanacoustic.com\\\/fr\\\/\",\"logo\":{\"@type\":\"ImageObject\",\"inLanguage\":\"fr-FR\",\"@id\":\"https:\\\/\\\/www.garvanacoustic.com\\\/fr\\\/#\\\/schema\\\/logo\\\/image\\\/\",\"url\":\"https:\\\/\\\/www.garvanacoustic.com\\\/wp-content\\\/uploads\\\/2018\\\/07\\\/garvan-acoustic-logo.png\",\"contentUrl\":\"https:\\\/\\\/www.garvanacoustic.com\\\/wp-content\\\/uploads\\\/2018\\\/07\\\/garvan-acoustic-logo.png\",\"width\":400,\"height\":161,\"caption\":\"Garvan Acoustic\"},\"image\":{\"@id\":\"https:\\\/\\\/www.garvanacoustic.com\\\/fr\\\/#\\\/schema\\\/logo\\\/image\\\/\"},\"sameAs\":[\"https:\\\/\\\/www.facebook.com\\\/garvanacoustic\",\"https:\\\/\\\/www.instagram.com\\\/garvanacoustic\\\/\"],\"description\":\"Produttori di Diffusori Acustici e Pannelli Fonoassorbenti Made in Italy\",\"email\":\"garvan@garvanacoustic.com\",\"telephone\":\"0546 682097\"}]}<\/script>\n<!-- \/ Yoast SEO Premium plugin. -->","yoast_head_json":{"title":"Demander un devis - Garvan Acoustic","robots":{"index":"index","follow":"follow","max-snippet":"max-snippet:-1","max-image-preview":"max-image-preview:large","max-video-preview":"max-video-preview:-1"},"canonical":"https:\/\/www.garvanacoustic.com\/fr\/nous-contacter\/demander-un-devis\/","og_locale":"fr_FR","og_type":"article","og_title":"Demander un devis","og_description":"Demander un devis Code produit*Specifications produit* Comment avez-vous connu Garvan?- veuillez choisir -SiteRevendeurClientsMagazinesVideoExpositions &amp; \u00e9v\u00e9nementsFacebookInstagramTik TokChatGPT\/AIYouTubeTvAutre Acceptance privacy:*Je consens au traitement des donn\u00e9es personnelles conform\u00e9ment \u00e0 la loi 196\/2003 et au r\u00e8glement 679\/2016 (GDPR) concernant les m\u00e9thodes et les buts indiqu\u00e9s dans la politique de confidentialit\u00e9.* Acceptance marketingJe consens au traitement des donn\u00e9es personnelles \u00e0 [&hellip;]","og_url":"https:\/\/www.garvanacoustic.com\/fr\/nous-contacter\/demander-un-devis\/","og_site_name":"Garvan Acoustic","article_publisher":"https:\/\/www.facebook.com\/garvanacoustic","article_modified_time":"2019-02-28T13:38:54+00:00","og_image":[{"width":779,"height":437,"url":"https:\/\/www.garvanacoustic.com\/wp-content\/uploads\/2024\/07\/header-nwsl-garvan-e1759746705872.jpg","type":"image\/jpeg"}],"twitter_card":"summary_large_image","twitter_misc":{"Dur\u00e9e de lecture estim\u00e9e":"1 minute"},"schema":{"@context":"https:\/\/schema.org","@graph":[{"@type":"WebPage","@id":"https:\/\/www.garvanacoustic.com\/fr\/nous-contacter\/demander-un-devis\/","url":"https:\/\/www.garvanacoustic.com\/fr\/nous-contacter\/demander-un-devis\/","name":"Demander un devis - Garvan Acoustic","isPartOf":{"@id":"https:\/\/www.garvanacoustic.com\/fr\/#website"},"datePublished":"2019-01-07T17:18:38+00:00","dateModified":"2019-02-28T13:38:54+00:00","breadcrumb":{"@id":"https:\/\/www.garvanacoustic.com\/fr\/nous-contacter\/demander-un-devis\/#breadcrumb"},"inLanguage":"fr-FR","potentialAction":[{"@type":"ReadAction","target":["https:\/\/www.garvanacoustic.com\/fr\/nous-contacter\/demander-un-devis\/"]}]},{"@type":"BreadcrumbList","@id":"https:\/\/www.garvanacoustic.com\/fr\/nous-contacter\/demander-un-devis\/#breadcrumb","itemListElement":[{"@type":"ListItem","position":1,"name":"Home","item":"https:\/\/www.garvanacoustic.com\/fr\/"},{"@type":"ListItem","position":2,"name":"Nous contacter","item":"https:\/\/www.garvanacoustic.com\/fr\/nous-contacter\/"},{"@type":"ListItem","position":3,"name":"Demander un devis"}]},{"@type":"WebSite","@id":"https:\/\/www.garvanacoustic.com\/fr\/#website","url":"https:\/\/www.garvanacoustic.com\/fr\/","name":"Garvan Acoustic","description":"Diffusori e trattamento acustico: scopri la qualit\u00e0 del Made in Italy","publisher":{"@id":"https:\/\/www.garvanacoustic.com\/fr\/#organization"},"potentialAction":[{"@type":"SearchAction","target":{"@type":"EntryPoint","urlTemplate":"https:\/\/www.garvanacoustic.com\/fr\/?s={search_term_string}"},"query-input":{"@type":"PropertyValueSpecification","valueRequired":true,"valueName":"search_term_string"}}],"inLanguage":"fr-FR"},{"@type":"Organization","@id":"https:\/\/www.garvanacoustic.com\/fr\/#organization","name":"Garvan Acoustic","url":"https:\/\/www.garvanacoustic.com\/fr\/","logo":{"@type":"ImageObject","inLanguage":"fr-FR","@id":"https:\/\/www.garvanacoustic.com\/fr\/#\/schema\/logo\/image\/","url":"https:\/\/www.garvanacoustic.com\/wp-content\/uploads\/2018\/07\/garvan-acoustic-logo.png","contentUrl":"https:\/\/www.garvanacoustic.com\/wp-content\/uploads\/2018\/07\/garvan-acoustic-logo.png","width":400,"height":161,"caption":"Garvan Acoustic"},"image":{"@id":"https:\/\/www.garvanacoustic.com\/fr\/#\/schema\/logo\/image\/"},"sameAs":["https:\/\/www.facebook.com\/garvanacoustic","https:\/\/www.instagram.com\/garvanacoustic\/"],"description":"Produttori di Diffusori Acustici e Pannelli Fonoassorbenti Made in Italy","email":"garvan@garvanacoustic.com","telephone":"0546 682097"}]}},"_links":{"self":[{"href":"https:\/\/www.garvanacoustic.com\/fr\/wp-json\/wp\/v2\/pages\/25664","targetHints":{"allow":["GET"]}}],"collection":[{"href":"https:\/\/www.garvanacoustic.com\/fr\/wp-json\/wp\/v2\/pages"}],"about":[{"href":"https:\/\/www.garvanacoustic.com\/fr\/wp-json\/wp\/v2\/types\/page"}],"author":[{"embeddable":true,"href":"https:\/\/www.garvanacoustic.com\/fr\/wp-json\/wp\/v2\/users\/6"}],"replies":[{"embeddable":true,"href":"https:\/\/www.garvanacoustic.com\/fr\/wp-json\/wp\/v2\/comments?post=25664"}],"version-history":[{"count":14,"href":"https:\/\/www.garvanacoustic.com\/fr\/wp-json\/wp\/v2\/pages\/25664\/revisions"}],"predecessor-version":[{"id":29930,"href":"https:\/\/www.garvanacoustic.com\/fr\/wp-json\/wp\/v2\/pages\/25664\/revisions\/29930"}],"up":[{"embeddable":true,"href":"https:\/\/www.garvanacoustic.com\/fr\/wp-json\/wp\/v2\/pages\/25630"}],"wp:attachment":[{"href":"https:\/\/www.garvanacoustic.com\/fr\/wp-json\/wp\/v2\/media?parent=25664"}],"curies":[{"name":"wp","href":"https:\/\/api.w.org\/{rel}","templated":true}]}}