{"id":26466,"date":"2019-01-23T14:16:28","date_gmt":"2019-01-23T13:16:28","guid":{"rendered":"https:\/\/www.garvanacoustic.com\/?page_id=26466"},"modified":"2019-01-23T14:16:28","modified_gmt":"2019-01-23T13:16:28","slug":"spectacle","status":"publish","type":"page","link":"https:\/\/www.garvanacoustic.com\/fr\/references\/spectacle\/","title":{"rendered":"Spectacle"},"content":{"rendered":"<section><div class=\"container\"><div class=\"row\"><div class=\"wpb_column hcode-column-container  col-xs-mobile-fullwidth\" data-front-class=\"col-xs-mobile-fullwidth front-column-class\"><div class=\"vc-column-innner-wrapper\"><div class=\"blog-3col product-3\"><div class=\"post-24203 post type-post status-publish format-standard has-post-thumbnail hentry category-references-fr-2 category-spectacle\"><div class=\"col-md-4 col-sm-6 col-xs-12 blog-listing \" ><div class=\"blog-post\"><div class=\"blog-image\"><a href=\"https:\/\/www.garvanacoustic.com\/fr\/references-fr-2\/spectacle\/72-mostra-internazionale-darte-cinematografica\/\"><img decoding=\"async\" width=\"760\" height=\"570\" src=\"https:\/\/www.garvanacoustic.com\/wp-content\/uploads\/2018\/11\/72ma-Mostra-Internazionale-del-Cinema-di-Venezia.jpg\" class=\"attachment-full size-full wp-post-image\" alt=\"\" srcset=\"https:\/\/www.garvanacoustic.com\/wp-content\/uploads\/2018\/11\/72ma-Mostra-Internazionale-del-Cinema-di-Venezia.jpg 760w, https:\/\/www.garvanacoustic.com\/wp-content\/uploads\/2018\/11\/72ma-Mostra-Internazionale-del-Cinema-di-Venezia-300x225.jpg 300w, https:\/\/www.garvanacoustic.com\/wp-content\/uploads\/2018\/11\/72ma-Mostra-Internazionale-del-Cinema-di-Venezia-81x61.jpg 81w\" sizes=\"(max-width: 760px) 100vw, 760px\" \/><\/a><\/div><div class=\"blog-details hcode-blog-1\"><div class=\"blog-date\"><span class=\"published\">29 octobre 2018<\/span><time class=\"updated display-none\" datetime=\"2023-07-24T11:39:28+02:00\">24 juillet 2023<\/time><\/div><div class=\"blog-title entry-title\"><a href=\"https:\/\/www.garvanacoustic.com\/fr\/references-fr-2\/spectacle\/72-mostra-internazionale-darte-cinematografica\/\">72\u00b0 Mostra Internazionale d\u2019Arte Cinematografica<\/a><\/div><div class=\"hcode-blog-excerpt blog-short-description entry-content\"><p>Mostra du Cin\u00e9ma de Venise 2015 72\u00e8me Mostra du Cin\u00e9ma de Venise\u00a0- Du 2 au 12 Septembre 2015, VeniseGarvan a...<\/p>\n<\/div><div class=\"hcode-blog-separator separator-line bg-black no-margin-lr\"><\/div><\/div><\/div><\/div><\/div><div class=\"post-24213 post type-post status-publish format-standard has-post-thumbnail hentry category-references-fr-2 category-spectacle\"><div class=\"col-md-4 col-sm-6 col-xs-12 blog-listing \" ><div class=\"blog-post\"><div class=\"blog-image\"><a href=\"https:\/\/www.garvanacoustic.com\/fr\/references-fr-2\/73-mostra-internazionale-darte-cinematografica-roma\/\"><img decoding=\"async\" width=\"760\" height=\"570\" src=\"https:\/\/www.garvanacoustic.com\/wp-content\/uploads\/2018\/10\/73ma-Mostra-Internazionale-del-Cinema-di-Venezia.jpg\" class=\"attachment-full size-full wp-post-image\" alt=\"\" srcset=\"https:\/\/www.garvanacoustic.com\/wp-content\/uploads\/2018\/10\/73ma-Mostra-Internazionale-del-Cinema-di-Venezia.jpg 760w, https:\/\/www.garvanacoustic.com\/wp-content\/uploads\/2018\/10\/73ma-Mostra-Internazionale-del-Cinema-di-Venezia-300x225.jpg 300w, https:\/\/www.garvanacoustic.com\/wp-content\/uploads\/2018\/10\/73ma-Mostra-Internazionale-del-Cinema-di-Venezia-81x61.jpg 81w\" sizes=\"(max-width: 760px) 100vw, 760px\" \/><\/a><\/div><div class=\"blog-details hcode-blog-1\"><div class=\"blog-date\"><span class=\"published\">29 octobre 2018<\/span><time class=\"updated display-none\" datetime=\"2023-08-21T11:36:55+02:00\">21 ao\u00fbt 2023<\/time><\/div><div class=\"blog-title entry-title\"><a href=\"https:\/\/www.garvanacoustic.com\/fr\/references-fr-2\/73-mostra-internazionale-darte-cinematografica-roma\/\">73\u00b0 Mostra Internazionale d\u2019Arte Cinematografica<\/a><\/div><div class=\"hcode-blog-excerpt blog-short-description entry-content\"><p>73\u00e8me Mostra du Cin\u00e9ma de Venise - Du 31 Ao\u00fbt\u00a0au 10 Septembre 2016, Venise Garvan a \u00e9t\u00e9 choisi comme partenaire...<\/p>\n<\/div><div class=\"hcode-blog-separator separator-line bg-black no-margin-lr\"><\/div><\/div><\/div><\/div><\/div><\/div><\/div><\/div><\/div><\/div><\/section>","protected":false},"excerpt":{"rendered":"<p>73\u00e8me Mostra du Cin\u00e9ma de Venise &#8211; Du 31 Ao\u00fbt\u00a0au 10 Septembre 2016, Venise Garvan a \u00e9t\u00e9 choisi comme partenaire technique officiel du prix \u00ab Soundtrack Stars \u00bb pour la meilleure bande originale des films en comp\u00e9tition \u00e0 la \u00ab 73\u00e8me Mostra du Cin\u00e9ma de Venise \u00bb, le festival international, \u00e0 Venise du 31 Ao\u00fbt\u00a0au [&hellip;]<\/p>\n","protected":false},"author":6,"featured_media":0,"parent":26530,"menu_order":0,"comment_status":"open","ping_status":"closed","template":"","meta":{"_joinchat":[],"footnotes":""},"class_list":["post-26466","page","type-page","status-publish","hentry"],"yoast_head":"<!-- This site is optimized with the Yoast SEO Premium plugin v27.4 (Yoast SEO v27.4) - https:\/\/yoast.com\/product\/yoast-seo-premium-wordpress\/ -->\n<title>Spectacle - Garvan Acoustic<\/title>\n<meta name=\"robots\" content=\"index, follow, max-snippet:-1, max-image-preview:large, max-video-preview:-1\" \/>\n<link rel=\"canonical\" href=\"https:\/\/www.garvanacoustic.com\/fr\/references\/spectacle\/\" \/>\n<meta property=\"og:locale\" content=\"fr_FR\" \/>\n<meta property=\"og:type\" content=\"article\" \/>\n<meta property=\"og:title\" content=\"Spectacle\" \/>\n<meta property=\"og:description\" content=\"73\u00e8me Mostra du Cin\u00e9ma de Venise - Du 31 Ao\u00fbt\u00a0au 10 Septembre 2016, Venise Garvan a \u00e9t\u00e9 choisi comme partenaire technique officiel du prix \u00ab Soundtrack Stars \u00bb pour la meilleure bande originale des films en comp\u00e9tition \u00e0 la \u00ab 73\u00e8me Mostra du Cin\u00e9ma de Venise \u00bb, le festival international, \u00e0 Venise du 31 Ao\u00fbt\u00a0au [&hellip;]\" \/>\n<meta property=\"og:url\" content=\"https:\/\/www.garvanacoustic.com\/fr\/references\/spectacle\/\" \/>\n<meta property=\"og:site_name\" content=\"Garvan Acoustic\" \/>\n<meta property=\"article:publisher\" content=\"https:\/\/www.facebook.com\/garvanacoustic\" \/>\n<meta property=\"og:image\" content=\"https:\/\/www.garvanacoustic.com\/wp-content\/uploads\/2024\/07\/header-nwsl-garvan-e1759746705872.jpg\" \/>\n\t<meta property=\"og:image:width\" content=\"779\" \/>\n\t<meta property=\"og:image:height\" content=\"437\" \/>\n\t<meta property=\"og:image:type\" content=\"image\/jpeg\" \/>\n<meta name=\"twitter:card\" content=\"summary_large_image\" \/>\n<script type=\"application\/ld+json\" class=\"yoast-schema-graph\">{\"@context\":\"https:\\\/\\\/schema.org\",\"@graph\":[{\"@type\":\"WebPage\",\"@id\":\"https:\\\/\\\/www.garvanacoustic.com\\\/fr\\\/references\\\/spectacle\\\/\",\"url\":\"https:\\\/\\\/www.garvanacoustic.com\\\/fr\\\/references\\\/spectacle\\\/\",\"name\":\"Spectacle - Garvan Acoustic\",\"isPartOf\":{\"@id\":\"https:\\\/\\\/www.garvanacoustic.com\\\/fr\\\/#website\"},\"datePublished\":\"2019-01-23T13:16:28+00:00\",\"breadcrumb\":{\"@id\":\"https:\\\/\\\/www.garvanacoustic.com\\\/fr\\\/references\\\/spectacle\\\/#breadcrumb\"},\"inLanguage\":\"fr-FR\",\"potentialAction\":[{\"@type\":\"ReadAction\",\"target\":[\"https:\\\/\\\/www.garvanacoustic.com\\\/fr\\\/references\\\/spectacle\\\/\"]}]},{\"@type\":\"BreadcrumbList\",\"@id\":\"https:\\\/\\\/www.garvanacoustic.com\\\/fr\\\/references\\\/spectacle\\\/#breadcrumb\",\"itemListElement\":[{\"@type\":\"ListItem\",\"position\":1,\"name\":\"Home\",\"item\":\"https:\\\/\\\/www.garvanacoustic.com\\\/fr\\\/\"},{\"@type\":\"ListItem\",\"position\":2,\"name\":\"R\u00e9f\u00e9rences\",\"item\":\"https:\\\/\\\/www.garvanacoustic.com\\\/fr\\\/references\\\/\"},{\"@type\":\"ListItem\",\"position\":3,\"name\":\"Spectacle\"}]},{\"@type\":\"WebSite\",\"@id\":\"https:\\\/\\\/www.garvanacoustic.com\\\/fr\\\/#website\",\"url\":\"https:\\\/\\\/www.garvanacoustic.com\\\/fr\\\/\",\"name\":\"Garvan Acoustic\",\"description\":\"Diffusori e trattamento acustico: scopri la qualit\u00e0 del Made in Italy\",\"publisher\":{\"@id\":\"https:\\\/\\\/www.garvanacoustic.com\\\/fr\\\/#organization\"},\"potentialAction\":[{\"@type\":\"SearchAction\",\"target\":{\"@type\":\"EntryPoint\",\"urlTemplate\":\"https:\\\/\\\/www.garvanacoustic.com\\\/fr\\\/?s={search_term_string}\"},\"query-input\":{\"@type\":\"PropertyValueSpecification\",\"valueRequired\":true,\"valueName\":\"search_term_string\"}}],\"inLanguage\":\"fr-FR\"},{\"@type\":\"Organization\",\"@id\":\"https:\\\/\\\/www.garvanacoustic.com\\\/fr\\\/#organization\",\"name\":\"Garvan Acoustic\",\"url\":\"https:\\\/\\\/www.garvanacoustic.com\\\/fr\\\/\",\"logo\":{\"@type\":\"ImageObject\",\"inLanguage\":\"fr-FR\",\"@id\":\"https:\\\/\\\/www.garvanacoustic.com\\\/fr\\\/#\\\/schema\\\/logo\\\/image\\\/\",\"url\":\"https:\\\/\\\/www.garvanacoustic.com\\\/wp-content\\\/uploads\\\/2018\\\/07\\\/garvan-acoustic-logo.png\",\"contentUrl\":\"https:\\\/\\\/www.garvanacoustic.com\\\/wp-content\\\/uploads\\\/2018\\\/07\\\/garvan-acoustic-logo.png\",\"width\":400,\"height\":161,\"caption\":\"Garvan Acoustic\"},\"image\":{\"@id\":\"https:\\\/\\\/www.garvanacoustic.com\\\/fr\\\/#\\\/schema\\\/logo\\\/image\\\/\"},\"sameAs\":[\"https:\\\/\\\/www.facebook.com\\\/garvanacoustic\",\"https:\\\/\\\/www.instagram.com\\\/garvanacoustic\\\/\"],\"description\":\"Produttori di Diffusori Acustici e Pannelli Fonoassorbenti Made in Italy\",\"email\":\"garvan@garvanacoustic.com\",\"telephone\":\"0546 682097\"}]}<\/script>\n<!-- \/ Yoast SEO Premium plugin. -->","yoast_head_json":{"title":"Spectacle - Garvan Acoustic","robots":{"index":"index","follow":"follow","max-snippet":"max-snippet:-1","max-image-preview":"max-image-preview:large","max-video-preview":"max-video-preview:-1"},"canonical":"https:\/\/www.garvanacoustic.com\/fr\/references\/spectacle\/","og_locale":"fr_FR","og_type":"article","og_title":"Spectacle","og_description":"73\u00e8me Mostra du Cin\u00e9ma de Venise - Du 31 Ao\u00fbt\u00a0au 10 Septembre 2016, Venise Garvan a \u00e9t\u00e9 choisi comme partenaire technique officiel du prix \u00ab Soundtrack Stars \u00bb pour la meilleure bande originale des films en comp\u00e9tition \u00e0 la \u00ab 73\u00e8me Mostra du Cin\u00e9ma de Venise \u00bb, le festival international, \u00e0 Venise du 31 Ao\u00fbt\u00a0au [&hellip;]","og_url":"https:\/\/www.garvanacoustic.com\/fr\/references\/spectacle\/","og_site_name":"Garvan Acoustic","article_publisher":"https:\/\/www.facebook.com\/garvanacoustic","og_image":[{"width":779,"height":437,"url":"https:\/\/www.garvanacoustic.com\/wp-content\/uploads\/2024\/07\/header-nwsl-garvan-e1759746705872.jpg","type":"image\/jpeg"}],"twitter_card":"summary_large_image","schema":{"@context":"https:\/\/schema.org","@graph":[{"@type":"WebPage","@id":"https:\/\/www.garvanacoustic.com\/fr\/references\/spectacle\/","url":"https:\/\/www.garvanacoustic.com\/fr\/references\/spectacle\/","name":"Spectacle - Garvan Acoustic","isPartOf":{"@id":"https:\/\/www.garvanacoustic.com\/fr\/#website"},"datePublished":"2019-01-23T13:16:28+00:00","breadcrumb":{"@id":"https:\/\/www.garvanacoustic.com\/fr\/references\/spectacle\/#breadcrumb"},"inLanguage":"fr-FR","potentialAction":[{"@type":"ReadAction","target":["https:\/\/www.garvanacoustic.com\/fr\/references\/spectacle\/"]}]},{"@type":"BreadcrumbList","@id":"https:\/\/www.garvanacoustic.com\/fr\/references\/spectacle\/#breadcrumb","itemListElement":[{"@type":"ListItem","position":1,"name":"Home","item":"https:\/\/www.garvanacoustic.com\/fr\/"},{"@type":"ListItem","position":2,"name":"R\u00e9f\u00e9rences","item":"https:\/\/www.garvanacoustic.com\/fr\/references\/"},{"@type":"ListItem","position":3,"name":"Spectacle"}]},{"@type":"WebSite","@id":"https:\/\/www.garvanacoustic.com\/fr\/#website","url":"https:\/\/www.garvanacoustic.com\/fr\/","name":"Garvan Acoustic","description":"Diffusori e trattamento acustico: scopri la qualit\u00e0 del Made in Italy","publisher":{"@id":"https:\/\/www.garvanacoustic.com\/fr\/#organization"},"potentialAction":[{"@type":"SearchAction","target":{"@type":"EntryPoint","urlTemplate":"https:\/\/www.garvanacoustic.com\/fr\/?s={search_term_string}"},"query-input":{"@type":"PropertyValueSpecification","valueRequired":true,"valueName":"search_term_string"}}],"inLanguage":"fr-FR"},{"@type":"Organization","@id":"https:\/\/www.garvanacoustic.com\/fr\/#organization","name":"Garvan Acoustic","url":"https:\/\/www.garvanacoustic.com\/fr\/","logo":{"@type":"ImageObject","inLanguage":"fr-FR","@id":"https:\/\/www.garvanacoustic.com\/fr\/#\/schema\/logo\/image\/","url":"https:\/\/www.garvanacoustic.com\/wp-content\/uploads\/2018\/07\/garvan-acoustic-logo.png","contentUrl":"https:\/\/www.garvanacoustic.com\/wp-content\/uploads\/2018\/07\/garvan-acoustic-logo.png","width":400,"height":161,"caption":"Garvan Acoustic"},"image":{"@id":"https:\/\/www.garvanacoustic.com\/fr\/#\/schema\/logo\/image\/"},"sameAs":["https:\/\/www.facebook.com\/garvanacoustic","https:\/\/www.instagram.com\/garvanacoustic\/"],"description":"Produttori di Diffusori Acustici e Pannelli Fonoassorbenti Made in Italy","email":"garvan@garvanacoustic.com","telephone":"0546 682097"}]}},"_links":{"self":[{"href":"https:\/\/www.garvanacoustic.com\/fr\/wp-json\/wp\/v2\/pages\/26466","targetHints":{"allow":["GET"]}}],"collection":[{"href":"https:\/\/www.garvanacoustic.com\/fr\/wp-json\/wp\/v2\/pages"}],"about":[{"href":"https:\/\/www.garvanacoustic.com\/fr\/wp-json\/wp\/v2\/types\/page"}],"author":[{"embeddable":true,"href":"https:\/\/www.garvanacoustic.com\/fr\/wp-json\/wp\/v2\/users\/6"}],"replies":[{"embeddable":true,"href":"https:\/\/www.garvanacoustic.com\/fr\/wp-json\/wp\/v2\/comments?post=26466"}],"version-history":[{"count":4,"href":"https:\/\/www.garvanacoustic.com\/fr\/wp-json\/wp\/v2\/pages\/26466\/revisions"}],"predecessor-version":[{"id":26488,"href":"https:\/\/www.garvanacoustic.com\/fr\/wp-json\/wp\/v2\/pages\/26466\/revisions\/26488"}],"up":[{"embeddable":true,"href":"https:\/\/www.garvanacoustic.com\/fr\/wp-json\/wp\/v2\/pages\/26530"}],"wp:attachment":[{"href":"https:\/\/www.garvanacoustic.com\/fr\/wp-json\/wp\/v2\/media?parent=26466"}],"curies":[{"name":"wp","href":"https:\/\/api.w.org\/{rel}","templated":true}]}}