{"id":26665,"date":"2019-01-23T16:49:45","date_gmt":"2019-01-23T15:49:45","guid":{"rendered":"https:\/\/www.garvanacoustic.com\/?page_id=26665"},"modified":"2020-09-22T15:29:23","modified_gmt":"2020-09-22T13:29:23","slug":"collection-goccia","status":"publish","type":"page","link":"https:\/\/www.garvanacoustic.com\/fr\/collections\/collection-goccia\/","title":{"rendered":"Collection [GOCCIA]"},"content":{"rendered":"<section class=\"no-padding\"><div class=\"wpb_column hcode-column-container no-padding vc_col-sm-12 col-xs-mobile-fullwidth\" data-front-class=\"no-padding col-xs-mobile-fullwidth\"><div class=\"vc-column-innner-wrapper\"><div class=\"onepage-corporate-slider\"><div id=\"hcode-owl-slider13-1\" class=\"owl-carousel owl-theme light-pagination  hcode-owl-slider13  cursor-black\"><div class=\"item owl-bg-img bg-image-srcset\" style=\"background-image:url(https:\/\/www.garvanacoustic.com\/wp-content\/uploads\/2019\/03\/Goccia-Interna-collezione.jpg)\" data-bg-srcset=\"https:\/\/www.garvanacoustic.com\/wp-content\/uploads\/2019\/03\/Goccia-Interna-collezione.jpg 1920w, https:\/\/www.garvanacoustic.com\/wp-content\/uploads\/2019\/03\/Goccia-Interna-collezione-300x173.jpg 300w, https:\/\/www.garvanacoustic.com\/wp-content\/uploads\/2019\/03\/Goccia-Interna-collezione-768x444.jpg 768w, https:\/\/www.garvanacoustic.com\/wp-content\/uploads\/2019\/03\/Goccia-Interna-collezione-1024x592.jpg 1024w, https:\/\/www.garvanacoustic.com\/wp-content\/uploads\/2019\/03\/Goccia-Interna-collezione-81x47.jpg 81w\"><div class=\"slider-overlay bg-slider\"><\/div><div class=\"container full-screen position-relative\"><div class=\"slider-typography\"><div class=\"slider-text-middle-main\"><div class=\"slider-text-middle\"><p class=\"text-large light-gray-text letter-spacing-3 margin-three\">\r\n<p class=\"titolo-linea\"><strong>Collection [GOCCIA]<\/strong><\/p>\r\n<p class=\"text-med center-col no-margin-bottom white-text width-50\">Le son naturel rencontre le design d\u2019int\u00e9rieurs e l\u2019art<\/p>\r\n<\/p><\/div><\/div><\/div><\/div><\/div><\/div><\/div>        <script type=\"text\/javascript\">jQuery(document).ready(function () { jQuery(\"#hcode-owl-slider13-1\").owlCarousel({ nav: false,dots: false,autoPlay: false, autoplayHoverPause: false, loop: false, items: 1,dotsSpeed: 400,navText: [\"<i class='fa-solid fa-angle-left'><\/i>\", \"<i class='fa-solid fa-angle-right'><\/i>\"] }); });<\/script>\n    \t<\/div><\/div><\/section><section><div class=\"container\"><div class=\"row\"><div class=\"wpb_column hcode-column-container text-center sm-text-center xs-text-center vc_col-sm-12 col-xs-mobile-fullwidth\" data-front-class=\"text-center sm-text-center xs-text-center col-xs-mobile-fullwidth\"><div class=\"vc-column-innner-wrapper\"><p class=\"text-med center-col no-margin-bottom width-50\">La collection [GOCCIA] de Garvan Acoustic est la seule s\u00e9rie de haut-parleurs suspendus en c\u00e9ramique, alliant la reproduction naturelle du son au design d'int\u00e9rieur et \u00e0 l'art.<\/p>\n<\/div><\/div><\/div><\/div><\/section><section  class=\"row-equal-height row-content-middle no-padding hcode-row-flex cover-background\"><div class=\"wpb_column hcode-column-container  vc_custom_1547045018282 hcode-column-1 no-padding vc_col-sm-6 col-xs-mobile-fullwidth\" data-front-class=\" vc_custom_1547045018282 hcode-column-1 no-padding col-xs-mobile-fullwidth\" data-background=#fafafa style=\" background:#fafafa;\"><div class=\"vc-column-innner-wrapper\"><\/div><\/div><div class=\"wpb_column hcode-column-container  vc_custom_1536763529777 text-left sm-text-left xs-text-left padding-three vc_col-sm-6 col-xs-mobile-fullwidth\" data-front-class=\" vc_custom_1536763529777 text-left sm-text-left xs-text-left padding-three col-xs-mobile-fullwidth\" data-background=#fafafa style=\" background:#fafafa;\"><div class=\"vc-column-innner-wrapper\"><div class=\"padding-ten\"><p class=\"titolo-black2\"><strong>Puret\u00e9 du son<br \/>\n<\/strong><\/p>\n<p class=\"testo-sottotitolo width 80\">Le projet s\u2019inspire \u00e0 un haut-parleur suspendu sph\u00e9rique, cr\u00e9ant un environnement acoustique r\u00e9el, ainsi qu\u2019un son naturel et reposant obtenu gr\u00e2ce \u00e0 composants de pointe, \u00e0 une production Made in Italy et \u00e0 des tests individuels sur chaque produit.<\/p>\n<\/div><\/div><\/div><\/section><section class=\"row-equal-height row-content-middle no-padding hcode-row-flex\"><div class=\"wpb_column hcode-column-container  vc_custom_1536679116997 text-left sm-text-left xs-text-left padding-three vc_col-sm-6 col-xs-mobile-fullwidth\" data-front-class=\" vc_custom_1536679116997 text-left sm-text-left xs-text-left padding-three col-xs-mobile-fullwidth\" data-background=#fafafa style=\" background:#fafafa;\"><div class=\"vc-column-innner-wrapper\"><div class=\"padding-ten\"><p class=\"titolo-black2\"><strong>Design intemporel<br \/>\n<\/strong><\/p>\n<p class=\"testo-sottotitolo width 80\">L'\u00e9l\u00e9gance de la technique des suspensions d'\u00e9clairage s\u2019\u00e9tend aux solutions audio, pour vous offrir un objet d'ameublement \u00e0 la forme sinueuse, inspir\u00e9e par la nature et realis\u00e9 en diff\u00e9rentes couleurs et dans un design intemporel.<\/p>\n<\/div><\/div><\/div><div class=\"wpb_column hcode-column-container  vc_custom_1547045926647 hcode-column-2 no-padding vc_col-sm-6 col-xs-mobile-fullwidth\" data-front-class=\" vc_custom_1547045926647 hcode-column-2 no-padding col-xs-mobile-fullwidth\"><div class=\"vc-column-innner-wrapper\"><\/div><\/div><\/section><section class=\"row-equal-height row-content-middle no-padding hcode-row-flex\"><div class=\"wpb_column hcode-column-container  vc_custom_1547045060547 hcode-column-3 no-padding vc_col-sm-6 col-xs-mobile-fullwidth\" data-front-class=\" vc_custom_1547045060547 hcode-column-3 no-padding col-xs-mobile-fullwidth\" data-background=#fafafa style=\" background:#fafafa;\"><div class=\"vc-column-innner-wrapper\"><\/div><\/div><div class=\"wpb_column hcode-column-container  vc_custom_1536679552286 text-left sm-text-left xs-text-left padding-three vc_col-sm-6 col-xs-mobile-fullwidth\" data-front-class=\" vc_custom_1536679552286 text-left sm-text-left xs-text-left padding-three col-xs-mobile-fullwidth\" data-background=#fafafa style=\" background:#fafafa;\"><div class=\"vc-column-innner-wrapper\"><div class=\"padding-ten\"><p class=\"titolo-black2\"><strong>Une \u0153uvre d'art unique en c\u00e9ramique de Faenza<\/strong><\/p>\n<p class=\"testo-sottotitolo width 80\">Chaque produit c\u00e9ramique Garvan est unique et irrempla\u00e7able, car il est fabriqu\u00e9 individuellement par les mains expertes des ma\u00eetres de l'atelier de l'atelier Gatti de Faenza. Nous vous offrons de finitions exclusives inspir\u00e9es aux traditions et au savoir-faire de notre r\u00e9gion : c\u2019est le cas des d\u00e9corations th\u00e9matique inspir\u00e9es au Misano World Circuit et con\u00e7ues par Aldo Drudi (Prix Golden Compass ADI), des effets stup\u00e9fiants tels que les couleurs perle, les m\u00e9taux nobles (or, platine et cuivre) et l\u2019effet \u00ab Riflesso \u00bb qui, depuis un si\u00e8cle, reste encore aujourd'hui un secret.<\/p>\n<\/div><\/div><\/div><\/section><section class=\"padding-two\"><div class=\"container-fluid\"><div class=\"row\"><div class=\"wpb_column hcode-column-container text-center sm-text-center xs-text-center  col-xs-mobile-fullwidth\" data-front-class=\"text-center sm-text-center xs-text-center col-xs-mobile-fullwidth front-column-class\"><div class=\"vc-column-innner-wrapper\">[vc_single_image image=\"25785\" img_size=\"650x433\" alignment=\"center\"]<p>SVK15<\/p>\n<a  href=\"https:\/\/www.garvanacoustic.com\/fr\/produit\/svk15\/\" target=\"_self\"  class=\"inner-link button btn highlight-button-dark btn-small\">D\u00e9couvrir<\/a>[vc_empty_space][vc_separator]<\/div><\/div><\/div><\/div><\/section>","protected":false},"excerpt":{"rendered":"<p>Collection [GOCCIA] Le son naturel rencontre le design d\u2019int\u00e9rieurs e l\u2019art La collection [GOCCIA] de Garvan Acoustic est la seule s\u00e9rie de haut-parleurs suspendus en c\u00e9ramique, alliant la reproduction naturelle du son au design d&rsquo;int\u00e9rieur et \u00e0 l&rsquo;art. Puret\u00e9 du son Le projet s\u2019inspire \u00e0 un haut-parleur suspendu sph\u00e9rique, cr\u00e9ant un environnement acoustique r\u00e9el, ainsi [&hellip;]<\/p>\n","protected":false},"author":6,"featured_media":0,"parent":26641,"menu_order":0,"comment_status":"open","ping_status":"closed","template":"","meta":{"_joinchat":[],"footnotes":""},"class_list":["post-26665","page","type-page","status-publish","hentry"],"yoast_head":"<!-- This site is optimized with the Yoast SEO Premium plugin v27.4 (Yoast SEO v27.4) - https:\/\/yoast.com\/product\/yoast-seo-premium-wordpress\/ -->\n<title>Collection [GOCCIA] - Garvan Acoustic<\/title>\n<meta name=\"robots\" content=\"index, follow, max-snippet:-1, max-image-preview:large, max-video-preview:-1\" \/>\n<link rel=\"canonical\" href=\"https:\/\/www.garvanacoustic.com\/fr\/collections\/collection-goccia\/\" \/>\n<meta property=\"og:locale\" content=\"fr_FR\" \/>\n<meta property=\"og:type\" content=\"article\" \/>\n<meta property=\"og:title\" content=\"Collection [GOCCIA]\" \/>\n<meta property=\"og:description\" content=\"Collection [GOCCIA] Le son naturel rencontre le design d\u2019int\u00e9rieurs e l\u2019art La collection [GOCCIA] de Garvan Acoustic est la seule s\u00e9rie de haut-parleurs suspendus en c\u00e9ramique, alliant la reproduction naturelle du son au design d&#039;int\u00e9rieur et \u00e0 l&#039;art. Puret\u00e9 du son Le projet s\u2019inspire \u00e0 un haut-parleur suspendu sph\u00e9rique, cr\u00e9ant un environnement acoustique r\u00e9el, ainsi [&hellip;]\" \/>\n<meta property=\"og:url\" content=\"https:\/\/www.garvanacoustic.com\/fr\/collections\/collection-goccia\/\" \/>\n<meta property=\"og:site_name\" content=\"Garvan Acoustic\" \/>\n<meta property=\"article:publisher\" content=\"https:\/\/www.facebook.com\/garvanacoustic\" \/>\n<meta property=\"article:modified_time\" content=\"2020-09-22T13:29:23+00:00\" \/>\n<meta property=\"og:image\" content=\"https:\/\/www.garvanacoustic.com\/wp-content\/uploads\/2024\/07\/header-nwsl-garvan-e1759746705872.jpg\" \/>\n\t<meta property=\"og:image:width\" content=\"779\" \/>\n\t<meta property=\"og:image:height\" content=\"437\" \/>\n\t<meta property=\"og:image:type\" content=\"image\/jpeg\" \/>\n<meta name=\"twitter:card\" content=\"summary_large_image\" \/>\n<meta name=\"twitter:label1\" content=\"Dur\u00e9e de lecture estim\u00e9e\" \/>\n\t<meta name=\"twitter:data1\" content=\"5 minutes\" \/>\n<script type=\"application\/ld+json\" class=\"yoast-schema-graph\">{\"@context\":\"https:\\\/\\\/schema.org\",\"@graph\":[{\"@type\":\"WebPage\",\"@id\":\"https:\\\/\\\/www.garvanacoustic.com\\\/fr\\\/collections\\\/collection-goccia\\\/\",\"url\":\"https:\\\/\\\/www.garvanacoustic.com\\\/fr\\\/collections\\\/collection-goccia\\\/\",\"name\":\"Collection [GOCCIA] - Garvan Acoustic\",\"isPartOf\":{\"@id\":\"https:\\\/\\\/www.garvanacoustic.com\\\/fr\\\/#website\"},\"datePublished\":\"2019-01-23T15:49:45+00:00\",\"dateModified\":\"2020-09-22T13:29:23+00:00\",\"breadcrumb\":{\"@id\":\"https:\\\/\\\/www.garvanacoustic.com\\\/fr\\\/collections\\\/collection-goccia\\\/#breadcrumb\"},\"inLanguage\":\"fr-FR\",\"potentialAction\":[{\"@type\":\"ReadAction\",\"target\":[\"https:\\\/\\\/www.garvanacoustic.com\\\/fr\\\/collections\\\/collection-goccia\\\/\"]}]},{\"@type\":\"BreadcrumbList\",\"@id\":\"https:\\\/\\\/www.garvanacoustic.com\\\/fr\\\/collections\\\/collection-goccia\\\/#breadcrumb\",\"itemListElement\":[{\"@type\":\"ListItem\",\"position\":1,\"name\":\"Home\",\"item\":\"https:\\\/\\\/www.garvanacoustic.com\\\/fr\\\/\"},{\"@type\":\"ListItem\",\"position\":2,\"name\":\"Collections\",\"item\":\"https:\\\/\\\/www.garvanacoustic.com\\\/fr\\\/collections\\\/\"},{\"@type\":\"ListItem\",\"position\":3,\"name\":\"Collection [GOCCIA]\"}]},{\"@type\":\"WebSite\",\"@id\":\"https:\\\/\\\/www.garvanacoustic.com\\\/fr\\\/#website\",\"url\":\"https:\\\/\\\/www.garvanacoustic.com\\\/fr\\\/\",\"name\":\"Garvan Acoustic\",\"description\":\"Diffusori e trattamento acustico: scopri la qualit\u00e0 del Made in Italy\",\"publisher\":{\"@id\":\"https:\\\/\\\/www.garvanacoustic.com\\\/fr\\\/#organization\"},\"potentialAction\":[{\"@type\":\"SearchAction\",\"target\":{\"@type\":\"EntryPoint\",\"urlTemplate\":\"https:\\\/\\\/www.garvanacoustic.com\\\/fr\\\/?s={search_term_string}\"},\"query-input\":{\"@type\":\"PropertyValueSpecification\",\"valueRequired\":true,\"valueName\":\"search_term_string\"}}],\"inLanguage\":\"fr-FR\"},{\"@type\":\"Organization\",\"@id\":\"https:\\\/\\\/www.garvanacoustic.com\\\/fr\\\/#organization\",\"name\":\"Garvan Acoustic\",\"url\":\"https:\\\/\\\/www.garvanacoustic.com\\\/fr\\\/\",\"logo\":{\"@type\":\"ImageObject\",\"inLanguage\":\"fr-FR\",\"@id\":\"https:\\\/\\\/www.garvanacoustic.com\\\/fr\\\/#\\\/schema\\\/logo\\\/image\\\/\",\"url\":\"https:\\\/\\\/www.garvanacoustic.com\\\/wp-content\\\/uploads\\\/2018\\\/07\\\/garvan-acoustic-logo.png\",\"contentUrl\":\"https:\\\/\\\/www.garvanacoustic.com\\\/wp-content\\\/uploads\\\/2018\\\/07\\\/garvan-acoustic-logo.png\",\"width\":400,\"height\":161,\"caption\":\"Garvan Acoustic\"},\"image\":{\"@id\":\"https:\\\/\\\/www.garvanacoustic.com\\\/fr\\\/#\\\/schema\\\/logo\\\/image\\\/\"},\"sameAs\":[\"https:\\\/\\\/www.facebook.com\\\/garvanacoustic\",\"https:\\\/\\\/www.instagram.com\\\/garvanacoustic\\\/\"],\"description\":\"Produttori di Diffusori Acustici e Pannelli Fonoassorbenti Made in Italy\",\"email\":\"garvan@garvanacoustic.com\",\"telephone\":\"0546 682097\"}]}<\/script>\n<!-- \/ Yoast SEO Premium plugin. -->","yoast_head_json":{"title":"Collection [GOCCIA] - Garvan Acoustic","robots":{"index":"index","follow":"follow","max-snippet":"max-snippet:-1","max-image-preview":"max-image-preview:large","max-video-preview":"max-video-preview:-1"},"canonical":"https:\/\/www.garvanacoustic.com\/fr\/collections\/collection-goccia\/","og_locale":"fr_FR","og_type":"article","og_title":"Collection [GOCCIA]","og_description":"Collection [GOCCIA] Le son naturel rencontre le design d\u2019int\u00e9rieurs e l\u2019art La collection [GOCCIA] de Garvan Acoustic est la seule s\u00e9rie de haut-parleurs suspendus en c\u00e9ramique, alliant la reproduction naturelle du son au design d'int\u00e9rieur et \u00e0 l'art. Puret\u00e9 du son Le projet s\u2019inspire \u00e0 un haut-parleur suspendu sph\u00e9rique, cr\u00e9ant un environnement acoustique r\u00e9el, ainsi [&hellip;]","og_url":"https:\/\/www.garvanacoustic.com\/fr\/collections\/collection-goccia\/","og_site_name":"Garvan Acoustic","article_publisher":"https:\/\/www.facebook.com\/garvanacoustic","article_modified_time":"2020-09-22T13:29:23+00:00","og_image":[{"width":779,"height":437,"url":"https:\/\/www.garvanacoustic.com\/wp-content\/uploads\/2024\/07\/header-nwsl-garvan-e1759746705872.jpg","type":"image\/jpeg"}],"twitter_card":"summary_large_image","twitter_misc":{"Dur\u00e9e de lecture estim\u00e9e":"5 minutes"},"schema":{"@context":"https:\/\/schema.org","@graph":[{"@type":"WebPage","@id":"https:\/\/www.garvanacoustic.com\/fr\/collections\/collection-goccia\/","url":"https:\/\/www.garvanacoustic.com\/fr\/collections\/collection-goccia\/","name":"Collection [GOCCIA] - Garvan Acoustic","isPartOf":{"@id":"https:\/\/www.garvanacoustic.com\/fr\/#website"},"datePublished":"2019-01-23T15:49:45+00:00","dateModified":"2020-09-22T13:29:23+00:00","breadcrumb":{"@id":"https:\/\/www.garvanacoustic.com\/fr\/collections\/collection-goccia\/#breadcrumb"},"inLanguage":"fr-FR","potentialAction":[{"@type":"ReadAction","target":["https:\/\/www.garvanacoustic.com\/fr\/collections\/collection-goccia\/"]}]},{"@type":"BreadcrumbList","@id":"https:\/\/www.garvanacoustic.com\/fr\/collections\/collection-goccia\/#breadcrumb","itemListElement":[{"@type":"ListItem","position":1,"name":"Home","item":"https:\/\/www.garvanacoustic.com\/fr\/"},{"@type":"ListItem","position":2,"name":"Collections","item":"https:\/\/www.garvanacoustic.com\/fr\/collections\/"},{"@type":"ListItem","position":3,"name":"Collection [GOCCIA]"}]},{"@type":"WebSite","@id":"https:\/\/www.garvanacoustic.com\/fr\/#website","url":"https:\/\/www.garvanacoustic.com\/fr\/","name":"Garvan Acoustic","description":"Diffusori e trattamento acustico: scopri la qualit\u00e0 del Made in Italy","publisher":{"@id":"https:\/\/www.garvanacoustic.com\/fr\/#organization"},"potentialAction":[{"@type":"SearchAction","target":{"@type":"EntryPoint","urlTemplate":"https:\/\/www.garvanacoustic.com\/fr\/?s={search_term_string}"},"query-input":{"@type":"PropertyValueSpecification","valueRequired":true,"valueName":"search_term_string"}}],"inLanguage":"fr-FR"},{"@type":"Organization","@id":"https:\/\/www.garvanacoustic.com\/fr\/#organization","name":"Garvan Acoustic","url":"https:\/\/www.garvanacoustic.com\/fr\/","logo":{"@type":"ImageObject","inLanguage":"fr-FR","@id":"https:\/\/www.garvanacoustic.com\/fr\/#\/schema\/logo\/image\/","url":"https:\/\/www.garvanacoustic.com\/wp-content\/uploads\/2018\/07\/garvan-acoustic-logo.png","contentUrl":"https:\/\/www.garvanacoustic.com\/wp-content\/uploads\/2018\/07\/garvan-acoustic-logo.png","width":400,"height":161,"caption":"Garvan Acoustic"},"image":{"@id":"https:\/\/www.garvanacoustic.com\/fr\/#\/schema\/logo\/image\/"},"sameAs":["https:\/\/www.facebook.com\/garvanacoustic","https:\/\/www.instagram.com\/garvanacoustic\/"],"description":"Produttori di Diffusori Acustici e Pannelli Fonoassorbenti Made in Italy","email":"garvan@garvanacoustic.com","telephone":"0546 682097"}]}},"_links":{"self":[{"href":"https:\/\/www.garvanacoustic.com\/fr\/wp-json\/wp\/v2\/pages\/26665","targetHints":{"allow":["GET"]}}],"collection":[{"href":"https:\/\/www.garvanacoustic.com\/fr\/wp-json\/wp\/v2\/pages"}],"about":[{"href":"https:\/\/www.garvanacoustic.com\/fr\/wp-json\/wp\/v2\/types\/page"}],"author":[{"embeddable":true,"href":"https:\/\/www.garvanacoustic.com\/fr\/wp-json\/wp\/v2\/users\/6"}],"replies":[{"embeddable":true,"href":"https:\/\/www.garvanacoustic.com\/fr\/wp-json\/wp\/v2\/comments?post=26665"}],"version-history":[{"count":14,"href":"https:\/\/www.garvanacoustic.com\/fr\/wp-json\/wp\/v2\/pages\/26665\/revisions"}],"predecessor-version":[{"id":39034,"href":"https:\/\/www.garvanacoustic.com\/fr\/wp-json\/wp\/v2\/pages\/26665\/revisions\/39034"}],"up":[{"embeddable":true,"href":"https:\/\/www.garvanacoustic.com\/fr\/wp-json\/wp\/v2\/pages\/26641"}],"wp:attachment":[{"href":"https:\/\/www.garvanacoustic.com\/fr\/wp-json\/wp\/v2\/media?parent=26665"}],"curies":[{"name":"wp","href":"https:\/\/api.w.org\/{rel}","templated":true}]}}