{"id":62442,"date":"2023-02-21T18:42:50","date_gmt":"2023-02-21T17:42:50","guid":{"rendered":"https:\/\/www.garvanacoustic.com\/magazine\/panneaux-insonorisants\/home-cinema\/"},"modified":"2023-10-30T12:10:23","modified_gmt":"2023-10-30T11:10:23","slug":"home-cinema","status":"publish","type":"page","link":"https:\/\/www.garvanacoustic.com\/fr\/magazine\/panneaux-insonorisants\/home-cinema\/","title":{"rendered":"Home cinema"},"content":{"rendered":"<section><div class=\"container\"><div class=\"row\"><div class=\"wpb_column hcode-column-container  col-xs-mobile-fullwidth\" data-front-class=\"col-xs-mobile-fullwidth front-column-class\"><div class=\"vc-column-innner-wrapper\"><div class=\"blog-3col product-3\"><div class=\"post-80249 post type-post status-publish format-standard has-post-thumbnail hentry category-bureaux category-home-cinema-fr category-news-lifestyle category-panneaux-acoustiques category-restaurants\"><div class=\"col-md-4 col-sm-6 col-xs-12 blog-listing \" ><div class=\"blog-post\"><div class=\"blog-image\"><a href=\"https:\/\/www.garvanacoustic.com\/fr\/panneaux-acoustiques\/comment-eliminer-lecho-et-la-reverberation-dans-une-salle-de-sport\/\"><img decoding=\"async\" width=\"1068\" height=\"584\" src=\"https:\/\/www.garvanacoustic.com\/wp-content\/uploads\/2025\/10\/Come-eliminare-eco-e-riverbero-in-palestra.jpg\" class=\"attachment-full size-full wp-post-image\" alt=\"\" srcset=\"https:\/\/www.garvanacoustic.com\/wp-content\/uploads\/2025\/10\/Come-eliminare-eco-e-riverbero-in-palestra.jpg 1068w, https:\/\/www.garvanacoustic.com\/wp-content\/uploads\/2025\/10\/Come-eliminare-eco-e-riverbero-in-palestra-300x164.jpg 300w, https:\/\/www.garvanacoustic.com\/wp-content\/uploads\/2025\/10\/Come-eliminare-eco-e-riverbero-in-palestra-1024x560.jpg 1024w, https:\/\/www.garvanacoustic.com\/wp-content\/uploads\/2025\/10\/Come-eliminare-eco-e-riverbero-in-palestra-768x420.jpg 768w, https:\/\/www.garvanacoustic.com\/wp-content\/uploads\/2025\/10\/Come-eliminare-eco-e-riverbero-in-palestra-81x44.jpg 81w\" sizes=\"(max-width: 1068px) 100vw, 1068px\" \/><\/a><\/div><div class=\"blog-details hcode-blog-1\"><div class=\"blog-date\"><span class=\"published\">29 avril 2026<\/span><time class=\"updated display-none\" datetime=\"2026-04-29T10:29:55+02:00\">29 avril 2026<\/time><\/div><div class=\"blog-title entry-title\"><a href=\"https:\/\/www.garvanacoustic.com\/fr\/panneaux-acoustiques\/comment-eliminer-lecho-et-la-reverberation-dans-une-salle-de-sport\/\">Comment \u00e9liminer l\u2019\u00e9cho et la r\u00e9verb\u00e9ration dans une salle de sport<\/a><\/div><div class=\"hcode-blog-excerpt blog-short-description entry-content\"><p>D\u00e9couvrez comment am\u00e9liorer l'acoustique d'une salle de sport en \u00e9liminant l'\u00e9cho et la r\u00e9verb\u00e9ration gr\u00e2ce \u00e0 des panneaux insonorisants pour...<\/p>\n<\/div><div class=\"hcode-blog-separator separator-line bg-black no-margin-lr\"><\/div><\/div><\/div><\/div><\/div><div class=\"post-74512 post type-post status-publish format-image has-post-thumbnail hentry category-bureaux category-educative category-home-cinema-fr category-panneaux-acoustiques category-restaurants post_format-post-format-image\"><div class=\"col-md-4 col-sm-6 col-xs-12 blog-listing \" ><div class=\"blog-post\"><div class=\"blog-image\"><a href=\"https:\/\/www.garvanacoustic.com\/fr\/educative\/panneaux-dabsorption-acoustique-pour-reduire-lecho-et-la-reverberation\/\"><img decoding=\"async\" width=\"4724\" height=\"2647\" src=\"https:\/\/www.garvanacoustic.com\/wp-content\/uploads\/2024\/08\/single-av-casa-1.jpg\" class=\"attachment-full size-full wp-post-image\" alt=\"\" srcset=\"https:\/\/www.garvanacoustic.com\/wp-content\/uploads\/2024\/08\/single-av-casa-1.jpg 4724w, https:\/\/www.garvanacoustic.com\/wp-content\/uploads\/2024\/08\/single-av-casa-1-300x168.jpg 300w, https:\/\/www.garvanacoustic.com\/wp-content\/uploads\/2024\/08\/single-av-casa-1-1024x574.jpg 1024w, https:\/\/www.garvanacoustic.com\/wp-content\/uploads\/2024\/08\/single-av-casa-1-768x430.jpg 768w, https:\/\/www.garvanacoustic.com\/wp-content\/uploads\/2024\/08\/single-av-casa-1-1536x861.jpg 1536w, https:\/\/www.garvanacoustic.com\/wp-content\/uploads\/2024\/08\/single-av-casa-1-2048x1148.jpg 2048w, https:\/\/www.garvanacoustic.com\/wp-content\/uploads\/2024\/08\/single-av-casa-1-81x45.jpg 81w\" sizes=\"(max-width: 4724px) 100vw, 4724px\" \/><\/a><\/div><div class=\"blog-details hcode-blog-1\"><div class=\"blog-date\"><span class=\"published\">22 avril 2025<\/span><time class=\"updated display-none\" datetime=\"2025-04-22T17:30:29+02:00\">22 avril 2025<\/time><\/div><div class=\"blog-title entry-title\"><a href=\"https:\/\/www.garvanacoustic.com\/fr\/educative\/panneaux-dabsorption-acoustique-pour-reduire-lecho-et-la-reverberation\/\">Panneaux d&rsquo;absorption acoustique pour r\u00e9duire l&rsquo;\u00e9cho et la r\u00e9verb\u00e9ration<\/a><\/div><div class=\"hcode-blog-excerpt blog-short-description entry-content\"><p>Panneaux d'absorption acoustique pour am\u00e9liorer l'acoustique, r\u00e9duire la r\u00e9verb\u00e9ration et d\u00e9corer n'importe quelle pi\u00e8ce. Des solutions \u00e9l\u00e9gantes pour la maison...<\/p>\n<\/div><div class=\"hcode-blog-separator separator-line bg-black no-margin-lr\"><\/div><\/div><\/div><\/div><\/div><div class=\"post-74450 post type-post status-publish format-image has-post-thumbnail hentry category-bureaux category-educative category-home-cinema-fr category-panneaux-acoustiques category-restaurants post_format-post-format-image\"><div class=\"col-md-4 col-sm-6 col-xs-12 blog-listing \" ><div class=\"blog-post\"><div class=\"blog-image\"><a href=\"https:\/\/www.garvanacoustic.com\/fr\/educative\/panneaux-de-plafond-acoustique-et-de-faux-plafond\/\"><img decoding=\"async\" width=\"1024\" height=\"1024\" src=\"https:\/\/www.garvanacoustic.com\/wp-content\/uploads\/2025\/04\/soffitto-fonoassorbente-Ufficio.jpg\" class=\"attachment-full size-full wp-post-image\" alt=\"\" srcset=\"https:\/\/www.garvanacoustic.com\/wp-content\/uploads\/2025\/04\/soffitto-fonoassorbente-Ufficio.jpg 1024w, https:\/\/www.garvanacoustic.com\/wp-content\/uploads\/2025\/04\/soffitto-fonoassorbente-Ufficio-300x300.jpg 300w, https:\/\/www.garvanacoustic.com\/wp-content\/uploads\/2025\/04\/soffitto-fonoassorbente-Ufficio-150x150.jpg 150w, https:\/\/www.garvanacoustic.com\/wp-content\/uploads\/2025\/04\/soffitto-fonoassorbente-Ufficio-768x768.jpg 768w, https:\/\/www.garvanacoustic.com\/wp-content\/uploads\/2025\/04\/soffitto-fonoassorbente-Ufficio-81x81.jpg 81w\" sizes=\"(max-width: 1024px) 100vw, 1024px\" \/><\/a><\/div><div class=\"blog-details hcode-blog-1\"><div class=\"blog-date\"><span class=\"published\">16 avril 2025<\/span><time class=\"updated display-none\" datetime=\"2025-04-16T10:03:40+02:00\">16 avril 2025<\/time><\/div><div class=\"blog-title entry-title\"><a href=\"https:\/\/www.garvanacoustic.com\/fr\/educative\/panneaux-de-plafond-acoustique-et-de-faux-plafond\/\">Panneaux de plafond acoustique et de faux plafond<\/a><\/div><div class=\"hcode-blog-excerpt blog-short-description entry-content\"><p>R\u00e9duisez la r\u00e9verb\u00e9ration avec des absorbeurs de plafond. D\u00e9couvrez les avantages, les types et les conseils pour am\u00e9liorer le confort...<\/p>\n<\/div><div class=\"hcode-blog-separator separator-line bg-black no-margin-lr\"><\/div><\/div><\/div><\/div><\/div><div class=\"post-68111 post type-post status-publish format-image has-post-thumbnail hentry category-bureaux category-educative category-home-cinema-fr category-panneaux-acoustiques category-restaurants post_format-post-format-image\"><div class=\"col-md-4 col-sm-6 col-xs-12 blog-listing \" ><div class=\"blog-post\"><div class=\"blog-image\"><a href=\"https:\/\/www.garvanacoustic.com\/fr\/educative\/panneaux-de-plafond-acoustique\/\"><img decoding=\"async\" width=\"900\" height=\"600\" src=\"https:\/\/www.garvanacoustic.com\/wp-content\/uploads\/2020\/01\/soffitto_min-1.jpg\" class=\"attachment-full size-full wp-post-image\" alt=\"\" srcset=\"https:\/\/www.garvanacoustic.com\/wp-content\/uploads\/2020\/01\/soffitto_min-1.jpg 900w, https:\/\/www.garvanacoustic.com\/wp-content\/uploads\/2020\/01\/soffitto_min-1-300x200.jpg 300w, https:\/\/www.garvanacoustic.com\/wp-content\/uploads\/2020\/01\/soffitto_min-1-768x512.jpg 768w, https:\/\/www.garvanacoustic.com\/wp-content\/uploads\/2020\/01\/soffitto_min-1-81x54.jpg 81w\" sizes=\"(max-width: 900px) 100vw, 900px\" \/><\/a><\/div><div class=\"blog-details hcode-blog-1\"><div class=\"blog-date\"><span class=\"published\">08 avril 2024<\/span><time class=\"updated display-none\" datetime=\"2024-07-09T10:27:27+02:00\">09 juillet 2024<\/time><\/div><div class=\"blog-title entry-title\"><a href=\"https:\/\/www.garvanacoustic.com\/fr\/educative\/panneaux-de-plafond-acoustique\/\">Panneaux de plafond acoustique<\/a><\/div><div class=\"hcode-blog-excerpt blog-short-description entry-content\"><p>Garvan Acoustic propose plusieurs solutions de plafonds insonorisants, chacune ayant des caract\u00e9ristiques sp\u00e9cifiques pour s'adapter \u00e0 diff\u00e9rents types d'environnements et...<\/p>\n<\/div><div class=\"hcode-blog-separator separator-line bg-black no-margin-lr\"><\/div><\/div><\/div><\/div><\/div><div class=\"post-58888 post type-post status-publish format-standard has-post-thumbnail hentry category-home-cinema-fr category-panneaux-acoustiques category-particuliers category-references-fr-2\"><div class=\"col-md-4 col-sm-6 col-xs-12 blog-listing \" ><div class=\"blog-post\"><div class=\"blog-image\"><a href=\"https:\/\/www.garvanacoustic.com\/fr\/references-fr-2\/maison-particuliere-espagne\/\"><img decoding=\"async\" width=\"1920\" height=\"939\" src=\"https:\/\/www.garvanacoustic.com\/wp-content\/uploads\/2022\/12\/pannelli-fonoassorbenti-home-cinema.jpg\" class=\"attachment-full size-full wp-post-image\" alt=\"\" srcset=\"https:\/\/www.garvanacoustic.com\/wp-content\/uploads\/2022\/12\/pannelli-fonoassorbenti-home-cinema.jpg 1920w, https:\/\/www.garvanacoustic.com\/wp-content\/uploads\/2022\/12\/pannelli-fonoassorbenti-home-cinema-300x147.jpg 300w, https:\/\/www.garvanacoustic.com\/wp-content\/uploads\/2022\/12\/pannelli-fonoassorbenti-home-cinema-1024x501.jpg 1024w, https:\/\/www.garvanacoustic.com\/wp-content\/uploads\/2022\/12\/pannelli-fonoassorbenti-home-cinema-768x376.jpg 768w, https:\/\/www.garvanacoustic.com\/wp-content\/uploads\/2022\/12\/pannelli-fonoassorbenti-home-cinema-1536x751.jpg 1536w, https:\/\/www.garvanacoustic.com\/wp-content\/uploads\/2022\/12\/pannelli-fonoassorbenti-home-cinema-81x40.jpg 81w\" sizes=\"(max-width: 1920px) 100vw, 1920px\" \/><\/a><\/div><div class=\"blog-details hcode-blog-1\"><div class=\"blog-date\"><span class=\"published\">28 d\u00e9cembre 2022<\/span><time class=\"updated display-none\" datetime=\"2023-10-30T12:33:38+01:00\">30 octobre 2023<\/time><\/div><div class=\"blog-title entry-title\"><a href=\"https:\/\/www.garvanacoustic.com\/fr\/references-fr-2\/maison-particuliere-espagne\/\">MAISON PARTICULI\u00c8RE, ESPAGNE<\/a><\/div><div class=\"hcode-blog-excerpt blog-short-description entry-content\"><p>Panneaux d'isolation acoustique @ MAISON PARTICULI\u00c8RE, ESPAGNE La coexistence harmonieuse entre les corps \u00e9clairants et le plafond et les \u00e9l\u00e9ments...<\/p>\n<\/div><div class=\"hcode-blog-separator separator-line bg-black no-margin-lr\"><\/div><\/div><\/div><\/div><\/div><div class=\"post-58971 post type-post status-publish format-standard has-post-thumbnail hentry category-home-cinema-fr category-panneaux-acoustiques category-particuliers category-references-fr-2\"><div class=\"col-md-4 col-sm-6 col-xs-12 blog-listing \" ><div class=\"blog-post\"><div class=\"blog-image\"><a href=\"https:\/\/www.garvanacoustic.com\/fr\/references-fr-2\/salle-de-cinema\/\"><img decoding=\"async\" width=\"1920\" height=\"1080\" src=\"https:\/\/www.garvanacoustic.com\/wp-content\/uploads\/2022\/12\/pannelli-fonoassorbenti_home-cinema_header.jpg\" class=\"attachment-full size-full wp-post-image\" alt=\"\" srcset=\"https:\/\/www.garvanacoustic.com\/wp-content\/uploads\/2022\/12\/pannelli-fonoassorbenti_home-cinema_header.jpg 1920w, https:\/\/www.garvanacoustic.com\/wp-content\/uploads\/2022\/12\/pannelli-fonoassorbenti_home-cinema_header-300x169.jpg 300w, https:\/\/www.garvanacoustic.com\/wp-content\/uploads\/2022\/12\/pannelli-fonoassorbenti_home-cinema_header-1024x576.jpg 1024w, https:\/\/www.garvanacoustic.com\/wp-content\/uploads\/2022\/12\/pannelli-fonoassorbenti_home-cinema_header-768x432.jpg 768w, https:\/\/www.garvanacoustic.com\/wp-content\/uploads\/2022\/12\/pannelli-fonoassorbenti_home-cinema_header-1536x864.jpg 1536w, https:\/\/www.garvanacoustic.com\/wp-content\/uploads\/2022\/12\/pannelli-fonoassorbenti_home-cinema_header-81x46.jpg 81w\" sizes=\"(max-width: 1920px) 100vw, 1920px\" \/><\/a><\/div><div class=\"blog-details hcode-blog-1\"><div class=\"blog-date\"><span class=\"published\">28 d\u00e9cembre 2022<\/span><time class=\"updated display-none\" datetime=\"2023-11-02T15:06:22+01:00\">02 novembre 2023<\/time><\/div><div class=\"blog-title entry-title\"><a href=\"https:\/\/www.garvanacoustic.com\/fr\/references-fr-2\/salle-de-cinema\/\">SALLE DE CIN\u00c9MA<\/a><\/div><div class=\"hcode-blog-excerpt blog-short-description entry-content\"><p>Panneaux d'isolation acoustique @ SALLE DE CIN\u00c9MA Des panneaux noirs acoustiques et insonorisants, encastr\u00e9s au ras du mur, de la...<\/p>\n<\/div><div class=\"hcode-blog-separator separator-line bg-black no-margin-lr\"><\/div><\/div><\/div><\/div><\/div><\/div><\/div><\/div><\/div><\/div><\/section>","protected":false},"excerpt":{"rendered":"<p>Panneaux d&rsquo;isolation acoustique @ SALLE DE CIN\u00c9MA Des panneaux noirs acoustiques et insonorisants, encastr\u00e9s au ras du mur, de la collection SurfaceTM enrichissent cette salle de cin\u00e9ma priv\u00e9e pr\u00e8s de Grenoble tout en restant cach\u00e9s \u00e0 la vue des spectateurs. [vc_single_image image=\u00a0\u00bb58620&Prime; img_size=\u00a0\u00bblarge\u00a0\u00bb alignment=\u00a0\u00bbcenter\u00a0\u00bb onclick=\u00a0\u00bblink_image\u00a0\u00bb][vc_single_image image=\u00a0\u00bb58628&Prime; img_size=\u00a0\u00bblarge\u00a0\u00bb alignment=\u00a0\u00bbcenter\u00a0\u00bb onclick=\u00a0\u00bbimg_link_large\u00a0\u00bb]<\/p>\n","protected":false},"author":11,"featured_media":0,"parent":62336,"menu_order":0,"comment_status":"open","ping_status":"closed","template":"","meta":{"_joinchat":[],"footnotes":""},"class_list":["post-62442","page","type-page","status-publish","hentry"],"yoast_head":"<!-- This site is optimized with the Yoast SEO Premium plugin v27.4 (Yoast SEO v27.4) - https:\/\/yoast.com\/product\/yoast-seo-premium-wordpress\/ -->\n<title>Articles sur les panneaux insonorisants pour home cin\u00e9ma<\/title>\n<meta name=\"description\" content=\"Sur cette page, nous avons rassembl\u00e9 des articles sur les panneaux insonorisants pour home cin\u00e9ma\" \/>\n<meta name=\"robots\" content=\"index, follow, max-snippet:-1, max-image-preview:large, max-video-preview:-1\" \/>\n<link rel=\"canonical\" href=\"https:\/\/www.garvanacoustic.com\/fr\/magazine\/panneaux-insonorisants\/home-cinema\/\" \/>\n<meta property=\"og:locale\" content=\"fr_FR\" \/>\n<meta property=\"og:type\" content=\"article\" \/>\n<meta property=\"og:title\" content=\"Home cinema\" \/>\n<meta property=\"og:description\" content=\"Sur cette page, nous avons rassembl\u00e9 des articles sur les panneaux insonorisants pour home cin\u00e9ma\" \/>\n<meta property=\"og:url\" content=\"https:\/\/www.garvanacoustic.com\/fr\/magazine\/panneaux-insonorisants\/home-cinema\/\" \/>\n<meta property=\"og:site_name\" content=\"Garvan Acoustic\" \/>\n<meta property=\"article:publisher\" content=\"https:\/\/www.facebook.com\/garvanacoustic\" \/>\n<meta property=\"article:modified_time\" content=\"2023-10-30T11:10:23+00:00\" \/>\n<meta property=\"og:image\" content=\"https:\/\/www.garvanacoustic.com\/wp-content\/uploads\/2024\/07\/header-nwsl-garvan-e1759746705872.jpg\" \/>\n\t<meta property=\"og:image:width\" content=\"779\" \/>\n\t<meta property=\"og:image:height\" content=\"437\" \/>\n\t<meta property=\"og:image:type\" content=\"image\/jpeg\" \/>\n<meta name=\"twitter:card\" content=\"summary_large_image\" \/>\n<script type=\"application\/ld+json\" class=\"yoast-schema-graph\">{\"@context\":\"https:\\\/\\\/schema.org\",\"@graph\":[{\"@type\":\"WebPage\",\"@id\":\"https:\\\/\\\/www.garvanacoustic.com\\\/fr\\\/magazine\\\/panneaux-insonorisants\\\/home-cinema\\\/\",\"url\":\"https:\\\/\\\/www.garvanacoustic.com\\\/fr\\\/magazine\\\/panneaux-insonorisants\\\/home-cinema\\\/\",\"name\":\"Articles sur les panneaux insonorisants pour home cin\u00e9ma\",\"isPartOf\":{\"@id\":\"https:\\\/\\\/www.garvanacoustic.com\\\/fr\\\/#website\"},\"datePublished\":\"2023-02-21T17:42:50+00:00\",\"dateModified\":\"2023-10-30T11:10:23+00:00\",\"description\":\"Sur cette page, nous avons rassembl\u00e9 des articles sur les panneaux insonorisants pour home cin\u00e9ma\",\"breadcrumb\":{\"@id\":\"https:\\\/\\\/www.garvanacoustic.com\\\/fr\\\/magazine\\\/panneaux-insonorisants\\\/home-cinema\\\/#breadcrumb\"},\"inLanguage\":\"fr-FR\",\"potentialAction\":[{\"@type\":\"ReadAction\",\"target\":[\"https:\\\/\\\/www.garvanacoustic.com\\\/fr\\\/magazine\\\/panneaux-insonorisants\\\/home-cinema\\\/\"]}]},{\"@type\":\"BreadcrumbList\",\"@id\":\"https:\\\/\\\/www.garvanacoustic.com\\\/fr\\\/magazine\\\/panneaux-insonorisants\\\/home-cinema\\\/#breadcrumb\",\"itemListElement\":[{\"@type\":\"ListItem\",\"position\":1,\"name\":\"Home\",\"item\":\"https:\\\/\\\/www.garvanacoustic.com\\\/fr\\\/\"},{\"@type\":\"ListItem\",\"position\":2,\"name\":\"Magazine\",\"item\":\"https:\\\/\\\/www.garvanacoustic.com\\\/fr\\\/magazine\\\/\"},{\"@type\":\"ListItem\",\"position\":3,\"name\":\"Articles sur les panneaux insonorisants\",\"item\":\"https:\\\/\\\/www.garvanacoustic.com\\\/fr\\\/magazine\\\/panneaux-insonorisants\\\/\"},{\"@type\":\"ListItem\",\"position\":4,\"name\":\"Home cinema\"}]},{\"@type\":\"WebSite\",\"@id\":\"https:\\\/\\\/www.garvanacoustic.com\\\/fr\\\/#website\",\"url\":\"https:\\\/\\\/www.garvanacoustic.com\\\/fr\\\/\",\"name\":\"Garvan Acoustic\",\"description\":\"Diffusori e trattamento acustico: scopri la qualit\u00e0 del Made in Italy\",\"publisher\":{\"@id\":\"https:\\\/\\\/www.garvanacoustic.com\\\/fr\\\/#organization\"},\"potentialAction\":[{\"@type\":\"SearchAction\",\"target\":{\"@type\":\"EntryPoint\",\"urlTemplate\":\"https:\\\/\\\/www.garvanacoustic.com\\\/fr\\\/?s={search_term_string}\"},\"query-input\":{\"@type\":\"PropertyValueSpecification\",\"valueRequired\":true,\"valueName\":\"search_term_string\"}}],\"inLanguage\":\"fr-FR\"},{\"@type\":\"Organization\",\"@id\":\"https:\\\/\\\/www.garvanacoustic.com\\\/fr\\\/#organization\",\"name\":\"Garvan Acoustic\",\"url\":\"https:\\\/\\\/www.garvanacoustic.com\\\/fr\\\/\",\"logo\":{\"@type\":\"ImageObject\",\"inLanguage\":\"fr-FR\",\"@id\":\"https:\\\/\\\/www.garvanacoustic.com\\\/fr\\\/#\\\/schema\\\/logo\\\/image\\\/\",\"url\":\"https:\\\/\\\/www.garvanacoustic.com\\\/wp-content\\\/uploads\\\/2018\\\/07\\\/garvan-acoustic-logo.png\",\"contentUrl\":\"https:\\\/\\\/www.garvanacoustic.com\\\/wp-content\\\/uploads\\\/2018\\\/07\\\/garvan-acoustic-logo.png\",\"width\":400,\"height\":161,\"caption\":\"Garvan Acoustic\"},\"image\":{\"@id\":\"https:\\\/\\\/www.garvanacoustic.com\\\/fr\\\/#\\\/schema\\\/logo\\\/image\\\/\"},\"sameAs\":[\"https:\\\/\\\/www.facebook.com\\\/garvanacoustic\",\"https:\\\/\\\/www.instagram.com\\\/garvanacoustic\\\/\"],\"description\":\"Produttori di Diffusori Acustici e Pannelli Fonoassorbenti Made in Italy\",\"email\":\"garvan@garvanacoustic.com\",\"telephone\":\"0546 682097\"}]}<\/script>\n<!-- \/ Yoast SEO Premium plugin. -->","yoast_head_json":{"title":"Articles sur les panneaux insonorisants pour home cin\u00e9ma","description":"Sur cette page, nous avons rassembl\u00e9 des articles sur les panneaux insonorisants pour home cin\u00e9ma","robots":{"index":"index","follow":"follow","max-snippet":"max-snippet:-1","max-image-preview":"max-image-preview:large","max-video-preview":"max-video-preview:-1"},"canonical":"https:\/\/www.garvanacoustic.com\/fr\/magazine\/panneaux-insonorisants\/home-cinema\/","og_locale":"fr_FR","og_type":"article","og_title":"Home cinema","og_description":"Sur cette page, nous avons rassembl\u00e9 des articles sur les panneaux insonorisants pour home cin\u00e9ma","og_url":"https:\/\/www.garvanacoustic.com\/fr\/magazine\/panneaux-insonorisants\/home-cinema\/","og_site_name":"Garvan Acoustic","article_publisher":"https:\/\/www.facebook.com\/garvanacoustic","article_modified_time":"2023-10-30T11:10:23+00:00","og_image":[{"width":779,"height":437,"url":"https:\/\/www.garvanacoustic.com\/wp-content\/uploads\/2024\/07\/header-nwsl-garvan-e1759746705872.jpg","type":"image\/jpeg"}],"twitter_card":"summary_large_image","schema":{"@context":"https:\/\/schema.org","@graph":[{"@type":"WebPage","@id":"https:\/\/www.garvanacoustic.com\/fr\/magazine\/panneaux-insonorisants\/home-cinema\/","url":"https:\/\/www.garvanacoustic.com\/fr\/magazine\/panneaux-insonorisants\/home-cinema\/","name":"Articles sur les panneaux insonorisants pour home cin\u00e9ma","isPartOf":{"@id":"https:\/\/www.garvanacoustic.com\/fr\/#website"},"datePublished":"2023-02-21T17:42:50+00:00","dateModified":"2023-10-30T11:10:23+00:00","description":"Sur cette page, nous avons rassembl\u00e9 des articles sur les panneaux insonorisants pour home cin\u00e9ma","breadcrumb":{"@id":"https:\/\/www.garvanacoustic.com\/fr\/magazine\/panneaux-insonorisants\/home-cinema\/#breadcrumb"},"inLanguage":"fr-FR","potentialAction":[{"@type":"ReadAction","target":["https:\/\/www.garvanacoustic.com\/fr\/magazine\/panneaux-insonorisants\/home-cinema\/"]}]},{"@type":"BreadcrumbList","@id":"https:\/\/www.garvanacoustic.com\/fr\/magazine\/panneaux-insonorisants\/home-cinema\/#breadcrumb","itemListElement":[{"@type":"ListItem","position":1,"name":"Home","item":"https:\/\/www.garvanacoustic.com\/fr\/"},{"@type":"ListItem","position":2,"name":"Magazine","item":"https:\/\/www.garvanacoustic.com\/fr\/magazine\/"},{"@type":"ListItem","position":3,"name":"Articles sur les panneaux insonorisants","item":"https:\/\/www.garvanacoustic.com\/fr\/magazine\/panneaux-insonorisants\/"},{"@type":"ListItem","position":4,"name":"Home cinema"}]},{"@type":"WebSite","@id":"https:\/\/www.garvanacoustic.com\/fr\/#website","url":"https:\/\/www.garvanacoustic.com\/fr\/","name":"Garvan Acoustic","description":"Diffusori e trattamento acustico: scopri la qualit\u00e0 del Made in Italy","publisher":{"@id":"https:\/\/www.garvanacoustic.com\/fr\/#organization"},"potentialAction":[{"@type":"SearchAction","target":{"@type":"EntryPoint","urlTemplate":"https:\/\/www.garvanacoustic.com\/fr\/?s={search_term_string}"},"query-input":{"@type":"PropertyValueSpecification","valueRequired":true,"valueName":"search_term_string"}}],"inLanguage":"fr-FR"},{"@type":"Organization","@id":"https:\/\/www.garvanacoustic.com\/fr\/#organization","name":"Garvan Acoustic","url":"https:\/\/www.garvanacoustic.com\/fr\/","logo":{"@type":"ImageObject","inLanguage":"fr-FR","@id":"https:\/\/www.garvanacoustic.com\/fr\/#\/schema\/logo\/image\/","url":"https:\/\/www.garvanacoustic.com\/wp-content\/uploads\/2018\/07\/garvan-acoustic-logo.png","contentUrl":"https:\/\/www.garvanacoustic.com\/wp-content\/uploads\/2018\/07\/garvan-acoustic-logo.png","width":400,"height":161,"caption":"Garvan Acoustic"},"image":{"@id":"https:\/\/www.garvanacoustic.com\/fr\/#\/schema\/logo\/image\/"},"sameAs":["https:\/\/www.facebook.com\/garvanacoustic","https:\/\/www.instagram.com\/garvanacoustic\/"],"description":"Produttori di Diffusori Acustici e Pannelli Fonoassorbenti Made in Italy","email":"garvan@garvanacoustic.com","telephone":"0546 682097"}]}},"_links":{"self":[{"href":"https:\/\/www.garvanacoustic.com\/fr\/wp-json\/wp\/v2\/pages\/62442","targetHints":{"allow":["GET"]}}],"collection":[{"href":"https:\/\/www.garvanacoustic.com\/fr\/wp-json\/wp\/v2\/pages"}],"about":[{"href":"https:\/\/www.garvanacoustic.com\/fr\/wp-json\/wp\/v2\/types\/page"}],"author":[{"embeddable":true,"href":"https:\/\/www.garvanacoustic.com\/fr\/wp-json\/wp\/v2\/users\/11"}],"replies":[{"embeddable":true,"href":"https:\/\/www.garvanacoustic.com\/fr\/wp-json\/wp\/v2\/comments?post=62442"}],"version-history":[{"count":1,"href":"https:\/\/www.garvanacoustic.com\/fr\/wp-json\/wp\/v2\/pages\/62442\/revisions"}],"predecessor-version":[{"id":62444,"href":"https:\/\/www.garvanacoustic.com\/fr\/wp-json\/wp\/v2\/pages\/62442\/revisions\/62444"}],"up":[{"embeddable":true,"href":"https:\/\/www.garvanacoustic.com\/fr\/wp-json\/wp\/v2\/pages\/62336"}],"wp:attachment":[{"href":"https:\/\/www.garvanacoustic.com\/fr\/wp-json\/wp\/v2\/media?parent=62442"}],"curies":[{"name":"wp","href":"https:\/\/api.w.org\/{rel}","templated":true}]}}