{"id":63155,"date":"2023-11-06T10:35:49","date_gmt":"2023-11-06T09:35:49","guid":{"rendered":"https:\/\/www.garvanacoustic.com\/outdoor\/"},"modified":"2025-09-01T12:27:23","modified_gmt":"2025-09-01T10:27:23","slug":"outdoor","status":"publish","type":"page","link":"https:\/\/www.garvanacoustic.com\/fr\/solutions\/outdoor\/","title":{"rendered":"Pour l\u2019ext\u00e9rieur"},"content":{"rendered":"<section class=\"padding-one sm-padding-one xs-padding-one\"><div class=\"container\"><div class=\"row\"><div class=\"wpb_column hcode-column-container vc_col-sm-12 col-xs-mobile-fullwidth\" data-front-class=\"col-xs-mobile-fullwidth\"><div class=\"vc-column-innner-wrapper\">[vc_wp_text]\r\n<h1>Solutions pour l\u2019ext\u00e9rieur<\/h1>\r\nProfitez d'une <strong>qualit\u00e9 audio sup\u00e9rieure<\/strong> dehors avec les <strong>solutions pour l\u2019Ext\u00e9rieur<\/strong> de <strong>Garvan Acoustic<\/strong>. Que vous choisissiez le prestigieux <strong>Gold<\/strong>, le polyvalent <strong>Silver<\/strong> ou le pratique <strong>Bronze<\/strong>, nos solutions ont \u00e9t\u00e9 con\u00e7ues pour s'int\u00e9grer harmonieusement dans votre <strong>espace ext\u00e9rieur<\/strong>, tout en offrant une qualit\u00e9 audio et une <strong>r\u00e9sistance aux intemp\u00e9ries<\/strong> de haute qualit\u00e9. Parfaites pour les <strong>jardins<\/strong>, les <strong>terrasses<\/strong> et les <strong>piscines<\/strong>, nos solutions pour l\u2019Ext\u00e9rieur enrichissent chaque moment pass\u00e9 dehors avec un <strong>son parfait et immersif<\/strong>[\/vc_wp_text]<\/div><\/div><\/div><\/div><\/section><section class=\"padding-one sm-padding-one xs-padding-one\"><div class=\"container\"><div class=\"row\"><div class=\"wpb_column hcode-column-container vc_col-sm-12 col-xs-mobile-fullwidth\" data-front-class=\"col-xs-mobile-fullwidth\"><div class=\"vc-column-innner-wrapper\">[vc_wp_text]<div data-post-id=\"76614\" class=\"insert-page insert-page-76614 \"><style type=\"text\/css\" data-type=\"vc_custom-css\">.soluzioni {   \r\n    \r\n    display: flex;\r\n    flex-direction: row;\r\n    align-items: center;\r\n}\r\n\r\n.soluzioni_bg {\r\n    background: #e3e3e3;\r\n    border-radius: 20px;\r\n}\r\n\r\n.row {\r\n    padding-top:10px;\r\n    padding-bottom:10px;\r\n}\r\n\r\n.wpb_single_image .vc_single_image-wrapper.vc_box_rounded, .wpb_single_image .vc_single_image-wrapper.vc_box_rounded img {\r\n    border-radius: 20px;\r\n    border-style: solid;\r\n}\r\n\r\n.wpb_single_image img {\r\n    margin-bottom: 0px !important;\r\n    border-radius: 20px;\r\n}\r\n\r\n\/* CTA *\/\r\n.vc_general.vc_cta3.vc_cta3-color-grey.vc_cta3-style-flat {\r\n    color: #000000;\r\n    border: solid 1px black;\r\n}\r\n\r\n.vc_general.vc_cta3.vc_cta3-style-flat .vc_cta3-content-header h2, .vc_general.vc_cta3.vc_cta3-style-flat .vc_cta3-content-header h4 {\r\n    color: #303030;\r\n    font-weight: 600;\r\n}\r\n\r\n.vc_btn3.vc_btn3-color-inverse.vc_btn3-style-modern {\r\n    color: #020202;\r\n    border-color: #555;\r\n    background-color: #f2cf7e;\r\n    \r\n}\r\n\r\n.vc_btn3.vc_btn3-size-md {\r\n    font-size: 16px;\r\n    font-weight: 600;}<\/style><section class=\"padding-one sm-padding-one xs-padding-one\"><div class=\"container\"><div class=\"row\"><div class=\"wpb_column hcode-column-container vc_col-sm-12 col-xs-mobile-fullwidth\" data-front-class=\"col-xs-mobile-fullwidth\"><div class=\"vc-column-innner-wrapper\">[vc_wp_text]\r\n<h1>Solutions pour l\u2019ext\u00e9rieur<\/h1>\r\nProfitez d'une <strong>qualit\u00e9 audio sup\u00e9rieure<\/strong> dehors avec les <strong>solutions pour l\u2019Ext\u00e9rieur<\/strong> de <strong>Garvan Acoustic<\/strong>. Que vous choisissiez le prestigieux <strong>Gold<\/strong>, le polyvalent <strong>Silver<\/strong> ou le pratique <strong>Bronze<\/strong>, nos solutions ont \u00e9t\u00e9 con\u00e7ues pour s'int\u00e9grer harmonieusement dans votre <strong>espace ext\u00e9rieur<\/strong>, tout en offrant une qualit\u00e9 audio et une <strong>r\u00e9sistance aux intemp\u00e9ries<\/strong> de haute qualit\u00e9. Parfaites pour les <strong>jardins<\/strong>, les <strong>terrasses<\/strong> et les <strong>piscines<\/strong>, nos solutions pour l\u2019Ext\u00e9rieur enrichissent chaque moment pass\u00e9 dehors avec un <strong>son parfait et immersif<\/strong>[\/vc_wp_text]<\/div><\/div><\/div><\/div><\/section><section class=\"padding-one sm-padding-one xs-padding-one\"><div class=\"container\"><div class=\"row\"><div class=\"wpb_column hcode-column-container vc_col-sm-12 col-xs-mobile-fullwidth\" data-front-class=\"col-xs-mobile-fullwidth\"><div class=\"vc-column-innner-wrapper\">[vc_wp_text][\/vc_wp_text]<\/div><\/div><\/div><\/div><\/section><section class=\"soluzioni padding-one\"><div class=\"container\"><div class=\"row\"><div class=\"wpb_column hcode-column-container vc_col-sm-9 col-xs-mobile-fullwidth\" data-front-class=\"col-xs-mobile-fullwidth\"><div class=\"vc-column-innner-wrapper\">[vc_cta h2=\"HERCHES-TU UNE AUTRE SOLUTION ?\" h4=\"Pas de probl\u00e8me, cr\u00e9ons-la ensemble !\" txt_align=\"center\" style=\"flat\" color=\"grey\" add_button=\"right\" btn_title=\"\u00c9cris-nous\" btn_color=\"inverse\" btn_link=\"url:mailto%3Agarvan%40garvanacoustic.com\" css=\".vc_custom_1701163692012{border-radius: 20px !important;}\"]Au cas o\u00f9 tu aurais des besoins diff\u00e9rents de ceux que nous avons propos\u00e9s, tu peux nous envoyer un courriel ou nous appeler directement pour nous parler de ton projet. Nous nous empresserons de cr\u00e9er la meilleure solution pour toi.[\/vc_cta]<\/div><\/div><div class=\"wpb_column hcode-column-container vc_col-sm-3 col-xs-mobile-fullwidth\" data-front-class=\"col-xs-mobile-fullwidth\"><div class=\"vc-column-innner-wrapper\"><\/div><\/div><\/div><\/div><\/section><\/div>[\/vc_wp_text]<\/div><\/div><\/div><\/div><\/section><section class=\"soluzioni padding-one\"><div class=\"container\"><div class=\"row\"><div class=\"wpb_column hcode-column-container vc_col-sm-9 col-xs-mobile-fullwidth\" data-front-class=\"col-xs-mobile-fullwidth\"><div class=\"vc-column-innner-wrapper\">[vc_cta h2=\"HERCHES-TU UNE AUTRE SOLUTION ?\" h4=\"Pas de probl\u00e8me, cr\u00e9ons-la ensemble !\" txt_align=\"center\" style=\"flat\" color=\"grey\" add_button=\"right\" btn_title=\"\u00c9cris-nous\" btn_color=\"inverse\" btn_link=\"url:mailto%3Agarvan%40garvanacoustic.com\" css=\".vc_custom_1701163692012{border-radius: 20px !important;}\"]Au cas o\u00f9 tu aurais des besoins diff\u00e9rents de ceux que nous avons propos\u00e9s, tu peux nous envoyer un courriel ou nous appeler directement pour nous parler de ton projet. Nous nous empresserons de cr\u00e9er la meilleure solution pour toi.[\/vc_cta]<\/div><\/div><div class=\"wpb_column hcode-column-container vc_col-sm-3 col-xs-mobile-fullwidth\" data-front-class=\"col-xs-mobile-fullwidth\"><div class=\"vc-column-innner-wrapper\"><\/div><\/div><\/div><\/div><\/section>","protected":false},"excerpt":{"rendered":"<p>[vc_wp_text] Solutions pour l\u2019ext\u00e9rieur Profitez d&rsquo;une qualit\u00e9 audio sup\u00e9rieure dehors avec les solutions pour l\u2019Ext\u00e9rieur de Garvan Acoustic. Que vous choisissiez le prestigieux Gold, le polyvalent Silver ou le pratique Bronze, nos solutions ont \u00e9t\u00e9 con\u00e7ues pour s&rsquo;int\u00e9grer harmonieusement dans votre espace ext\u00e9rieur, tout en offrant une qualit\u00e9 audio et une r\u00e9sistance aux intemp\u00e9ries de [&hellip;]<\/p>\n","protected":false},"author":11,"featured_media":62791,"parent":63167,"menu_order":90,"comment_status":"open","ping_status":"closed","template":"","meta":{"_joinchat":[],"footnotes":""},"class_list":["post-63155","page","type-page","status-publish","has-post-thumbnail","hentry"],"yoast_head":"<!-- This site is optimized with the Yoast SEO Premium plugin v27.4 (Yoast SEO v27.4) - https:\/\/yoast.com\/product\/yoast-seo-premium-wordpress\/ -->\n<title>Solutions ext\u00e9rieures personnalis\u00e9es - Garvan Acoustic<\/title>\n<meta name=\"description\" content=\"D\u00e9couvrez les solutions ext\u00e9rieures sur mesure de Garvan Acoustic. Des forfaits audio de haute qualit\u00e9 pour une exp\u00e9rience impeccable dans le confort de votre jardin.\" \/>\n<meta name=\"robots\" content=\"index, follow, max-snippet:-1, max-image-preview:large, max-video-preview:-1\" \/>\n<link rel=\"canonical\" href=\"https:\/\/www.garvanacoustic.com\/fr\/solutions\/outdoor\/\" \/>\n<meta property=\"og:locale\" content=\"fr_FR\" \/>\n<meta property=\"og:type\" content=\"article\" \/>\n<meta property=\"og:title\" content=\"Pour l\u2019ext\u00e9rieur\" \/>\n<meta property=\"og:description\" content=\"D\u00e9couvrez les solutions ext\u00e9rieures sur mesure de Garvan Acoustic. Des forfaits audio de haute qualit\u00e9 pour une exp\u00e9rience impeccable dans le confort de votre jardin.\" \/>\n<meta property=\"og:url\" content=\"https:\/\/www.garvanacoustic.com\/fr\/solutions\/outdoor\/\" \/>\n<meta property=\"og:site_name\" content=\"Garvan Acoustic\" \/>\n<meta property=\"article:publisher\" content=\"https:\/\/www.facebook.com\/garvanacoustic\" \/>\n<meta property=\"article:modified_time\" content=\"2025-09-01T10:27:23+00:00\" \/>\n<meta property=\"og:image\" content=\"https:\/\/www.garvanacoustic.com\/wp-content\/uploads\/2023\/11\/Outdoor-360-floor-bronze-2.jpg\" \/>\n\t<meta property=\"og:image:width\" content=\"1175\" \/>\n\t<meta property=\"og:image:height\" content=\"660\" \/>\n\t<meta property=\"og:image:type\" content=\"image\/jpeg\" \/>\n<meta name=\"twitter:card\" content=\"summary_large_image\" \/>\n<meta name=\"twitter:label1\" content=\"Dur\u00e9e de lecture estim\u00e9e\" \/>\n\t<meta name=\"twitter:data1\" content=\"2 minutes\" \/>\n<script type=\"application\/ld+json\" class=\"yoast-schema-graph\">{\"@context\":\"https:\\\/\\\/schema.org\",\"@graph\":[{\"@type\":\"WebPage\",\"@id\":\"https:\\\/\\\/www.garvanacoustic.com\\\/fr\\\/solutions\\\/outdoor\\\/\",\"url\":\"https:\\\/\\\/www.garvanacoustic.com\\\/fr\\\/solutions\\\/outdoor\\\/\",\"name\":\"Solutions ext\u00e9rieures personnalis\u00e9es - Garvan Acoustic\",\"isPartOf\":{\"@id\":\"https:\\\/\\\/www.garvanacoustic.com\\\/fr\\\/#website\"},\"primaryImageOfPage\":{\"@id\":\"https:\\\/\\\/www.garvanacoustic.com\\\/fr\\\/solutions\\\/outdoor\\\/#primaryimage\"},\"image\":{\"@id\":\"https:\\\/\\\/www.garvanacoustic.com\\\/fr\\\/solutions\\\/outdoor\\\/#primaryimage\"},\"thumbnailUrl\":\"https:\\\/\\\/www.garvanacoustic.com\\\/wp-content\\\/uploads\\\/2023\\\/11\\\/Outdoor-360-floor-bronze-2.jpg\",\"datePublished\":\"2023-11-06T09:35:49+00:00\",\"dateModified\":\"2025-09-01T10:27:23+00:00\",\"description\":\"D\u00e9couvrez les solutions ext\u00e9rieures sur mesure de Garvan Acoustic. Des forfaits audio de haute qualit\u00e9 pour une exp\u00e9rience impeccable dans le confort de votre jardin.\",\"breadcrumb\":{\"@id\":\"https:\\\/\\\/www.garvanacoustic.com\\\/fr\\\/solutions\\\/outdoor\\\/#breadcrumb\"},\"inLanguage\":\"fr-FR\",\"potentialAction\":[{\"@type\":\"ReadAction\",\"target\":[\"https:\\\/\\\/www.garvanacoustic.com\\\/fr\\\/solutions\\\/outdoor\\\/\"]}]},{\"@type\":\"ImageObject\",\"inLanguage\":\"fr-FR\",\"@id\":\"https:\\\/\\\/www.garvanacoustic.com\\\/fr\\\/solutions\\\/outdoor\\\/#primaryimage\",\"url\":\"https:\\\/\\\/www.garvanacoustic.com\\\/wp-content\\\/uploads\\\/2023\\\/11\\\/Outdoor-360-floor-bronze-2.jpg\",\"contentUrl\":\"https:\\\/\\\/www.garvanacoustic.com\\\/wp-content\\\/uploads\\\/2023\\\/11\\\/Outdoor-360-floor-bronze-2.jpg\",\"width\":1175,\"height\":660},{\"@type\":\"BreadcrumbList\",\"@id\":\"https:\\\/\\\/www.garvanacoustic.com\\\/fr\\\/solutions\\\/outdoor\\\/#breadcrumb\",\"itemListElement\":[{\"@type\":\"ListItem\",\"position\":1,\"name\":\"Home\",\"item\":\"https:\\\/\\\/www.garvanacoustic.com\\\/fr\\\/\"},{\"@type\":\"ListItem\",\"position\":2,\"name\":\"Les solutions de Garvan Acoustic\",\"item\":\"https:\\\/\\\/www.garvanacoustic.com\\\/fr\\\/solutions\\\/\"},{\"@type\":\"ListItem\",\"position\":3,\"name\":\"Pour l\u2019ext\u00e9rieur\"}]},{\"@type\":\"WebSite\",\"@id\":\"https:\\\/\\\/www.garvanacoustic.com\\\/fr\\\/#website\",\"url\":\"https:\\\/\\\/www.garvanacoustic.com\\\/fr\\\/\",\"name\":\"Garvan Acoustic\",\"description\":\"Diffusori e trattamento acustico: scopri la qualit\u00e0 del Made in Italy\",\"publisher\":{\"@id\":\"https:\\\/\\\/www.garvanacoustic.com\\\/fr\\\/#organization\"},\"potentialAction\":[{\"@type\":\"SearchAction\",\"target\":{\"@type\":\"EntryPoint\",\"urlTemplate\":\"https:\\\/\\\/www.garvanacoustic.com\\\/fr\\\/?s={search_term_string}\"},\"query-input\":{\"@type\":\"PropertyValueSpecification\",\"valueRequired\":true,\"valueName\":\"search_term_string\"}}],\"inLanguage\":\"fr-FR\"},{\"@type\":\"Organization\",\"@id\":\"https:\\\/\\\/www.garvanacoustic.com\\\/fr\\\/#organization\",\"name\":\"Garvan Acoustic\",\"url\":\"https:\\\/\\\/www.garvanacoustic.com\\\/fr\\\/\",\"logo\":{\"@type\":\"ImageObject\",\"inLanguage\":\"fr-FR\",\"@id\":\"https:\\\/\\\/www.garvanacoustic.com\\\/fr\\\/#\\\/schema\\\/logo\\\/image\\\/\",\"url\":\"https:\\\/\\\/www.garvanacoustic.com\\\/wp-content\\\/uploads\\\/2018\\\/07\\\/garvan-acoustic-logo.png\",\"contentUrl\":\"https:\\\/\\\/www.garvanacoustic.com\\\/wp-content\\\/uploads\\\/2018\\\/07\\\/garvan-acoustic-logo.png\",\"width\":400,\"height\":161,\"caption\":\"Garvan Acoustic\"},\"image\":{\"@id\":\"https:\\\/\\\/www.garvanacoustic.com\\\/fr\\\/#\\\/schema\\\/logo\\\/image\\\/\"},\"sameAs\":[\"https:\\\/\\\/www.facebook.com\\\/garvanacoustic\",\"https:\\\/\\\/www.instagram.com\\\/garvanacoustic\\\/\"],\"description\":\"Produttori di Diffusori Acustici e Pannelli Fonoassorbenti Made in Italy\",\"email\":\"garvan@garvanacoustic.com\",\"telephone\":\"0546 682097\"}]}<\/script>\n<!-- \/ Yoast SEO Premium plugin. -->","yoast_head_json":{"title":"Solutions ext\u00e9rieures personnalis\u00e9es - Garvan Acoustic","description":"D\u00e9couvrez les solutions ext\u00e9rieures sur mesure de Garvan Acoustic. Des forfaits audio de haute qualit\u00e9 pour une exp\u00e9rience impeccable dans le confort de votre jardin.","robots":{"index":"index","follow":"follow","max-snippet":"max-snippet:-1","max-image-preview":"max-image-preview:large","max-video-preview":"max-video-preview:-1"},"canonical":"https:\/\/www.garvanacoustic.com\/fr\/solutions\/outdoor\/","og_locale":"fr_FR","og_type":"article","og_title":"Pour l\u2019ext\u00e9rieur","og_description":"D\u00e9couvrez les solutions ext\u00e9rieures sur mesure de Garvan Acoustic. Des forfaits audio de haute qualit\u00e9 pour une exp\u00e9rience impeccable dans le confort de votre jardin.","og_url":"https:\/\/www.garvanacoustic.com\/fr\/solutions\/outdoor\/","og_site_name":"Garvan Acoustic","article_publisher":"https:\/\/www.facebook.com\/garvanacoustic","article_modified_time":"2025-09-01T10:27:23+00:00","og_image":[{"width":1175,"height":660,"url":"https:\/\/www.garvanacoustic.com\/wp-content\/uploads\/2023\/11\/Outdoor-360-floor-bronze-2.jpg","type":"image\/jpeg"}],"twitter_card":"summary_large_image","twitter_misc":{"Dur\u00e9e de lecture estim\u00e9e":"2 minutes"},"schema":{"@context":"https:\/\/schema.org","@graph":[{"@type":"WebPage","@id":"https:\/\/www.garvanacoustic.com\/fr\/solutions\/outdoor\/","url":"https:\/\/www.garvanacoustic.com\/fr\/solutions\/outdoor\/","name":"Solutions ext\u00e9rieures personnalis\u00e9es - Garvan Acoustic","isPartOf":{"@id":"https:\/\/www.garvanacoustic.com\/fr\/#website"},"primaryImageOfPage":{"@id":"https:\/\/www.garvanacoustic.com\/fr\/solutions\/outdoor\/#primaryimage"},"image":{"@id":"https:\/\/www.garvanacoustic.com\/fr\/solutions\/outdoor\/#primaryimage"},"thumbnailUrl":"https:\/\/www.garvanacoustic.com\/wp-content\/uploads\/2023\/11\/Outdoor-360-floor-bronze-2.jpg","datePublished":"2023-11-06T09:35:49+00:00","dateModified":"2025-09-01T10:27:23+00:00","description":"D\u00e9couvrez les solutions ext\u00e9rieures sur mesure de Garvan Acoustic. Des forfaits audio de haute qualit\u00e9 pour une exp\u00e9rience impeccable dans le confort de votre jardin.","breadcrumb":{"@id":"https:\/\/www.garvanacoustic.com\/fr\/solutions\/outdoor\/#breadcrumb"},"inLanguage":"fr-FR","potentialAction":[{"@type":"ReadAction","target":["https:\/\/www.garvanacoustic.com\/fr\/solutions\/outdoor\/"]}]},{"@type":"ImageObject","inLanguage":"fr-FR","@id":"https:\/\/www.garvanacoustic.com\/fr\/solutions\/outdoor\/#primaryimage","url":"https:\/\/www.garvanacoustic.com\/wp-content\/uploads\/2023\/11\/Outdoor-360-floor-bronze-2.jpg","contentUrl":"https:\/\/www.garvanacoustic.com\/wp-content\/uploads\/2023\/11\/Outdoor-360-floor-bronze-2.jpg","width":1175,"height":660},{"@type":"BreadcrumbList","@id":"https:\/\/www.garvanacoustic.com\/fr\/solutions\/outdoor\/#breadcrumb","itemListElement":[{"@type":"ListItem","position":1,"name":"Home","item":"https:\/\/www.garvanacoustic.com\/fr\/"},{"@type":"ListItem","position":2,"name":"Les solutions de Garvan Acoustic","item":"https:\/\/www.garvanacoustic.com\/fr\/solutions\/"},{"@type":"ListItem","position":3,"name":"Pour l\u2019ext\u00e9rieur"}]},{"@type":"WebSite","@id":"https:\/\/www.garvanacoustic.com\/fr\/#website","url":"https:\/\/www.garvanacoustic.com\/fr\/","name":"Garvan Acoustic","description":"Diffusori e trattamento acustico: scopri la qualit\u00e0 del Made in Italy","publisher":{"@id":"https:\/\/www.garvanacoustic.com\/fr\/#organization"},"potentialAction":[{"@type":"SearchAction","target":{"@type":"EntryPoint","urlTemplate":"https:\/\/www.garvanacoustic.com\/fr\/?s={search_term_string}"},"query-input":{"@type":"PropertyValueSpecification","valueRequired":true,"valueName":"search_term_string"}}],"inLanguage":"fr-FR"},{"@type":"Organization","@id":"https:\/\/www.garvanacoustic.com\/fr\/#organization","name":"Garvan Acoustic","url":"https:\/\/www.garvanacoustic.com\/fr\/","logo":{"@type":"ImageObject","inLanguage":"fr-FR","@id":"https:\/\/www.garvanacoustic.com\/fr\/#\/schema\/logo\/image\/","url":"https:\/\/www.garvanacoustic.com\/wp-content\/uploads\/2018\/07\/garvan-acoustic-logo.png","contentUrl":"https:\/\/www.garvanacoustic.com\/wp-content\/uploads\/2018\/07\/garvan-acoustic-logo.png","width":400,"height":161,"caption":"Garvan Acoustic"},"image":{"@id":"https:\/\/www.garvanacoustic.com\/fr\/#\/schema\/logo\/image\/"},"sameAs":["https:\/\/www.facebook.com\/garvanacoustic","https:\/\/www.instagram.com\/garvanacoustic\/"],"description":"Produttori di Diffusori Acustici e Pannelli Fonoassorbenti Made in Italy","email":"garvan@garvanacoustic.com","telephone":"0546 682097"}]}},"_links":{"self":[{"href":"https:\/\/www.garvanacoustic.com\/fr\/wp-json\/wp\/v2\/pages\/63155","targetHints":{"allow":["GET"]}}],"collection":[{"href":"https:\/\/www.garvanacoustic.com\/fr\/wp-json\/wp\/v2\/pages"}],"about":[{"href":"https:\/\/www.garvanacoustic.com\/fr\/wp-json\/wp\/v2\/types\/page"}],"author":[{"embeddable":true,"href":"https:\/\/www.garvanacoustic.com\/fr\/wp-json\/wp\/v2\/users\/11"}],"replies":[{"embeddable":true,"href":"https:\/\/www.garvanacoustic.com\/fr\/wp-json\/wp\/v2\/comments?post=63155"}],"version-history":[{"count":10,"href":"https:\/\/www.garvanacoustic.com\/fr\/wp-json\/wp\/v2\/pages\/63155\/revisions"}],"predecessor-version":[{"id":76825,"href":"https:\/\/www.garvanacoustic.com\/fr\/wp-json\/wp\/v2\/pages\/63155\/revisions\/76825"}],"up":[{"embeddable":true,"href":"https:\/\/www.garvanacoustic.com\/fr\/wp-json\/wp\/v2\/pages\/63167"}],"wp:featuredmedia":[{"embeddable":true,"href":"https:\/\/www.garvanacoustic.com\/fr\/wp-json\/wp\/v2\/media\/62791"}],"wp:attachment":[{"href":"https:\/\/www.garvanacoustic.com\/fr\/wp-json\/wp\/v2\/media?parent=63155"}],"curies":[{"name":"wp","href":"https:\/\/api.w.org\/{rel}","templated":true}]}}